{"id":69,"date":"2023-06-23T15:08:24","date_gmt":"2023-06-23T15:08:24","guid":{"rendered":"https:\/\/lugardemarmolejo.es\/?page_id=69"},"modified":"2023-07-03T17:53:07","modified_gmt":"2023-07-03T17:53:07","slug":"el-brigada-hermenegildo-martinez-felices-y-el-escuadron-de-caballeria-republicano","status":"publish","type":"page","link":"https:\/\/lugardemarmolejo.es\/?page_id=69","title":{"rendered":"El brigada Hermenegildo Mart\u00ednez Felices y el Escuadr\u00f3n de Caballer\u00eda republicano"},"content":{"rendered":"\n<p><strong>-Manuel Perales Sol\u00eds-<\/strong><\/p>\n\n\n<div class=\"wp-block-image\">\n<figure class=\"alignleft\"><img decoding=\"async\" src=\"https:\/\/static.wixstatic.com\/media\/7e23fc_c7bcc58c7a1fe98b7d77e0aeba089f51.jpg\/v1\/fill\/w_396,h_571,al_c,q_80,usm_0.66_1.00_0.01,enc_auto\/7e23fc_c7bcc58c7a1fe98b7d77e0aeba089f51.jpg\" alt=\"\"\/><figcaption class=\"wp-element-caption\"><strong>El brigada Hermenegildo Mart\u00ednez Felices.Foto propiedad de H. Roberto Mart\u00ednez.<\/strong><\/figcaption><\/figure>\n<\/div>\n\n\n<p><\/p>\n\n\n\n<p>Recib\u00ed hace unos a\u00f1os la llamada de D. Hermenegildo Roberto Mart\u00ednez Ruiz. No le conoc\u00eda pero \u00e9l se hab\u00eda tomado la molestia de localizarme para contarme una historia entra\u00f1able relacionada con Marmolejo acaecida a su padre,&nbsp; el maestro herrador de caballer\u00eda&nbsp; del ej\u00e9rcito republicano, Hermenegildo Mart\u00ednez Felices, durante la Guerra Civil. Me pareci\u00f3 interesante no s\u00f3lo porque los hechos guardaban relaci\u00f3n con nuestra localidad sino por ser una de esas historias de guerra que felizmente acaban bien y que \u00e9l manten\u00eda guardada en su memoria desde hac\u00eda tiempo.<\/p>\n\n\n\n<p>&nbsp; Nacido en Alcaracejos (C\u00f3rdoba), el 2 de julio de 1906, Hermenegildo ingres\u00f3 voluntario en el cuerpo de Caballer\u00eda en marzo de 1927, con la categor\u00eda de herrador de 3\u00aa, obteniendo la categor\u00eda de maestro herrador forjador (con el grado de brigada) en enero de 1929.&nbsp; En su hoja de servicios consta que fue destinado al Regimiento de Artiller\u00eda Ligera n\u00ba 1 (Getafe) en octubre de 1930. Asimismo consta que en 1931, fue destinado al Regimiento de Artiller\u00eda n\u00ba 2 de Vic\u00e1lvaro, al que se incorpor\u00f3 con su bater\u00eda el primero de marzo. M\u00e1s tarde, en abril, era trasladado a la Escuela de Equitaci\u00f3n Militar en Campamento de Carabanchel y el 26 de febrero de 1933, prestaba la promesa de fidelidad a la Bandera de la Rep\u00fablica ante el estandarte del Regimiento de Artiller\u00eda a Caballo.<\/p>\n\n\n\n<p>\ufeff<\/p>\n\n\n\n<p>\ufeffDurante la Guerra Civil el brigada Hermenegildo Mart\u00ednez, se encontraba destinado en Marmolejo (desde marzo de 1937),&nbsp; dentro del 2\u00ba Escuadr\u00f3n de Caballer\u00eda&nbsp; de \u00dabeda que&nbsp; hab\u00eda establecido su campamento en las afueras de la localidad. La misi\u00f3n de estas tropas a caballo&nbsp; era proteger las l\u00edneas fronterizas haciendo operaciones de \u201cdescubierta\u201d, para detectar la existencia de posibles unidades enemigas en torno a la franja de frontera o \u201ctierra de nadie\u201d entre Marmolejo, Lopera y Villa del R\u00edo. Mientras tanto su familia, formada por esposa, una ni\u00f1a y un ni\u00f1o peque\u00f1o (H. Roberto) quedar\u00eda viviendo en \u00dabeda (Ja\u00e9n) durante m\u00e1s de a\u00f1o y medio.&nbsp;<\/p>\n\n\n\n<p>&nbsp;<\/p>\n\n\n\n<p><\/p>\n\n\n\n<p>Este escuadr\u00f3n era una unidad perteneciente al Regimiento de Caballer\u00eda n\u00ba 4&nbsp; y contaba entre sus mandos con el comandante Manuel Fontela Frois, militar con brillante hoja de servicios a la Rep\u00fablica que hab\u00eda destacado&nbsp; en la defensa del sector de la Moncloa&nbsp; durante los duros combates por la defensa de Madrid. Por sus m\u00e9ritos, el gobierno republicano&nbsp; le hab\u00eda concedido la \u201cPlaca Laureada\u201d en enero de 1938, m\u00e1xima distinci\u00f3n militar de la Rep\u00fablica que s\u00f3lo llegaron a ostentar junto a \u00e9l, los generales Jos\u00e9 Miaja Menant&nbsp; y Vicente Rojo Lluch.<\/p>\n\n\n\n<p>Otros oficiales de este Regimiento fueron los capitanes&nbsp; Antonio Pizarro, \u00c1ngel \u00bfZardoin?, Francisco Mart\u00ednez y Manuel Garc\u00eda, datos que he podido obtener de la documentaci\u00f3n&nbsp; obrante en el Archivo Hist\u00f3rico Nacional de Salamanca, toda ella emitida en Marmolejo entre los meses de enero y abril de 1938. Hay que a\u00f1adir que el 4\u00ba Regimiento pertenec\u00eda a la 2\u00aa Brigada de Caballer\u00eda de la Rep\u00fablica reorganizada en julio de 1937 con los dos regimientos existentes en \u00dabeda, a cuyo mando estaba el teniente coronel Fajardo.<\/p>\n\n\n<div class=\"wp-block-image\">\n<figure class=\"alignright\"><img decoding=\"async\" src=\"https:\/\/static.wixstatic.com\/media\/7e23fc_1bc284d0cded4456a32041635547e1eb.jpg\/v1\/fill\/w_379,h_501,al_c,q_80,usm_0.66_1.00_0.01,enc_auto\/7e23fc_1bc284d0cded4456a32041635547e1eb.jpg\" alt=\"\"\/><figcaption class=\"wp-element-caption\"><strong>Hermenegildo Mart\u00ednez el d\u00eda de su boda en 1932.&nbsp;Foto propiedad de H. Roberto Mart\u00ednez<\/strong>.<\/figcaption><\/figure>\n<\/div>\n\n\n<p>Durante el tiempo de permanencia en Marmolejo han quedado algunas huellas documentales de la colaboraci\u00f3n prestada por el Escuadr\u00f3n&nbsp; de Caballer\u00eda de este 4\u00ba Regimiento, con el Consejo Municipal y el Frente Popular marmoleje\u00f1o(1), ambos presididos por Ignacio Exp\u00f3sito Villar, poniendo, unas veces, a disposici\u00f3n de las autoridades locales&nbsp; su personal&nbsp; sanitario de campa\u00f1a (m\u00e9dicos y practicantes) o prestando, otras, servicios de polic\u00eda en el cumplimiento de la ley y del orden en tiempo de guerra. En ese sentido el&nbsp; 11 de abril de 1937, el Gobernador Civil de Ja\u00e9n remit\u00eda el siguiente telegrama al Jefe del Estado Mayor en And\u00fajar comunic\u00e1ndole lo siguiente:&nbsp;\u201cHabiendo acudido este Gobierno Civil la vecina de Marmolejo Luisa Hierro G\u00f3mez, que le ha sido requisado el Hotel Madrid de que era propietaria, as\u00ed como otra peque\u00f1a casa sita en la calle Perales, del mismo pueblo, dej\u00e1ndola sin vivienda, con seis hijos, todos menores, uno de ellos fallecido recientemente, sin tener en donde alojarse, y no constando ni en la Alcald\u00eda, ni en este Gobierno,&nbsp; sea facciosa, ruegole interese del Jefe de la fuerza del Escuadr\u00f3n Caballer\u00eda Segundo \u00dabeda, para que se deje desocupada la vivienda calle Perales, pueda ser ocupada esta familia, particip\u00e1ndolo este Gobierno civil comunicarlo a la interesada, por ser de justicia. Saludole\u201d.<\/p>\n\n\n\n<p>&nbsp;&nbsp; Unos d\u00edas despu\u00e9s, un oficio del Gobernador Civil fechado el 16 de abril,&nbsp; reiteraba el texto del telegrama as\u00ed como la exigencia de que se devolviese a la citada Luisa Hierro la casa de su propiedad en la calle Perales, que se encontraba habitada, seg\u00fan el oficio,&nbsp;\u201cpor mujeres, al parecer, familiares de la fuerza que la tiene requisada\u201d.<\/p>\n\n\n\n<p>\u200b<br>&nbsp;&nbsp; Finalmente la orden del Gobernador Civil se cumpli\u00f3 y el veintis\u00e9is de abril el teniente coronel Jefe del Ej\u00e9rcito de Operaciones del Sur (20 Divisi\u00f3n) daba cuenta a Ja\u00e9n&nbsp; del desalojo y entrega a Luisa Herrero de su casa por el Escuadr\u00f3n de Caballer\u00eda; no as\u00ed del hotel Madrid que como el resto de hoteles y fondas hab\u00edan sido requisados para alojamiento de jefes y personal de tropa de las distintas unidades militares republicanas destacadas en este frente de guerra.<\/p>\n\n\n\n<p><\/p>\n\n\n\n<p>En los \u00faltimos momentos de la contienda, previsiblemente hacia final de enero, cuando ya empezaban a correr las noticias de que todo estaba perdido, y mucho antes de tomar&nbsp;&nbsp; Marmolejo las tropas sublevadas el veintisiete de marzo de 1939, el Escuadr\u00f3n de Caballer\u00eda comandado por Fontela Frois, emprendi\u00f3 una larga retirada hacia Francia buscando seguro refugio para evitar las duras represalias del ej\u00e9rcito de Franco. Atravesaron el pa\u00eds por carreteras y caminos de segundo orden; a veces campo a trav\u00e9s y por sierras fr\u00edas e inh\u00f3spitas; mal alimentados (tomando muchos d\u00edas s\u00f3lo avellanas), coincidiendo casi al final de la marcha con la columna de Durruti, tambi\u00e9n en retirada. Pero el destino quiso que&nbsp; no se interpusiese ning\u00fan otro obst\u00e1culo importante en su camino que les impidiese alcanzar la frontera el d\u00eda 9 de febrero de 1939 con casi todos sus efectivos indemnes.<\/p>\n\n\n<div class=\"wp-block-image\">\n<figure class=\"alignleft is-resized\"><img fetchpriority=\"high\" decoding=\"async\" src=\"https:\/\/static.wixstatic.com\/media\/7e23fc_9bc6c15b7d274ff09fae7893eb4e8451.jpg\/v1\/fill\/w_615,h_476,al_c,q_80,usm_0.66_1.00_0.01,enc_auto\/7e23fc_9bc6c15b7d274ff09fae7893eb4e8451.jpg\" alt=\"\" width=\"447\" height=\"346\"\/><figcaption class=\"wp-element-caption\"><strong>Alcaracejos (C\u00f3rdoba), de donde era natural el brigada Hermenigildo Mart\u00ednez Felices<\/strong>.<\/figcaption><\/figure>\n<\/div>\n\n\n<p><\/p>\n\n\n\n<p>El brigada Hermenegildo qued\u00f3 en Francia hasta el 20 de junio de 1939 en Playa de Saint Cyprien, momento en que decidi\u00f3 volver a Espa\u00f1a, pensando que en su larga hoja de servicios no habr\u00eda motivos para las temidas represalias. Pero detenido y encarcelado en la prisi\u00f3n de Montjuit pas\u00f3 a disposici\u00f3n del Juez Militar de la 4\u00ba Regi\u00f3n Militar (con sede en Barcelona) hasta el 4 de enero de 1940. M\u00e1s tarde qued\u00f3 a disposici\u00f3n del Juez Militar de Suboficiales de Madrid, estando en situaci\u00f3n de Disponible Forzoso hasta mayo de 1944 en que causar\u00eda baja en el Ej\u00e9rcito, teniendo que buscar empleo en una peque\u00f1a f\u00e1brica metal\u00fargica madrile\u00f1a.<br>&nbsp;&nbsp; Dada su&nbsp; excelente formaci\u00f3n y&nbsp; experiencia en el mundo del caballo, Hermenegildo pas\u00f3 el resto de su vida civil entre Solana del Pino y Madrid, como profesional prestigioso en esa faceta, hasta su fallecimiento en 1967.&nbsp; En su hoja de servicios existente en el Archivo Militar de \u00c1vila, se le reconocer\u00eda finalmente el grado de capit\u00e1n, aunque de esta circunstancia nunca tuvo conocimiento en vida.<br>&nbsp; Respecto al comandante Manuel Fontela, seg\u00fan el testimonio aportado por el propio H. Roberto Mart\u00ednez, reh\u00edzo su vida como profesor de Educaci\u00f3n F\u00edsica en el Instituto Cardenal Cisneros de Madrid entre los a\u00f1os 50\/60 de la pasada centuria.&nbsp;<\/p>\n\n\n\n<p><\/p>\n\n\n\n<p>Curiosamente el Gobierno de la Rep\u00fablica lo ascender\u00eda a Teniente Coronel en marzo de 1939, como reconocimiento a los servicios prestados durante la larga contienda, rango que no lleg\u00f3 a ejercer por encontrarse ya en esas fechas exiliado en el pa\u00eds vecino junto a su escuadr\u00f3n.<\/p>\n\n\n\n<p>\ufeff<\/p>\n\n\n\n<p>\ufeffHermenegildo Roberto Mart\u00ednez Ruiz actualmente residente en Madrid, nacido en 1937 y cuya infancia en a\u00f1os de postguerra&nbsp; discurri\u00f3 con su familia en el&nbsp; pueblo&nbsp; de La Solana del Pino (Ciudad Real), tuvo la amabilidad de enviarme, junto a la hoja de servicios&nbsp; de su padre, este poema extra\u00eddo de un libro publicado&nbsp; sobre su&nbsp; ni\u00f1ez en ese pueblo de Sierra Madrona que he considerado ep\u00edlogo adecuado a esta historia con final feliz de nuestra Guerra Civil:<\/p>\n\n\n\n<p>\ufeffUn cami\u00f3n renqueante sube por la loma.<\/p>\n\n\n\n<p>Huele a carbonilla de la mina cercana.<br>Nos acercamos a Solana.<br>Son tiempos de Postguerra.<\/p>\n\n\n\n<p>Solana, pueblo entra\u00f1able,<br>donde aprend\u00ed mis primeras letras;<br>el inicio de cosas agradables,<\/p>\n\n\n\n<p>y mis primeras pataletas.<\/p>\n\n\n\n<p>Vida feliz y placentera,<br>rodeado de peque\u00f1os amigos;<\/p>\n\n\n\n<p>en espacios llenos de parras e higueras.<br>Jugando entre el carrasco y el tomillo a bandidos.<\/p>\n\n\n\n<p>Pueblo con pil\u00f3n y eucaliptos grandes en la plaza;<br>caballer\u00edas al atardecer en el abrevadero.<br>Olores a bo\u00f1iga fresca, carburo, cuadra, sudor y caza;<br>tierra mojada, flores silvestres.<\/p>\n\n\n\n<p>Hierba cortada en los senderos.<\/p>\n\n\n\n<p>Fritada de miel con palomitas,<br>pan de higo, pesti\u00f1os,<\/p>\n\n\n\n<p>nueces y magdalenas;<br>eran mis reyes preferidos.<\/p>\n\n\n\n<p>Mi primera Comuni\u00f3n;<br>fiestas en el pueblo con toros.<br>Se van los quintos, bodas, bailes y foll\u00f3n;<br>colegio, catecismo y buen serm\u00f3n a todos.<\/p>\n\n\n\n<p>\ufeff<\/p>\n\n\n\n<p><strong>Notas:<\/strong><\/p>\n\n\n\n<p>(1)Miembros del Consejo Municipal constituido el 14 de agosto de 1937:<\/p>\n\n\n\n<p>-Alcalde: Ignacio Exp\u00f3sito Villar (Partido Socialista)<br>-Primer Teniente de Alcalde: Manuel Flores Vallejo (por UGT)<br>-Segundo Teniente de Alcalde: Francisco Lozano Godoy (por UGT)<br>-Tercer Teniente de Alcalde: Jos\u00e9 Barrag\u00e1n Perales (por Izquierda Republicana)<br>&nbsp;<\/p>\n\n\n\n<p>Resto de Consejeros:<br>\u200b<\/p>\n\n\n\n<p>-Juan Rivillas G\u00f3mez ( UGT)<br>-Jorge Jurado Cano (UGT)<br>-Francisco Gil Luque (UGT)<br>-Antonio Molina Torralbo (Partido Socialista)<br>-Juan Manuel P\u00e9rez Lozano (Juventud Socialista Unificada)<br>-Francisco Segovia Gil (Juventud Socialista Unificada)<br>-Juan Jos\u00e9 Mart\u00ednez Lozano (Izquierda Republicana)<br>-Jos\u00e9 G\u00f3mez Ruiz (Radio Comunista Partido, PCE)<br>-Francisco Osuna Galiot (Radio Comunista Partido, PCE)<\/p>\n\n\n\n<p>\u200b<\/p>\n\n\n\n<p>Remodelaci\u00f3n de&nbsp; 26 de mayo de 1938:<br>-Entran los siguientes consejeros para cubrir bajas producidas:<br>-Francisco Roncero Perales (por UGT)<br>-Miguel Per\u00edn Ramos (por UGT)<br>-Antonio Per\u00edn Ramos(por JSU)<br>-Juan Coba Pe\u00f1a (por JSU)<br>-Pablo Vicaria Castillejo (por UGT)<\/p>\n\n\n\n<p>\ufeff<\/p>\n\n\n\n<p>Remodelaci\u00f3n&nbsp; de 3 de agosto de 1938:<br>-Entran los siguientes consejeros para cubrir las bajas del PCE:<br>-Francisco Rodr\u00edguez Pe\u00f1a (PCE)<br>-Sebasti\u00e1n Collado Rold\u00e1n (PCE)<\/p>\n\n\n\n<p><br>Miembros del Comit\u00e9 Local del Frente Popular en distintos momentos de la Guerra Civil :<\/p>\n\n\n\n<p>&#8211; Ignacio Exp\u00f3sito Villar (Partido Socialista), presidente hacia 1937-39<br>-Francisco Rivillas Lozano, presidente en octubre de 1936<br>-Jos\u00e9 Moreno Mu\u00f1oz, presidente en fecha no determinada<br>&#8211; Jos\u00e9 Barrag\u00e1n Perales (Izquierda Republicana), secretario general desde febrero-marzo de 1936<br>-Francisco Flores Ca\u00f1uelo, secretario general hacia octubre de 1936.<\/p>\n\n\n\n<p>\ufeff<\/p>\n\n\n\n<p>Otros miembros:<br>-Manuel Pedrajas Rivillas (PCE?)<br>-Manuel Lozano Torralbo (UGT-Federaci\u00f3n de Trabajadores de la Tierra)<br>-Vicente Flores Ca\u00f1uelo&nbsp; (filiaci\u00f3n desconocida)<br>-Francisco Segovia Gil (JSU)<br>-Juan Jos\u00e9 Mart\u00ednez Lozano (Izquierda Republicana)<br>-Antonio Cazalilla Nieves (filiaci\u00f3n desconocida)<\/p>\n\n\n\n<p>-Evaristo J.Pic\u00f3 y Soria, actu\u00f3 de secretario en calidad de Secretario del Ayuntamiento. (Evaristo falleci\u00f3 en plena Guerra,&nbsp; el 3 de noviembre de 1938.)<\/p>\n\n\n\n<p>\u200b<\/p>\n\n\n\n<p><strong>Fuentes utilizadas:<\/strong><\/p>\n\n\n\n<p>-Testimonio escrito de H. Roberto Mart\u00ednez Ruiz, basado en sus recuerdos personales sobre su familia y su padre, (incluidos sus recuerdos sobre el comandante republicano Manuel Fontela Frois), y en la Hoja de Servicios del brigada Hermenegildo Mart\u00ednez Felices obrante en el Archivo General Militar de Segovia y el Archivo General Militar de \u00c1vila.<\/p>\n\n\n\n<p>-Archivo Hist\u00f3rico Nacional de Salamanca: Secci\u00f3n Guerra Civil. Diversa documentaci\u00f3n obrante en relaci\u00f3n al Regimiento de Caballer\u00eda n\u00ba 4 y sobre Marmolejo durante la Guerra Civil.<\/p>\n\n\n\n<p>-Archivo Municipal de Marmolejo: Libro de Registro de Salida de documentos comprendido entre 25 de abril de 1938&nbsp; a 10 de noviembre de 1938.<\/p>\n\n\n\n<p>-Peri\u00f3dico ABC de Madrid, de fecha 16 de marzo de 1939. En \u00e9l se daba cuenta del ascenso a teniente coronel del comandante Manuel Fontela Frois.<\/p>\n\n\n\n<p><\/p>\n\n\n\n<p>-Archivo Municipal de Marmolejo: Libro de Registro de Salida de documentos comprendido entre 25 de abril de 1938&nbsp; a 10 de noviembre de 1938.<\/p>\n\n\n\n<p>-Peri\u00f3dico ABC de Madrid, de fecha 16 de marzo de 1939. En \u00e9l se daba cuenta del ascenso a teniente coronel del comandante Manuel Fontela Frois.<\/p>\n","protected":false},"excerpt":{"rendered":"<p>-Manuel Perales Sol\u00eds- Recib\u00ed hace unos a\u00f1os la llamada de D. Hermenegildo Roberto Mart\u00ednez Ruiz. No le conoc\u00eda pero \u00e9l se hab\u00eda tomado la molestia de localizarme para contarme una historia entra\u00f1able relacionada con Marmolejo acaecida a su padre,&nbsp; el maestro herrador de caballer\u00eda&nbsp; del ej\u00e9rcito republicano, Hermenegildo Mart\u00ednez Felices, durante la Guerra Civil. Me [&hellip;]<\/p>\n","protected":false},"author":1,"featured_media":0,"parent":0,"menu_order":0,"comment_status":"closed","ping_status":"closed","template":"elementor_theme","meta":{"footnotes":""},"class_list":["post-69","page","type-page","status-publish","hentry"],"yoast_head":"<!-- This site is optimized with the Yoast SEO plugin v25.2 - https:\/\/yoast.com\/wordpress\/plugins\/seo\/ -->\n<title>El brigada Hermenegildo Mart\u00ednez Felices y el Escuadr\u00f3n de Caballer\u00eda republicano - El lugar de Marmolejo<\/title>\n<meta name=\"robots\" content=\"index, follow, max-snippet:-1, max-image-preview:large, max-video-preview:-1\" \/>\n<link rel=\"canonical\" href=\"https:\/\/lugardemarmolejo.es\/?page_id=69\" \/>\n<meta property=\"og:locale\" content=\"es_ES\" \/>\n<meta property=\"og:type\" content=\"article\" \/>\n<meta property=\"og:title\" content=\"El brigada Hermenegildo Mart\u00ednez Felices y el Escuadr\u00f3n de Caballer\u00eda republicano - El lugar de Marmolejo\" \/>\n<meta property=\"og:description\" content=\"-Manuel Perales Sol\u00eds- Recib\u00ed hace unos a\u00f1os la llamada de D. Hermenegildo Roberto Mart\u00ednez Ruiz. No le conoc\u00eda pero \u00e9l se hab\u00eda tomado la molestia de localizarme para contarme una historia entra\u00f1able relacionada con Marmolejo acaecida a su padre,&nbsp; el maestro herrador de caballer\u00eda&nbsp; del ej\u00e9rcito republicano, Hermenegildo Mart\u00ednez Felices, durante la Guerra Civil. Me [&hellip;]\" \/>\n<meta property=\"og:url\" content=\"https:\/\/lugardemarmolejo.es\/?page_id=69\" \/>\n<meta property=\"og:site_name\" content=\"El lugar de Marmolejo\" \/>\n<meta property=\"article:modified_time\" content=\"2023-07-03T17:53:07+00:00\" \/>\n<meta property=\"og:image\" content=\"https:\/\/static.wixstatic.com\/media\/7e23fc_c7bcc58c7a1fe98b7d77e0aeba089f51.jpg\/v1\/fill\/w_396,h_571,al_c,q_80,usm_0.66_1.00_0.01,enc_auto\/7e23fc_c7bcc58c7a1fe98b7d77e0aeba089f51.jpg\" \/>\n<meta name=\"twitter:card\" content=\"summary_large_image\" \/>\n<meta name=\"twitter:label1\" content=\"Tiempo de lectura\" \/>\n\t<meta name=\"twitter:data1\" content=\"11 minutos\" \/>\n<script type=\"application\/ld+json\" class=\"yoast-schema-graph\">{\"@context\":\"https:\/\/schema.org\",\"@graph\":[{\"@type\":\"WebPage\",\"@id\":\"https:\/\/lugardemarmolejo.es\/?page_id=69\",\"url\":\"https:\/\/lugardemarmolejo.es\/?page_id=69\",\"name\":\"El brigada Hermenegildo Mart\u00ednez Felices y el Escuadr\u00f3n de Caballer\u00eda republicano - El lugar de Marmolejo\",\"isPartOf\":{\"@id\":\"https:\/\/lugardemarmolejo.es\/#website\"},\"primaryImageOfPage\":{\"@id\":\"https:\/\/lugardemarmolejo.es\/?page_id=69#primaryimage\"},\"image\":{\"@id\":\"https:\/\/lugardemarmolejo.es\/?page_id=69#primaryimage\"},\"thumbnailUrl\":\"https:\/\/static.wixstatic.com\/media\/7e23fc_c7bcc58c7a1fe98b7d77e0aeba089f51.jpg\/v1\/fill\/w_396,h_571,al_c,q_80,usm_0.66_1.00_0.01,enc_auto\/7e23fc_c7bcc58c7a1fe98b7d77e0aeba089f51.jpg\",\"datePublished\":\"2023-06-23T15:08:24+00:00\",\"dateModified\":\"2023-07-03T17:53:07+00:00\",\"breadcrumb\":{\"@id\":\"https:\/\/lugardemarmolejo.es\/?page_id=69#breadcrumb\"},\"inLanguage\":\"es\",\"potentialAction\":[{\"@type\":\"ReadAction\",\"target\":[\"https:\/\/lugardemarmolejo.es\/?page_id=69\"]}]},{\"@type\":\"ImageObject\",\"inLanguage\":\"es\",\"@id\":\"https:\/\/lugardemarmolejo.es\/?page_id=69#primaryimage\",\"url\":\"https:\/\/static.wixstatic.com\/media\/7e23fc_c7bcc58c7a1fe98b7d77e0aeba089f51.jpg\/v1\/fill\/w_396,h_571,al_c,q_80,usm_0.66_1.00_0.01,enc_auto\/7e23fc_c7bcc58c7a1fe98b7d77e0aeba089f51.jpg\",\"contentUrl\":\"https:\/\/static.wixstatic.com\/media\/7e23fc_c7bcc58c7a1fe98b7d77e0aeba089f51.jpg\/v1\/fill\/w_396,h_571,al_c,q_80,usm_0.66_1.00_0.01,enc_auto\/7e23fc_c7bcc58c7a1fe98b7d77e0aeba089f51.jpg\"},{\"@type\":\"BreadcrumbList\",\"@id\":\"https:\/\/lugardemarmolejo.es\/?page_id=69#breadcrumb\",\"itemListElement\":[{\"@type\":\"ListItem\",\"position\":1,\"name\":\"Portada\",\"item\":\"https:\/\/lugardemarmolejo.es\/\"},{\"@type\":\"ListItem\",\"position\":2,\"name\":\"El brigada Hermenegildo Mart\u00ednez Felices y el Escuadr\u00f3n de Caballer\u00eda republicano\"}]},{\"@type\":\"WebSite\",\"@id\":\"https:\/\/lugardemarmolejo.es\/#website\",\"url\":\"https:\/\/lugardemarmolejo.es\/\",\"name\":\"El lugar de Marmolejo\",\"description\":\"\",\"potentialAction\":[{\"@type\":\"SearchAction\",\"target\":{\"@type\":\"EntryPoint\",\"urlTemplate\":\"https:\/\/lugardemarmolejo.es\/?s={search_term_string}\"},\"query-input\":{\"@type\":\"PropertyValueSpecification\",\"valueRequired\":true,\"valueName\":\"search_term_string\"}}],\"inLanguage\":\"es\"}]}<\/script>\n<!-- \/ Yoast SEO plugin. -->","yoast_head_json":{"title":"El brigada Hermenegildo Mart\u00ednez Felices y el Escuadr\u00f3n de Caballer\u00eda republicano - El lugar de Marmolejo","robots":{"index":"index","follow":"follow","max-snippet":"max-snippet:-1","max-image-preview":"max-image-preview:large","max-video-preview":"max-video-preview:-1"},"canonical":"https:\/\/lugardemarmolejo.es\/?page_id=69","og_locale":"es_ES","og_type":"article","og_title":"El brigada Hermenegildo Mart\u00ednez Felices y el Escuadr\u00f3n de Caballer\u00eda republicano - El lugar de Marmolejo","og_description":"-Manuel Perales Sol\u00eds- Recib\u00ed hace unos a\u00f1os la llamada de D. Hermenegildo Roberto Mart\u00ednez Ruiz. No le conoc\u00eda pero \u00e9l se hab\u00eda tomado la molestia de localizarme para contarme una historia entra\u00f1able relacionada con Marmolejo acaecida a su padre,&nbsp; el maestro herrador de caballer\u00eda&nbsp; del ej\u00e9rcito republicano, Hermenegildo Mart\u00ednez Felices, durante la Guerra Civil. Me [&hellip;]","og_url":"https:\/\/lugardemarmolejo.es\/?page_id=69","og_site_name":"El lugar de Marmolejo","article_modified_time":"2023-07-03T17:53:07+00:00","og_image":[{"url":"https:\/\/static.wixstatic.com\/media\/7e23fc_c7bcc58c7a1fe98b7d77e0aeba089f51.jpg\/v1\/fill\/w_396,h_571,al_c,q_80,usm_0.66_1.00_0.01,enc_auto\/7e23fc_c7bcc58c7a1fe98b7d77e0aeba089f51.jpg","type":"","width":"","height":""}],"twitter_card":"summary_large_image","twitter_misc":{"Tiempo de lectura":"11 minutos"},"schema":{"@context":"https:\/\/schema.org","@graph":[{"@type":"WebPage","@id":"https:\/\/lugardemarmolejo.es\/?page_id=69","url":"https:\/\/lugardemarmolejo.es\/?page_id=69","name":"El brigada Hermenegildo Mart\u00ednez Felices y el Escuadr\u00f3n de Caballer\u00eda republicano - El lugar de Marmolejo","isPartOf":{"@id":"https:\/\/lugardemarmolejo.es\/#website"},"primaryImageOfPage":{"@id":"https:\/\/lugardemarmolejo.es\/?page_id=69#primaryimage"},"image":{"@id":"https:\/\/lugardemarmolejo.es\/?page_id=69#primaryimage"},"thumbnailUrl":"https:\/\/static.wixstatic.com\/media\/7e23fc_c7bcc58c7a1fe98b7d77e0aeba089f51.jpg\/v1\/fill\/w_396,h_571,al_c,q_80,usm_0.66_1.00_0.01,enc_auto\/7e23fc_c7bcc58c7a1fe98b7d77e0aeba089f51.jpg","datePublished":"2023-06-23T15:08:24+00:00","dateModified":"2023-07-03T17:53:07+00:00","breadcrumb":{"@id":"https:\/\/lugardemarmolejo.es\/?page_id=69#breadcrumb"},"inLanguage":"es","potentialAction":[{"@type":"ReadAction","target":["https:\/\/lugardemarmolejo.es\/?page_id=69"]}]},{"@type":"ImageObject","inLanguage":"es","@id":"https:\/\/lugardemarmolejo.es\/?page_id=69#primaryimage","url":"https:\/\/static.wixstatic.com\/media\/7e23fc_c7bcc58c7a1fe98b7d77e0aeba089f51.jpg\/v1\/fill\/w_396,h_571,al_c,q_80,usm_0.66_1.00_0.01,enc_auto\/7e23fc_c7bcc58c7a1fe98b7d77e0aeba089f51.jpg","contentUrl":"https:\/\/static.wixstatic.com\/media\/7e23fc_c7bcc58c7a1fe98b7d77e0aeba089f51.jpg\/v1\/fill\/w_396,h_571,al_c,q_80,usm_0.66_1.00_0.01,enc_auto\/7e23fc_c7bcc58c7a1fe98b7d77e0aeba089f51.jpg"},{"@type":"BreadcrumbList","@id":"https:\/\/lugardemarmolejo.es\/?page_id=69#breadcrumb","itemListElement":[{"@type":"ListItem","position":1,"name":"Portada","item":"https:\/\/lugardemarmolejo.es\/"},{"@type":"ListItem","position":2,"name":"El brigada Hermenegildo Mart\u00ednez Felices y el Escuadr\u00f3n de Caballer\u00eda republicano"}]},{"@type":"WebSite","@id":"https:\/\/lugardemarmolejo.es\/#website","url":"https:\/\/lugardemarmolejo.es\/","name":"El lugar de Marmolejo","description":"","potentialAction":[{"@type":"SearchAction","target":{"@type":"EntryPoint","urlTemplate":"https:\/\/lugardemarmolejo.es\/?s={search_term_string}"},"query-input":{"@type":"PropertyValueSpecification","valueRequired":true,"valueName":"search_term_string"}}],"inLanguage":"es"}]}},"_links":{"self":[{"href":"https:\/\/lugardemarmolejo.es\/index.php?rest_route=\/wp\/v2\/pages\/69","targetHints":{"allow":["GET"]}}],"collection":[{"href":"https:\/\/lugardemarmolejo.es\/index.php?rest_route=\/wp\/v2\/pages"}],"about":[{"href":"https:\/\/lugardemarmolejo.es\/index.php?rest_route=\/wp\/v2\/types\/page"}],"author":[{"embeddable":true,"href":"https:\/\/lugardemarmolejo.es\/index.php?rest_route=\/wp\/v2\/users\/1"}],"replies":[{"embeddable":true,"href":"https:\/\/lugardemarmolejo.es\/index.php?rest_route=%2Fwp%2Fv2%2Fcomments&post=69"}],"version-history":[{"count":2,"href":"https:\/\/lugardemarmolejo.es\/index.php?rest_route=\/wp\/v2\/pages\/69\/revisions"}],"predecessor-version":[{"id":80,"href":"https:\/\/lugardemarmolejo.es\/index.php?rest_route=\/wp\/v2\/pages\/69\/revisions\/80"}],"wp:attachment":[{"href":"https:\/\/lugardemarmolejo.es\/index.php?rest_route=%2Fwp%2Fv2%2Fmedia&parent=69"}],"curies":[{"name":"wp","href":"https:\/\/api.w.org\/{rel}","templated":true}]}}