{"id":673,"date":"2024-05-26T17:19:20","date_gmt":"2024-05-26T17:19:20","guid":{"rendered":"https:\/\/lugardemarmolejo.es\/?page_id=673"},"modified":"2024-05-26T17:19:20","modified_gmt":"2024-05-26T17:19:20","slug":"un-viaje-por-sierra-morena-recuerdos-de-la-ruta-ciclo-turista-por-sierra-morena-celebrada-los-dias-15-16-y-17-de-septiembre-de-2006","status":"publish","type":"page","link":"https:\/\/lugardemarmolejo.es\/?page_id=673","title":{"rendered":"Un viaje por Sierra Morena:\u00a0Recuerdos de la ruta ciclo-turista por Sierra Morena \u00a0celebrada los d\u00edas 15, 16 y 17 de septiembre de 2006."},"content":{"rendered":"\n<h1 class=\"wp-block-heading\"><\/h1>\n\n\n\n<h4 class=\"wp-block-heading\">&nbsp;<\/h4>\n\n\n\n<h4 class=\"wp-block-heading\">-Ricardo Fern\u00e1ndez Perales y Manuel Perales Sol\u00eds-<\/h4>\n\n\n\n<p>Esta vuelta cicloturista, celebrada en septiembre de 2006, supuso una actividad novedosa en la larga lista de actividades que, desde 1973, ven\u00eda organizando la Asociaci\u00f3n Cultural de Escalera y San Camilo de Lelis. Su recorrido transcurri\u00f3 por un \u00e1rea perif\u00e9rica a la cuenca del Yeguas aunque el camino de ida, hacia Solana del Pino (Ciudad Real), rozara tangencialmente la cuenca del J\u00e1ndula, introduci\u00e9ndose de lleno en el coraz\u00f3n del parque natural de la Sierra de And\u00fajar y Carde\u00f1a y las sierras de Madrona y Quintana. El punto m\u00e1s distante de esta ruta fue la localidad de Solana del Pino en el mismo coraz\u00f3n de Sierra Madrona.<\/p>\n\n\n\n<p><br>&nbsp;Para los que iban sobre la bici, tuvo momentos inolvidables (viernes 15 de septiembre), con el ascenso al Santuario del Cabezo a trav\u00e9s de La Centenera, La Cabrera y Navalasno del Rey; luego el encuentro, nada m\u00e1s y nada menos, que con la Vuelta Ciclista a Espa\u00f1a, en el alto del Parque Natural de And\u00fajar, puntuable para el premio de la monta\u00f1a, y al final de esta jornada, la acampada al pie de sierra Madrona, en una tarde ventosa y fr\u00eda a la que sucedi\u00f3 una noche algo m\u00e1s tranquila, s\u00f3lo alterada por los berridos de los venados en celo que en gran n\u00famero habitan estas serran\u00edas.&nbsp;<br>&nbsp;Debemos de rese\u00f1ar que en la soledad y &nbsp;sepulcral silencio de estos parajes naturales, tan distantes del mundanal ruido, nos sent\u00edamos acompa\u00f1ados &nbsp;por la cercan\u00eda del cortijo de Hontanar, donde su guarda y casero se dejaba ver, de vez en cuando, sobre un 4X4, cuando hac\u00eda sus habituales rondas por los caminos de esta &nbsp;inmensa finca dedicada a la explotaci\u00f3n ganadera y &nbsp;cineg\u00e9tica.<\/p>\n\n\n\n<p><br>&nbsp;En nuestras conversaciones de sobremesa, manifestamos una sana envidia por la vida apartada y contemplativa de aquel guarda, entrado ya en a\u00f1os. Desde su casa de campo pod\u00eda disfrutar de unas vistas excepcionales de toda la dehesa del altiplano de Sierra Morena y de las lejanas sierras de M\u00e1gina y Jabalcuz y del que, al siguiente d\u00eda, en Solana del Pino, nos informaron &nbsp;que &nbsp;era vecino de all\u00ed, &nbsp;hacia donde acud\u00eda con frecuencia para proveerse de alimentos.&nbsp;<br>&nbsp;Otro hito interesante del camino, en la ma\u00f1ana del &nbsp;16, result\u00f3 ser el impresionante ascenso a Solana del Pino, cruzando valles transversales, tipo pirenaicos, como el de la Torrecilla, antes de flanquear el puerto de Madrona, a 960 metros de altitud y, luego, en el descenso de dicho puerto, el valle del rio Robledillo, playa natural de Solana del Pino. La posterior subida al alto de Los Rehoyos, que alcanzamos tras dar un peque\u00f1o rodeo a Solana del Pino por las crestas de su sierra, &nbsp;nos permitir\u00eda divisar la grandeza del valle de Alcudia, con las localidades de Mestanza, Hinojosa de Calatrava y Cabezarrubias del Puerto en la cara sur de las sierras de Puertollano.<\/p>\n\n\n\n<p>\u200b<\/p>\n\n\n\n<p>&nbsp;Tras un breve descanso en la cima del puerto, hicimos la bajada de Los Rehoyos y tomamos el desv\u00edo hacia Solana por el viejo camino procedente de Mestanza, con una empinada cuesta de m\u00e1s del 15% de desnivel, donde algunos sufrieron m\u00e1s de lo previsto, pues las piernas ya no daban para m\u00e1s. \u2026 y \u00a1por fin &nbsp;Solana!<\/p>\n\n\n<div class=\"wp-block-image\">\n<figure class=\"alignleft is-resized\"><img fetchpriority=\"high\" decoding=\"async\" width=\"600\" height=\"450\" src=\"https:\/\/lugardemarmolejo.es\/wp-content\/uploads\/2024\/05\/image.jpeg\" alt=\"SierraMadronaSolanadelPino.jpg\" class=\"wp-image-674\" style=\"width:467px;height:auto\" srcset=\"https:\/\/lugardemarmolejo.es\/wp-content\/uploads\/2024\/05\/image.jpeg 600w, https:\/\/lugardemarmolejo.es\/wp-content\/uploads\/2024\/05\/image-300x225.jpeg 300w\" sizes=\"(max-width: 600px) 100vw, 600px\" \/><figcaption class=\"wp-element-caption\"><strong>Vista de Solana del Pino desde el alto de Los Rehoyos. Fuente: Wikipedia<\/strong><\/figcaption><\/figure>\n<\/div>\n\n\n<p>&nbsp; Bebimos aguas en un rom\u00e1ntico pilar que hay a la entrada, y aparcamos en la plaza del pueblo, junto a la iglesia. Era s\u00e1bado &nbsp;y se respiraba ambiente festivo pues celebraban &nbsp;las fiestas en honor del Cristo. Descansamos frente a la iglesia parroquial (toda ella de piedra de pizarra) en unos bancos que hay en la plaza, a la sombra de unos \u00e1rboles, mientras observ\u00e1bamos la salida de la cofrad\u00eda de su fiesta religiosa, qued\u00e1ndonos muy claro que las mujeres eran mayoritarias en esta devoci\u00f3n.<\/p>\n\n\n\n<p><br>&nbsp; Minutos despu\u00e9s decidimos comprar unos panes para la comida &nbsp;y tomar un refrigerio en un t\u00edpico mes\u00f3n cercano a la plaza donde nos sirvieron unas exquisitas tapas de torrennos y tortilla de patatas. Como el personal m\u00e1s peque\u00f1\u00edn llevaba hambre, no pudo contener los nervios ante tantos sabrosos manjares y alg\u00fan botell\u00edn de \u201cCocacola\u201d esparci\u00f3 su espumoso l\u00edquido entre las tortillas y los torrennos.<\/p>\n\n\n\n<p><br>&nbsp;La estancia en la panader\u00eda fue bastante provechosa pues mientras esperamos a que saliera el pan, trabamos amena conversaci\u00f3n con unas mujeres del pueblo a las que preguntamos si conoc\u00edan a las hermanas \u201cNicomedes\u201d y a Pedro Poyatos Mu\u00f1oz y su esposa Obdulia, solaneros residentes en Marmolejo desde hac\u00eda varios a\u00f1os. Cual ser\u00eda nuestra sorpresa &nbsp;que todos eran conocidos, e incluso nos indicaron la casa donde nacieron las hermanas \u201cNicomedes\u201d, hijas del ganadero Nicomedes L\u00f3pez Duque, tenidas con su primera esposa, ya que este hombre, seg\u00fan comentaron, casar\u00eda posteriormente con otra mujer de Solana del Pino con la que volver\u00eda &nbsp;a tener descendencia.<\/p>\n\n\n\n<p>&nbsp;De Pedro Poyatos, persona extraordinaria, de trato educado y afable, pudimos saber que nunca dej\u00f3 de visitar Solana para ver a la familia que a\u00fan conserva en el pueblo donde vio las primeras luces. En su nueva tierra de acogida, este solanero ejerci\u00f3 el tradicional oficio de pastor aprendido desde peque\u00f1o en las dehesas y montes de su patria chica, seguramente &nbsp; por los frondosos valles de los r\u00edos Montoro, Robledillo (afluentes del J\u00e1ndula) y Valmayor, una de las principales fuentes del Yeguas.<br>&nbsp;Dos de las mujeres informantes, hermanas &nbsp;y con residencia en La Carolina, nos dijeron que ten\u00edan casa en el frondoso valle del rio Robledillo, y que iban casi todos los fines de semana a Solana de donde eran sus padres. Nuestra sorpresa fue en aumento cuando nos invitaron, con gran amabilidad, a pasar unos d\u00edas en su casa de campo en un pr\u00f3ximo viaje. Tambi\u00e9n se empe\u00f1aron en que nos qued\u00e1semos a la verbena de la noche pero, sinti\u00e9ndolo mucho, nos excusamos porque deb\u00edamos de proseguir nuestra ruta hacia la fuente del Almirez.<\/p>\n\n\n\n<p>\u200b<\/p>\n\n\n\n<p>&nbsp; &nbsp;La tarde del d\u00eda 16, transcurri\u00f3 a lo largo de los 30 kil\u00f3metros de pistas forestales que separan Solana del Pino, de la fuente del Almirez y Ventillas. Decidimos hacer un alto a unos tres kil\u00f3metros de Solana para comer y descansar un rato, saboreando entonces los ricos panes adquiridos que a todos nos supieron a gloria.<br>&nbsp; La ruta vespertina fue encantadora, discurriendo a lo largo de dehesas de encinas y pinares, teniendo siempre como norte (aunque llev\u00e1bamos direcci\u00f3n oeste) la codiciada fuente. &nbsp;<br>&nbsp; Tras un breve alto en Ventillas, un singular pueblecito lleno de encanto, acampamos en el bosquecillo de robles melojos y quejigos que circunda la popular fuente del Almirez. &nbsp;A la llegada &nbsp;pudimos comprobar que \u00e9sta no era desconocida para los habitantes del entorno, desde donde se acercaban para abastecerse de su preciado l\u00edquido con una regular cadencia.<\/p>\n\n\n\n<p><br>Los \u00faltimos rayos de luz vieron como mont\u00e1bamos nuestro campamento para pasar la \u00faltima noche de nuestro singular periplo. Ya con la luz escaseando y con el frio arreciando, solo hubo tiempo para cenar, conversar y escuchar historias de los veteranos del pelot\u00f3n. Poco a poco, &nbsp;agotados por el duro d\u00eda y por el frio h\u00famedo del bosquecillo que nos arropaba, nos fuimos retirando a las tiendas de campa\u00f1a para, a mitad de la madrugada, escuchar con asombro, los aullidos de los lobos acompasados por la cl\u00e1sica berrea de los venados y el canto nocturno del b\u00faho real.<br>&nbsp; Nuestra ruta prosigui\u00f3 en la ma\u00f1ana del d\u00eda 17, en su etapa final, entre fuente del Almirez y Marmolejo. Fue una etapa r\u00e1pida, iniciada con la bajada del puerto de Valderrepisa y dejando &nbsp;luego atr\u00e1s Fuencaliente, Azuel, Carde\u00f1a y Venta del Charco. Fue todo un alivio el descenso del puerto de Espa\u00f1ares y de Los Rasos de las Cabezas, con sus espectaculares curvas. &nbsp;<\/p>\n\n\n\n<p><br>&nbsp;Como \u00edbamos bien de tiempo, decidimos parar en el ventorrillo de Pedro Yedres, en el Charco Novillo. Este amable montore\u00f1o, con muchos a\u00f1os de veteran\u00eda en el oficio de ventero, nos sirvi\u00f3 unas raciones de lech\u00f3n y carne de monte, que prepar\u00f3 su mujer con exquisito acierto. Se relamieron los platos y Pedro qued\u00f3 maravillado del \u00e9xito abrumador de sus viandas.<\/p>\n\n\n\n<p><br>&nbsp; Pedro vino al Charco del Novillo, cuando a\u00fan era joven, a trabajar con su yunta de mulos, en las aranc\u00edas de las caser\u00edas del Charco. Adquiri\u00f3 con el dinero ahorrado la vieja venta &nbsp;\u201cCharco Novillo\u201d, conocida en este pago desde tiempos inmemoriales. A sus a\u00f1os a\u00fan mantiene la ilusi\u00f3n porque este lugar, lleno de historia y leyendas entra\u00f1ables, no tenga que cerrar sus puertas alg\u00fan d\u00eda. El sigue afirmando que en esta antigua venta-posada, se hosped\u00f3 &nbsp;el c\u00e9lebre bandolero Jos\u00e9 Mar\u00eda \u201cEl Tempranillo\u201d en sus correr\u00edas por Sierra Morena. Al marchar todos prometimos volver a casa de Pedro Yedres lo antes posible.<br>&nbsp;Con los est\u00f3magos colmados y a falta de 10 kil\u00f3metros para nuestro destino final, cogimos las bicicletas con m\u00e1s de 200 kil\u00f3metros en nuestras piernas y muchas horas de pedaleo, para llegar a Marmolejo, lugar donde todo comenz\u00f3 y donde los m\u00e1s veteranos, satisfechos por haber mostrado lugares de ensue\u00f1o, y unos j\u00f3venes quincea\u00f1eros sorprendidos por tanta belleza contemplada, compartimos nuestra \u00faltimas sonrisas juntos, con el deseo de repetir pronto la experiencia.<\/p>\n\n\n<div class=\"wp-block-image\">\n<figure class=\"alignright\"><img decoding=\"async\" width=\"565\" height=\"357\" src=\"https:\/\/lugardemarmolejo.es\/wp-content\/uploads\/2024\/05\/image-1.jpeg\" alt=\"Dia 16 de septiembre de 2006.jpg\" class=\"wp-image-675\" srcset=\"https:\/\/lugardemarmolejo.es\/wp-content\/uploads\/2024\/05\/image-1.jpeg 565w, https:\/\/lugardemarmolejo.es\/wp-content\/uploads\/2024\/05\/image-1-300x190.jpeg 300w\" sizes=\"(max-width: 565px) 100vw, 565px\" \/><figcaption class=\"wp-element-caption\"><strong>Los participantes en la ruta en el puerto de Madrona, a 960 metros de altitud. De izquierda a derecha: \u00c1lvaro Barrag\u00e1n, Ricardo Fern\u00e1ndez, Antonio Jes\u00fas Moreno, Antonio Rela\u00f1o, Alex Perales, J<\/strong><\/figcaption><\/figure>\n<\/div>\n\n\n<p><strong>Participantes en la ruta ciclo-turista de Sierra Morena:<\/strong><br>-Antonio Jes\u00fas Moreno Gal\u00e1n (coche de apoyo)<br>-Manuel Perales Sol\u00eds (coche de apoyo)<br>-Natividad Perales Sol\u00eds (coche de apoyo)<br>-Javier Perales Sol\u00eds (bicicleta)<br>-Javier Perales Medina (bicicleta)<br>-Antonio Rela\u00f1o Pastor (bicicleta)<br>-Ricardo Fern\u00e1ndez Perales (bicicleta)<br>-\u00c1lvaro Barrag\u00e1n Merino (bicicleta)<br>-Alejandro Perales Merino (acompa\u00f1ante)<\/p>\n\n\n\n<p><\/p>\n","protected":false},"excerpt":{"rendered":"<p>&nbsp; -Ricardo Fern\u00e1ndez Perales y Manuel Perales Sol\u00eds- Esta vuelta cicloturista, celebrada en septiembre de 2006, supuso una actividad novedosa en la larga lista de actividades que, desde 1973, ven\u00eda organizando la Asociaci\u00f3n Cultural de Escalera y San Camilo de Lelis. Su recorrido transcurri\u00f3 por un \u00e1rea perif\u00e9rica a la cuenca del Yeguas aunque el [&hellip;]<\/p>\n","protected":false},"author":1,"featured_media":0,"parent":0,"menu_order":0,"comment_status":"closed","ping_status":"closed","template":"","meta":{"footnotes":""},"class_list":["post-673","page","type-page","status-publish","hentry"],"yoast_head":"<!-- This site is optimized with the Yoast SEO plugin v25.2 - https:\/\/yoast.com\/wordpress\/plugins\/seo\/ -->\n<title>Un viaje por Sierra Morena:\u00a0Recuerdos de la ruta ciclo-turista por Sierra Morena \u00a0celebrada los d\u00edas 15, 16 y 17 de septiembre de 2006. - El lugar de Marmolejo<\/title>\n<meta name=\"robots\" content=\"index, follow, max-snippet:-1, max-image-preview:large, max-video-preview:-1\" \/>\n<link rel=\"canonical\" href=\"https:\/\/lugardemarmolejo.es\/?page_id=673\" \/>\n<meta property=\"og:locale\" content=\"es_ES\" \/>\n<meta property=\"og:type\" content=\"article\" \/>\n<meta property=\"og:title\" content=\"Un viaje por Sierra Morena:\u00a0Recuerdos de la ruta ciclo-turista por Sierra Morena \u00a0celebrada los d\u00edas 15, 16 y 17 de septiembre de 2006. - El lugar de Marmolejo\" \/>\n<meta property=\"og:description\" content=\"&nbsp; -Ricardo Fern\u00e1ndez Perales y Manuel Perales Sol\u00eds- Esta vuelta cicloturista, celebrada en septiembre de 2006, supuso una actividad novedosa en la larga lista de actividades que, desde 1973, ven\u00eda organizando la Asociaci\u00f3n Cultural de Escalera y San Camilo de Lelis. Su recorrido transcurri\u00f3 por un \u00e1rea perif\u00e9rica a la cuenca del Yeguas aunque el [&hellip;]\" \/>\n<meta property=\"og:url\" content=\"https:\/\/lugardemarmolejo.es\/?page_id=673\" \/>\n<meta property=\"og:site_name\" content=\"El lugar de Marmolejo\" \/>\n<meta property=\"og:image\" content=\"https:\/\/lugardemarmolejo.es\/wp-content\/uploads\/2024\/05\/image.jpeg\" \/>\n<meta name=\"twitter:card\" content=\"summary_large_image\" \/>\n<meta name=\"twitter:label1\" content=\"Tiempo de lectura\" \/>\n\t<meta name=\"twitter:data1\" content=\"8 minutos\" \/>\n<script type=\"application\/ld+json\" class=\"yoast-schema-graph\">{\"@context\":\"https:\/\/schema.org\",\"@graph\":[{\"@type\":\"WebPage\",\"@id\":\"https:\/\/lugardemarmolejo.es\/?page_id=673\",\"url\":\"https:\/\/lugardemarmolejo.es\/?page_id=673\",\"name\":\"Un viaje por Sierra Morena:\u00a0Recuerdos de la ruta ciclo-turista por Sierra Morena \u00a0celebrada los d\u00edas 15, 16 y 17 de septiembre de 2006. - El lugar de Marmolejo\",\"isPartOf\":{\"@id\":\"https:\/\/lugardemarmolejo.es\/#website\"},\"primaryImageOfPage\":{\"@id\":\"https:\/\/lugardemarmolejo.es\/?page_id=673#primaryimage\"},\"image\":{\"@id\":\"https:\/\/lugardemarmolejo.es\/?page_id=673#primaryimage\"},\"thumbnailUrl\":\"https:\/\/lugardemarmolejo.es\/wp-content\/uploads\/2024\/05\/image.jpeg\",\"datePublished\":\"2024-05-26T17:19:20+00:00\",\"breadcrumb\":{\"@id\":\"https:\/\/lugardemarmolejo.es\/?page_id=673#breadcrumb\"},\"inLanguage\":\"es\",\"potentialAction\":[{\"@type\":\"ReadAction\",\"target\":[\"https:\/\/lugardemarmolejo.es\/?page_id=673\"]}]},{\"@type\":\"ImageObject\",\"inLanguage\":\"es\",\"@id\":\"https:\/\/lugardemarmolejo.es\/?page_id=673#primaryimage\",\"url\":\"https:\/\/lugardemarmolejo.es\/wp-content\/uploads\/2024\/05\/image.jpeg\",\"contentUrl\":\"https:\/\/lugardemarmolejo.es\/wp-content\/uploads\/2024\/05\/image.jpeg\",\"width\":600,\"height\":450},{\"@type\":\"BreadcrumbList\",\"@id\":\"https:\/\/lugardemarmolejo.es\/?page_id=673#breadcrumb\",\"itemListElement\":[{\"@type\":\"ListItem\",\"position\":1,\"name\":\"Portada\",\"item\":\"https:\/\/lugardemarmolejo.es\/\"},{\"@type\":\"ListItem\",\"position\":2,\"name\":\"Un viaje por Sierra Morena:\u00a0Recuerdos de la ruta ciclo-turista por Sierra Morena \u00a0celebrada los d\u00edas 15, 16 y 17 de septiembre de 2006.\"}]},{\"@type\":\"WebSite\",\"@id\":\"https:\/\/lugardemarmolejo.es\/#website\",\"url\":\"https:\/\/lugardemarmolejo.es\/\",\"name\":\"El lugar de Marmolejo\",\"description\":\"\",\"potentialAction\":[{\"@type\":\"SearchAction\",\"target\":{\"@type\":\"EntryPoint\",\"urlTemplate\":\"https:\/\/lugardemarmolejo.es\/?s={search_term_string}\"},\"query-input\":{\"@type\":\"PropertyValueSpecification\",\"valueRequired\":true,\"valueName\":\"search_term_string\"}}],\"inLanguage\":\"es\"}]}<\/script>\n<!-- \/ Yoast SEO plugin. -->","yoast_head_json":{"title":"Un viaje por Sierra Morena:\u00a0Recuerdos de la ruta ciclo-turista por Sierra Morena \u00a0celebrada los d\u00edas 15, 16 y 17 de septiembre de 2006. - El lugar de Marmolejo","robots":{"index":"index","follow":"follow","max-snippet":"max-snippet:-1","max-image-preview":"max-image-preview:large","max-video-preview":"max-video-preview:-1"},"canonical":"https:\/\/lugardemarmolejo.es\/?page_id=673","og_locale":"es_ES","og_type":"article","og_title":"Un viaje por Sierra Morena:\u00a0Recuerdos de la ruta ciclo-turista por Sierra Morena \u00a0celebrada los d\u00edas 15, 16 y 17 de septiembre de 2006. - El lugar de Marmolejo","og_description":"&nbsp; -Ricardo Fern\u00e1ndez Perales y Manuel Perales Sol\u00eds- Esta vuelta cicloturista, celebrada en septiembre de 2006, supuso una actividad novedosa en la larga lista de actividades que, desde 1973, ven\u00eda organizando la Asociaci\u00f3n Cultural de Escalera y San Camilo de Lelis. Su recorrido transcurri\u00f3 por un \u00e1rea perif\u00e9rica a la cuenca del Yeguas aunque el [&hellip;]","og_url":"https:\/\/lugardemarmolejo.es\/?page_id=673","og_site_name":"El lugar de Marmolejo","og_image":[{"url":"https:\/\/lugardemarmolejo.es\/wp-content\/uploads\/2024\/05\/image.jpeg","type":"","width":"","height":""}],"twitter_card":"summary_large_image","twitter_misc":{"Tiempo de lectura":"8 minutos"},"schema":{"@context":"https:\/\/schema.org","@graph":[{"@type":"WebPage","@id":"https:\/\/lugardemarmolejo.es\/?page_id=673","url":"https:\/\/lugardemarmolejo.es\/?page_id=673","name":"Un viaje por Sierra Morena:\u00a0Recuerdos de la ruta ciclo-turista por Sierra Morena \u00a0celebrada los d\u00edas 15, 16 y 17 de septiembre de 2006. - El lugar de Marmolejo","isPartOf":{"@id":"https:\/\/lugardemarmolejo.es\/#website"},"primaryImageOfPage":{"@id":"https:\/\/lugardemarmolejo.es\/?page_id=673#primaryimage"},"image":{"@id":"https:\/\/lugardemarmolejo.es\/?page_id=673#primaryimage"},"thumbnailUrl":"https:\/\/lugardemarmolejo.es\/wp-content\/uploads\/2024\/05\/image.jpeg","datePublished":"2024-05-26T17:19:20+00:00","breadcrumb":{"@id":"https:\/\/lugardemarmolejo.es\/?page_id=673#breadcrumb"},"inLanguage":"es","potentialAction":[{"@type":"ReadAction","target":["https:\/\/lugardemarmolejo.es\/?page_id=673"]}]},{"@type":"ImageObject","inLanguage":"es","@id":"https:\/\/lugardemarmolejo.es\/?page_id=673#primaryimage","url":"https:\/\/lugardemarmolejo.es\/wp-content\/uploads\/2024\/05\/image.jpeg","contentUrl":"https:\/\/lugardemarmolejo.es\/wp-content\/uploads\/2024\/05\/image.jpeg","width":600,"height":450},{"@type":"BreadcrumbList","@id":"https:\/\/lugardemarmolejo.es\/?page_id=673#breadcrumb","itemListElement":[{"@type":"ListItem","position":1,"name":"Portada","item":"https:\/\/lugardemarmolejo.es\/"},{"@type":"ListItem","position":2,"name":"Un viaje por Sierra Morena:\u00a0Recuerdos de la ruta ciclo-turista por Sierra Morena \u00a0celebrada los d\u00edas 15, 16 y 17 de septiembre de 2006."}]},{"@type":"WebSite","@id":"https:\/\/lugardemarmolejo.es\/#website","url":"https:\/\/lugardemarmolejo.es\/","name":"El lugar de Marmolejo","description":"","potentialAction":[{"@type":"SearchAction","target":{"@type":"EntryPoint","urlTemplate":"https:\/\/lugardemarmolejo.es\/?s={search_term_string}"},"query-input":{"@type":"PropertyValueSpecification","valueRequired":true,"valueName":"search_term_string"}}],"inLanguage":"es"}]}},"_links":{"self":[{"href":"https:\/\/lugardemarmolejo.es\/index.php?rest_route=\/wp\/v2\/pages\/673","targetHints":{"allow":["GET"]}}],"collection":[{"href":"https:\/\/lugardemarmolejo.es\/index.php?rest_route=\/wp\/v2\/pages"}],"about":[{"href":"https:\/\/lugardemarmolejo.es\/index.php?rest_route=\/wp\/v2\/types\/page"}],"author":[{"embeddable":true,"href":"https:\/\/lugardemarmolejo.es\/index.php?rest_route=\/wp\/v2\/users\/1"}],"replies":[{"embeddable":true,"href":"https:\/\/lugardemarmolejo.es\/index.php?rest_route=%2Fwp%2Fv2%2Fcomments&post=673"}],"version-history":[{"count":1,"href":"https:\/\/lugardemarmolejo.es\/index.php?rest_route=\/wp\/v2\/pages\/673\/revisions"}],"predecessor-version":[{"id":676,"href":"https:\/\/lugardemarmolejo.es\/index.php?rest_route=\/wp\/v2\/pages\/673\/revisions\/676"}],"wp:attachment":[{"href":"https:\/\/lugardemarmolejo.es\/index.php?rest_route=%2Fwp%2Fv2%2Fmedia&parent=673"}],"curies":[{"name":"wp","href":"https:\/\/api.w.org\/{rel}","templated":true}]}}