{"id":665,"date":"2024-05-24T11:56:32","date_gmt":"2024-05-24T11:56:32","guid":{"rendered":"https:\/\/lugardemarmolejo.es\/?page_id=665"},"modified":"2024-05-24T11:59:46","modified_gmt":"2024-05-24T11:59:46","slug":"breve-introduccion-al-carnaval-del-siglo-xx","status":"publish","type":"page","link":"https:\/\/lugardemarmolejo.es\/?page_id=665","title":{"rendered":"BREVE INTRODUCCI\u00d3N AL CARNAVAL DEL SIGLO XX"},"content":{"rendered":"\n<p><br><strong>Autor: Ricardo Fern\u00e1ndez Casado<\/strong><\/p>\n\n\n\n<p>Introducci\u00f3n:<br>El Carnaval de estos a\u00f1os, comenzaba despu\u00e9s de la candelaria. Durante el mes de febrero por<br>las noches y sobre todo los fines de semana se realizaban \u201clas ruedas\u201d; en las que j\u00f3venes y<br>mayores bailaban cantando las canciones de rueda de forma consecutiva y repetida. Los<br>muchachos sacaban a las muchachas, y viceversa, al centro de la rueda en donde danzaban de<br>la mano mientras se repet\u00edan los c\u00e1nticos. Muchas veces despu\u00e9s de estos bailes era normal<br>que se iniciaran muchas relaciones de las que algunas terminar\u00edan en noviazgos .<br>Otro juego que se produc\u00eda en esta \u00e9poca era \u201cel juego de los botijos\u201d. Los participantes<br>dispuestos en c\u00edrculo igual que en la rueda se lanzaban el botijo de cer\u00e1mica de unos a otros, al<br>que se le ca\u00eda el botijo al suelo era descalificado y abandonaba el juego, hasta que terminaba<br>con un ganador del juego, que era al que no se le hab\u00eda ca\u00eddo ninguna pieza al suelo<br>Estas piezas de cer\u00e1mica eran piezas que se hab\u00edan deteriorado por el uso y que una vez<br>inservibles se guardaban durante todo el a\u00f1o para cuando llegaran estos momentos.<br>Normalmente se trataba de botijos, pero los mayores se atrev\u00edan a lanzarse hasta c\u00e1ntaros. Era<br>bastante normal que fruto de estos lanzamientos se produjera alguna que otra chifarrada que<br>conclu\u00eda en una cura de urgencia en casa de alg\u00fan vecino y en la continuaci\u00f3n del juego.<br>Normalmente a la rueda se jugaba todas las noches del mes de febrero, mientras que a los<br>botijos se jugaba principalmente los domingos.<br>Dedico de manera especial esta recopilaci\u00f3n de Canciones de Carnaval a todas aquellas<br>personas que las cantaron, y bailaron con sus letras, en los Carnavales de buena parte del siglo<br>XX. Y para que nuestro j\u00f3venes tengan una referencia de c\u00f3mo nos divert\u00edamos los\/as<br>marmoleje\u00f1os\/as en aquellos a\u00f1os.<br>Tengo que agradecer la colaboraci\u00f3n a la hora de hacer memoria y completar estas letras a:<br>Angelina Solis Robles.<br>Mar\u00eda Velasco Reca (Mari la de Julianico).<br>Francisca Carde\u00f1a Vergara (Paqui la del Santo<br>Cristo).<\/p>\n\n\n<div class=\"wp-block-image\">\n<figure class=\"alignleft size-large is-resized\"><img fetchpriority=\"high\" decoding=\"async\" width=\"685\" height=\"1024\" src=\"https:\/\/lugardemarmolejo.es\/wp-content\/uploads\/2024\/05\/Plaza-de-la-constitucion-685x1024.jpg\" alt=\"\" class=\"wp-image-666\" style=\"width:565px;height:auto\" srcset=\"https:\/\/lugardemarmolejo.es\/wp-content\/uploads\/2024\/05\/Plaza-de-la-constitucion-685x1024.jpg 685w, https:\/\/lugardemarmolejo.es\/wp-content\/uploads\/2024\/05\/Plaza-de-la-constitucion-201x300.jpg 201w, https:\/\/lugardemarmolejo.es\/wp-content\/uploads\/2024\/05\/Plaza-de-la-constitucion.jpg 712w\" sizes=\"(max-width: 685px) 100vw, 685px\" \/><figcaption class=\"wp-element-caption\"><strong>Marmolejo, plaza de la Constituci\u00f3n en la d\u00e9cada de los cincuenta del pasado siglo.<br>Fuente: Archivo Manuel Perales Sol\u00eds.<\/strong><\/figcaption><\/figure>\n<\/div>\n\n\n<p><strong>Canci\u00f3n 1\u00aa: \u201cUn Pepito me lo ha dicho\u201d.<\/strong><br>Un Pepito me lo ha dicho<br>y otro me lo va a decir<br>caramba con los Pepitos<br>lo que me quieren a m\u00ed.<\/p>\n\n\n\n<p><strong>Canci\u00f3n 2\u00aa: \u201c \u00a1\u00a1 Ay Manuel, Manuel \u00a1\u00a1\u201d.<\/strong><br>\u00a1\u00a1 Ay Manuel, Manuel \u00a1\u00a1<br>\u00a1\u00a1 que malo que est\u00e1s \u00a1\u00a1<br>te vas a morir de tanto pensar<br>de pensar en Lola,<br>Lola no te quiere<br>y el pobre Manuel<br>por Lola se muere.<br>Le ha escrito una carta<br>le ha dicho que no<br>y el pobre Manuel<br>de pena muri\u00f3.<\/p>\n\n\n\n<p><strong>Canci\u00f3n 3\u00aa: \u201cTres novias tengo\u201d.<\/strong><br>Tres novias tengo<br>las tres me quieren,<br>salgo a la puerta<br>ninguna viene, jaja, jajaj\u00e1.<\/p>\n\n\n\n<p><strong>Canci\u00f3n 4\u00aa: \u201cEstoy metido en un pozo\u201d.<\/strong><br>Estoy metido en un pozo<br>con agua hasta la cintura,<br>mi novia con otro novio<br>y yo con tanta frescura.<\/p>\n\n\n\n<p><strong>Canci\u00f3n 5\u00aa: \u201cEsos dos que van bailando\u201d.<\/strong><br>Esos dos que van bailando<br>que parejitos que son,<br>si la vista no me enga\u00f1a<br>el novio y la novia son.<\/p>\n\n\n\n<p><strong>Canci\u00f3n 6 \u00aa: \u201cEsos dos que van bailando\u201d.<\/strong><br>Esos dos que van bailando<br>le parecen a la risa<br>\u00e9l parece un esqueleto<br>y ella una tonta en camisa<\/p>\n\n\n\n<p><\/p>\n\n\n\n<p><\/p>\n\n\n\n<p><\/p>\n\n\n\n<ul class=\"wp-block-list\">\n<li><\/li>\n<\/ul>\n\n\n\n<p><strong>Canci\u00f3n 7\u00aa: \u201cEl de la gorra que corra\u201d.<\/strong><br>El de la gorra que corra<br>el del sombrero ligero<br>a m\u00ed me gusta la gorra<br>porque tiene m\u00e1s salero.<\/p>\n\n\n\n<p><strong>Canci\u00f3n 8 \u00aa: \u201cEl jard\u00edn de la alegr\u00eda\u201d.<\/strong><br>Al jard\u00edn de la alegr\u00eda<br>quiere mi madre que vaya<br>a ver si me sale un novio<br>el m\u00e1s bonito de Espa\u00f1a.<\/p>\n\n\n\n<p><strong>Canci\u00f3n 9\u00aa: \u201cEl de la gorra\u201d.<\/strong><br>El de la gorra que se la quite<br>que Marmolejo no se la admite.<br>\u00a1\u00a1 El de la boina, si \u00a1\u00a1,<br>\u00a1\u00a1 el de la boina, no \u00a1\u00a1,<br>el de la boina es un maric\u00f3n.<\/p>\n\n\n<div class=\"wp-block-image\">\n<figure class=\"alignright size-large is-resized\"><img decoding=\"async\" width=\"1024\" height=\"751\" src=\"https:\/\/lugardemarmolejo.es\/wp-content\/uploads\/2024\/05\/Noria-1024x751.jpg\" alt=\"\" class=\"wp-image-667\" style=\"width:574px;height:auto\" srcset=\"https:\/\/lugardemarmolejo.es\/wp-content\/uploads\/2024\/05\/Noria-1024x751.jpg 1024w, https:\/\/lugardemarmolejo.es\/wp-content\/uploads\/2024\/05\/Noria-300x220.jpg 300w, https:\/\/lugardemarmolejo.es\/wp-content\/uploads\/2024\/05\/Noria-768x563.jpg 768w, https:\/\/lugardemarmolejo.es\/wp-content\/uploads\/2024\/05\/Noria.jpg 1296w\" sizes=\"(max-width: 1024px) 100vw, 1024px\" \/><figcaption class=\"wp-element-caption\"><strong>Noria de una huerta marmoleje\u00f1a de los ruedos de la poblaci\u00f3n. Archivo: Manuel<br>Perales.<\/strong><\/figcaption><\/figure>\n<\/div>\n\n\n<p><strong>Canci\u00f3n 10\u00aa: \u201cMiguel, Miguel, Miguel\u201d.<\/strong><br>Miguel, Miguel, Miguel<br>tres vueltas a la derecha.<br>Miguel, Miguel, Miguel<br>tres vueltas al revez.<br>Una, dos y tres.<br>Miguel, Miguel, Miguel<br>no te cases con Juliana<br>que tiene las bragas rotas<br>de subirse a la ventana.<br>Una, dos y tres<\/p>\n\n\n\n<p><strong>Canci\u00f3n 11\u00aa: A la flor del romero.<\/strong><br>A la flor del romero,<br>romero verde.<br>Si el romero se seca,<br>ya no florece.<br>Ya no florece, ya floreci\u00f3<br>A la flor del romero,<br>romero verde.<br>Si el romero se seca,<br>ya no florece.<br>Ya no florece, ya floreci\u00f3.<br>A la flor del romero,<br>romero en flor.<\/p>\n\n\n\n<p><strong>Canci\u00f3n 12 \u00aa: \u201cManolo, Manolo\u201d.<\/strong><br>Manolo, Manolo<br>no me mires m\u00e1s,<br>que con tu mirada,<br>me vas a matar.<br>Me vas a matar,<br>me voy a morir.<br>Manolo Manolo,<br>me muero por ti.<\/p>\n\n\n\n<p><strong>Canci\u00f3n 14 \u00aa ( Canci\u00f3n dedicada, con mucho cari\u00f1o, a los alumnos de La Granja Escuela de<br>nuestra \u00e9poca. En Carnaval hay cari\u00f1os que matan).<\/strong><br>Unos van en bici, otros van en moto<br>y los de La Granja,<br>uno tras de otro.<br>Que turururur\u00fa,<br>que turururur\u00fa.<br>Unos fuman celtas,<br>otros ideales<br>y los de La Granja,<br>colillas de los bares.<br>Que turururur\u00fa,<br>que turururur\u00fa.<\/p>\n\n\n<div class=\"wp-block-image\">\n<figure class=\"alignleft size-full is-resized\"><img decoding=\"async\" width=\"755\" height=\"451\" src=\"https:\/\/lugardemarmolejo.es\/wp-content\/uploads\/2024\/05\/Oleo-de-Marmolejo.jpg\" alt=\"\" class=\"wp-image-668\" style=\"width:621px;height:auto\" srcset=\"https:\/\/lugardemarmolejo.es\/wp-content\/uploads\/2024\/05\/Oleo-de-Marmolejo.jpg 755w, https:\/\/lugardemarmolejo.es\/wp-content\/uploads\/2024\/05\/Oleo-de-Marmolejo-300x179.jpg 300w\" sizes=\"(max-width: 755px) 100vw, 755px\" \/><figcaption class=\"wp-element-caption\"><strong>Marmolejo desde el barrio de Jes\u00fas. Oleo de Robles.<\/strong><\/figcaption><\/figure>\n<\/div>\n\n\n<p><strong>Canci\u00f3n 15 \u00aa: \u201cUna ni\u00f1a quiso ver a un marinero nadar\u201d.<\/strong><br>Una ni\u00f1a quiso ver<br>a un marinero nadar<br>se le escurrieron los pies<br>y cay\u00f3 dentro del mar.<br>Su novio que estaba all\u00ed<br>como tanto la quer\u00eda<br>se tir\u00f3 al agua a por ella<br>y en sus brazos la tra\u00eda<br>En sus brazos la tra\u00eda<br>como era natural.<br>Una ni\u00f1a quiso ver<br>a un marinero nadar.<\/p>\n\n\n\n<p>Los marineros cobardes<br>Que no la quieren llevar<br>echan la barca al agua<br>y se les va, se les va.<br>Que yo quiero subir<br>al barco marinero,<br>que yo quiero subir<br>que yo de pena muero,<br>que yo quiero subir al barco<br>marinero de mi vida<br>que yo quiero subir al barco<br>auque me cueste la vida.<br>\u00a1Ay! que se anega la barca,<br>\u00a1ay! que la barca se anega.<br>\u00a1Ay! que se la lleva el agua,<br>\u00a1ay! que el agua se la lleva.<br>Que yo quiero subir<br>al barco marinero.<br>Que yo quiero subir,<br>que yo de pena muero.<br>Que yo quiero subir al barco<br>aunque me cueste la vida.<\/p>\n\n\n\n<p><strong>Canci\u00f3n 16 \u00aa: \u201cEstas que ardes\u201d.<\/strong><br>Est\u00e1s que ardes<br>estas que trinas<br>porque no tienes novio<\/p>\n\n\n\n<p>con gabardina.<\/p>\n\n\n\n<p><strong>Canci\u00f3n 17 \u00aa: \u201cEl de la gorra de cuadros\u201d<\/strong><br>Al de la gorra de cuadros,<br>si no lo sacas se muere,<br>porque le ha dicho la novia<br>tres veces que no lo quiere,<br>tres veces que lo ha querido<br>El de la gorra de cuadros,<br>\u00a1Vaya t\u00edo Sabor\u00edo!<\/p>\n\n\n\n<p><strong>Canci\u00f3n 18\u00aa: \u201cA la masa picante\u201d.<\/strong><br>A la masa picante<br>pica o no pique,<br>la que tenga coraje<br>que se le quite,<br>que se le quite ni\u00f1a<br>que se le quite.<br>A la masa picante<br>pica o no pique.<\/p>\n\n\n\n<p><strong>Canci\u00f3n 19\u00aa: \u201cGigi con el gigi, jaja con el jaja\u201d.<\/strong><br>Gi-gi con el gi-gi, ja-ja con el jaja<br>la que no tenga novio<br>no se puede casar<br>que se vaya de aqu\u00ed<br>que se vaya a Lopera<\/p>\n\n\n\n<p>que aqu\u00ed no hay novios<br>para tantas mozuelas.<\/p>\n\n\n\n<p><strong>Canci\u00f3n 20\u00aa: \u201cSer\u00e1n los hombres tontos\u201d.<\/strong><br>Ser\u00e1n los hombres tontos<br>que no se atreven<br>a jugar a la rueda con las mujeres.<br>Al oir estas palabras<br>dijo el gobernador:<br>soldados a la guerra<br>\u00a1qu\u00e9 pena y qu\u00e9 dolor!.<br>\u00a1Qu\u00e9 pena y qu\u00e9 dolor!.<\/p>\n\n\n\n<p><strong>Canci\u00f3n 21\u00aa: Carnaval, carnaval\u201d.<\/strong><br>Carnaval, Carnaval<br>T\u00fa te vienes y t\u00fa te vas,<br>y nosotros nos iremos<br>y no volveremos m\u00e1s.<br>(bis).<\/p>\n\n\n\n<p><strong>Nota:<\/strong><br>Ricardo Fern\u00e1ndez Casado nace en Marmolejo en 1955. Bail\u00f3 a la rueda en los barrios<br>de Regiones y Bel\u00e9n . Escribe esta recopilaci\u00f3n de Canciones del Carnaval en el a\u00f1o 2023.<\/p>\n","protected":false},"excerpt":{"rendered":"<p>Autor: Ricardo Fern\u00e1ndez Casado Introducci\u00f3n:El Carnaval de estos a\u00f1os, comenzaba despu\u00e9s de la candelaria. Durante el mes de febrero porlas noches y sobre todo los fines de semana se realizaban \u201clas ruedas\u201d; en las que j\u00f3venes ymayores bailaban cantando las canciones de rueda de forma consecutiva y repetida. Losmuchachos sacaban a las muchachas, y viceversa, [&hellip;]<\/p>\n","protected":false},"author":1,"featured_media":0,"parent":0,"menu_order":0,"comment_status":"closed","ping_status":"closed","template":"","meta":{"footnotes":""},"class_list":["post-665","page","type-page","status-publish","hentry"],"yoast_head":"<!-- This site is optimized with the Yoast SEO plugin v25.2 - https:\/\/yoast.com\/wordpress\/plugins\/seo\/ -->\n<title>BREVE INTRODUCCI\u00d3N AL CARNAVAL DEL SIGLO XX - El lugar de Marmolejo<\/title>\n<meta name=\"robots\" content=\"index, follow, max-snippet:-1, max-image-preview:large, max-video-preview:-1\" \/>\n<link rel=\"canonical\" href=\"https:\/\/lugardemarmolejo.es\/?page_id=665\" \/>\n<meta property=\"og:locale\" content=\"es_ES\" \/>\n<meta property=\"og:type\" content=\"article\" \/>\n<meta property=\"og:title\" content=\"BREVE INTRODUCCI\u00d3N AL CARNAVAL DEL SIGLO XX - El lugar de Marmolejo\" \/>\n<meta property=\"og:description\" content=\"Autor: Ricardo Fern\u00e1ndez Casado Introducci\u00f3n:El Carnaval de estos a\u00f1os, comenzaba despu\u00e9s de la candelaria. Durante el mes de febrero porlas noches y sobre todo los fines de semana se realizaban \u201clas ruedas\u201d; en las que j\u00f3venes ymayores bailaban cantando las canciones de rueda de forma consecutiva y repetida. Losmuchachos sacaban a las muchachas, y viceversa, [&hellip;]\" \/>\n<meta property=\"og:url\" content=\"https:\/\/lugardemarmolejo.es\/?page_id=665\" \/>\n<meta property=\"og:site_name\" content=\"El lugar de Marmolejo\" \/>\n<meta property=\"article:modified_time\" content=\"2024-05-24T11:59:46+00:00\" \/>\n<meta property=\"og:image\" content=\"https:\/\/lugardemarmolejo.es\/wp-content\/uploads\/2024\/05\/Plaza-de-la-constitucion-685x1024.jpg\" \/>\n<meta name=\"twitter:card\" content=\"summary_large_image\" \/>\n<meta name=\"twitter:label1\" content=\"Tiempo de lectura\" \/>\n\t<meta name=\"twitter:data1\" content=\"7 minutos\" \/>\n<script type=\"application\/ld+json\" class=\"yoast-schema-graph\">{\"@context\":\"https:\/\/schema.org\",\"@graph\":[{\"@type\":\"WebPage\",\"@id\":\"https:\/\/lugardemarmolejo.es\/?page_id=665\",\"url\":\"https:\/\/lugardemarmolejo.es\/?page_id=665\",\"name\":\"BREVE INTRODUCCI\u00d3N AL CARNAVAL DEL SIGLO XX - El lugar de Marmolejo\",\"isPartOf\":{\"@id\":\"https:\/\/lugardemarmolejo.es\/#website\"},\"primaryImageOfPage\":{\"@id\":\"https:\/\/lugardemarmolejo.es\/?page_id=665#primaryimage\"},\"image\":{\"@id\":\"https:\/\/lugardemarmolejo.es\/?page_id=665#primaryimage\"},\"thumbnailUrl\":\"https:\/\/lugardemarmolejo.es\/wp-content\/uploads\/2024\/05\/Plaza-de-la-constitucion-685x1024.jpg\",\"datePublished\":\"2024-05-24T11:56:32+00:00\",\"dateModified\":\"2024-05-24T11:59:46+00:00\",\"breadcrumb\":{\"@id\":\"https:\/\/lugardemarmolejo.es\/?page_id=665#breadcrumb\"},\"inLanguage\":\"es\",\"potentialAction\":[{\"@type\":\"ReadAction\",\"target\":[\"https:\/\/lugardemarmolejo.es\/?page_id=665\"]}]},{\"@type\":\"ImageObject\",\"inLanguage\":\"es\",\"@id\":\"https:\/\/lugardemarmolejo.es\/?page_id=665#primaryimage\",\"url\":\"https:\/\/lugardemarmolejo.es\/wp-content\/uploads\/2024\/05\/Plaza-de-la-constitucion.jpg\",\"contentUrl\":\"https:\/\/lugardemarmolejo.es\/wp-content\/uploads\/2024\/05\/Plaza-de-la-constitucion.jpg\",\"width\":712,\"height\":1064},{\"@type\":\"BreadcrumbList\",\"@id\":\"https:\/\/lugardemarmolejo.es\/?page_id=665#breadcrumb\",\"itemListElement\":[{\"@type\":\"ListItem\",\"position\":1,\"name\":\"Portada\",\"item\":\"https:\/\/lugardemarmolejo.es\/\"},{\"@type\":\"ListItem\",\"position\":2,\"name\":\"BREVE INTRODUCCI\u00d3N AL CARNAVAL DEL SIGLO XX\"}]},{\"@type\":\"WebSite\",\"@id\":\"https:\/\/lugardemarmolejo.es\/#website\",\"url\":\"https:\/\/lugardemarmolejo.es\/\",\"name\":\"El lugar de Marmolejo\",\"description\":\"\",\"potentialAction\":[{\"@type\":\"SearchAction\",\"target\":{\"@type\":\"EntryPoint\",\"urlTemplate\":\"https:\/\/lugardemarmolejo.es\/?s={search_term_string}\"},\"query-input\":{\"@type\":\"PropertyValueSpecification\",\"valueRequired\":true,\"valueName\":\"search_term_string\"}}],\"inLanguage\":\"es\"}]}<\/script>\n<!-- \/ Yoast SEO plugin. -->","yoast_head_json":{"title":"BREVE INTRODUCCI\u00d3N AL CARNAVAL DEL SIGLO XX - El lugar de Marmolejo","robots":{"index":"index","follow":"follow","max-snippet":"max-snippet:-1","max-image-preview":"max-image-preview:large","max-video-preview":"max-video-preview:-1"},"canonical":"https:\/\/lugardemarmolejo.es\/?page_id=665","og_locale":"es_ES","og_type":"article","og_title":"BREVE INTRODUCCI\u00d3N AL CARNAVAL DEL SIGLO XX - El lugar de Marmolejo","og_description":"Autor: Ricardo Fern\u00e1ndez Casado Introducci\u00f3n:El Carnaval de estos a\u00f1os, comenzaba despu\u00e9s de la candelaria. Durante el mes de febrero porlas noches y sobre todo los fines de semana se realizaban \u201clas ruedas\u201d; en las que j\u00f3venes ymayores bailaban cantando las canciones de rueda de forma consecutiva y repetida. Losmuchachos sacaban a las muchachas, y viceversa, [&hellip;]","og_url":"https:\/\/lugardemarmolejo.es\/?page_id=665","og_site_name":"El lugar de Marmolejo","article_modified_time":"2024-05-24T11:59:46+00:00","og_image":[{"url":"https:\/\/lugardemarmolejo.es\/wp-content\/uploads\/2024\/05\/Plaza-de-la-constitucion-685x1024.jpg","type":"","width":"","height":""}],"twitter_card":"summary_large_image","twitter_misc":{"Tiempo de lectura":"7 minutos"},"schema":{"@context":"https:\/\/schema.org","@graph":[{"@type":"WebPage","@id":"https:\/\/lugardemarmolejo.es\/?page_id=665","url":"https:\/\/lugardemarmolejo.es\/?page_id=665","name":"BREVE INTRODUCCI\u00d3N AL CARNAVAL DEL SIGLO XX - El lugar de Marmolejo","isPartOf":{"@id":"https:\/\/lugardemarmolejo.es\/#website"},"primaryImageOfPage":{"@id":"https:\/\/lugardemarmolejo.es\/?page_id=665#primaryimage"},"image":{"@id":"https:\/\/lugardemarmolejo.es\/?page_id=665#primaryimage"},"thumbnailUrl":"https:\/\/lugardemarmolejo.es\/wp-content\/uploads\/2024\/05\/Plaza-de-la-constitucion-685x1024.jpg","datePublished":"2024-05-24T11:56:32+00:00","dateModified":"2024-05-24T11:59:46+00:00","breadcrumb":{"@id":"https:\/\/lugardemarmolejo.es\/?page_id=665#breadcrumb"},"inLanguage":"es","potentialAction":[{"@type":"ReadAction","target":["https:\/\/lugardemarmolejo.es\/?page_id=665"]}]},{"@type":"ImageObject","inLanguage":"es","@id":"https:\/\/lugardemarmolejo.es\/?page_id=665#primaryimage","url":"https:\/\/lugardemarmolejo.es\/wp-content\/uploads\/2024\/05\/Plaza-de-la-constitucion.jpg","contentUrl":"https:\/\/lugardemarmolejo.es\/wp-content\/uploads\/2024\/05\/Plaza-de-la-constitucion.jpg","width":712,"height":1064},{"@type":"BreadcrumbList","@id":"https:\/\/lugardemarmolejo.es\/?page_id=665#breadcrumb","itemListElement":[{"@type":"ListItem","position":1,"name":"Portada","item":"https:\/\/lugardemarmolejo.es\/"},{"@type":"ListItem","position":2,"name":"BREVE INTRODUCCI\u00d3N AL CARNAVAL DEL SIGLO XX"}]},{"@type":"WebSite","@id":"https:\/\/lugardemarmolejo.es\/#website","url":"https:\/\/lugardemarmolejo.es\/","name":"El lugar de Marmolejo","description":"","potentialAction":[{"@type":"SearchAction","target":{"@type":"EntryPoint","urlTemplate":"https:\/\/lugardemarmolejo.es\/?s={search_term_string}"},"query-input":{"@type":"PropertyValueSpecification","valueRequired":true,"valueName":"search_term_string"}}],"inLanguage":"es"}]}},"_links":{"self":[{"href":"https:\/\/lugardemarmolejo.es\/index.php?rest_route=\/wp\/v2\/pages\/665","targetHints":{"allow":["GET"]}}],"collection":[{"href":"https:\/\/lugardemarmolejo.es\/index.php?rest_route=\/wp\/v2\/pages"}],"about":[{"href":"https:\/\/lugardemarmolejo.es\/index.php?rest_route=\/wp\/v2\/types\/page"}],"author":[{"embeddable":true,"href":"https:\/\/lugardemarmolejo.es\/index.php?rest_route=\/wp\/v2\/users\/1"}],"replies":[{"embeddable":true,"href":"https:\/\/lugardemarmolejo.es\/index.php?rest_route=%2Fwp%2Fv2%2Fcomments&post=665"}],"version-history":[{"count":3,"href":"https:\/\/lugardemarmolejo.es\/index.php?rest_route=\/wp\/v2\/pages\/665\/revisions"}],"predecessor-version":[{"id":672,"href":"https:\/\/lugardemarmolejo.es\/index.php?rest_route=\/wp\/v2\/pages\/665\/revisions\/672"}],"wp:attachment":[{"href":"https:\/\/lugardemarmolejo.es\/index.php?rest_route=%2Fwp%2Fv2%2Fmedia&parent=665"}],"curies":[{"name":"wp","href":"https:\/\/api.w.org\/{rel}","templated":true}]}}