{"id":654,"date":"2024-04-05T19:36:42","date_gmt":"2024-04-05T19:36:42","guid":{"rendered":"https:\/\/lugardemarmolejo.es\/?page_id=654"},"modified":"2024-04-05T19:36:43","modified_gmt":"2024-04-05T19:36:43","slug":"paseando-por-nuestros-campos-el-pago-de-mazuelos","status":"publish","type":"page","link":"https:\/\/lugardemarmolejo.es\/?page_id=654","title":{"rendered":"Paseando por nuestros campos: el Pago de Mazuelos"},"content":{"rendered":"\n<h1 class=\"wp-block-heading\"><\/h1>\n\n\n\n<h4 class=\"wp-block-heading\">-Manuel Perales Sol\u00eds-<\/h4>\n\n\n\n<p><em>\u201cCu\u00e1nta vida, cu\u00e1ntas historias, subyacen detr\u00e1s de cada paisaje\u201d<\/em><\/p>\n\n\n\n<p>Tomando el camino que desde el Ecijano &nbsp;se dirige a la Loma Candelas nos encontramos con el pago de los Mazuelo, justo a la altura donde divisamos el monumental pino del mismo nombre y el peculiar pozo que subsiste al borde del camino construido para uso de esta finca como abrevadero de personas y animales. Las antiguas posesiones pertenecientes al mayorazgo de los Mazuelo se esparc\u00edan a la izquierda y derecha de este camino, encontr\u00e1ndose ubicada la peque\u00f1a caser\u00eda en una llanura de suelos limosos no muy distante &nbsp;del antiguo pozo y del cercano caser\u00f3n del Pino. Se trataba de una vivienda de planta baja, de recios muros de mamposter\u00eda, reforzados con potentes contrafuertes, al estilo de las ya desaparecidas caser\u00edas de la zona, como Aguilera, El Pino y Lotoro. &nbsp; &nbsp; &nbsp; &nbsp;Dispon\u00eda de amplia cocina con chimenea, unas habitaciones y un corral trasero. En la actualidad &nbsp;no queda rastro alguno de la casa que fue abandonada hacia la d\u00e9cada de los cincuenta y derruida en su totalidad hacia final de la d\u00e9cada de los ochenta del pasado siglo. Tan s\u00f3lo sobrevive el pozo &nbsp;con su b\u00f3veda de mamposter\u00eda, mandada construir por Carlota Valenzuela, y el famoso Pino, conservado milagrosamente tras varios siglos de existencia.<br>&nbsp; Los \u00faltimos caseros que habitaron la finca, entre 1943 a 1948, &nbsp;fueron Manuel Jurado Rodr\u00edguez \u201cEl Pavo\u201d y Manuela Romero Garc\u00eda, &nbsp;vecinos de Marmolejo. All\u00ed criaron a su prole de una ni\u00f1a (Juana, la mayor) y dos varones (Jos\u00e9 y Manuel), empe\u00f1\u00e1ndose la familia al completo, durante todo el a\u00f1o, en las faenas de preparaci\u00f3n y recolecci\u00f3n de los olivos y en el cuido de los cochinos, gallinas y pavos que procuraban el abastecimiento alimenticio, no s\u00f3lo de los caseros, sino tambi\u00e9n de la due\u00f1a, Carlota Valenzuela Steger (1). El resto de faenas, como las arancias y recolecci\u00f3n de las aceitunas, corrieron a cargo de los muleros y braceros de la casa de los Mazuelo as\u00ed como de las cuadrillas de aceituneros que durante muchos a\u00f1os pernoctaron en la caser\u00eda como era costumbre.<\/p>\n\n\n<div class=\"wp-block-image\">\n<figure class=\"alignleft is-resized\"><img decoding=\"async\" src=\"https:\/\/static.wixstatic.com\/media\/7e23fc_c78e66c83ab4471abccfd5342406164c~mv2.jpg\/v1\/fill\/w_476,h_369,al_c,q_80,usm_0.66_1.00_0.01,enc_auto\/7e23fc_c78e66c83ab4471abccfd5342406164c~mv2.jpg\" alt=\"\" style=\"width:423px;height:auto\"\/><figcaption class=\"wp-element-caption\"><strong>Manuela Romero Garc\u00eda y Manuel Jurado Rodr\u00edguez, \u00faltimos caseros de\u00a0la finca de \u00a0los Mazuelo.<\/strong><br><strong>Fuente: Juana Jurado Romero.<\/strong><\/figcaption><\/figure>\n<\/div>\n\n<div class=\"wp-block-image\">\n<figure class=\"alignleft is-resized\"><img decoding=\"async\" src=\"https:\/\/static.wixstatic.com\/media\/7e23fc_751200ba2d264249939f11a434970fb5~mv2.jpg\/v1\/fill\/w_475,h_310,al_c,q_80,usm_0.66_1.00_0.01,enc_auto\/7e23fc_751200ba2d264249939f11a434970fb5~mv2.jpg\" alt=\"\" style=\"width:425px;height:auto\"\/><figcaption class=\"wp-element-caption\"><strong>Parte trasera de la desaparecida caser\u00eda de los Mazuelo (siglo XVIII).\u00a0Foto: Manuel Perales, tomada en 1980.<\/strong><\/figcaption><\/figure>\n<\/div>\n\n<div class=\"wp-block-image\">\n<figure class=\"alignleft is-resized\"><img decoding=\"async\" src=\"https:\/\/static.wixstatic.com\/media\/7e23fc_d3a9c53dfa7c42a3a591a4dd0ed38d30~mv2.jpg\/v1\/fill\/w_474,h_311,al_c,q_80,usm_0.66_1.00_0.01,enc_auto\/7e23fc_d3a9c53dfa7c42a3a591a4dd0ed38d30~mv2.jpg\" alt=\"\" style=\"width:424px;height:auto\"\/><figcaption class=\"wp-element-caption\"><strong>Olivares del pago de los Mazuelo. Al fondo caser\u00eda del Ecijano. Fuente: Manuel Perale<\/strong><\/figcaption><\/figure>\n<\/div>\n\n\n<p>La denominaci\u00f3n de este subpago inmerso en el gran pago de Cerrada tiene que ver, por tanto, con el apellido de la familia hidalga que tuvo all\u00ed plantaciones de olivos desde mediados del siglo XVIII, es decir pr\u00e1cticamente desde el origen del olivar serrano en r\u00e9gimen extensivo, sin que podamos precisar el motivo y el momento en que el primer Mazuelo recala por Marmolejo. Oscar Barea L\u00f3pez, en su obra \u201cHer\u00e1ldica y genealog\u00eda en el sureste de C\u00f3rdoba: siglos XIII al XIX\u201d nos apunta que la concesi\u00f3n de hidalgu\u00eda &nbsp;a Juan Luis Mazuelo y Carvajal, vecino de Marmolejo, se hizo hacia 1737 y nos dice que estos Mazuelo eran procedentes &nbsp;de Castro del R\u00edo y Cabra, estableci\u00e9ndose algunos de ellos durante el siglo XVIII en Marmolejo y la Higuera de Calatrava. &nbsp; &nbsp; &nbsp;<br>&nbsp; Por otro lado sabemos, gracias al Catastro de Ensenada, que los vecinos de Castro del R\u00edo, Vicente Mazuelo y &nbsp;Josefa Mazuelo, descendientes &nbsp;de Juan Luis, ya dispon\u00edan hacia 1751 de molinos de viga en Marmolejo, &nbsp;donde &nbsp;molturaban las aceitunas de sus fincas. En concreto el molino de Josefa Mazuelo, ubicado cerca del Castillo, en el sitio del Navazo, era de dos vigas y el de Vicente Mazuelo, &nbsp;en el altozano del Coso, colindaba a otros molinos de &nbsp;Pedro de Lara, vecino de Lopera, &nbsp;y del &nbsp;Patronato de Legos que por mitad pose\u00edan Antonio Pulido y Antonio Montoro hacendados y vecinos del Lugar de Marmolejo.<\/p>\n\n\n\n<p>\u200b\u200bA partir de ah\u00ed las siguientes generaciones de Mazuelo \u00a0mantuvieron sus propiedades en nuestro t\u00e9rmino municipal hasta fecha reciente en que sus olivares y patrimonio inmobiliario \u00a0pas\u00f3 a los herederos de Vicente Mazuelo Valdelomar tras su fallecimiento en Castro del Rio en agosto de 1908. Es de suponer que la administraci\u00f3n \u00a0y gesti\u00f3n de las fincas de los Mazuelo, a lo largo de todos esos a\u00f1os, hubo de conllevar la presencia por temporadas de la familia Mazuelo en Marmolejo, en su vivienda de la calle del Navazo, ya que su domicilio habitual oscilaba entre los pueblos de Castro del R\u00edo y Cabra.<br>\u00a0De los personajes de esta zaga merece la pena que nos detengamos, en Vicente Mazuelo y Valdelomar, \u00a0nacido en Castro del R\u00edo. Su padre fue Vicente Mazuelo Mazuelo casado con Mar\u00eda Dolores Valdelomar y Sotomayor, ambos naturales y vecinos de dicho pueblo cordob\u00e9s. Vicente fue un gran hacendado agr\u00edcola de talante emprendedor y de arraigadas convicciones religiosas y mon\u00e1rquicas. \u00a0En marzo de 1871 le vemos integrar la lista de candidatos a diputados a Cortes en el distrito de Montilla por la Comuni\u00f3n Cat\u00f3lico-Mon\u00e1rquica, formaci\u00f3n tradicionalista de inspiraci\u00f3n carlista que en la provincia de C\u00f3rdoba \u00a0tuvo como jefe destacado a Jos\u00e9 Jover y Paroldo. Antes, en febrero de ese mismo a\u00f1o, hab\u00eda obtenido 719 votos en la elecci\u00f3n realizada para diputados provinciales por el partido judicial de Castro del R\u00edo.\u00a0<br>\u00a0 Aunque nacido en Castro, Vicente Mazuelo Valdelomar residi\u00f3 habitualmente \u00a0en Cabra de donde era su mujer Manuela Zejalbo y Beltr\u00e1n de Caso, y en cuyo t\u00e9rmino municipal tambi\u00e9n pose\u00eda propiedades agr\u00edcolas. Asimismo manten\u00eda y atend\u00eda \u00a0sus posesiones en Marmolejo y una almazara donde instalaba la moderna prensa Cousinou para la molturaci\u00f3n de las cosechas de sus fincas en el pago de Cerrada (El Pino y Mazuelo) y la Aragonesa. Seg\u00fan el Catastro de R\u00fastica de 1905 se estimaba en unas tres mil plantas las existentes en las cerca de 30 hect\u00e1reas emplazadas en el t\u00e9rmino municipal de Marmolejo as\u00ed como una huerta en el paraje del Navazo. Tambi\u00e9n era propietario de varias casas y estancias en la calle Navazo, cuyo solar abarcaba desde la esquina de la calle de las Parras, hasta la calle Canalejas y otra casa dotada con amplios corrales, graneros y cuadras para animales de labor, en la de Granados, popularmente conocida como la casa de la Tercia residencia, a\u00f1os despu\u00e9s, \u00a0de su biznieta Carlota Valenzuela Steger.<br>\u00a0 Vicente estuvo bien relacionado con la sociedad egabrense, apareciendo muy implicado en el mundo pol\u00edtico conservador y en el cofradiero de la ciudad. En concreto form\u00f3 parte de la junta directiva y llega a ser elegido hermano mayor de la antigua cofrad\u00eda de la Aurora y \u00c1nimas benditas del Pulgatorio. Sus descendientes fueron Domingo, Vicente y Vicenta Mazuelo Zejalbo, \u00e9sta \u00faltima casada en Cabra con el baenense Manuel de Valenzuela y Fita, guardia marina y General de Brigada. De este matrimonio nacer\u00eda Jos\u00e9 Valenzuela Mazuelo casado con Natalia Steger Galisteo (2), natural de Baena, de cuyo matrimonio nacieron Carlota, Teresa, Jos\u00e9 y Manuel Valenzuela Steger, biznietos\/as de Vicente Mazuelo Valdelomar.\u00a0<br>\u00a0 Carlota fue la heredera, por tanto, de gran parte del patrimonio de los Mazuelo en Marmolejo. Hab\u00eda nacido en Cabra (C\u00f3rdoba) en 1901 y era conocida con el pseud\u00f3mino de \u201cLa Carlota\u201d. Lleg\u00f3 a Marmolejo con su madre y sus hermanos\/as cuando contaba con once a\u00f1os de edad. Al principio vivieron en la calle del Navazo donde pose\u00edan vivienda de sus antepasados. Posteriormente, tras su matrimonio con Vicente Alcal\u00e1 Venceslada, fijaron el domicilio conyugal en la calle Granados pero Vicente fallec\u00eda pronto, en 1932, constituyendo su entierro una gran manisfestaci\u00f3n de duelo en la poblaci\u00f3n. Queda viuda a la edad de 31 a\u00f1os con dos ni\u00f1as, Manuela y Natalia, a la saz\u00f3n tataranietas de Vicente Mazuelo Valdelomar.<\/p>\n\n\n\n<p>La hija de Carlota, &nbsp;Manuela Alcal\u00e1 Valenzuela, casada con el maestro de primaria &nbsp;Juan Perales, ser\u00eda la \u00faltima heredera &nbsp;de la parcela donde se ubicaba la caser\u00eda de Mazuelos; su hermana Natalia (3), heredaba la parte del pozo y la ca\u00f1ada de los Granadales, y Carlos Nieves Valenzuela, nacido del segundo matrimonio de Carlota con Manuel Nieves Rivillas (4), la parte oriental colindante con la finca de Lotoro.<\/p>\n\n\n\n<p>\u200b<\/p>\n\n\n\n<p>Entre los much\u00edsimos recuerdos de Natalia Alcal\u00e1, &nbsp;merece la pena que destaquemos su admiraci\u00f3n y cari\u00f1o &nbsp;a la que fue la criada en la casa de su madre. Se llamaba Genara o \u201cGenarica\u201d, mujer cari\u00f1osa y sacrificada, persona de m\u00e1xima confianza de la familia, quien la gui\u00f3 y cuid\u00f3 en sus primeros pasos por la vida y concili\u00f3 los sue\u00f1os de &nbsp;su infancia con coplillas que nunca olvidar\u00e1. Genara era de la familia de \u201cLos Palanca\u201d; de ella conserva el cari\u00f1o sincero que le transmiti\u00f3 en vida y un recuerdo imborrable, la nana que le cantaba por la noche para conciliar el sue\u00f1o:<\/p>\n\n\n\n<p>&nbsp; &nbsp; &nbsp; &nbsp; &nbsp; &nbsp; &nbsp; &nbsp; &nbsp; &nbsp; &nbsp; &nbsp; &nbsp; &nbsp; &nbsp; &nbsp; &nbsp; &nbsp; &nbsp;De quien es esta casa grande<br>&nbsp; &nbsp; &nbsp; &nbsp; &nbsp; &nbsp; &nbsp; &nbsp; &nbsp; &nbsp; &nbsp; &nbsp; &nbsp; &nbsp; &nbsp; &nbsp; &nbsp; &nbsp; &nbsp; con ventanas y balcones.<br>&nbsp; &nbsp; &nbsp; &nbsp; &nbsp; &nbsp; &nbsp; &nbsp; &nbsp; &nbsp; &nbsp; &nbsp; &nbsp; &nbsp; &nbsp; &nbsp; &nbsp; &nbsp; &nbsp; De Don Vicente Alcal\u00e1,<br>&nbsp; &nbsp; &nbsp; &nbsp; &nbsp; &nbsp; &nbsp; &nbsp; &nbsp; &nbsp; &nbsp; &nbsp; &nbsp; &nbsp; &nbsp; &nbsp; &nbsp; &nbsp; &nbsp; pimpollos y ramos de flores.<br>&nbsp; &nbsp; &nbsp; &nbsp; &nbsp; &nbsp; &nbsp; &nbsp; &nbsp; &nbsp; &nbsp; &nbsp; &nbsp; &nbsp; &nbsp; &nbsp; &nbsp; &nbsp; &nbsp; A su mujer por hermosa,<br>&nbsp; &nbsp; &nbsp; &nbsp; &nbsp; &nbsp; &nbsp; &nbsp; &nbsp; &nbsp; &nbsp; &nbsp; &nbsp; &nbsp; &nbsp; &nbsp; &nbsp; &nbsp; &nbsp; pimpollos y ramos de rosas.<br>&nbsp; &nbsp; &nbsp; &nbsp; &nbsp; &nbsp; &nbsp; &nbsp; &nbsp; &nbsp; &nbsp; &nbsp; &nbsp; &nbsp; &nbsp; &nbsp; &nbsp; &nbsp; &nbsp; D\u00edgale usted a Natalia (se refer\u00eda a la ni\u00f1a)<br>&nbsp; &nbsp; &nbsp; &nbsp; &nbsp; &nbsp; &nbsp; &nbsp; &nbsp; &nbsp; &nbsp; &nbsp; &nbsp; &nbsp; &nbsp; &nbsp; &nbsp; &nbsp; &nbsp; que nos saque alguna cosa:<br>&nbsp; &nbsp; &nbsp; &nbsp; &nbsp; &nbsp; &nbsp; &nbsp; &nbsp; &nbsp; &nbsp; &nbsp; &nbsp; &nbsp; &nbsp; &nbsp; &nbsp; &nbsp; &nbsp; vino y bellotas de buena colecci\u00f3n,<br>&nbsp; &nbsp; &nbsp; &nbsp; &nbsp; &nbsp; &nbsp; &nbsp; &nbsp; &nbsp; &nbsp; &nbsp; &nbsp; &nbsp; &nbsp; &nbsp; &nbsp; &nbsp; &nbsp; vino de tres a\u00f1os, me lo bebo yo.<br>&nbsp; &nbsp; &nbsp; &nbsp; &nbsp; &nbsp; &nbsp; &nbsp; &nbsp; &nbsp; &nbsp; &nbsp; &nbsp; &nbsp; &nbsp; &nbsp; &nbsp; &nbsp; &nbsp; Y si es de cuatro, mejor que mejor.<\/p>\n\n\n<div class=\"wp-block-image\">\n<figure class=\"alignleft is-resized\"><img decoding=\"async\" src=\"https:\/\/static.wixstatic.com\/media\/7e23fc_144d291c206d43908f7ee3e88dfaff4d~mv2_d_1267_1894_s_2.jpg\/v1\/fill\/w_217,h_324,al_c,q_80,usm_0.66_1.00_0.01,enc_auto\/7e23fc_144d291c206d43908f7ee3e88dfaff4d~mv2_d_1267_1894_s_2.jpg\" alt=\"\" style=\"width:184px;height:auto\"\/><figcaption class=\"wp-element-caption\"><strong>Carlota Valenzuela Steger, hacia 1927. \u00a0Fuente: Natalia Alcal\u00e1 Valenzuela.<\/strong><\/figcaption><\/figure>\n<\/div>\n\n<div class=\"wp-block-image\">\n<figure class=\"alignleft is-resized\"><img decoding=\"async\" src=\"https:\/\/static.wixstatic.com\/media\/7e23fc_1f9b3c7b15cb406d8454c5725536a993~mv2_d_2976_3968_s_4_2.jpg\/v1\/fill\/w_243,h_324,al_c,q_80,usm_0.66_1.00_0.01,enc_auto\/7e23fc_1f9b3c7b15cb406d8454c5725536a993~mv2_d_2976_3968_s_4_2.jpg\" alt=\"\" style=\"width:206px;height:auto\"\/><figcaption class=\"wp-element-caption\"><strong>Pozo de Mazuelo con el milenario pino al fondo. Foto: Alejandro Perales Merino<\/strong><\/figcaption><\/figure>\n<\/div>\n\n<div class=\"wp-block-image\">\n<figure class=\"alignleft is-resized\"><img decoding=\"async\" src=\"https:\/\/static.wixstatic.com\/media\/7e23fc_ad99e86921104e92a4d959a573ff9e26~mv2.jpg\/v1\/fill\/w_218,h_324,al_c,q_80,usm_0.66_1.00_0.01,enc_auto\/7e23fc_ad99e86921104e92a4d959a573ff9e26~mv2.jpg\" alt=\"\" style=\"width:185px;height:auto\"\/><figcaption class=\"wp-element-caption\"><strong>Genara Moral \u201cGenarica\u201d, sirvi\u00f3 muchos a\u00f1os en la casa de Carlota Valenzuela. Fuente: Natalia Alcal\u00e1.<\/strong><\/figcaption><\/figure>\n<\/div>\n\n<div class=\"wp-block-image\">\n<figure class=\"alignleft is-resized\"><img decoding=\"async\" src=\"https:\/\/static.wixstatic.com\/media\/7e23fc_7209a37094f64955830aaf1f176d14dc~mv2.jpg\/v1\/fill\/w_250,h_324,al_c,q_80,usm_0.66_1.00_0.01,enc_auto\/7e23fc_7209a37094f64955830aaf1f176d14dc~mv2.jpg\" alt=\"\" style=\"width:210px;height:auto\"\/><figcaption class=\"wp-element-caption\"><strong>Carlota Valenzuela Steger (Cabra, 1901-Marmolejo, 1978). Fuente: Natalia Alcal\u00e1 Valenzuela<\/strong><\/figcaption><\/figure>\n<\/div>\n\n\n<p><\/p>\n\n\n\n<p><strong>Notas:\u00a0<\/strong><\/p>\n\n\n\n<p>(1) Testimonio de &nbsp;los hijos\/a de los caseros, Manuel, Antonio y Juana Jurado Romero.<br>(2) Su padre fue el militar Alejandro Steger Parejo<br>(3) Natalia Alcal\u00e1 Valenzuela estaba casada con el maestro de primaria, don Herminio Morales. Sus testimonios &nbsp;y su entusiasta colaboraci\u00f3n han sido de enorme importancia para elaboraci\u00f3n de este art\u00edculo.<br>(4) Tr\u00e1s la muerte de Vicente Alcal\u00e1 Venceslada en 1932, Carlota Valenzuela contrajo matrimonio con uno de sus empleados (de oficio mulero), Manuel Nieves Rivillas.<\/p>\n\n\n\n<p>\u200b<\/p>\n\n\n\n<p><strong>Fuentes y Bibliograf\u00eda:<\/strong><\/p>\n\n\n\n<p>Catastro del Marqu\u00e9s de la Ensenada: Respuestas a los Interrogatorios. Marmolejo, A\u00f1o 1751&nbsp;<br>Catastro de R\u00fastica de 1905. Archivo Hist\u00f3rico Provincial de Ja\u00e9n<br>Diario C\u00f3rdoba n.\u00ba 6154 de 12 de febrero de 1871.<br>Diario C\u00f3rdoba n.\u00ba 6167, de 1 de marzo de 1871.<br>Diario C\u00f3rdoba n.\u00ba 8793 de 13 de enero de 1880.<br>Diario C\u00f3rdoba n.\u00ba 16455, de 4 de febrero de 1905.<br>Moreno Hurtado, Antonio: \u201cLa Real Hermandad y Cofrad\u00eda de Nazarenos de Ntro. Padre Jes\u00fas de las Penas en la Oraci\u00f3n del Huerto de los Olivos y Antigua Cofrad\u00eda del Sant\u00edsimo Rosario de Nuestra Se\u00f1ora de la Aurora, Se\u00f1or San Sebasti\u00e1n y Benditas \u00c1nimas del Purgatorio\u201d. Cabra, 2014<br>Barea L\u00f3pez, \u00d3scar: Her\u00e1ldica y genealog\u00eda en el sureste de C\u00f3rdoba: siglos XIII al XIX\u201d. P\u00e1gina 13.<br>Mar\u00edn, Carlos: \u201cLinaje Mazuelo en Castro del Rio y Cabra (C\u00f3rdoba)\u201d. Heraldia.com<\/p>\n","protected":false},"excerpt":{"rendered":"<p>-Manuel Perales Sol\u00eds- \u201cCu\u00e1nta vida, cu\u00e1ntas historias, subyacen detr\u00e1s de cada paisaje\u201d Tomando el camino que desde el Ecijano &nbsp;se dirige a la Loma Candelas nos encontramos con el pago de los Mazuelo, justo a la altura donde divisamos el monumental pino del mismo nombre y el peculiar pozo que subsiste al borde del camino [&hellip;]<\/p>\n","protected":false},"author":1,"featured_media":0,"parent":0,"menu_order":0,"comment_status":"closed","ping_status":"closed","template":"","meta":{"footnotes":""},"class_list":["post-654","page","type-page","status-publish","hentry"],"yoast_head":"<!-- This site is optimized with the Yoast SEO plugin v25.2 - https:\/\/yoast.com\/wordpress\/plugins\/seo\/ -->\n<title>Paseando por nuestros campos: el Pago de Mazuelos - El lugar de Marmolejo<\/title>\n<meta name=\"robots\" content=\"index, follow, max-snippet:-1, max-image-preview:large, max-video-preview:-1\" \/>\n<link rel=\"canonical\" href=\"https:\/\/lugardemarmolejo.es\/?page_id=654\" \/>\n<meta property=\"og:locale\" content=\"es_ES\" \/>\n<meta property=\"og:type\" content=\"article\" \/>\n<meta property=\"og:title\" content=\"Paseando por nuestros campos: el Pago de Mazuelos - El lugar de Marmolejo\" \/>\n<meta property=\"og:description\" content=\"-Manuel Perales Sol\u00eds- \u201cCu\u00e1nta vida, cu\u00e1ntas historias, subyacen detr\u00e1s de cada paisaje\u201d Tomando el camino que desde el Ecijano &nbsp;se dirige a la Loma Candelas nos encontramos con el pago de los Mazuelo, justo a la altura donde divisamos el monumental pino del mismo nombre y el peculiar pozo que subsiste al borde del camino [&hellip;]\" \/>\n<meta property=\"og:url\" content=\"https:\/\/lugardemarmolejo.es\/?page_id=654\" \/>\n<meta property=\"og:site_name\" content=\"El lugar de Marmolejo\" \/>\n<meta property=\"article:modified_time\" content=\"2024-04-05T19:36:43+00:00\" \/>\n<meta property=\"og:image\" content=\"https:\/\/static.wixstatic.com\/media\/7e23fc_c78e66c83ab4471abccfd5342406164c~mv2.jpg\/v1\/fill\/w_476,h_369,al_c,q_80,usm_0.66_1.00_0.01,enc_auto\/7e23fc_c78e66c83ab4471abccfd5342406164c~mv2.jpg\" \/>\n<meta name=\"twitter:card\" content=\"summary_large_image\" \/>\n<meta name=\"twitter:label1\" content=\"Tiempo de lectura\" \/>\n\t<meta name=\"twitter:data1\" content=\"10 minutos\" \/>\n<script type=\"application\/ld+json\" class=\"yoast-schema-graph\">{\"@context\":\"https:\/\/schema.org\",\"@graph\":[{\"@type\":\"WebPage\",\"@id\":\"https:\/\/lugardemarmolejo.es\/?page_id=654\",\"url\":\"https:\/\/lugardemarmolejo.es\/?page_id=654\",\"name\":\"Paseando por nuestros campos: el Pago de Mazuelos - El lugar de Marmolejo\",\"isPartOf\":{\"@id\":\"https:\/\/lugardemarmolejo.es\/#website\"},\"primaryImageOfPage\":{\"@id\":\"https:\/\/lugardemarmolejo.es\/?page_id=654#primaryimage\"},\"image\":{\"@id\":\"https:\/\/lugardemarmolejo.es\/?page_id=654#primaryimage\"},\"thumbnailUrl\":\"https:\/\/static.wixstatic.com\/media\/7e23fc_c78e66c83ab4471abccfd5342406164c~mv2.jpg\/v1\/fill\/w_476,h_369,al_c,q_80,usm_0.66_1.00_0.01,enc_auto\/7e23fc_c78e66c83ab4471abccfd5342406164c~mv2.jpg\",\"datePublished\":\"2024-04-05T19:36:42+00:00\",\"dateModified\":\"2024-04-05T19:36:43+00:00\",\"breadcrumb\":{\"@id\":\"https:\/\/lugardemarmolejo.es\/?page_id=654#breadcrumb\"},\"inLanguage\":\"es\",\"potentialAction\":[{\"@type\":\"ReadAction\",\"target\":[\"https:\/\/lugardemarmolejo.es\/?page_id=654\"]}]},{\"@type\":\"ImageObject\",\"inLanguage\":\"es\",\"@id\":\"https:\/\/lugardemarmolejo.es\/?page_id=654#primaryimage\",\"url\":\"https:\/\/static.wixstatic.com\/media\/7e23fc_c78e66c83ab4471abccfd5342406164c~mv2.jpg\/v1\/fill\/w_476,h_369,al_c,q_80,usm_0.66_1.00_0.01,enc_auto\/7e23fc_c78e66c83ab4471abccfd5342406164c~mv2.jpg\",\"contentUrl\":\"https:\/\/static.wixstatic.com\/media\/7e23fc_c78e66c83ab4471abccfd5342406164c~mv2.jpg\/v1\/fill\/w_476,h_369,al_c,q_80,usm_0.66_1.00_0.01,enc_auto\/7e23fc_c78e66c83ab4471abccfd5342406164c~mv2.jpg\"},{\"@type\":\"BreadcrumbList\",\"@id\":\"https:\/\/lugardemarmolejo.es\/?page_id=654#breadcrumb\",\"itemListElement\":[{\"@type\":\"ListItem\",\"position\":1,\"name\":\"Portada\",\"item\":\"https:\/\/lugardemarmolejo.es\/\"},{\"@type\":\"ListItem\",\"position\":2,\"name\":\"Paseando por nuestros campos: el Pago de Mazuelos\"}]},{\"@type\":\"WebSite\",\"@id\":\"https:\/\/lugardemarmolejo.es\/#website\",\"url\":\"https:\/\/lugardemarmolejo.es\/\",\"name\":\"El lugar de Marmolejo\",\"description\":\"\",\"potentialAction\":[{\"@type\":\"SearchAction\",\"target\":{\"@type\":\"EntryPoint\",\"urlTemplate\":\"https:\/\/lugardemarmolejo.es\/?s={search_term_string}\"},\"query-input\":{\"@type\":\"PropertyValueSpecification\",\"valueRequired\":true,\"valueName\":\"search_term_string\"}}],\"inLanguage\":\"es\"}]}<\/script>\n<!-- \/ Yoast SEO plugin. -->","yoast_head_json":{"title":"Paseando por nuestros campos: el Pago de Mazuelos - El lugar de Marmolejo","robots":{"index":"index","follow":"follow","max-snippet":"max-snippet:-1","max-image-preview":"max-image-preview:large","max-video-preview":"max-video-preview:-1"},"canonical":"https:\/\/lugardemarmolejo.es\/?page_id=654","og_locale":"es_ES","og_type":"article","og_title":"Paseando por nuestros campos: el Pago de Mazuelos - El lugar de Marmolejo","og_description":"-Manuel Perales Sol\u00eds- \u201cCu\u00e1nta vida, cu\u00e1ntas historias, subyacen detr\u00e1s de cada paisaje\u201d Tomando el camino que desde el Ecijano &nbsp;se dirige a la Loma Candelas nos encontramos con el pago de los Mazuelo, justo a la altura donde divisamos el monumental pino del mismo nombre y el peculiar pozo que subsiste al borde del camino [&hellip;]","og_url":"https:\/\/lugardemarmolejo.es\/?page_id=654","og_site_name":"El lugar de Marmolejo","article_modified_time":"2024-04-05T19:36:43+00:00","og_image":[{"url":"https:\/\/static.wixstatic.com\/media\/7e23fc_c78e66c83ab4471abccfd5342406164c~mv2.jpg\/v1\/fill\/w_476,h_369,al_c,q_80,usm_0.66_1.00_0.01,enc_auto\/7e23fc_c78e66c83ab4471abccfd5342406164c~mv2.jpg","type":"","width":"","height":""}],"twitter_card":"summary_large_image","twitter_misc":{"Tiempo de lectura":"10 minutos"},"schema":{"@context":"https:\/\/schema.org","@graph":[{"@type":"WebPage","@id":"https:\/\/lugardemarmolejo.es\/?page_id=654","url":"https:\/\/lugardemarmolejo.es\/?page_id=654","name":"Paseando por nuestros campos: el Pago de Mazuelos - El lugar de Marmolejo","isPartOf":{"@id":"https:\/\/lugardemarmolejo.es\/#website"},"primaryImageOfPage":{"@id":"https:\/\/lugardemarmolejo.es\/?page_id=654#primaryimage"},"image":{"@id":"https:\/\/lugardemarmolejo.es\/?page_id=654#primaryimage"},"thumbnailUrl":"https:\/\/static.wixstatic.com\/media\/7e23fc_c78e66c83ab4471abccfd5342406164c~mv2.jpg\/v1\/fill\/w_476,h_369,al_c,q_80,usm_0.66_1.00_0.01,enc_auto\/7e23fc_c78e66c83ab4471abccfd5342406164c~mv2.jpg","datePublished":"2024-04-05T19:36:42+00:00","dateModified":"2024-04-05T19:36:43+00:00","breadcrumb":{"@id":"https:\/\/lugardemarmolejo.es\/?page_id=654#breadcrumb"},"inLanguage":"es","potentialAction":[{"@type":"ReadAction","target":["https:\/\/lugardemarmolejo.es\/?page_id=654"]}]},{"@type":"ImageObject","inLanguage":"es","@id":"https:\/\/lugardemarmolejo.es\/?page_id=654#primaryimage","url":"https:\/\/static.wixstatic.com\/media\/7e23fc_c78e66c83ab4471abccfd5342406164c~mv2.jpg\/v1\/fill\/w_476,h_369,al_c,q_80,usm_0.66_1.00_0.01,enc_auto\/7e23fc_c78e66c83ab4471abccfd5342406164c~mv2.jpg","contentUrl":"https:\/\/static.wixstatic.com\/media\/7e23fc_c78e66c83ab4471abccfd5342406164c~mv2.jpg\/v1\/fill\/w_476,h_369,al_c,q_80,usm_0.66_1.00_0.01,enc_auto\/7e23fc_c78e66c83ab4471abccfd5342406164c~mv2.jpg"},{"@type":"BreadcrumbList","@id":"https:\/\/lugardemarmolejo.es\/?page_id=654#breadcrumb","itemListElement":[{"@type":"ListItem","position":1,"name":"Portada","item":"https:\/\/lugardemarmolejo.es\/"},{"@type":"ListItem","position":2,"name":"Paseando por nuestros campos: el Pago de Mazuelos"}]},{"@type":"WebSite","@id":"https:\/\/lugardemarmolejo.es\/#website","url":"https:\/\/lugardemarmolejo.es\/","name":"El lugar de Marmolejo","description":"","potentialAction":[{"@type":"SearchAction","target":{"@type":"EntryPoint","urlTemplate":"https:\/\/lugardemarmolejo.es\/?s={search_term_string}"},"query-input":{"@type":"PropertyValueSpecification","valueRequired":true,"valueName":"search_term_string"}}],"inLanguage":"es"}]}},"_links":{"self":[{"href":"https:\/\/lugardemarmolejo.es\/index.php?rest_route=\/wp\/v2\/pages\/654","targetHints":{"allow":["GET"]}}],"collection":[{"href":"https:\/\/lugardemarmolejo.es\/index.php?rest_route=\/wp\/v2\/pages"}],"about":[{"href":"https:\/\/lugardemarmolejo.es\/index.php?rest_route=\/wp\/v2\/types\/page"}],"author":[{"embeddable":true,"href":"https:\/\/lugardemarmolejo.es\/index.php?rest_route=\/wp\/v2\/users\/1"}],"replies":[{"embeddable":true,"href":"https:\/\/lugardemarmolejo.es\/index.php?rest_route=%2Fwp%2Fv2%2Fcomments&post=654"}],"version-history":[{"count":1,"href":"https:\/\/lugardemarmolejo.es\/index.php?rest_route=\/wp\/v2\/pages\/654\/revisions"}],"predecessor-version":[{"id":655,"href":"https:\/\/lugardemarmolejo.es\/index.php?rest_route=\/wp\/v2\/pages\/654\/revisions\/655"}],"wp:attachment":[{"href":"https:\/\/lugardemarmolejo.es\/index.php?rest_route=%2Fwp%2Fv2%2Fmedia&parent=654"}],"curies":[{"name":"wp","href":"https:\/\/api.w.org\/{rel}","templated":true}]}}