{"id":651,"date":"2024-04-05T19:32:19","date_gmt":"2024-04-05T19:32:19","guid":{"rendered":"https:\/\/lugardemarmolejo.es\/?page_id=651"},"modified":"2024-04-05T19:32:19","modified_gmt":"2024-04-05T19:32:19","slug":"panoramicas-campinegas-una-tarde-por-torreparedones-en-bicicleta","status":"publish","type":"page","link":"https:\/\/lugardemarmolejo.es\/?page_id=651","title":{"rendered":"Panor\u00e1micas campi\u00f1egas: una tarde por Torreparedones en bicicleta"},"content":{"rendered":"\n<h1 class=\"wp-block-heading\"><\/h1>\n\n\n\n<h4 class=\"wp-block-heading\">-Manuel Perales Sol\u00eds-<\/h4>\n\n\n\n<p><em>&nbsp;\u201cTodos los caminos llegan a Torreparedones, de hecho era la \u201cRoma\u201d m\u00e1s cercana\u201d &nbsp;(Juan A. Bafalliu).<\/em><\/p>\n\n\n\n<p>Torreparedones es como \u201cla gran ola\u201d en la orograf\u00eda ondulada de la campi\u00f1a cordobesa, entre Ca\u00f1ete de las Torres y Castro del R\u00edo. Este paisaje de la campi\u00f1a profunda (para los que procedemos del valle) ubicada entre las vegas del Guadalquivir y las Sub\u00e9ticas, &nbsp;podr\u00edamos compararlo a un oc\u00e9ano embravecido que, por momentos, &nbsp;hubiera dejado sus olas quietas. De vez en cuando entre las crestas de ese mar imaginario hay ondulaciones m\u00e1s suaves, permitiendo al viajero &nbsp;visualizar perspectivas m\u00e1s abiertas, que en \u00e9poca de primavera nos deleitan con las agradables tonalidades de los verdes y ocres de los sembrados y barbechos que van altern\u00e1ndose hasta el infinito.&nbsp;<br>&nbsp; &nbsp; A veces vislumbramos en estas panor\u00e1micas campi\u00f1egas otras gamas de colores ofrecidas por la rica flora (por desgracia en extinci\u00f3n) de las lindes rectil\u00edneas y\/o \u201ccurvirectas\u201d que perimetran las parcelas. Hablamos de las t\u00edpicas amapolas y jaramazgos, y de otras especies de floraci\u00f3n morada y violeta como gladiolos y lenguazas; todo un cl\u00e1sico de nuestra campi\u00f1a cereal\u00edstica en &nbsp;primavera &nbsp;para los amantes de la pintura y fotograf\u00eda. Por cierto, me sorprendi\u00f3 gratamente la vistosidad de las siembras de colza, con su intenso color amarillo hasta hace pocos a\u00f1os nada habitual en la campi\u00f1a cordobesa.<\/p>\n\n\n\n<p>\u200b<\/p>\n\n\n\n<p><br>&nbsp; &nbsp;Decid\u00ed salir de casa a las tres y media de la tarde, poniendo rumbo a Ca\u00f1ete de las Torres, a\u00fan con la digesti\u00f3n por hacer. &nbsp;El pueblo estaba tranquilo; la intensa luz y la largueza que van cogiendo los d\u00edas a comienzos de abril, parece que &nbsp;invitaba a sus vecinos a respetar ya la hora de la siesta. No hac\u00eda calor, pero tampoco fr\u00edo; eso s\u00ed, corr\u00eda una brisa fresquita del noroeste, ideal para la bicicleta.&nbsp;<\/p>\n\n\n\n<p>&nbsp; &nbsp;Ca\u00f1ete es un pueblo coqueto, de est\u00e9tica muy andaluza que la ha sabido preservar, sobre todo, en su barriada del Huerto del Franc\u00e9s. Tienen buena fama sus embutidos de cerdo, sus aceites y sus leguminosas, sobre todo el garbanzo de Ca\u00f1ete, del que parecen quedar ya escasas plantaciones. Anta\u00f1o se celebraba aqu\u00ed, por San Miguel, una importante feria de ganado donde concurr\u00edan gentes de toda la comarca. Me consta que desde Marmolejo se acud\u00eda con las bestias a trav\u00e9s de viejos caminos para vender y comprar ganado de labor. Eran muy codiciados los famosos \u201corejones\u201d (melocotones secos) e \u201chigos pasos\u201d que &nbsp;visitantes a la feria de ganado, como los hermanos Ortega Robles \u201cGarrios\u201d (Antonio, Pepe y Juan), llevaban a sus familias como regalo codiciado y exquisito.&nbsp;<\/p>\n\n\n\n<p>&nbsp; &nbsp;En su iglesia principal, con campanario cl\u00e1sico de los pueblos de campi\u00f1a y un t\u00edpico arco anexo en su cabecera, hay una talla del imaginero sevillano &nbsp;Antonio Castillo Lastrucci, y en su plaza existen restos de un castillo medieval, al que se adhieren edificios como el &nbsp;popular bar Amarillo, en la misma esquina de la plaza, frente al Ayuntamiento, &nbsp;donde, desde tiempos inmemoriales, dispensan las mejores tapas de chorizo de la zona, de lo que pude dar fe en otras ocasiones que visit\u00e9 Ca\u00f1ete. Los muros exteriores y el solar del Amarillo tienen toda la pinta de haber pertenecido al castillo del que tan solo queda la torre del homenaje.<\/p>\n\n\n<div class=\"wp-block-image\">\n<figure class=\"alignleft is-resized\"><img decoding=\"async\" src=\"https:\/\/static.wixstatic.com\/media\/7e23fc_639af5d84b4848848c8ab08e7c56def5~mv2.jpg\/v1\/fill\/w_413,h_275,al_c,q_80,usm_0.66_1.00_0.01,enc_auto\/7e23fc_639af5d84b4848848c8ab08e7c56def5~mv2.jpg\" alt=\"\" style=\"width:351px;height:auto\"\/><figcaption class=\"wp-element-caption\"><strong>Una calle del barrio del Huerto del Franc\u00e9s, en Ca\u00f1ete de las\u00a0Torres. Foto Felix Romero<\/strong><\/figcaption><\/figure>\n<\/div>\n\n<div class=\"wp-block-image\">\n<figure class=\"alignleft is-resized\"><img decoding=\"async\" src=\"https:\/\/static.wixstatic.com\/media\/7e23fc_6d1fbf0c416b45c59584483665596984~mv2.jpg\/v1\/fill\/w_538,h_275,al_c,q_80,usm_0.66_1.00_0.01,enc_auto\/7e23fc_6d1fbf0c416b45c59584483665596984~mv2.jpg\" alt=\"\" style=\"width:460px;height:auto\"\/><figcaption class=\"wp-element-caption\"><strong>Campi\u00f1a cordobesa: Foto David30370<\/strong><\/figcaption><\/figure>\n<\/div>\n\n\n<p>&nbsp; &nbsp;Desde Ca\u00f1ete me dirig\u00ed por la carretera de Castro, hasta el punto m\u00e1s alto de la campi\u00f1a. Me refiero al lugar conocido como Torreparedones (cerca hay un cortijo conocido como Torreparedones de Medina), &nbsp;a casi 600 metros de altitud, donde hace a\u00f1os se localizaron importantes restos arqueol\u00f3gicos de antiguos asentamientos de origen \u00edbero y romano, Hoy &nbsp;d\u00eda se realizan &nbsp;diferentes prospecciones arqueol\u00f3gicas por la Universidad de C\u00f3rdoba a las que se pueden acceder desde &nbsp;el viejo camino de Baena a Ca\u00f1ete. En el punto m\u00e1s alto de su cota podemos contemplar &nbsp;tambi\u00e9n &nbsp;un castillo medieval cuyas murallas se encuentran en ruinas, aunque la torre del homenaje parece conservarse en buen estado. La verdad es que no llegu\u00e9 a subir hasta all\u00ed porque desde esta ruta no hay acceso para bicicletas. Tan s\u00f3lo existe un sendero agr\u00edcola &nbsp;que te aproxima a ese lugar pero luego hay que trepar andando campo a trav\u00e9s un buen rato.<\/p>\n\n\n\n<p>\u00a0 \u00a0 El camino desde Ca\u00f1ete por la A-3127, en sus primeros kil\u00f3metros, \u00a0y hasta que comenzamos a subir a Torreparedones, presenta un paisaje suavemente modulado por colinas sembradas de trigos, leguminosas y girasoles. En este tramo del camino impera la paz y el silencio s\u00f3lo alterado por el revoleteo de un grupo de palomas o \u00a0por el arranque presuroso del vuelo de algunas perdices. Hay momentos que se escucha alg\u00fan tractor faenando por \u00a0olivares lejanos, pero de nuevo acaba imponi\u00e9ndose la paz y el silencio. Antes de llegar al cruce con la carretera de Bujalance a \u00a0Valenzuela (CO-4200), \u00a0hay un punto desde donde apreciamos bonitas estampas del caser\u00edo de Bujalance con su torre de la iglesia de la Asunci\u00f3n; dicen que es la m\u00e1s alta de la provincia de C\u00f3rdoba; tambi\u00e9n es conocida como la \u201cPisa cordobesa\u201d por la inclinaci\u00f3n notable que presenta a partir, sobre todo, de su segundo y tercer cuerpo. Si bien es verdad que desde este punto ese defecto no me pareci\u00f3 apreciarlo tanto como cuando se visualiza a Bujalance desde otros lugares. \u00a0\u00a0<\/p>\n\n\n<div class=\"wp-block-image\">\n<figure class=\"alignleft is-resized\"><img decoding=\"async\" src=\"https:\/\/static.wixstatic.com\/media\/7e23fc_4b864c40feea464386ac3765486aeedf~mv2.jpg\/v1\/fill\/w_600,h_231,al_c,q_80,usm_0.66_1.00_0.01,enc_auto\/7e23fc_4b864c40feea464386ac3765486aeedf~mv2.jpg\" alt=\"\" style=\"width:459px;height:auto\"\/><figcaption class=\"wp-element-caption\"><strong>Pintura al \u00f3leo: \u201cCampi\u00f1a cordobesa\u201d. Autor: Rub\u00e9n de Luis<\/strong><\/figcaption><\/figure>\n<\/div>\n\n<div class=\"wp-block-image\">\n<figure class=\"alignleft is-resized\"><img decoding=\"async\" src=\"https:\/\/static.wixstatic.com\/media\/7e23fc_9f3deb35094d49b48eafde7ea6a7e398~mv2.jpg\/v1\/fill\/w_600,h_335,al_c,lg_1,q_80,enc_auto\/7e23fc_9f3deb35094d49b48eafde7ea6a7e398~mv2.jpg\" alt=\"\" style=\"width:460px;height:auto\"\/><figcaption class=\"wp-element-caption\"><strong>Paraje de Torreparedones. Fuente: Blog \u201cCazando Instantes\u201d de Juan A. Bafalliu<\/strong><\/figcaption><\/figure>\n<\/div>\n\n\n<p>&nbsp; M\u00e1s adelante las perpectivas cambian a medida que la carretera se pone cuesta arriba y empezamos a subir de cota. A la izquierda hay un punto en que vemos Valenzuela &nbsp;de donde era natural un viejo amigo ya fallecido, Juli\u00e1n Pedregosa: iba a su pueblo una vez al a\u00f1o, por Semana Santa, para ver salir al Nazareno y de paso visitar a amigos y familiares y tomarse, como dec\u00eda \u00e9l, unas copas y unos rosquillos con aguardiente. &nbsp;M\u00e1s a lo lejos, a nuestra izquierda, estampas de la caliza y blanquecina campi\u00f1a jiennense. Si echamos la vista atr\u00e1s nos aparecer\u00e1 la imagen &nbsp;de Porcuna, sobre su t\u00edpica loma, y las estampas de Ca\u00f1ete y Bujalance con el tel\u00f3n de fondo de Sierra Morena. Poco a poco, al fin, entre cerros de olivares -ahora el paisaje ha cambiado- se empieza a ver la torre del castillo y cuando se culmina la subida de este peque\u00f1o puerto, de pronto las perpectivas se amplian y profundizan hasta incluso la lejana Sierra Nevada que en d\u00edas claros como \u00e9ste, deja ver de forma &nbsp;n\u00edtida &nbsp;su manto de nieve impoluto. &nbsp; Hacia el sur vislumbr\u00e9 Baena con las sierras de Luque y Zuheros de fondo; y hacia el suroeste se adivinaba la cercan\u00eda de Castro del Rio (a no m\u00e1s de 9 kil\u00f3metros). Y, como no, hacia el oeste y como si se encontrara a tiro de piedra, en otra loma gemela a \u00e9sta de Torreparedones, el castillo y el pueblo de Espejo dominando el valle del Guadajoz.<\/p>\n\n\n\n<p>\u200bDecid\u00ed descender tres kil\u00f3metros m\u00e1s direcci\u00f3n Castro, pero cumplido mi objetivo de llegar a este punto m\u00edtico de la campi\u00f1a, y sabiendo que la vuelta se iba a poner muy \u201ccuesta arriba\u201d decid\u00ed volverme hacia Ca\u00f1ete donde hab\u00eda dejado el coche. El esfuerzo hab\u00eda merecido la pena. La campi\u00f1a cereal\u00edstica cordobesa volvi\u00f3 a sorprenderme en &nbsp;primavera: es un paisaje \u00fanico en Europa, &nbsp;quiz\u00e1s en v\u00edas de extinci\u00f3n -pronto el olivar lo inundar\u00e1 todo- &nbsp;si nuestra Comunidad Europea no hace algo para preservarlo antes de que sea demasiado tarde.<br>&nbsp;<\/p>\n","protected":false},"excerpt":{"rendered":"<p>-Manuel Perales Sol\u00eds- &nbsp;\u201cTodos los caminos llegan a Torreparedones, de hecho era la \u201cRoma\u201d m\u00e1s cercana\u201d &nbsp;(Juan A. Bafalliu). Torreparedones es como \u201cla gran ola\u201d en la orograf\u00eda ondulada de la campi\u00f1a cordobesa, entre Ca\u00f1ete de las Torres y Castro del R\u00edo. Este paisaje de la campi\u00f1a profunda (para los que procedemos del valle) ubicada [&hellip;]<\/p>\n","protected":false},"author":1,"featured_media":0,"parent":0,"menu_order":0,"comment_status":"closed","ping_status":"closed","template":"","meta":{"footnotes":""},"class_list":["post-651","page","type-page","status-publish","hentry"],"yoast_head":"<!-- This site is optimized with the Yoast SEO plugin v25.2 - https:\/\/yoast.com\/wordpress\/plugins\/seo\/ -->\n<title>Panor\u00e1micas campi\u00f1egas: una tarde por Torreparedones en bicicleta - El lugar de Marmolejo<\/title>\n<meta name=\"robots\" content=\"index, follow, max-snippet:-1, max-image-preview:large, max-video-preview:-1\" \/>\n<link rel=\"canonical\" href=\"https:\/\/lugardemarmolejo.es\/?page_id=651\" \/>\n<meta property=\"og:locale\" content=\"es_ES\" \/>\n<meta property=\"og:type\" content=\"article\" \/>\n<meta property=\"og:title\" content=\"Panor\u00e1micas campi\u00f1egas: una tarde por Torreparedones en bicicleta - El lugar de Marmolejo\" \/>\n<meta property=\"og:description\" content=\"-Manuel Perales Sol\u00eds- &nbsp;\u201cTodos los caminos llegan a Torreparedones, de hecho era la \u201cRoma\u201d m\u00e1s cercana\u201d &nbsp;(Juan A. Bafalliu). Torreparedones es como \u201cla gran ola\u201d en la orograf\u00eda ondulada de la campi\u00f1a cordobesa, entre Ca\u00f1ete de las Torres y Castro del R\u00edo. Este paisaje de la campi\u00f1a profunda (para los que procedemos del valle) ubicada [&hellip;]\" \/>\n<meta property=\"og:url\" content=\"https:\/\/lugardemarmolejo.es\/?page_id=651\" \/>\n<meta property=\"og:site_name\" content=\"El lugar de Marmolejo\" \/>\n<meta property=\"og:image\" content=\"https:\/\/static.wixstatic.com\/media\/7e23fc_639af5d84b4848848c8ab08e7c56def5~mv2.jpg\/v1\/fill\/w_413,h_275,al_c,q_80,usm_0.66_1.00_0.01,enc_auto\/7e23fc_639af5d84b4848848c8ab08e7c56def5~mv2.jpg\" \/>\n<meta name=\"twitter:card\" content=\"summary_large_image\" \/>\n<meta name=\"twitter:label1\" content=\"Tiempo de lectura\" \/>\n\t<meta name=\"twitter:data1\" content=\"7 minutos\" \/>\n<script type=\"application\/ld+json\" class=\"yoast-schema-graph\">{\"@context\":\"https:\/\/schema.org\",\"@graph\":[{\"@type\":\"WebPage\",\"@id\":\"https:\/\/lugardemarmolejo.es\/?page_id=651\",\"url\":\"https:\/\/lugardemarmolejo.es\/?page_id=651\",\"name\":\"Panor\u00e1micas campi\u00f1egas: una tarde por Torreparedones en bicicleta - El lugar de Marmolejo\",\"isPartOf\":{\"@id\":\"https:\/\/lugardemarmolejo.es\/#website\"},\"primaryImageOfPage\":{\"@id\":\"https:\/\/lugardemarmolejo.es\/?page_id=651#primaryimage\"},\"image\":{\"@id\":\"https:\/\/lugardemarmolejo.es\/?page_id=651#primaryimage\"},\"thumbnailUrl\":\"https:\/\/static.wixstatic.com\/media\/7e23fc_639af5d84b4848848c8ab08e7c56def5~mv2.jpg\/v1\/fill\/w_413,h_275,al_c,q_80,usm_0.66_1.00_0.01,enc_auto\/7e23fc_639af5d84b4848848c8ab08e7c56def5~mv2.jpg\",\"datePublished\":\"2024-04-05T19:32:19+00:00\",\"breadcrumb\":{\"@id\":\"https:\/\/lugardemarmolejo.es\/?page_id=651#breadcrumb\"},\"inLanguage\":\"es\",\"potentialAction\":[{\"@type\":\"ReadAction\",\"target\":[\"https:\/\/lugardemarmolejo.es\/?page_id=651\"]}]},{\"@type\":\"ImageObject\",\"inLanguage\":\"es\",\"@id\":\"https:\/\/lugardemarmolejo.es\/?page_id=651#primaryimage\",\"url\":\"https:\/\/static.wixstatic.com\/media\/7e23fc_639af5d84b4848848c8ab08e7c56def5~mv2.jpg\/v1\/fill\/w_413,h_275,al_c,q_80,usm_0.66_1.00_0.01,enc_auto\/7e23fc_639af5d84b4848848c8ab08e7c56def5~mv2.jpg\",\"contentUrl\":\"https:\/\/static.wixstatic.com\/media\/7e23fc_639af5d84b4848848c8ab08e7c56def5~mv2.jpg\/v1\/fill\/w_413,h_275,al_c,q_80,usm_0.66_1.00_0.01,enc_auto\/7e23fc_639af5d84b4848848c8ab08e7c56def5~mv2.jpg\"},{\"@type\":\"BreadcrumbList\",\"@id\":\"https:\/\/lugardemarmolejo.es\/?page_id=651#breadcrumb\",\"itemListElement\":[{\"@type\":\"ListItem\",\"position\":1,\"name\":\"Portada\",\"item\":\"https:\/\/lugardemarmolejo.es\/\"},{\"@type\":\"ListItem\",\"position\":2,\"name\":\"Panor\u00e1micas campi\u00f1egas: una tarde por Torreparedones en bicicleta\"}]},{\"@type\":\"WebSite\",\"@id\":\"https:\/\/lugardemarmolejo.es\/#website\",\"url\":\"https:\/\/lugardemarmolejo.es\/\",\"name\":\"El lugar de Marmolejo\",\"description\":\"\",\"potentialAction\":[{\"@type\":\"SearchAction\",\"target\":{\"@type\":\"EntryPoint\",\"urlTemplate\":\"https:\/\/lugardemarmolejo.es\/?s={search_term_string}\"},\"query-input\":{\"@type\":\"PropertyValueSpecification\",\"valueRequired\":true,\"valueName\":\"search_term_string\"}}],\"inLanguage\":\"es\"}]}<\/script>\n<!-- \/ Yoast SEO plugin. -->","yoast_head_json":{"title":"Panor\u00e1micas campi\u00f1egas: una tarde por Torreparedones en bicicleta - El lugar de Marmolejo","robots":{"index":"index","follow":"follow","max-snippet":"max-snippet:-1","max-image-preview":"max-image-preview:large","max-video-preview":"max-video-preview:-1"},"canonical":"https:\/\/lugardemarmolejo.es\/?page_id=651","og_locale":"es_ES","og_type":"article","og_title":"Panor\u00e1micas campi\u00f1egas: una tarde por Torreparedones en bicicleta - El lugar de Marmolejo","og_description":"-Manuel Perales Sol\u00eds- &nbsp;\u201cTodos los caminos llegan a Torreparedones, de hecho era la \u201cRoma\u201d m\u00e1s cercana\u201d &nbsp;(Juan A. Bafalliu). Torreparedones es como \u201cla gran ola\u201d en la orograf\u00eda ondulada de la campi\u00f1a cordobesa, entre Ca\u00f1ete de las Torres y Castro del R\u00edo. Este paisaje de la campi\u00f1a profunda (para los que procedemos del valle) ubicada [&hellip;]","og_url":"https:\/\/lugardemarmolejo.es\/?page_id=651","og_site_name":"El lugar de Marmolejo","og_image":[{"url":"https:\/\/static.wixstatic.com\/media\/7e23fc_639af5d84b4848848c8ab08e7c56def5~mv2.jpg\/v1\/fill\/w_413,h_275,al_c,q_80,usm_0.66_1.00_0.01,enc_auto\/7e23fc_639af5d84b4848848c8ab08e7c56def5~mv2.jpg","type":"","width":"","height":""}],"twitter_card":"summary_large_image","twitter_misc":{"Tiempo de lectura":"7 minutos"},"schema":{"@context":"https:\/\/schema.org","@graph":[{"@type":"WebPage","@id":"https:\/\/lugardemarmolejo.es\/?page_id=651","url":"https:\/\/lugardemarmolejo.es\/?page_id=651","name":"Panor\u00e1micas campi\u00f1egas: una tarde por Torreparedones en bicicleta - El lugar de Marmolejo","isPartOf":{"@id":"https:\/\/lugardemarmolejo.es\/#website"},"primaryImageOfPage":{"@id":"https:\/\/lugardemarmolejo.es\/?page_id=651#primaryimage"},"image":{"@id":"https:\/\/lugardemarmolejo.es\/?page_id=651#primaryimage"},"thumbnailUrl":"https:\/\/static.wixstatic.com\/media\/7e23fc_639af5d84b4848848c8ab08e7c56def5~mv2.jpg\/v1\/fill\/w_413,h_275,al_c,q_80,usm_0.66_1.00_0.01,enc_auto\/7e23fc_639af5d84b4848848c8ab08e7c56def5~mv2.jpg","datePublished":"2024-04-05T19:32:19+00:00","breadcrumb":{"@id":"https:\/\/lugardemarmolejo.es\/?page_id=651#breadcrumb"},"inLanguage":"es","potentialAction":[{"@type":"ReadAction","target":["https:\/\/lugardemarmolejo.es\/?page_id=651"]}]},{"@type":"ImageObject","inLanguage":"es","@id":"https:\/\/lugardemarmolejo.es\/?page_id=651#primaryimage","url":"https:\/\/static.wixstatic.com\/media\/7e23fc_639af5d84b4848848c8ab08e7c56def5~mv2.jpg\/v1\/fill\/w_413,h_275,al_c,q_80,usm_0.66_1.00_0.01,enc_auto\/7e23fc_639af5d84b4848848c8ab08e7c56def5~mv2.jpg","contentUrl":"https:\/\/static.wixstatic.com\/media\/7e23fc_639af5d84b4848848c8ab08e7c56def5~mv2.jpg\/v1\/fill\/w_413,h_275,al_c,q_80,usm_0.66_1.00_0.01,enc_auto\/7e23fc_639af5d84b4848848c8ab08e7c56def5~mv2.jpg"},{"@type":"BreadcrumbList","@id":"https:\/\/lugardemarmolejo.es\/?page_id=651#breadcrumb","itemListElement":[{"@type":"ListItem","position":1,"name":"Portada","item":"https:\/\/lugardemarmolejo.es\/"},{"@type":"ListItem","position":2,"name":"Panor\u00e1micas campi\u00f1egas: una tarde por Torreparedones en bicicleta"}]},{"@type":"WebSite","@id":"https:\/\/lugardemarmolejo.es\/#website","url":"https:\/\/lugardemarmolejo.es\/","name":"El lugar de Marmolejo","description":"","potentialAction":[{"@type":"SearchAction","target":{"@type":"EntryPoint","urlTemplate":"https:\/\/lugardemarmolejo.es\/?s={search_term_string}"},"query-input":{"@type":"PropertyValueSpecification","valueRequired":true,"valueName":"search_term_string"}}],"inLanguage":"es"}]}},"_links":{"self":[{"href":"https:\/\/lugardemarmolejo.es\/index.php?rest_route=\/wp\/v2\/pages\/651","targetHints":{"allow":["GET"]}}],"collection":[{"href":"https:\/\/lugardemarmolejo.es\/index.php?rest_route=\/wp\/v2\/pages"}],"about":[{"href":"https:\/\/lugardemarmolejo.es\/index.php?rest_route=\/wp\/v2\/types\/page"}],"author":[{"embeddable":true,"href":"https:\/\/lugardemarmolejo.es\/index.php?rest_route=\/wp\/v2\/users\/1"}],"replies":[{"embeddable":true,"href":"https:\/\/lugardemarmolejo.es\/index.php?rest_route=%2Fwp%2Fv2%2Fcomments&post=651"}],"version-history":[{"count":1,"href":"https:\/\/lugardemarmolejo.es\/index.php?rest_route=\/wp\/v2\/pages\/651\/revisions"}],"predecessor-version":[{"id":652,"href":"https:\/\/lugardemarmolejo.es\/index.php?rest_route=\/wp\/v2\/pages\/651\/revisions\/652"}],"wp:attachment":[{"href":"https:\/\/lugardemarmolejo.es\/index.php?rest_route=%2Fwp%2Fv2%2Fmedia&parent=651"}],"curies":[{"name":"wp","href":"https:\/\/api.w.org\/{rel}","templated":true}]}}