{"id":555,"date":"2024-01-25T06:38:08","date_gmt":"2024-01-25T06:38:08","guid":{"rendered":"https:\/\/lugardemarmolejo.es\/?page_id=555"},"modified":"2024-01-25T06:38:08","modified_gmt":"2024-01-25T06:38:08","slug":"patrimonio-desaparecido-el-hotel-madrid-de-marmolejo","status":"publish","type":"page","link":"https:\/\/lugardemarmolejo.es\/?page_id=555","title":{"rendered":"Patrimonio desaparecido: El Hotel Madrid de Marmolejo"},"content":{"rendered":"\n<h1 class=\"wp-block-heading\"><\/h1>\n\n\n\n<h4 class=\"wp-block-heading\">-Manuel Perales Sol\u00eds-<\/h4>\n\n\n\n<p>Hace a\u00f1os &nbsp;desapareci\u00f3, para siempre, el edificio del Hotel Madrid que se situaba en la calle del Arroyo. Hoy se levanta, en el solar que ocupaba, un moderno edificio de viviendas que, para nada, nos recuerda a aquel otro de est\u00e9tica decimon\u00f3nica, y que durante tantos a\u00f1os acogi\u00f3 a una numerosa colonia de ag\u00fcistas, casi siempre de cierto nivel econ\u00f3mico, en las temporadas de apertura del Balneario.<\/p>\n\n\n\n<p><br>&nbsp; Recientemente descubr\u00ed la interesante p\u00e1gina web www.hotelmadridmarmolejo.com, cuya lectura recomiendo por la prol\u00edfica e in\u00e9dita informaci\u00f3n que nos aporta su autor,&nbsp;<strong>Francisco del Moral Manzanares<\/strong>, bisnieto de Luisa Hierro, propietaria del hotel, y nieto de su hija Luisa Ollero. &nbsp;Mi intenci\u00f3n, por tanto, ser\u00e1 simplemente la de dar a conocer esta interesante p\u00e1gina, presentando a los lectores del \u201cLugar de Marmolejo\u201d, &nbsp;un breve resumen de los datos que all\u00ed se contienen, con el exclusivo y \u00fanico deseo de que la descubran, y &nbsp;se empapen de la valiosa informaci\u00f3n, tanto gr\u00e1fica como documental, que en ella se exhibe. Para este empe\u00f1o he contado, l\u00f3gicamente, con la autorizaci\u00f3n del autor.&nbsp;<\/p>\n\n\n\n<p>\u200b<\/p>\n\n\n\n<p>Los siguientes p\u00e1rrafos, pertenecen en su integridad a Francisco del Moral, siendo las notas del final una necesaria aportaci\u00f3n para entender el destino del edificio tras el fallecimiento de Luisa Hierro.<\/p>\n\n\n\n<p><br>&nbsp; \u201cDesde ni\u00f1o, -relata Francisco-, he vivido rodeado tanto por mi abuela como por mis t\u00edas-abuelas, hasta el extremo que mi t\u00eda Modesta, que falleci\u00f3 en &nbsp;mi casa a la edad de 97 a\u00f1os, ha sido como mi segunda madre. Desde siempre he o\u00eddo historias de ese hotel y de ese pueblo, al que he ido poqu\u00edsimo, pero que guardo en mi memoria como una especie de Macondo legendario. Por eso es un placer contribuir a que se difunda la informaci\u00f3n relativa al hotel.<br>&nbsp; En su introducci\u00f3n, Francisco del Moral, nos dice: \u201cEstas p\u00e1ginas son una recopilaci\u00f3n de recuerdos transmitidos por sus protagonistas a los miembros de las siguientes generaciones, con el acento propio de la a\u00f1oranza y el amor incondicional a las propias ra\u00edces.<\/p>\n\n\n\n<p><br>&nbsp; Como todos los recuerdos, \u00e9stos tambi\u00e9n surgen desordenados, distorsionados por el tiempo y filtrados por un criterio caprichoso: la memoria imperfecta de sus protagonistas. Valgan estas palabras y estas im\u00e1genes para garantizar su supervivencia\u201d.<\/p>\n\n\n\n<p>\u200b<\/p>\n\n\n\n<p><strong>HISTORIA:<\/strong><\/p>\n\n\n\n<p><br><strong>1) LA FONDA \u201cLA ESPA\u00d1OLA\u201d:&nbsp;<\/strong><br>Antonio Ollero Garc\u00eda (padre de Juan Ollero Pe\u00f1a) hab\u00eda fundado hacia 1880 la fonda \u201cLa Espa\u00f1ola\u201d, que m\u00e1s tarde se convertir\u00eda en el hotel Espa\u00f1ol. No est\u00e1 muy claro, actualmente, pero parece ser que parte de esta actividad hostelera est\u00e1 relacionada con el origen del hotel Madrid.<\/p>\n\n\n\n<p><strong>2) &nbsp;LA CASA DE JUEGO:&nbsp;<\/strong><br>Se sabe que el edificio principal del hotel, hab\u00eda sido anteriormente una casa de juego y que algunas de sus estancias conservaban esa estructura original. Por ejemplo estaban comunicadas entre ellas por diferentes puertas, lo que no es muy habitual en un establecimiento hotelero.<\/p>\n\n\n\n<p><strong>3) LA F\u00c1BRICA DE CHOCOLATE:<\/strong><br>&nbsp; Despu\u00e9s de su matrimonio con Luisa Hierro G\u00f3mez (propietaria del edificio original del hotel Madrid), Juan Ollero le compra a su padre una vieja f\u00e1brica de chocolate aleda\u00f1a, hacia la calle Pino (vulgo \u201cPocotrigo\u201d) que derriba para construir el jard\u00edn del hotel. El anterior, que era mucho m\u00e1s peque\u00f1o que el definitivo, fue convertido en comedor destinado a uso familiar.<\/p>\n\n\n\n<p><strong>4) LA OCUPACI\u00d3N:<\/strong><br>&nbsp; Como el resto de los hoteles de Marmolejo, tambi\u00e9n el hotel Madrid fue ocupado por tropas del ej\u00e9rcito durante la Guerra Civil. En este caso por el Escuadr\u00f3n de Caballer\u00eda Segundo \u00dabeda, que tambi\u00e9n ocup\u00f3 la casa familiar de la calle Perales. Varios documentos de 1937 atestiguan los esfuerzos de Luisa Hierro por recuperar sus propiedades, lo que finalmente pudo suceder gracias a la intervenci\u00f3n del Gobierno Civil.<br>&nbsp;<\/p>\n\n\n\n<p><strong>5) PERSONAS:<\/strong><br>&nbsp; &nbsp;&#8211;<strong>Luisa Hierro G\u00f3mez&nbsp;<\/strong>(1890-1962): Su familia proven\u00eda de Cabra (C\u00f3rdoba). Se traslad\u00f3 a Marmolejo y ella naci\u00f3 en el propio hotel Madrid. Estudi\u00f3 desde peque\u00f1a en el colegio de \u201cLa Pur\u00edsima\u201d de las Carmelitas de Ja\u00e9n, y poco despu\u00e9s de salir, se cas\u00f3 con Juan Ollero Pe\u00f1a. Tras la muerte de \u00e9ste, en 1935, fue la \u00fanica propietaria y responsable del establecimiento. &nbsp;A pesar de la crisis del sector, se neg\u00f3 a vender el negocio, incluso despu\u00e9s de haber recibido buenas ofertas. Muri\u00f3 en el propio hotel y fue enterrada en el pante\u00f3n familiar del Cementerio Municipal.<br>&nbsp; &nbsp;&#8211;<strong>Juan Ollero Pe\u00f1a<\/strong>&nbsp;(1887-1935): Naci\u00f3 y vivi\u00f3 toda su vida en Marmolejo. Parte del negocio de hosteler\u00eda proven\u00eda de la vieja fonda de su padre, Antonio Ollero, y de la f\u00e1brica de chocolate, en cuyo solar se construy\u00f3 el jard\u00edn del hotel. De esa circunstancia surge el apodo de \u201cChocolatero\u201d con el que se conoc\u00eda a los miembros de la familia. Est\u00e1 enterrado en el pante\u00f3n familiar del Cementerio Municipal.<\/p>\n\n\n\n<p><strong>6) LAS HIJAS DEL MATRIMONIO OLLERO-HIERRO:<\/strong><br>&#8211;<strong>Manuela (1914-2014),<\/strong>&nbsp;casada con Manuel Casal Gallardo (1913-1991), natural de C\u00e1diz.<br><strong>-Luisa (1916-2002),&nbsp;<\/strong>que cas\u00f3 en el propio hotel en 1943 con Francisco del Moral Fern\u00e1ndez (1908-1969), natural de Cabra de Santo Cristo.<br><strong>-Antonia (\u00bf1918-1937?),<\/strong>&nbsp;fallecida de pulmon\u00eda en Ja\u00e9n durante la Guerra.<br><strong>-Agustina (1921-2011).<\/strong><\/p>\n\n\n\n<p><strong>-Modesta (1922-2020).<br>-Juana (1925-2006).<br>-Carmen (1931-1981).<\/strong><\/p>\n\n\n<div class=\"wp-block-image\">\n<figure class=\"alignleft is-resized\"><img decoding=\"async\" src=\"https:\/\/static.wixstatic.com\/media\/7e23fc_82d7f32eef6940c59a02323699a03440~mv2.jpg\/v1\/fill\/w_422,h_317,al_c,q_80,usm_0.66_1.00_0.01,enc_auto\/Hotel%20Madrid.jpg\" alt=\"Hotel Madrid.jpg\" style=\"width:312px;height:auto\"\/><figcaption class=\"wp-element-caption\"><strong>Ubicaci\u00f3n del hotel Madrid en la calle Duque de la Torre (Arroyo). La flecha blanca se\u00f1ala su fachada.<\/strong><\/figcaption><\/figure>\n<\/div>\n\n<div class=\"wp-block-image\">\n<figure class=\"alignleft\"><img decoding=\"async\" src=\"https:\/\/static.wixstatic.com\/media\/7e23fc_98d3fc44ec4d4f18b27d325c73cfc24d~mv2.jpg\/v1\/crop\/x_163,y_311,w_3775,h_2386\/fill\/w_499,h_317,al_c,q_80,usm_0.66_1.00_0.01,enc_auto\/Comedor%20del%20Hotel.jpg\" alt=\"Comedor del Hotel.jpg\"\/><figcaption class=\"wp-element-caption\"><strong>El sal\u00f3n-comedor del hotel. Fuente: Francisco del Moral\u00a0<\/strong><\/figcaption><\/figure>\n<\/div>\n\n\n<p><\/p>\n\n\n<div class=\"wp-block-image\">\n<figure class=\"alignleft is-resized\"><img decoding=\"async\" src=\"https:\/\/static.wixstatic.com\/media\/7e23fc_813d0f5a97054af9bafa3cf41b4802cb~mv2.jpg\/v1\/crop\/x_593,y_310,w_1986,h_3372\/fill\/w_204,h_346,al_c,q_80,usm_0.66_1.00_0.01,enc_auto\/Luisa%20Hierro.jpg\" alt=\"Luisa Hierro.jpg\" style=\"width:200px;height:auto\"\/><figcaption class=\"wp-element-caption\"><strong>Luisa Hierro G\u00f3mez (1890-1962). Fuente: Francisco del Moral\u00a0<\/strong><\/figcaption><\/figure>\n<\/div>\n\n<div class=\"wp-block-image\">\n<figure class=\"alignleft is-resized\"><img decoding=\"async\" src=\"https:\/\/static.wixstatic.com\/media\/7e23fc_3e657455cdfb4421855790e048fd0902~mv2.jpg\/v1\/crop\/x_549,y_448,w_2149,h_3204\/fill\/w_233,h_346,al_c,q_80,usm_0.66_1.00_0.01,enc_auto\/Juan%20Ollero.jpg\" alt=\"Juan Ollero.jpg\" style=\"width:175px;height:auto\"\/><figcaption class=\"wp-element-caption\"><strong>Juan Ollero Pe\u00f1a (1887-1935). Fuente: Francisco del Moral<\/strong><\/figcaption><\/figure>\n<\/div>\n\n<div class=\"wp-block-image\">\n<figure class=\"alignleft is-resized\"><img decoding=\"async\" src=\"https:\/\/static.wixstatic.com\/media\/7e23fc_6247bfc9959d43249161135b672251e6~mv2.jpg\/v1\/fill\/w_504,h_376,al_c,q_80,usm_0.66_1.00_0.01,enc_auto\/Juan%20Granados%20el%20repostero.jpg\" alt=\"Juan Granados el repostero.jpg\" style=\"width:424px;height:auto\"\/><figcaption class=\"wp-element-caption\"><strong>Agust\u00edn Granados, que trabaj\u00f3 como repostero del hotel, con algunas muchachas que realizaban diferentes labores, entre ellas Teresa (primera por la izquierda) y Soledad (segunda por la izquierda). Fuente: Francisco del Moral<\/strong><\/figcaption><\/figure>\n<\/div>\n\n\n<p><\/p>\n\n\n<div class=\"wp-block-image\">\n<figure class=\"alignleft is-resized\"><img decoding=\"async\" src=\"https:\/\/static.wixstatic.com\/media\/7e23fc_7096e4a641e845168d8c2cd8304db8fc~mv2.jpg\/v1\/fill\/w_600,h_450,al_c,q_80,usm_0.66_1.00_0.01,enc_auto\/Grupo%20de%20Hu%C3%A9spedes.jpg\" alt=\"Grupo de Hu\u00e9spedes.jpg\" style=\"width:526px;height:auto\"\/><figcaption class=\"wp-element-caption\"><strong>En la foto, algunos hu\u00e9spedes del hotel, vecinos del pueblo y amigos de la familia en el patio central.<\/strong><\/figcaption><\/figure>\n<\/div>\n\n\n<p><strong>Notas:&nbsp;<\/strong><br>&nbsp; El edificio y jard\u00edn del hotel fue vendido por las herederas de Luisa Hierro. &nbsp;El cuerpo principal, hacia la calle del Arroyo, era adquirido por el due\u00f1o de tejidos &nbsp;\u201cEl paso\u201d, que tras venir a la quiebra, &nbsp;se lo vendi\u00f3, en pago de su deuda, a Sebasti\u00e1n Villar, propietario de &nbsp;Almacenes &nbsp;\u201cEl M\u00e9trico\u201d de \u00dabeda, y de varias tiendas especializadas en textiles para el hogar. &nbsp;La parte &nbsp;posterior colindante hacia la calle Pino, fue adquirida por una sociedad cooperativa de comerciantes de alimentaci\u00f3n, &nbsp;para &nbsp;almac\u00e9n de coloniales, al frente de la cual estuvo, un tiempo, Jos\u00e9 Guti\u00e9rrez Alcal\u00e1. Finalmente el solar que ocupaba el jard\u00edn del hotel, pr\u00e1cticamente colindante con el convento de Las Monjas, era adquirido por la familia de \u201dLos Dieguitos\u201d, dedicada desde antiguo, al oficio de carniceros. &nbsp;<br>&nbsp; A trav\u00e9s del &nbsp;jard\u00edn se pod\u00eda acceder a la casa &nbsp;que Luisa Hierro ten\u00eda en la calle Perales, seg\u00fan Francisco del Moral, la actual n\u00famero 9, donde resid\u00eda fuera de &nbsp;temporada de ag\u00fcistas. A esta vivienda le llamaban \u201cla casa chica\u201d, aunque era una hermosa casa que dispon\u00eda de ocho habitaciones. &nbsp;<br>&nbsp; Posteriormente en 1973, &nbsp;Juan Gallego Herrera, natural de Porcuna, y propietario &nbsp;en Marmolejo &nbsp;del &nbsp;Bazar \u201cSan Juli\u00e1n\u201d, emplazado, en sus inicios, en el antiguo edificio del hotel Suizo de la calle de La Fonda, compr\u00f3 a Almacenes El M\u00e9trico, el cuerpo principal, y m\u00e1s tarde el almac\u00e9n de coloniales de la calle El Pino para emplazar all\u00ed su nueva tienda. Este importante y concurrido bazar, fue regentado conjuntamente por Juan Gallego y su esposa Antonia Montilla L\u00f3pez, natural de Valenzuela (C\u00f3rdoba).&nbsp;<\/p>\n\n\n\n<p><strong>Fuentes:&nbsp;<\/strong><br>-Francisco del Moral Manzanares, bisnieto de Luisa Hierro G\u00f3mez<br>-Ana Mar\u00eda Gallego Montilla, hija de Juan Gallego Herrera, propietario del desaparecido &nbsp;Bazar \u201cSan Juli\u00e1n\u201d.<\/p>\n","protected":false},"excerpt":{"rendered":"<p>-Manuel Perales Sol\u00eds- Hace a\u00f1os &nbsp;desapareci\u00f3, para siempre, el edificio del Hotel Madrid que se situaba en la calle del Arroyo. Hoy se levanta, en el solar que ocupaba, un moderno edificio de viviendas que, para nada, nos recuerda a aquel otro de est\u00e9tica decimon\u00f3nica, y que durante tantos a\u00f1os acogi\u00f3 a una numerosa colonia [&hellip;]<\/p>\n","protected":false},"author":1,"featured_media":0,"parent":0,"menu_order":0,"comment_status":"closed","ping_status":"closed","template":"","meta":{"footnotes":""},"class_list":["post-555","page","type-page","status-publish","hentry"],"yoast_head":"<!-- This site is optimized with the Yoast SEO plugin v25.2 - https:\/\/yoast.com\/wordpress\/plugins\/seo\/ -->\n<title>Patrimonio desaparecido: El Hotel Madrid de Marmolejo - El lugar de Marmolejo<\/title>\n<meta name=\"robots\" content=\"index, follow, max-snippet:-1, max-image-preview:large, max-video-preview:-1\" \/>\n<link rel=\"canonical\" href=\"https:\/\/lugardemarmolejo.es\/?page_id=555\" \/>\n<meta property=\"og:locale\" content=\"es_ES\" \/>\n<meta property=\"og:type\" content=\"article\" \/>\n<meta property=\"og:title\" content=\"Patrimonio desaparecido: El Hotel Madrid de Marmolejo - El lugar de Marmolejo\" \/>\n<meta property=\"og:description\" content=\"-Manuel Perales Sol\u00eds- Hace a\u00f1os &nbsp;desapareci\u00f3, para siempre, el edificio del Hotel Madrid que se situaba en la calle del Arroyo. Hoy se levanta, en el solar que ocupaba, un moderno edificio de viviendas que, para nada, nos recuerda a aquel otro de est\u00e9tica decimon\u00f3nica, y que durante tantos a\u00f1os acogi\u00f3 a una numerosa colonia [&hellip;]\" \/>\n<meta property=\"og:url\" content=\"https:\/\/lugardemarmolejo.es\/?page_id=555\" \/>\n<meta property=\"og:site_name\" content=\"El lugar de Marmolejo\" \/>\n<meta property=\"og:image\" content=\"https:\/\/static.wixstatic.com\/media\/7e23fc_82d7f32eef6940c59a02323699a03440~mv2.jpg\/v1\/fill\/w_422,h_317,al_c,q_80,usm_0.66_1.00_0.01,enc_auto\/Hotel%20Madrid.jpg\" \/>\n<meta name=\"twitter:card\" content=\"summary_large_image\" \/>\n<meta name=\"twitter:label1\" content=\"Tiempo de lectura\" \/>\n\t<meta name=\"twitter:data1\" content=\"7 minutos\" \/>\n<script type=\"application\/ld+json\" class=\"yoast-schema-graph\">{\"@context\":\"https:\/\/schema.org\",\"@graph\":[{\"@type\":\"WebPage\",\"@id\":\"https:\/\/lugardemarmolejo.es\/?page_id=555\",\"url\":\"https:\/\/lugardemarmolejo.es\/?page_id=555\",\"name\":\"Patrimonio desaparecido: El Hotel Madrid de Marmolejo - El lugar de Marmolejo\",\"isPartOf\":{\"@id\":\"https:\/\/lugardemarmolejo.es\/#website\"},\"primaryImageOfPage\":{\"@id\":\"https:\/\/lugardemarmolejo.es\/?page_id=555#primaryimage\"},\"image\":{\"@id\":\"https:\/\/lugardemarmolejo.es\/?page_id=555#primaryimage\"},\"thumbnailUrl\":\"https:\/\/static.wixstatic.com\/media\/7e23fc_82d7f32eef6940c59a02323699a03440~mv2.jpg\/v1\/fill\/w_422,h_317,al_c,q_80,usm_0.66_1.00_0.01,enc_auto\/Hotel%20Madrid.jpg\",\"datePublished\":\"2024-01-25T06:38:08+00:00\",\"breadcrumb\":{\"@id\":\"https:\/\/lugardemarmolejo.es\/?page_id=555#breadcrumb\"},\"inLanguage\":\"es\",\"potentialAction\":[{\"@type\":\"ReadAction\",\"target\":[\"https:\/\/lugardemarmolejo.es\/?page_id=555\"]}]},{\"@type\":\"ImageObject\",\"inLanguage\":\"es\",\"@id\":\"https:\/\/lugardemarmolejo.es\/?page_id=555#primaryimage\",\"url\":\"https:\/\/static.wixstatic.com\/media\/7e23fc_82d7f32eef6940c59a02323699a03440~mv2.jpg\/v1\/fill\/w_422,h_317,al_c,q_80,usm_0.66_1.00_0.01,enc_auto\/Hotel%20Madrid.jpg\",\"contentUrl\":\"https:\/\/static.wixstatic.com\/media\/7e23fc_82d7f32eef6940c59a02323699a03440~mv2.jpg\/v1\/fill\/w_422,h_317,al_c,q_80,usm_0.66_1.00_0.01,enc_auto\/Hotel%20Madrid.jpg\"},{\"@type\":\"BreadcrumbList\",\"@id\":\"https:\/\/lugardemarmolejo.es\/?page_id=555#breadcrumb\",\"itemListElement\":[{\"@type\":\"ListItem\",\"position\":1,\"name\":\"Portada\",\"item\":\"https:\/\/lugardemarmolejo.es\/\"},{\"@type\":\"ListItem\",\"position\":2,\"name\":\"Patrimonio desaparecido: El Hotel Madrid de Marmolejo\"}]},{\"@type\":\"WebSite\",\"@id\":\"https:\/\/lugardemarmolejo.es\/#website\",\"url\":\"https:\/\/lugardemarmolejo.es\/\",\"name\":\"El lugar de Marmolejo\",\"description\":\"\",\"potentialAction\":[{\"@type\":\"SearchAction\",\"target\":{\"@type\":\"EntryPoint\",\"urlTemplate\":\"https:\/\/lugardemarmolejo.es\/?s={search_term_string}\"},\"query-input\":{\"@type\":\"PropertyValueSpecification\",\"valueRequired\":true,\"valueName\":\"search_term_string\"}}],\"inLanguage\":\"es\"}]}<\/script>\n<!-- \/ Yoast SEO plugin. -->","yoast_head_json":{"title":"Patrimonio desaparecido: El Hotel Madrid de Marmolejo - El lugar de Marmolejo","robots":{"index":"index","follow":"follow","max-snippet":"max-snippet:-1","max-image-preview":"max-image-preview:large","max-video-preview":"max-video-preview:-1"},"canonical":"https:\/\/lugardemarmolejo.es\/?page_id=555","og_locale":"es_ES","og_type":"article","og_title":"Patrimonio desaparecido: El Hotel Madrid de Marmolejo - El lugar de Marmolejo","og_description":"-Manuel Perales Sol\u00eds- Hace a\u00f1os &nbsp;desapareci\u00f3, para siempre, el edificio del Hotel Madrid que se situaba en la calle del Arroyo. Hoy se levanta, en el solar que ocupaba, un moderno edificio de viviendas que, para nada, nos recuerda a aquel otro de est\u00e9tica decimon\u00f3nica, y que durante tantos a\u00f1os acogi\u00f3 a una numerosa colonia [&hellip;]","og_url":"https:\/\/lugardemarmolejo.es\/?page_id=555","og_site_name":"El lugar de Marmolejo","og_image":[{"url":"https:\/\/static.wixstatic.com\/media\/7e23fc_82d7f32eef6940c59a02323699a03440~mv2.jpg\/v1\/fill\/w_422,h_317,al_c,q_80,usm_0.66_1.00_0.01,enc_auto\/Hotel%20Madrid.jpg","type":"","width":"","height":""}],"twitter_card":"summary_large_image","twitter_misc":{"Tiempo de lectura":"7 minutos"},"schema":{"@context":"https:\/\/schema.org","@graph":[{"@type":"WebPage","@id":"https:\/\/lugardemarmolejo.es\/?page_id=555","url":"https:\/\/lugardemarmolejo.es\/?page_id=555","name":"Patrimonio desaparecido: El Hotel Madrid de Marmolejo - El lugar de Marmolejo","isPartOf":{"@id":"https:\/\/lugardemarmolejo.es\/#website"},"primaryImageOfPage":{"@id":"https:\/\/lugardemarmolejo.es\/?page_id=555#primaryimage"},"image":{"@id":"https:\/\/lugardemarmolejo.es\/?page_id=555#primaryimage"},"thumbnailUrl":"https:\/\/static.wixstatic.com\/media\/7e23fc_82d7f32eef6940c59a02323699a03440~mv2.jpg\/v1\/fill\/w_422,h_317,al_c,q_80,usm_0.66_1.00_0.01,enc_auto\/Hotel%20Madrid.jpg","datePublished":"2024-01-25T06:38:08+00:00","breadcrumb":{"@id":"https:\/\/lugardemarmolejo.es\/?page_id=555#breadcrumb"},"inLanguage":"es","potentialAction":[{"@type":"ReadAction","target":["https:\/\/lugardemarmolejo.es\/?page_id=555"]}]},{"@type":"ImageObject","inLanguage":"es","@id":"https:\/\/lugardemarmolejo.es\/?page_id=555#primaryimage","url":"https:\/\/static.wixstatic.com\/media\/7e23fc_82d7f32eef6940c59a02323699a03440~mv2.jpg\/v1\/fill\/w_422,h_317,al_c,q_80,usm_0.66_1.00_0.01,enc_auto\/Hotel%20Madrid.jpg","contentUrl":"https:\/\/static.wixstatic.com\/media\/7e23fc_82d7f32eef6940c59a02323699a03440~mv2.jpg\/v1\/fill\/w_422,h_317,al_c,q_80,usm_0.66_1.00_0.01,enc_auto\/Hotel%20Madrid.jpg"},{"@type":"BreadcrumbList","@id":"https:\/\/lugardemarmolejo.es\/?page_id=555#breadcrumb","itemListElement":[{"@type":"ListItem","position":1,"name":"Portada","item":"https:\/\/lugardemarmolejo.es\/"},{"@type":"ListItem","position":2,"name":"Patrimonio desaparecido: El Hotel Madrid de Marmolejo"}]},{"@type":"WebSite","@id":"https:\/\/lugardemarmolejo.es\/#website","url":"https:\/\/lugardemarmolejo.es\/","name":"El lugar de Marmolejo","description":"","potentialAction":[{"@type":"SearchAction","target":{"@type":"EntryPoint","urlTemplate":"https:\/\/lugardemarmolejo.es\/?s={search_term_string}"},"query-input":{"@type":"PropertyValueSpecification","valueRequired":true,"valueName":"search_term_string"}}],"inLanguage":"es"}]}},"_links":{"self":[{"href":"https:\/\/lugardemarmolejo.es\/index.php?rest_route=\/wp\/v2\/pages\/555","targetHints":{"allow":["GET"]}}],"collection":[{"href":"https:\/\/lugardemarmolejo.es\/index.php?rest_route=\/wp\/v2\/pages"}],"about":[{"href":"https:\/\/lugardemarmolejo.es\/index.php?rest_route=\/wp\/v2\/types\/page"}],"author":[{"embeddable":true,"href":"https:\/\/lugardemarmolejo.es\/index.php?rest_route=\/wp\/v2\/users\/1"}],"replies":[{"embeddable":true,"href":"https:\/\/lugardemarmolejo.es\/index.php?rest_route=%2Fwp%2Fv2%2Fcomments&post=555"}],"version-history":[{"count":1,"href":"https:\/\/lugardemarmolejo.es\/index.php?rest_route=\/wp\/v2\/pages\/555\/revisions"}],"predecessor-version":[{"id":556,"href":"https:\/\/lugardemarmolejo.es\/index.php?rest_route=\/wp\/v2\/pages\/555\/revisions\/556"}],"wp:attachment":[{"href":"https:\/\/lugardemarmolejo.es\/index.php?rest_route=%2Fwp%2Fv2%2Fmedia&parent=555"}],"curies":[{"name":"wp","href":"https:\/\/api.w.org\/{rel}","templated":true}]}}