{"id":529,"date":"2023-12-30T12:26:05","date_gmt":"2023-12-30T12:26:05","guid":{"rendered":"https:\/\/lugardemarmolejo.es\/?page_id=529"},"modified":"2023-12-30T12:26:06","modified_gmt":"2023-12-30T12:26:06","slug":"el-castillo-de-la-aragonesa-un-fortin-bereber","status":"publish","type":"page","link":"https:\/\/lugardemarmolejo.es\/?page_id=529","title":{"rendered":"El castillo de la Aragonesa, un fort\u00edn bereber"},"content":{"rendered":"\n<h1 class=\"wp-block-heading\"><\/h1>\n\n\n\n<h4 class=\"wp-block-heading\">-Manuel Perales Sol\u00eds-<\/h4>\n\n\n\n<p>Hace m\u00e1s de 66 a\u00f1os un Decreto del Ministerio de Educaci\u00f3n Nacional sobre protecci\u00f3n de los castillos declaraba que&nbsp;<em>\u201ctodos los castillos de Espa\u00f1a, cualquiera que sea su estado de ruina, quedan bajo la protecci\u00f3n del Estado, que impedir\u00e1 toda intervenci\u00f3n que altere su car\u00e1cter o pueda provocar su derrumbamiento<\/em>\u201d(1).<\/p>\n\n\n\n<p>&nbsp; &nbsp;Posteriormente en junio de 1985 la Ley del Patrimonio Hist\u00f3rico Espa\u00f1ol declaraba a todos los castillos, torres y fortines militares como Bienes de Inter\u00e9s Cultural gozando por tanto de la m\u00e1xima protecci\u00f3n y quedando incluidos en el Inventario del Patrimonio Hist\u00f3rico-Art\u00edstico Espa\u00f1ol.&nbsp; &nbsp;Uno de estos inmuebles protegidos a\u00fan sobrevive en nuestro t\u00e9rmino municipal en el conocido pago de La Aragonesa, a mitad del viejo camino entre San Juli\u00e1n y Villa del R\u00edo. Desde 1992, se encuentra incluido igualmente en el Inventario de la Consejer\u00eda de Cultura sobre yacimientos arqueol\u00f3gicos, disfrutando de la m\u00e1xima protecci\u00f3n legal (2).<\/p>\n\n\n\n<p>&nbsp;En 1981 el escritor y profesor Don Juan Eslava Gal\u00e1n dedic\u00f3 su tiempo al estudio de estos recintos militares, de origen ber\u00e9ber, esparcidos por el valle del Guadalquivir, en un trabajo &nbsp;titulado \u201cFortines Ber\u00e9beres en Al Andalus\u201d patrocinado por la Universidad de Granada (3). Entre ellos se ocupaba de este castillo de La Aragonesa de quien destacaba sus caracter\u00edsticas comunes con otros castillos ya desaparecidos como el de Aldehuela, Cotrufes, Fuerte del Rey y el de Marmolejo, ya tratado en esta p\u00e1gina. Esto es: su forma cuadrada o levemente rectangular, tener torres cil\u00edndricas en las esquinas; presentar una torre del homenaje en el centro del patio de armas; ser de iguales o parecidas dimensiones.<\/p>\n\n\n\n<h4 class=\"wp-block-heading\">&nbsp;<\/h4>\n\n\n<div class=\"wp-block-image\">\n<figure class=\"alignleft is-resized\"><img decoding=\"async\" src=\"https:\/\/static.wixstatic.com\/media\/7e23fc_e0bf193658cb40df8d4cbaf81f01b19d.jpg\/v1\/fill\/w_322,h_318,al_c,q_80,usm_0.66_1.00_0.01,enc_auto\/7e23fc_e0bf193658cb40df8d4cbaf81f01b19d.jpg\" alt=\"\" style=\"width:273px;height:auto\"\/><figcaption class=\"wp-element-caption\"><strong>Torre\u00f3n esquinero del suroeste. Foto: Manuel Perales, a\u00f1o 1977.\u00a0<\/strong><\/figcaption><\/figure>\n<\/div>\n\n<div class=\"wp-block-image\">\n<figure class=\"alignleft is-resized\"><img decoding=\"async\" src=\"https:\/\/static.wixstatic.com\/media\/7e23fc_ea8f4092e30645afb3a20b2a5712ba33.jpg\/v1\/fill\/w_305,h_318,al_c,q_80,usm_0.66_1.00_0.01,enc_auto\/7e23fc_ea8f4092e30645afb3a20b2a5712ba33.jpg\" alt=\"\" style=\"width:260px;height:auto\"\/><figcaption class=\"wp-element-caption\"><strong>Torre del Homenaje desde el flanco oeste. Foto Manuel Perales, a\u00f1o 1977.<\/strong><\/figcaption><\/figure>\n<\/div>\n\n<div class=\"wp-block-image\">\n<figure class=\"alignleft is-resized\"><img decoding=\"async\" src=\"https:\/\/static.wixstatic.com\/media\/7e23fc_a0fec313cc084d4abca827c62a3c2d19.jpg\/v1\/fill\/w_313,h_316,al_c,q_80,usm_0.66_1.00_0.01,enc_auto\/7e23fc_a0fec313cc084d4abca827c62a3c2d19.jpg\" alt=\"\" style=\"width:268px;height:auto\"\/><figcaption class=\"wp-element-caption\"><strong>Castillo de la Aragonesa hacia, flanco norte. Foto: Manuel Perales, a\u00f1o 1977.<\/strong><\/figcaption><\/figure>\n<\/div>\n\n\n<p><\/p>\n\n\n\n<p>&nbsp;El castillo de la Aragonesa, nos dice Eslava Gal\u00e1n, a cuyo an\u00e1lisis descriptivo nos vamos a ce\u00f1ir a partir de ahora, &nbsp;<em>\u201ctiene forma rectangular con los \u00e1ngulos rematados por torreones cil\u00edndricos macizos a excepci\u00f3n del \u00e1ngulo noroeste, donde una torre del homenaje cuadrada ha suplantado al torre\u00f3n correspondiente. La torre es de siller\u00eda regular bien escuadrada mientras que los torreones cil\u00edndricos son de mamposter\u00eda menuda y los lienzos de muro de tapial.&nbsp; &nbsp;En el tapial observamos una altura de 82 cent\u00edmetros entre los encofrados. La longitud horizontal entre los mechinales que dejaron los palos oscila entrrelos 65 &nbsp;y 80 cent\u00edmetros. La muralla original ten\u00eda una altura de seis tapias o encofrados (4,80 metros) y estaba rematada por almenas de planta rectangular y remate piramidal cuyas medias son de 65 ctms de largo por 50 ctms de grosor. El paso de ronda ten\u00eda unos 50 cmts. &nbsp;Son muy pocas las almenas que se conservan y en ellas se observa la apertura de una saetera en el cuerpo bajo de la propia almena, lo que debilita considerablemente su estructura.&nbsp; Los torreones cil\u00edndricos, bastante adelantados para favorecer el flanqueo del atacante, son macizos hasta la altura del paso de ronda. A partir de este punto parece que ser\u00edan huecos para cobijar en su interior un m\u00ednimo habit\u00e1culo. Estos torreones tienen 4,60 metros de di\u00e1metro. Por la parte hueca correspondiente al habit\u00e1culo superior, el muro mide 1,30 de ancho. Todos los remates est\u00e1n destruidos pero se aprecia que los torreones sobresal\u00edan por los menos dos metros el nivel del paso de ronda. En el del lado Suroeste se aprecia un curioso perf\u00edl troncoc\u00f3nico muy orientalizante que no parece fortuito y que nos recuerda el de algunas construcciones marroqu\u00edes.&nbsp; &nbsp;El calicanto de los muros es de excelente calidad, muy rico en cal y muy empedrado de cantos rodados procedentes, sin duda de un paraje cercano por el que discurri\u00f3 alguna vez el lecho del r\u00edo. En algunas zonas de la muralla el z\u00f3calo inferior se presenta erosionado, quiz\u00e1s por antiguas labores de zapa. Estas brechas se remendaron con mamposter\u00eda y ladrillo.&nbsp; &nbsp;&nbsp; &nbsp;<\/em><\/p>\n\n\n\n<p>En relaci\u00f3n al elemento &nbsp;m\u00e1s sobresaliente del castillo, la torre del homenaje, nos dice el autor que&nbsp;<em>\u201csuplanta al torre\u00f3n correspondiente del \u00e1ngulo noroeste y a una parte de los lienzos norte y oeste del recinto&#8230;.se trata de una modesta torre del homenaje, s\u00f3lida y expertamente construida. El cuadrado que forma su base tiene 6,60 metros de lado y su altura, medida hasta los canes que sosten\u00edan el matac\u00e1n de la terraza, es de 13 metros. En su interior alberga tres c\u00e1maras, correspondientes a otros tantos pisos o niveles: la m\u00e1s baja, aislada del resto del conjunto, debe corresponder al aljibe. Sus muros interiores conservan restos del enlucido de estuco que preservar\u00eda el agua&#8230;.La cubierta es una b\u00f3veda esf\u00e9rica de mampuestos en cuyo centro observamos el agujero del pozo que la comunicaba con el aposento superior.&nbsp;&nbsp; &nbsp; &nbsp;<\/em><\/p>\n\n\n\n<p><em>A la c\u00e1mara intermedia se accede a trav\u00e9s de una puerta abierta en el centro del muro Norte a unos cinco metros de altura sobre el nivel del suelo actual. La puerta no queda al mismo nivel que el piso del aposento sino medio metro m\u00e1s baja. Este desnivel se salva con dos pelda\u00f1os. La b\u00f3veda es esf\u00e9rica, de mamposter\u00eda menuda. En el muro oeste, a dos metros sobre el nivel del piso, se abre otra puerta que da a una escalera de caracol embutida en el espesor del muro. Esta conduce al aposento superior y a la terraza. La escalera recibe luz de una saetera practicada en el muro Oeste y del acceso a la c\u00e1mara superior que a su vez recibe luz de sendas saeteras abiertas en los muros Norte y Sur&#8230;.La terraza de la torre ha perdido por completo los parapetos almenados que seguramente tuvo. A\u00fan conserva algunos canes. Parece que estos coronaban toda la torre originalmente y que en las esquinas eran especialmente robustos quiz\u00e1s porque sosten\u00edan garitas. Entre los restos de dos canes, en el centro del lado Sur, observamos un canal de desag\u00fce, tallado en la piedra&#8230;..Del examen del recinto de la Aragonesa se desprende que contemplamos dos etapas constructivas en este edificio. La primera corresponde a un fort\u00edn indudablemente ber\u00e9ber por el tipo de tapial y materiales empleados. La dificultad que entra\u00f1a el uso del tapial en las torres esquineras, cil\u00edndricas, se solventa mediante la aplicaci\u00f3n de mamposter\u00eda menuda, muy rica en cal, en estos puntos.&nbsp; &nbsp; Una segunda etapa constructiva, cristiana del siglo \u201cXIII o principios del XIV, es la que corresponde a la torre del homenaje, de siller\u00eda, que desentona completamente de la obra ber\u00e9ber. Se ve que el fort\u00edn caminero acab\u00f3 siendo castillo rural, cabecera quiz\u00e1s de alg\u00fan donad\u00edo\u201d.&nbsp;<\/em><\/p>\n\n\n\n<p>Estas anotaciones fueron realizadas por Eslava Gal\u00e1n hacia 1981, es decir hace ya 34 a\u00f1os, tiempo en el que el proceso de deterioro ha proseguido adelante haciendo mella en esta construcci\u00f3n \u00fanica en nuestra comarca. Advierto al lector que en este texto he detectado errores en las orientaciones geogr\u00e1ficas que muy bien pudieran haberse debido a un error de imprenta, y que me he permito subsanar tras una visita al castillo.&nbsp;<br>&nbsp; &nbsp; &nbsp; Por otro lado hay que decir que previsiblemente la entrada principal al recinto se ubicar\u00eda en el flanco Este, donde hoy persisten los restos en ruina de la residencia rural, previsiblemente de los &nbsp;propietarios del castillo, adosada &nbsp;a ese pa\u00f1o de muralla en \u00e9pocas posteriores al proceso de Reconquista. A\u00fan podemos apreciar como la muralla de tapial quedaba embutida en la nueva construcci\u00f3n. Las estancias interiores de esta vivienda ocuparon tambi\u00e9n el patio de armas y acabaron d\u00e1ndole a este recinto una &nbsp;utilidad agr\u00edcola-residencial hasta fechas relativamente recientes.&nbsp;<br>&nbsp; &nbsp; &nbsp;Igualmente la muralla del flanco Norte, entre la torre del homenaje y el torre\u00f3n esquinero ubicado en el \u00e1ngulo del Noreste, debi\u00f3 de ser demolida en \u00e9poca cristiana para poderse construir la Torre y al mismo tiempo proporcionar m\u00e1s amplitud al patio de armas, siendo sustituida por un nuevo muro de tapial, reforzado en las esquinas con mamposter\u00eda irregular, en donde se ubic\u00f3 una puerta de acceso a las &nbsp;nuevas estancias construidas entre este muro y la Torre. El nuevo muro en el que debieron de reutilizarse materiales del desaparecido torreoncillo del Noroeste, ya no alineaba con la pared norte de la torre, como si debi\u00f3 de hacerlo el antiguo pa\u00f1o de muralla &nbsp;ber\u00e9ber. A\u00fan as\u00ed, quedar\u00e1 siempre la duda, hasta tanto se realicen los estudios arqueol\u00f3gicos, &nbsp;de si en los primeros a\u00f1os de ocupaci\u00f3n cristiana, perdur\u00f3 el pa\u00f1o norte de la muralla ber\u00e9ber, por cuyo paseo de ronda &nbsp;se &nbsp; acceder\u00eda &nbsp;f\u00e1cilmente a la puerta de entrada a &nbsp;la c\u00e1mara intermedia de la Torre, situada a m\u00e1s de cinco metros de altura, o si por el contrario fue derribado en los primeros momentos de la ocupaci\u00f3n de esta fortaleza.<\/p>\n\n\n<div class=\"wp-block-image\">\n<figure class=\"alignleft is-resized\"><img decoding=\"async\" src=\"https:\/\/static.wixstatic.com\/media\/7e23fc_c133c72c18ca4940b5875390f2c657d4.jpg\/v1\/fill\/w_472,h_726,al_c,q_80,usm_0.66_1.00_0.01,enc_auto\/7e23fc_c133c72c18ca4940b5875390f2c657d4.jpg\" alt=\"\" style=\"width:412px;height:auto\"\/><figcaption class=\"wp-element-caption\"><strong>Castillo de la Aragonesa: Planta y alzado de la Torre del Homenaje. Fuente: Juan Eslava Gal\u00e1n, a\u00f1o 1981.<\/strong><\/figcaption><\/figure>\n<\/div>\n\n\n<p><\/p>\n\n\n<div class=\"wp-block-image\">\n<figure class=\"alignright is-resized\"><img decoding=\"async\" src=\"https:\/\/static.wixstatic.com\/media\/7e23fc_1ecd79837c0f4457a781394c586bc128.jpg\/v1\/fill\/w_400,h_302,al_c,q_80,enc_auto\/7e23fc_1ecd79837c0f4457a781394c586bc128.jpg\" alt=\"\" style=\"width:400px;height:auto\"\/><figcaption class=\"wp-element-caption\"><strong>Vista del pago del Castillo desde San In\u00e9s y Panduro. Foto: Manuel Perales, a\u00f1o 1977.<\/strong><\/figcaption><\/figure>\n<\/div>\n\n<div class=\"wp-block-image\">\n<figure class=\"alignright\"><img decoding=\"async\" src=\"https:\/\/static.wixstatic.com\/media\/7e23fc_5097415a7a824b70a51f5268daeb2261.jpg\/v1\/fill\/w_400,h_359,al_c,lg_1,q_80,enc_auto\/7e23fc_5097415a7a824b70a51f5268daeb2261.jpg\" alt=\"\"\/><figcaption class=\"wp-element-caption\"><strong>Castillo de la Aragonesa: flanco sur. Foto: Manuel Perales, a\u00f1o 1977.\u00a0<\/strong><\/figcaption><\/figure>\n<\/div>\n\n\n<p><\/p>\n\n\n\n<p><\/p>\n\n\n\n<p><\/p>\n\n\n\n<p><\/p>\n\n\n<div class=\"wp-block-image\">\n<figure class=\"alignright\"><img decoding=\"async\" src=\"https:\/\/static.wixstatic.com\/media\/7e23fc_ba1b9103661f417e95eb4edb0176cefb.jpg\/v1\/fill\/w_528,h_288,al_c,q_80,enc_auto\/7e23fc_ba1b9103661f417e95eb4edb0176cefb.jpg\" alt=\"\"\/><figcaption class=\"wp-element-caption\"><strong>Planta del Castillo de la Aragonesa. Fuente: Juan Eslava Gal\u00e1n, a\u00f1o 1981.<\/strong><\/figcaption><\/figure>\n<\/div>\n\n\n<p><\/p>\n\n\n\n<p><strong>Notas:<\/strong><\/p>\n\n\n\n<p>(1) Se trata del Decreto de 22 de abril de 1949, expedido por el Ministerio de Educaci\u00f3n Nacional (B.O.E . 5-5-1949) sobre protecci\u00f3n de los castillos espa\u00f1oles.<\/p>\n\n\n\n<p>(2) Inventario de yacimientos arqueol\u00f3gicos de la Provincia de Ja\u00e9n. Ficha correspondiente alCastillo de la Aragonesa. Archivo Central de la Consejer\u00eda de Cultura. Sevilla, a\u00f1o 1992<\/p>\n\n\n\n<p>(3) Eslava Gal\u00e1n, Juan: Fortines ber\u00e9beres en Al Andalus\u201d. Publicado en Cuadernos de Estudios Medievales y Ciencias y T\u00e9cnicas Historiogr\u00e1ficas. P\u00e1ginas 97 a 108. Universidad de Granada. A\u00f1o de 1988.<\/p>\n\n\n\n<p><\/p>\n","protected":false},"excerpt":{"rendered":"<p>-Manuel Perales Sol\u00eds- Hace m\u00e1s de 66 a\u00f1os un Decreto del Ministerio de Educaci\u00f3n Nacional sobre protecci\u00f3n de los castillos declaraba que&nbsp;\u201ctodos los castillos de Espa\u00f1a, cualquiera que sea su estado de ruina, quedan bajo la protecci\u00f3n del Estado, que impedir\u00e1 toda intervenci\u00f3n que altere su car\u00e1cter o pueda provocar su derrumbamiento\u201d(1). &nbsp; &nbsp;Posteriormente en [&hellip;]<\/p>\n","protected":false},"author":1,"featured_media":0,"parent":0,"menu_order":0,"comment_status":"closed","ping_status":"closed","template":"","meta":{"footnotes":""},"class_list":["post-529","page","type-page","status-publish","hentry"],"yoast_head":"<!-- This site is optimized with the Yoast SEO plugin v25.2 - https:\/\/yoast.com\/wordpress\/plugins\/seo\/ -->\n<title>El castillo de la Aragonesa, un fort\u00edn bereber - El lugar de Marmolejo<\/title>\n<meta name=\"robots\" content=\"index, follow, max-snippet:-1, max-image-preview:large, max-video-preview:-1\" \/>\n<link rel=\"canonical\" href=\"https:\/\/lugardemarmolejo.es\/?page_id=529\" \/>\n<meta property=\"og:locale\" content=\"es_ES\" \/>\n<meta property=\"og:type\" content=\"article\" \/>\n<meta property=\"og:title\" content=\"El castillo de la Aragonesa, un fort\u00edn bereber - El lugar de Marmolejo\" \/>\n<meta property=\"og:description\" content=\"-Manuel Perales Sol\u00eds- Hace m\u00e1s de 66 a\u00f1os un Decreto del Ministerio de Educaci\u00f3n Nacional sobre protecci\u00f3n de los castillos declaraba que&nbsp;\u201ctodos los castillos de Espa\u00f1a, cualquiera que sea su estado de ruina, quedan bajo la protecci\u00f3n del Estado, que impedir\u00e1 toda intervenci\u00f3n que altere su car\u00e1cter o pueda provocar su derrumbamiento\u201d(1). &nbsp; &nbsp;Posteriormente en [&hellip;]\" \/>\n<meta property=\"og:url\" content=\"https:\/\/lugardemarmolejo.es\/?page_id=529\" \/>\n<meta property=\"og:site_name\" content=\"El lugar de Marmolejo\" \/>\n<meta property=\"article:modified_time\" content=\"2023-12-30T12:26:06+00:00\" \/>\n<meta property=\"og:image\" content=\"https:\/\/static.wixstatic.com\/media\/7e23fc_e0bf193658cb40df8d4cbaf81f01b19d.jpg\/v1\/fill\/w_322,h_318,al_c,q_80,usm_0.66_1.00_0.01,enc_auto\/7e23fc_e0bf193658cb40df8d4cbaf81f01b19d.jpg\" \/>\n<meta name=\"twitter:card\" content=\"summary_large_image\" \/>\n<meta name=\"twitter:label1\" content=\"Tiempo de lectura\" \/>\n\t<meta name=\"twitter:data1\" content=\"9 minutos\" \/>\n<script type=\"application\/ld+json\" class=\"yoast-schema-graph\">{\"@context\":\"https:\/\/schema.org\",\"@graph\":[{\"@type\":\"WebPage\",\"@id\":\"https:\/\/lugardemarmolejo.es\/?page_id=529\",\"url\":\"https:\/\/lugardemarmolejo.es\/?page_id=529\",\"name\":\"El castillo de la Aragonesa, un fort\u00edn bereber - El lugar de Marmolejo\",\"isPartOf\":{\"@id\":\"https:\/\/lugardemarmolejo.es\/#website\"},\"primaryImageOfPage\":{\"@id\":\"https:\/\/lugardemarmolejo.es\/?page_id=529#primaryimage\"},\"image\":{\"@id\":\"https:\/\/lugardemarmolejo.es\/?page_id=529#primaryimage\"},\"thumbnailUrl\":\"https:\/\/static.wixstatic.com\/media\/7e23fc_e0bf193658cb40df8d4cbaf81f01b19d.jpg\/v1\/fill\/w_322,h_318,al_c,q_80,usm_0.66_1.00_0.01,enc_auto\/7e23fc_e0bf193658cb40df8d4cbaf81f01b19d.jpg\",\"datePublished\":\"2023-12-30T12:26:05+00:00\",\"dateModified\":\"2023-12-30T12:26:06+00:00\",\"breadcrumb\":{\"@id\":\"https:\/\/lugardemarmolejo.es\/?page_id=529#breadcrumb\"},\"inLanguage\":\"es\",\"potentialAction\":[{\"@type\":\"ReadAction\",\"target\":[\"https:\/\/lugardemarmolejo.es\/?page_id=529\"]}]},{\"@type\":\"ImageObject\",\"inLanguage\":\"es\",\"@id\":\"https:\/\/lugardemarmolejo.es\/?page_id=529#primaryimage\",\"url\":\"https:\/\/static.wixstatic.com\/media\/7e23fc_e0bf193658cb40df8d4cbaf81f01b19d.jpg\/v1\/fill\/w_322,h_318,al_c,q_80,usm_0.66_1.00_0.01,enc_auto\/7e23fc_e0bf193658cb40df8d4cbaf81f01b19d.jpg\",\"contentUrl\":\"https:\/\/static.wixstatic.com\/media\/7e23fc_e0bf193658cb40df8d4cbaf81f01b19d.jpg\/v1\/fill\/w_322,h_318,al_c,q_80,usm_0.66_1.00_0.01,enc_auto\/7e23fc_e0bf193658cb40df8d4cbaf81f01b19d.jpg\"},{\"@type\":\"BreadcrumbList\",\"@id\":\"https:\/\/lugardemarmolejo.es\/?page_id=529#breadcrumb\",\"itemListElement\":[{\"@type\":\"ListItem\",\"position\":1,\"name\":\"Portada\",\"item\":\"https:\/\/lugardemarmolejo.es\/\"},{\"@type\":\"ListItem\",\"position\":2,\"name\":\"El castillo de la Aragonesa, un fort\u00edn bereber\"}]},{\"@type\":\"WebSite\",\"@id\":\"https:\/\/lugardemarmolejo.es\/#website\",\"url\":\"https:\/\/lugardemarmolejo.es\/\",\"name\":\"El lugar de Marmolejo\",\"description\":\"\",\"potentialAction\":[{\"@type\":\"SearchAction\",\"target\":{\"@type\":\"EntryPoint\",\"urlTemplate\":\"https:\/\/lugardemarmolejo.es\/?s={search_term_string}\"},\"query-input\":{\"@type\":\"PropertyValueSpecification\",\"valueRequired\":true,\"valueName\":\"search_term_string\"}}],\"inLanguage\":\"es\"}]}<\/script>\n<!-- \/ Yoast SEO plugin. -->","yoast_head_json":{"title":"El castillo de la Aragonesa, un fort\u00edn bereber - El lugar de Marmolejo","robots":{"index":"index","follow":"follow","max-snippet":"max-snippet:-1","max-image-preview":"max-image-preview:large","max-video-preview":"max-video-preview:-1"},"canonical":"https:\/\/lugardemarmolejo.es\/?page_id=529","og_locale":"es_ES","og_type":"article","og_title":"El castillo de la Aragonesa, un fort\u00edn bereber - El lugar de Marmolejo","og_description":"-Manuel Perales Sol\u00eds- Hace m\u00e1s de 66 a\u00f1os un Decreto del Ministerio de Educaci\u00f3n Nacional sobre protecci\u00f3n de los castillos declaraba que&nbsp;\u201ctodos los castillos de Espa\u00f1a, cualquiera que sea su estado de ruina, quedan bajo la protecci\u00f3n del Estado, que impedir\u00e1 toda intervenci\u00f3n que altere su car\u00e1cter o pueda provocar su derrumbamiento\u201d(1). &nbsp; &nbsp;Posteriormente en [&hellip;]","og_url":"https:\/\/lugardemarmolejo.es\/?page_id=529","og_site_name":"El lugar de Marmolejo","article_modified_time":"2023-12-30T12:26:06+00:00","og_image":[{"url":"https:\/\/static.wixstatic.com\/media\/7e23fc_e0bf193658cb40df8d4cbaf81f01b19d.jpg\/v1\/fill\/w_322,h_318,al_c,q_80,usm_0.66_1.00_0.01,enc_auto\/7e23fc_e0bf193658cb40df8d4cbaf81f01b19d.jpg","type":"","width":"","height":""}],"twitter_card":"summary_large_image","twitter_misc":{"Tiempo de lectura":"9 minutos"},"schema":{"@context":"https:\/\/schema.org","@graph":[{"@type":"WebPage","@id":"https:\/\/lugardemarmolejo.es\/?page_id=529","url":"https:\/\/lugardemarmolejo.es\/?page_id=529","name":"El castillo de la Aragonesa, un fort\u00edn bereber - El lugar de Marmolejo","isPartOf":{"@id":"https:\/\/lugardemarmolejo.es\/#website"},"primaryImageOfPage":{"@id":"https:\/\/lugardemarmolejo.es\/?page_id=529#primaryimage"},"image":{"@id":"https:\/\/lugardemarmolejo.es\/?page_id=529#primaryimage"},"thumbnailUrl":"https:\/\/static.wixstatic.com\/media\/7e23fc_e0bf193658cb40df8d4cbaf81f01b19d.jpg\/v1\/fill\/w_322,h_318,al_c,q_80,usm_0.66_1.00_0.01,enc_auto\/7e23fc_e0bf193658cb40df8d4cbaf81f01b19d.jpg","datePublished":"2023-12-30T12:26:05+00:00","dateModified":"2023-12-30T12:26:06+00:00","breadcrumb":{"@id":"https:\/\/lugardemarmolejo.es\/?page_id=529#breadcrumb"},"inLanguage":"es","potentialAction":[{"@type":"ReadAction","target":["https:\/\/lugardemarmolejo.es\/?page_id=529"]}]},{"@type":"ImageObject","inLanguage":"es","@id":"https:\/\/lugardemarmolejo.es\/?page_id=529#primaryimage","url":"https:\/\/static.wixstatic.com\/media\/7e23fc_e0bf193658cb40df8d4cbaf81f01b19d.jpg\/v1\/fill\/w_322,h_318,al_c,q_80,usm_0.66_1.00_0.01,enc_auto\/7e23fc_e0bf193658cb40df8d4cbaf81f01b19d.jpg","contentUrl":"https:\/\/static.wixstatic.com\/media\/7e23fc_e0bf193658cb40df8d4cbaf81f01b19d.jpg\/v1\/fill\/w_322,h_318,al_c,q_80,usm_0.66_1.00_0.01,enc_auto\/7e23fc_e0bf193658cb40df8d4cbaf81f01b19d.jpg"},{"@type":"BreadcrumbList","@id":"https:\/\/lugardemarmolejo.es\/?page_id=529#breadcrumb","itemListElement":[{"@type":"ListItem","position":1,"name":"Portada","item":"https:\/\/lugardemarmolejo.es\/"},{"@type":"ListItem","position":2,"name":"El castillo de la Aragonesa, un fort\u00edn bereber"}]},{"@type":"WebSite","@id":"https:\/\/lugardemarmolejo.es\/#website","url":"https:\/\/lugardemarmolejo.es\/","name":"El lugar de Marmolejo","description":"","potentialAction":[{"@type":"SearchAction","target":{"@type":"EntryPoint","urlTemplate":"https:\/\/lugardemarmolejo.es\/?s={search_term_string}"},"query-input":{"@type":"PropertyValueSpecification","valueRequired":true,"valueName":"search_term_string"}}],"inLanguage":"es"}]}},"_links":{"self":[{"href":"https:\/\/lugardemarmolejo.es\/index.php?rest_route=\/wp\/v2\/pages\/529","targetHints":{"allow":["GET"]}}],"collection":[{"href":"https:\/\/lugardemarmolejo.es\/index.php?rest_route=\/wp\/v2\/pages"}],"about":[{"href":"https:\/\/lugardemarmolejo.es\/index.php?rest_route=\/wp\/v2\/types\/page"}],"author":[{"embeddable":true,"href":"https:\/\/lugardemarmolejo.es\/index.php?rest_route=\/wp\/v2\/users\/1"}],"replies":[{"embeddable":true,"href":"https:\/\/lugardemarmolejo.es\/index.php?rest_route=%2Fwp%2Fv2%2Fcomments&post=529"}],"version-history":[{"count":1,"href":"https:\/\/lugardemarmolejo.es\/index.php?rest_route=\/wp\/v2\/pages\/529\/revisions"}],"predecessor-version":[{"id":530,"href":"https:\/\/lugardemarmolejo.es\/index.php?rest_route=\/wp\/v2\/pages\/529\/revisions\/530"}],"wp:attachment":[{"href":"https:\/\/lugardemarmolejo.es\/index.php?rest_route=%2Fwp%2Fv2%2Fmedia&parent=529"}],"curies":[{"name":"wp","href":"https:\/\/api.w.org\/{rel}","templated":true}]}}