{"id":504,"date":"2023-12-30T11:37:36","date_gmt":"2023-12-30T11:37:36","guid":{"rendered":"https:\/\/lugardemarmolejo.es\/?page_id=504"},"modified":"2023-12-30T11:37:37","modified_gmt":"2023-12-30T11:37:37","slug":"caserias-de-nuestro-entorno-san-camilo-de-lelis-en-el-charco-novillo-de-montoro","status":"publish","type":"page","link":"https:\/\/lugardemarmolejo.es\/?page_id=504","title":{"rendered":"Caser\u00edas de nuestro entorno: San Camilo de Lelis en el Charco Novillo de Montoro"},"content":{"rendered":"\n<h1 class=\"wp-block-heading\"><\/h1>\n\n\n\n<h4 class=\"wp-block-heading\">-Manuel Perales Sol\u00eds-<\/h4>\n\n\n\n<p>Uno de los edificios de funcionalidad agr\u00edcola-residencial m\u00e1s interesante de nuestro entorno, con indudables valores hist\u00f3rico-art\u00edsticos y digno de ser incluido en el inventario de bienes a proteger, es sin lugar a dudas la caser\u00eda de San Camilo de Lelis, actualmente en situaci\u00f3n de deterioro casi irreversible.<\/p>\n\n\n\n<p>&nbsp; Esta impresionante caser\u00eda del Charco Novillo de Montoro era descrita en el folleto editado en 1989 por la Asociaci\u00f3n Cultural de Escalera y San Camilo de Lelis de la siguiente forma:&nbsp;<em>\u201cDe fines del XVIII (1775), es al igual que la de Escalera un aut\u00e9ntico complejo productivo de la \u00e9poca de mayor difusi\u00f3n del olivar en el \u00e1rea de la sierra. Se construye a expensas del coronel marqu\u00e9s de Monteolivar, por los arquitectos Alonso y Francisco P\u00e9rez Palomino, padre e hijo respectivamente.<\/em><\/p>\n\n\n\n<p><em>Dispone de f\u00e1brica aceite, capilla con reja en el coro y diversas viviendas para los se\u00f1ores, caseros y personas a cargo de las faenas de la finca (muleros, braceros, etc.). En su parte trasera, un enorme jard\u00edn donde no ha mucho tiempo, se erig\u00edan dos fastuosas palmeras, permite una exquisita vista hacia el r\u00edo Guadalquivir, el pago de Verdizales y la Aragonesa. Una pieza \u00fanica en su g\u00e9nero es su pozo, desde donde se conduc\u00eda su agua por un acueducto hecho en adobe y piedra, hasta la cercana caser\u00eda. Igualmente singular\u00edsimo resulta el recinto que precede a la fachada de la capilla, adornado con asientos de azucare\u00f1a art\u00edsticamente labrados\u201d.&nbsp;<\/em><\/p>\n\n\n<div class=\"wp-block-image\">\n<figure class=\"aligncenter is-resized\"><img decoding=\"async\" src=\"https:\/\/static.wixstatic.com\/media\/7e23fc_242342b3f5e4460894fcf0b389fde6e2.jpg\/v1\/fill\/w_928,h_348,al_c,q_80,enc_auto\/7e23fc_242342b3f5e4460894fcf0b389fde6e2.jpg\" alt=\"\" style=\"width:827px;height:auto\"\/><figcaption class=\"wp-element-caption\"><strong>Caser\u00eda de San Camilo de Lelis en el pago del Charco del Novillo de Montoro, muy pr\u00f3xima a la desembocadura del rio Yeguas. Foto: Manuel Perales.<\/strong><\/figcaption><\/figure>\n<\/div>\n\n\n<p><\/p>\n\n\n\n<p>En noviembre de 2007 un documentado art\u00edculo del montore\u00f1o Pedro Majuelos Martos, titulado \u201cPaseando por nuestros campos: San Camilo de Lelis\u201d profundiza a\u00fan m\u00e1s en los aspectos hist\u00f3ricos y descriptivos de esta antigua caser\u00eda. (1)<\/p>\n\n\n\n<p>En relaci\u00f3n a los primeros nos dice citando al escritor cordob\u00e9s Ram\u00edrez y Las Casas-Deza que San Camilo hacia 1840 era un magn\u00edfico plant\u00edo de olivar con 40.000 pies en el pago del Charco Novillo con molino de seis vigas, cuatro de ellas de marca mayor, excelente caser\u00edo y oratorio. En la portada de capilla se puede leer: \u201cIglesia de San Camilo de Lelis, construida a expensas del Coronel Marqu\u00e9s de Monteolivar por los arquitectos Alonso y Francisco P\u00e9rez Palomino, padre e hijo respectivamente en el a\u00f1os de 1775\u201d.En la capilla cabe destacar la portada con front\u00f3n y espada\u00f1a de siller\u00eda. Se mantiene la verja de forja en lo que fue peque\u00f1o coro. Asimismo se mantienen dos torres de contrapeso que albergaban las seis vigas a que hace referencia Ram\u00edrez y Las Casas-Deza, una dos y otra cuatro. Es esta pieza del molino la m\u00e1s llamativa, dentro del extraordinario conjunto, siendo realizada por los mismos arquitectos que trabajaron en el resto de la caser\u00eda.<\/p>\n\n\n<div class=\"wp-block-image\">\n<figure class=\"alignright is-resized\"><img decoding=\"async\" src=\"https:\/\/static.wixstatic.com\/media\/7e23fc_f7c6ae6aebac4e53936c0b842bc8f5c7.jpg\/v1\/fill\/w_512,h_583,al_c,q_80,enc_auto\/7e23fc_f7c6ae6aebac4e53936c0b842bc8f5c7.jpg\" alt=\"\" style=\"width:456px;height:auto\"\/><figcaption class=\"wp-element-caption\"><strong>Detalle de la espada\u00f1a de la iglesia de San Camilo de Lelis, construida por los arquitectos Alonso y Francisco P\u00e9rez Palomino en 1775. Foto: Manuel Perales Sol\u00eds.<\/strong><\/figcaption><\/figure>\n<\/div>\n\n\n<p>&nbsp;Si consultamos el Catastro del Ensenada de 1752, comprobamos que hab\u00eda un molino de dos vigas en el pago del Charco del &nbsp;Novillo cuyo propietario era Gregorio de Espinosa, brigadier y vecino de Bujalance. Comprobada la relaci\u00f3n familiar de este se\u00f1or con uno de los personajes que aparece en la inscripci\u00f3n, antes mencionada, podemos llegar a la conclusi\u00f3n de que esta almazara, en su origen, data de antes de 1752 y que a partir de 1773 se realiza una reforma, agreg\u00e1ndose un nuevo molino de cuatro vigas y la iglesia. En este sentido una placa similar a la que adorna el dintel de la capilla, la encontramos en la entrada al molino con la siguiente inscripci\u00f3n: Molino construido el a\u00f1os de 1773 por los arquitectos Alonso y Francisco P\u00e9rez Palomino, padre e hijo a expensas del coronel marqu\u00e9s de Monteolivar\u201d. Posteriormente en 1781, se le agrega el se\u00f1or\u00edo. &nbsp;<\/p>\n\n\n\n<p>&nbsp;\u201cJusto en frente del portal\u00f3n principal &nbsp;se situaba el caser\u00edo. De factura sencilla, componi\u00e9ndose de una nave galer\u00eda de un solo piso. Por la parte trasera se accede, por unas escaleras, a lo que fue un frondoso jard\u00edn aterrazado. Las vistas del cauce del Guadalquivir son impresionantes. Los antiguos due\u00f1os dejaron constancia de este hecho haciendo grabar encima del dintel del caser\u00edo la siguiente inscripci\u00f3n: \u201cGaler\u00eda mandada construir para salida y vista del r\u00edo. A\u00f1o de 1781\u201d, lo que nos hace suponer que el emplazamiento de este edificio no fue fruto de casualidad sino que sus due\u00f1os tuvieron por este lugar una especial predilecci\u00f3n. De hecho se sabe que el tercer marqu\u00e9s, Juan Manuel Espinosa de los Monteros y Aliaga, eligi\u00f3 San Camilo para pasar sus \u00faltimos d\u00edas de su vida, circunstancia que aconteci\u00f3 el 3 de junio de 1879. Tambi\u00e9n es conocido que las mujeres de esta familia ostentaban el de Camila entre sus m\u00faltiples nombres\u201d. La segunda mujer de Juan Manuel Espinosa de los Monteros, Mar\u00eda Asunci\u00f3n Angioletti y D\u00edaz de la Serna, fallecida en 1909, ostentaba el titulo de vizcondesa del Charco del Novillo.<\/p>\n\n\n\n<p>&nbsp; Prosiguiendo con el art\u00edculo de Majuelos Martos en cuanto a los personajes que aparecen en la inscripci\u00f3n de la portada de la iglesia, sabemos que el coronel marqu\u00e9s de Monteolivar fue Felix Espinosa de los Monteros-Aliaga, hijo del anteriormente mencionado Gregorio Espinosa de los Monteros, militar, nacido en Granada y posiblemente destinado en Bujalance donde falleci\u00f3.<\/p>\n\n\n\n<p>&nbsp; D. F\u00e9lix naci\u00f3 en Epila (Arag\u00f3n) el 23 de julio de 1720, aunque vivi\u00f3 pr\u00e1cticamente toda su vida en Bujalance. Recibi\u00f3 los t\u00edtulos de marqu\u00e9s de Monteolivar y Vizconde del Charco del Novillo de manos del rey Carlos III, siendo entonces D. F\u00e9lix, teniente coronel de los Reales Ej\u00e9rcitos, antiguo Oficial de Reales Guardias Espa\u00f1olas y Caballero de la Orden de Santiago. Contrajo matrimonio con D\u00f1a. Ana Mar\u00eda Garc\u00eda Palomo Wanderpoel y Vergara, se\u00f1ora de la villa de Crespia (Figueras). De este matrimonio naci\u00f3 como hija \u00fanica D\u00f1a. Francisca de Paula Mar\u00eda Espinosa de los Monteros-Aliaga, segunda marquesa de Monteolivar, por derecho propio. Don F\u00e9lix falleci\u00f3 en Bujalance el 28 de septiembre de 1787.<\/p>\n\n\n<div class=\"wp-block-image\">\n<figure class=\"aligncenter is-resized\"><img decoding=\"async\" src=\"https:\/\/static.wixstatic.com\/media\/7e23fc_3c2451d87e5940e48d2aa8a83089a572.jpg\/v1\/fill\/w_845,h_351,al_c,lg_1,q_80,enc_auto\/7e23fc_3c2451d87e5940e48d2aa8a83089a572.jpg\" alt=\"\" style=\"width:809px;height:auto\"\/><figcaption class=\"wp-element-caption\"><strong>Caser\u00eda de San Camilo de Lelis y reja desaparecida del coro su iglesia. Reproducci\u00f3n realizadas por Robles. \u00a0Fuente: Revista anual \u201cEl Olivar Serrano:paisajes, caser\u00edo y costumbres\u201d. A\u00f1o 1991.<\/strong><\/figcaption><\/figure>\n<\/div>\n\n\n<p><\/p>\n\n\n\n<p>&nbsp;De los arquitectos que intervienen en San Camilo parece ser que eran originarios de Bujalance y que realizaron una serie de obras en Montoro, Bujalance y And\u00fajar. En Montoro se les podr\u00eda atribuir la realizaci\u00f3n de las Tercias Catedralicias, por la similitud arquitect\u00f3nica con San Camilo. En Bujalance fueron autores del palacio de los Monteolivar, y en And\u00fajar del palacio de Messia, del altozano de Santa Mar\u00eda, ya desaparecido, mandado construir por la familia Messia Camacho que estaban a su vez emparentados con los Camacho de Montoro. Esta casa guardaba gran parecido con otras casas construidas por los Palomino en Montoro.<\/p>\n\n\n\n<p>&nbsp; &nbsp;El origen y la vida de enclaves olivareros como San Camilo, o la cercana caser\u00eda de Escalera, y en definitiva, de las caser\u00edas del Charco del Novillo, lo he encontrado acertadamente recogido en un bello art\u00edculo de los a\u00f1os 70 publicado en el diario C\u00f3rdoba por Juan Bernier &nbsp;y recopilado por el montore\u00f1o Francisco Aguilar P\u00e9rez bajo el t\u00edtulo \u201cLos Oratorios rurales de Montoro\u201d (2):&nbsp;<\/p>\n\n\n\n<p><em>\u201cMontoro serrano extendi\u00f3 un tiempo su agreste fisonom\u00eda en agrestes soledades de bajo monte, encinar, \u00e1speros setos de espliego, jaras, enebros, cornicabras, quejigos y romeros. Fue en el siglo XVIII, seg\u00fan cuenta Ponz en su \u201cViaje por Espa\u00f1a\u201d, que un montore\u00f1o, labrador y propietario de enormes heredades de esta sierra de cabras, se le ocurri\u00f3 desbrozar la maleza y plantar miles de pies de olivos, que en poco tiempo cambiaron no solo el paisaje sino la econom\u00eda de aquella \u00e1spera geograf\u00eda. De esta forma los latifundios de los nobles cordobeses, antes olvidados y recordados s\u00f3lo con ocasi\u00f3n de invernales cacer\u00edas, vinieron a ser espor\u00e1dicos centros de producci\u00f3n agroindustrial. Repartidos por la sierra o el llano, se adaptaron sus construcciones r\u00fasticas y ganaderas, para recibir durante la recolecci\u00f3n personal y bestias de carga para los transportes aceituneros y aceituneras y al ya dictador cargo de \u201cmaestro de molino\u201d, primer ingeniero de la naciente industria. Pero no solo esto, sino que en las quebradas sierras apareci\u00f3 la casa se\u00f1orial campestre, donde rodeado de comodidades el se\u00f1or y su familia acompa\u00f1an al festival bullicio de la recolecci\u00f3n y la molienda. As\u00ed surgieron magn\u00edficas haciendas, verdaderos conjuntos arquitect\u00f3nicos utilitarios en principio y hasta de lujo despu\u00e9s. Cada uno de estos grandes caser\u00edos albergaba temporalmente una multitud m\u00e1s abigarrada que la de los mismos pueblos. De ah\u00ed que para la satisfacci\u00f3n de sus necesidades espirituales, cada finca importante edificara su iglesia y oratorio, lleno de sabor, con su \u00fanica espada\u00f1a y su veleta \u00fanica. Pero de esta peque\u00f1a mansi\u00f3n de esp\u00edritu, surg\u00edan sobre los campos los sonidos matinales del \u201cAngelus\u201d y en la vecindad de las sombras, las \u201cV\u00edsperas\u201d.<\/em><\/p>\n\n\n\n<p><em>&nbsp; \u00a1Dichosa temporada invernal con el orujo ardiendo en la inmensa cocina y la matanza en la despensa Fresca!. \u00a1\u00c1gapes ma\u00f1aneros de las migas con torreznos, cocinado suculento de los almuerzos, jam\u00f3n y huevos del d\u00eda en las cenas!.<\/em><\/p>\n\n\n\n<p><em>&nbsp; Los domingos los oratorios de San Fernando, en la Nava, Ntra Sra. Del Rosario, San Camilo y San Sebasti\u00e1n en el Charco del Novillo (3), la Encarnaci\u00f3n en la Torrecilla, San Lucas en Sotogordo, San Antonio Abad, en la Vega de Armijo y los Remedios en la aristocr\u00e1tica de Villaverde, lanzaban sus campanas como una algarada celestial por entre la plata de los olivos. El cura en la tartana recorr\u00eda unos y otros, abreviando sus misas &nbsp;de licencia, para acabar en donde la reconocida largueza del hacendado multiplicaba los aprestos del desayuno, convirti\u00e9ndolo en almuerzo suculento. Segu\u00eda el vino virgen de los lagares hoy perdidos, de cosecha, para uso personal, y por lo tanto selectos. Despu\u00e9s, como aquel duro ejercicio digestivo requer\u00eda el merecido reposo, la conversaci\u00f3n en la caliente estufa llegaba hasta el chocolate de la merienda donde un verdadero arsenal de emparedados de pavo, de tortas de manteca, de pesti\u00f1os en miel, de soplados de canela, surg\u00edan de las alacenas junto al moscatel dulce y los anises de Rute. \u00a1Verdaderos d\u00edas del Se\u00f1or!&#8230;&#8230;Hoy estas r\u00fasticas campanas no suenan en la soledad serrana. Y en verdad que su sonido llevaba un aliento caliente, humano, como el que nace del horno donde el pan se cuece.\u201d<\/em><\/p>\n\n\n\n<p>(1) Este interesante art\u00edculo fue publicado en el desaparecido blog, creado por Pedro Majuelos Martos (q.e.p.d.) denominado \u201cblogcentauromontoro.com\u201d.<\/p>\n\n\n\n<p>(2) Aguilar P\u00e9rez, Francisco: \u201cLos oratorios rurales de Montoro\u201d publicado en blog.centauromontoro.com. A\u00f1o 2008. El nombrado Juan Bernier Luque, autor del bello art\u00edculo, es &nbsp;cofundador del c\u00e9lebre grupo po\u00e9tico C\u00e1ntico, escritor y &nbsp;poeta cordob\u00e9s nacido en La Carlota en 1911.<\/p>\n\n\n\n<p>(3) Esta ermita de San Sebasti\u00e1n se encuentra en las proximidades de la caser\u00eda de \u201cEl Santo\u201d. En su fachada, sobre el dintel de la puerta principal podemos leer la siguiente inscripci\u00f3n: \u201cSe hizo esta iglesia de Nuestra Se\u00f1ora de los Remedios, a\u00f1o de 1592, por los ascendientes de Don Antonio de Coca que la reedific\u00f3 de cimientos con Do\u00f1a Nicolasa Ben\u00edtez de Molinsmo, a\u00f1o de 1792. Inscripci\u00f3n recogida en el folleto editado por la Asociaci\u00f3n Cultural de Escalera y San Camilo de Lelis. Marmolejo, a\u00f1o de 1989.<\/p>\n","protected":false},"excerpt":{"rendered":"<p>-Manuel Perales Sol\u00eds- Uno de los edificios de funcionalidad agr\u00edcola-residencial m\u00e1s interesante de nuestro entorno, con indudables valores hist\u00f3rico-art\u00edsticos y digno de ser incluido en el inventario de bienes a proteger, es sin lugar a dudas la caser\u00eda de San Camilo de Lelis, actualmente en situaci\u00f3n de deterioro casi irreversible. &nbsp; Esta impresionante caser\u00eda del [&hellip;]<\/p>\n","protected":false},"author":1,"featured_media":0,"parent":0,"menu_order":0,"comment_status":"closed","ping_status":"closed","template":"","meta":{"footnotes":""},"class_list":["post-504","page","type-page","status-publish","hentry"],"yoast_head":"<!-- This site is optimized with the Yoast SEO plugin v25.2 - https:\/\/yoast.com\/wordpress\/plugins\/seo\/ -->\n<title>Caser\u00edas de nuestro entorno: San Camilo de Lelis en el Charco Novillo de Montoro - El lugar de Marmolejo<\/title>\n<meta name=\"robots\" content=\"index, follow, max-snippet:-1, max-image-preview:large, max-video-preview:-1\" \/>\n<link rel=\"canonical\" href=\"https:\/\/lugardemarmolejo.es\/?page_id=504\" \/>\n<meta property=\"og:locale\" content=\"es_ES\" \/>\n<meta property=\"og:type\" content=\"article\" \/>\n<meta property=\"og:title\" content=\"Caser\u00edas de nuestro entorno: San Camilo de Lelis en el Charco Novillo de Montoro - El lugar de Marmolejo\" \/>\n<meta property=\"og:description\" content=\"-Manuel Perales Sol\u00eds- Uno de los edificios de funcionalidad agr\u00edcola-residencial m\u00e1s interesante de nuestro entorno, con indudables valores hist\u00f3rico-art\u00edsticos y digno de ser incluido en el inventario de bienes a proteger, es sin lugar a dudas la caser\u00eda de San Camilo de Lelis, actualmente en situaci\u00f3n de deterioro casi irreversible. &nbsp; Esta impresionante caser\u00eda del [&hellip;]\" \/>\n<meta property=\"og:url\" content=\"https:\/\/lugardemarmolejo.es\/?page_id=504\" \/>\n<meta property=\"og:site_name\" content=\"El lugar de Marmolejo\" \/>\n<meta property=\"article:modified_time\" content=\"2023-12-30T11:37:37+00:00\" \/>\n<meta property=\"og:image\" content=\"https:\/\/static.wixstatic.com\/media\/7e23fc_242342b3f5e4460894fcf0b389fde6e2.jpg\/v1\/fill\/w_928,h_348,al_c,q_80,enc_auto\/7e23fc_242342b3f5e4460894fcf0b389fde6e2.jpg\" \/>\n<meta name=\"twitter:card\" content=\"summary_large_image\" \/>\n<meta name=\"twitter:label1\" content=\"Tiempo de lectura\" \/>\n\t<meta name=\"twitter:data1\" content=\"10 minutos\" \/>\n<script type=\"application\/ld+json\" class=\"yoast-schema-graph\">{\"@context\":\"https:\/\/schema.org\",\"@graph\":[{\"@type\":\"WebPage\",\"@id\":\"https:\/\/lugardemarmolejo.es\/?page_id=504\",\"url\":\"https:\/\/lugardemarmolejo.es\/?page_id=504\",\"name\":\"Caser\u00edas de nuestro entorno: San Camilo de Lelis en el Charco Novillo de Montoro - El lugar de Marmolejo\",\"isPartOf\":{\"@id\":\"https:\/\/lugardemarmolejo.es\/#website\"},\"primaryImageOfPage\":{\"@id\":\"https:\/\/lugardemarmolejo.es\/?page_id=504#primaryimage\"},\"image\":{\"@id\":\"https:\/\/lugardemarmolejo.es\/?page_id=504#primaryimage\"},\"thumbnailUrl\":\"https:\/\/static.wixstatic.com\/media\/7e23fc_242342b3f5e4460894fcf0b389fde6e2.jpg\/v1\/fill\/w_928,h_348,al_c,q_80,enc_auto\/7e23fc_242342b3f5e4460894fcf0b389fde6e2.jpg\",\"datePublished\":\"2023-12-30T11:37:36+00:00\",\"dateModified\":\"2023-12-30T11:37:37+00:00\",\"breadcrumb\":{\"@id\":\"https:\/\/lugardemarmolejo.es\/?page_id=504#breadcrumb\"},\"inLanguage\":\"es\",\"potentialAction\":[{\"@type\":\"ReadAction\",\"target\":[\"https:\/\/lugardemarmolejo.es\/?page_id=504\"]}]},{\"@type\":\"ImageObject\",\"inLanguage\":\"es\",\"@id\":\"https:\/\/lugardemarmolejo.es\/?page_id=504#primaryimage\",\"url\":\"https:\/\/static.wixstatic.com\/media\/7e23fc_242342b3f5e4460894fcf0b389fde6e2.jpg\/v1\/fill\/w_928,h_348,al_c,q_80,enc_auto\/7e23fc_242342b3f5e4460894fcf0b389fde6e2.jpg\",\"contentUrl\":\"https:\/\/static.wixstatic.com\/media\/7e23fc_242342b3f5e4460894fcf0b389fde6e2.jpg\/v1\/fill\/w_928,h_348,al_c,q_80,enc_auto\/7e23fc_242342b3f5e4460894fcf0b389fde6e2.jpg\"},{\"@type\":\"BreadcrumbList\",\"@id\":\"https:\/\/lugardemarmolejo.es\/?page_id=504#breadcrumb\",\"itemListElement\":[{\"@type\":\"ListItem\",\"position\":1,\"name\":\"Portada\",\"item\":\"https:\/\/lugardemarmolejo.es\/\"},{\"@type\":\"ListItem\",\"position\":2,\"name\":\"Caser\u00edas de nuestro entorno: San Camilo de Lelis en el Charco Novillo de Montoro\"}]},{\"@type\":\"WebSite\",\"@id\":\"https:\/\/lugardemarmolejo.es\/#website\",\"url\":\"https:\/\/lugardemarmolejo.es\/\",\"name\":\"El lugar de Marmolejo\",\"description\":\"\",\"potentialAction\":[{\"@type\":\"SearchAction\",\"target\":{\"@type\":\"EntryPoint\",\"urlTemplate\":\"https:\/\/lugardemarmolejo.es\/?s={search_term_string}\"},\"query-input\":{\"@type\":\"PropertyValueSpecification\",\"valueRequired\":true,\"valueName\":\"search_term_string\"}}],\"inLanguage\":\"es\"}]}<\/script>\n<!-- \/ Yoast SEO plugin. -->","yoast_head_json":{"title":"Caser\u00edas de nuestro entorno: San Camilo de Lelis en el Charco Novillo de Montoro - El lugar de Marmolejo","robots":{"index":"index","follow":"follow","max-snippet":"max-snippet:-1","max-image-preview":"max-image-preview:large","max-video-preview":"max-video-preview:-1"},"canonical":"https:\/\/lugardemarmolejo.es\/?page_id=504","og_locale":"es_ES","og_type":"article","og_title":"Caser\u00edas de nuestro entorno: San Camilo de Lelis en el Charco Novillo de Montoro - El lugar de Marmolejo","og_description":"-Manuel Perales Sol\u00eds- Uno de los edificios de funcionalidad agr\u00edcola-residencial m\u00e1s interesante de nuestro entorno, con indudables valores hist\u00f3rico-art\u00edsticos y digno de ser incluido en el inventario de bienes a proteger, es sin lugar a dudas la caser\u00eda de San Camilo de Lelis, actualmente en situaci\u00f3n de deterioro casi irreversible. &nbsp; Esta impresionante caser\u00eda del [&hellip;]","og_url":"https:\/\/lugardemarmolejo.es\/?page_id=504","og_site_name":"El lugar de Marmolejo","article_modified_time":"2023-12-30T11:37:37+00:00","og_image":[{"url":"https:\/\/static.wixstatic.com\/media\/7e23fc_242342b3f5e4460894fcf0b389fde6e2.jpg\/v1\/fill\/w_928,h_348,al_c,q_80,enc_auto\/7e23fc_242342b3f5e4460894fcf0b389fde6e2.jpg","type":"","width":"","height":""}],"twitter_card":"summary_large_image","twitter_misc":{"Tiempo de lectura":"10 minutos"},"schema":{"@context":"https:\/\/schema.org","@graph":[{"@type":"WebPage","@id":"https:\/\/lugardemarmolejo.es\/?page_id=504","url":"https:\/\/lugardemarmolejo.es\/?page_id=504","name":"Caser\u00edas de nuestro entorno: San Camilo de Lelis en el Charco Novillo de Montoro - El lugar de Marmolejo","isPartOf":{"@id":"https:\/\/lugardemarmolejo.es\/#website"},"primaryImageOfPage":{"@id":"https:\/\/lugardemarmolejo.es\/?page_id=504#primaryimage"},"image":{"@id":"https:\/\/lugardemarmolejo.es\/?page_id=504#primaryimage"},"thumbnailUrl":"https:\/\/static.wixstatic.com\/media\/7e23fc_242342b3f5e4460894fcf0b389fde6e2.jpg\/v1\/fill\/w_928,h_348,al_c,q_80,enc_auto\/7e23fc_242342b3f5e4460894fcf0b389fde6e2.jpg","datePublished":"2023-12-30T11:37:36+00:00","dateModified":"2023-12-30T11:37:37+00:00","breadcrumb":{"@id":"https:\/\/lugardemarmolejo.es\/?page_id=504#breadcrumb"},"inLanguage":"es","potentialAction":[{"@type":"ReadAction","target":["https:\/\/lugardemarmolejo.es\/?page_id=504"]}]},{"@type":"ImageObject","inLanguage":"es","@id":"https:\/\/lugardemarmolejo.es\/?page_id=504#primaryimage","url":"https:\/\/static.wixstatic.com\/media\/7e23fc_242342b3f5e4460894fcf0b389fde6e2.jpg\/v1\/fill\/w_928,h_348,al_c,q_80,enc_auto\/7e23fc_242342b3f5e4460894fcf0b389fde6e2.jpg","contentUrl":"https:\/\/static.wixstatic.com\/media\/7e23fc_242342b3f5e4460894fcf0b389fde6e2.jpg\/v1\/fill\/w_928,h_348,al_c,q_80,enc_auto\/7e23fc_242342b3f5e4460894fcf0b389fde6e2.jpg"},{"@type":"BreadcrumbList","@id":"https:\/\/lugardemarmolejo.es\/?page_id=504#breadcrumb","itemListElement":[{"@type":"ListItem","position":1,"name":"Portada","item":"https:\/\/lugardemarmolejo.es\/"},{"@type":"ListItem","position":2,"name":"Caser\u00edas de nuestro entorno: San Camilo de Lelis en el Charco Novillo de Montoro"}]},{"@type":"WebSite","@id":"https:\/\/lugardemarmolejo.es\/#website","url":"https:\/\/lugardemarmolejo.es\/","name":"El lugar de Marmolejo","description":"","potentialAction":[{"@type":"SearchAction","target":{"@type":"EntryPoint","urlTemplate":"https:\/\/lugardemarmolejo.es\/?s={search_term_string}"},"query-input":{"@type":"PropertyValueSpecification","valueRequired":true,"valueName":"search_term_string"}}],"inLanguage":"es"}]}},"_links":{"self":[{"href":"https:\/\/lugardemarmolejo.es\/index.php?rest_route=\/wp\/v2\/pages\/504","targetHints":{"allow":["GET"]}}],"collection":[{"href":"https:\/\/lugardemarmolejo.es\/index.php?rest_route=\/wp\/v2\/pages"}],"about":[{"href":"https:\/\/lugardemarmolejo.es\/index.php?rest_route=\/wp\/v2\/types\/page"}],"author":[{"embeddable":true,"href":"https:\/\/lugardemarmolejo.es\/index.php?rest_route=\/wp\/v2\/users\/1"}],"replies":[{"embeddable":true,"href":"https:\/\/lugardemarmolejo.es\/index.php?rest_route=%2Fwp%2Fv2%2Fcomments&post=504"}],"version-history":[{"count":1,"href":"https:\/\/lugardemarmolejo.es\/index.php?rest_route=\/wp\/v2\/pages\/504\/revisions"}],"predecessor-version":[{"id":505,"href":"https:\/\/lugardemarmolejo.es\/index.php?rest_route=\/wp\/v2\/pages\/504\/revisions\/505"}],"wp:attachment":[{"href":"https:\/\/lugardemarmolejo.es\/index.php?rest_route=%2Fwp%2Fv2%2Fmedia&parent=504"}],"curies":[{"name":"wp","href":"https:\/\/api.w.org\/{rel}","templated":true}]}}