{"id":500,"date":"2023-12-30T11:27:54","date_gmt":"2023-12-30T11:27:54","guid":{"rendered":"https:\/\/lugardemarmolejo.es\/?page_id=500"},"modified":"2023-12-30T11:27:55","modified_gmt":"2023-12-30T11:27:55","slug":"el-hotel-cuatro-naciones","status":"publish","type":"page","link":"https:\/\/lugardemarmolejo.es\/?page_id=500","title":{"rendered":"El hotel Cuatro Naciones"},"content":{"rendered":"\n<h1 class=\"wp-block-heading\"><\/h1>\n\n\n\n<h4 class=\"wp-block-heading\">-Manuel Perales Sol\u00eds-<\/h4>\n\n\n\n<p>Este edificio ubicado en la calle San Antonio debi\u00f3 de construirse en el \u00faltimo cuarto del siglo XIX. En 1910 cuando fue adquirido por Pedro Perales, \u201cPeriquito Semana\u201d, era su due\u00f1o Adriano V\u00e1zquez-Pimentel, natural de Meng\u00edbar personaje con posesiones agr\u00edcolas tanto en Meng\u00edbar como en Marmolejo, de donde era oriunda su madre, do\u00f1a Ana Mar\u00eda Torres de Lemus. Este hombre fue un gran aficionado a la cultura poseyendo una biblioteca personal interesante que puso a disposici\u00f3n de los j\u00f3venes apasionados por la lectura. Cas\u00f3 con do\u00f1a Dolores Batmala Alba de cuyo matrimonio naci\u00f3 una \u00fanica hija, que qued\u00f3 ciega a los pocos meses de nacer.<\/p>\n\n\n\n<p>El tal \u201cdon Adriano\u201d debi\u00f3 de vivir espor\u00e1dicamente en esta casa, hasta 1910 en que la vend\u00eda al industrial hostelero \u201cSemana\u201d. Siempre fue conocida como la casa de \u201cLas Torres\u201d, por sus dos torres gemelas que flanqueaban su arm\u00f3nica fachada de tres plantas. Las torres miradores se demolieron hacia la d\u00e9cada de los sententa del pasado siglo, cuando el antiguo edificio del \u201cHotel Cuatro Naciones\u201d, fue vaciado interiormente, para ser destinado a pisos y locales comerciales.<\/p>\n\n\n\n<p>Tras su adquisi\u00f3n por \u201cPeriquito Semana\u201d tambi\u00e9n se ver\u00eda sometido a obras de adecuaci\u00f3n para convertirse en un alojamiento hostelero. Curiosamente la ag\u00fcista malague\u00f1a Enriqueta Raggio, que fue testigo de excepci\u00f3n, junto a su esposo Luis Mapelli, hac\u00eda menci\u00f3n en su diario, con cierto sentido cr\u00edtico, a las reformas que se llevaban a cabo en octubre de 1911 :&nbsp;<em>\u201cLuis y yo dimos una vuelta por la Plaza del Mercado, viendo en la calle San Antonio, la obra que estaba haciendo Semana para poner un Fonda. Est\u00e1banle haciendo obra y ech\u00e1ndola a perder al propio tiempo. Sus habitaciones que eran muy buenas, se hab\u00edan convertido en estrechos y peque\u00f1os cuartos para los hu\u00e9spedes. La caja de la escalera, que era hermosa, iba a desaparecer pues pensaban destinarla a otros usos hasta el piso segundo, lo que era l\u00e1stima. En el patio o jard\u00edn, frente a la puerta, estaban haciendo la cocina, lo que resultar\u00eda poco pintoresco\u201d.&nbsp;<\/em>De todas maneras, Periquito Semana salv\u00f3 las dos torres, aunque la vida de este hist\u00f3rico inmueble apenas alcanz\u00f3 el cuarto de siglo pues cerr\u00f3 sus puertas para siempre en julio de 1936, tras el estallido de la Guerra Civil y la dram\u00e1tica muerte de su propietario a manos de milicianos republicanos.<\/p>\n\n\n<div class=\"wp-block-image\">\n<figure class=\"alignleft is-resized\"><img decoding=\"async\" src=\"https:\/\/static.wixstatic.com\/media\/7e23fc_e6eb32ef932943a39aae7a08f8619262.jpg\/v1\/fill\/w_404,h_610,al_c,q_80,usm_0.66_1.00_0.01,enc_auto\/7e23fc_e6eb32ef932943a39aae7a08f8619262.jpg\" alt=\"\" style=\"width:424px;height:auto\"\/><figcaption class=\"wp-element-caption\"><strong>La calle San Antonio con el hotel \u201cCuatro Naciones\u201d a la derecha.<\/strong><br><strong>Fuente: Manuel Mu\u00f1oz L\u00f3pez.<\/strong><\/figcaption><\/figure>\n<\/div>\n\n<div class=\"wp-block-image\">\n<figure class=\"alignright is-resized\"><img decoding=\"async\" src=\"https:\/\/static.wixstatic.com\/media\/7e23fc_92b72acea8fd49b39a4c66540982b7d4.jpg\/v1\/fill\/w_400,h_468,al_c,q_80,usm_0.66_1.00_0.01,enc_auto\/7e23fc_92b72acea8fd49b39a4c66540982b7d4.jpg\" alt=\"\" style=\"width:390px;height:auto\"\/><figcaption class=\"wp-element-caption\"><strong>Adriano V\u00e1zquez-Pimentel Torres propietario de la Casa de Las Torres, antes de ser adquirida por \u201cPeriquito Semana\u201d.<\/strong><\/figcaption><\/figure>\n<\/div>\n\n\n<p><\/p>\n\n\n\n<p><\/p>\n\n\n<div class=\"wp-block-image\">\n<figure class=\"aligncenter is-resized\"><img decoding=\"async\" src=\"https:\/\/static.wixstatic.com\/media\/7e23fc_55a41991aa8a4432ae71f1f7a3f94998.jpg\/v1\/fill\/w_896,h_365,al_c,lg_1,q_80,enc_auto\/7e23fc_55a41991aa8a4432ae71f1f7a3f94998.jpg\" alt=\"\" style=\"width:809px;height:auto\"\/><figcaption class=\"wp-element-caption\"><strong>Calle Perales con el perfil de la torre mirador del hotel \u201cCuatro Naciones\u201d, al fondo. A la derecha, puerta de carruajes del hotel hacia la plaza de la Constituci\u00f3n cuando estaba siendo demolida (d\u00e9cada de los setenta del pasado siglo). Fuente: Manuel Mu\u00f1oz L\u00f3pez.<\/strong><\/figcaption><\/figure>\n<\/div>\n\n\n<p><\/p>\n\n\n\n<p>En mayo de 1918 contamos con las referencias a este hotel, del doctor F. de Obulco, con motivo de una de sus visitas a Marmolejo para escribir sobre el balneario en la revista \u201cLa Ilustraci\u00f3n Espa\u00f1ola y Americana\u201d:&nbsp;<em>\u201cMarmolejo -nos dice- es un pueblecito limpio, muy blanco, muy alegre&#8230;; sus casas todas, cuidadosamente enjalbegadas de cal, reflejan, hasta da\u00f1ar los ojos, la luz brillante del sol de Andaluc\u00eda, m\u00e1s brillante a\u00fan que el sol de otros sitios. El due\u00f1o del \u201cCuatro Naciones\u201d nos ha recibido \u201ccordob\u00e9s\u201d en mano, a la puerta de su hotel. !Bienvenidos se\u00f1ores!, ha dicho con su meloso acento andaluz. Y mientras yo le respondo me fijo, a trav\u00e9s de la cinta del barbuquejo, que en el forro del sombrero hay un retrato de \u201cMachaquito\u201d. \u00bfEst\u00e1 muy lejos el manantial? -he preguntado. -No se\u00f1or: cerca y adem\u00e1s hay tranvias; pero si quiere usted ver al m\u00e9dico-director, puede verlo aqu\u00ed en el pueblo; vive en el n\u00famero 13 de esa calle y ahora es la consulta. Un minuto despu\u00e9s estoy en la casa del m\u00e9dico que, como casi todas las casas de Marmolejo, tiene un precioso patio-jard\u00edn cuajado de flores. Pasada mi tarjeta soy recibido inmediatamente -antes que todo el p\u00fablico que espera en la consulta, en gracia a mi calidad de colega- por el Dr. D. Juan B. Horques y Fern\u00e1ndez, ilustre m\u00e9dico granadino, que durante la temporada oficial (de 1\u00ba de abril a 15 de noviembre) dirige el tratamiento de los enfermos. Durante el resto del a\u00f1o, que tambi\u00e9n est\u00e1 abierto el Balneario, se encarga un m\u00e9dico de la localidad&#8230;.. Eran las doce y media y me march\u00e9 a almorzar. En el Hotel Cuatro Naciones no parece que les preocupe mucho la cuesti\u00f3n de las subsistencias. El amplio y alegre comedor esta repleto de ag\u00fcistas. Pronto he trabado conversaci\u00f3n con mis vecinos de mesa y todos los elogios nos han parecido pocos ante la esplendidez y suculencia del almuerzo..\u201d.<\/em><\/p>\n\n\n<div class=\"wp-block-image\">\n<figure class=\"alignleft is-resized\"><img decoding=\"async\" src=\"https:\/\/static.wixstatic.com\/media\/7e23fc_6642f0b1cfb84fbf839be7a1da4fe3a0.jpg\/v1\/fill\/w_400,h_566,al_c,q_80,usm_0.66_1.00_0.01,enc_auto\/7e23fc_6642f0b1cfb84fbf839be7a1da4fe3a0.jpg\" alt=\"\" style=\"width:392px;height:auto\"\/><figcaption class=\"wp-element-caption\"><strong>Pedro Perales Dom\u00ednguez \u201cPeriquito Semana\u201d(n.1866-m.1936). Fuente: Archivo Manuel Perales Sol\u00eds.<\/strong><\/figcaption><\/figure>\n<\/div>\n\n\n<p>Pedro Perales Dom\u00ednguez (n. 1866-m.1936) empez\u00f3 en su juventud como humilde cochero transportando ag\u00fcistas desde la estaci\u00f3n f\u00e9rrea hasta Marmolejo y viceversa, y desde Marmolejo al balneario y a los ba\u00f1os de Fuencaliente; contaba con un servicio regular de carruajes que conect\u00f3 la estaci\u00f3n de Marmolejo con Fuencaliente, haciendo parada en Carde\u00f1a donde recog\u00eda a viajeros del Valle de los Pedroches. Hacia los a\u00f1os iniciales del XX ya era poseedor de un aceptable patrimonio. Prototipo del \u201cnuevo rico\u201d de la \u00e9poca, hecho a si mismo a fuerza de tes\u00f3n y trabajo, se convirti\u00f3 en gran propietario agr\u00edcola en la zona del Charco del Novillo de Montoro: all\u00ed hab\u00eda adquirido diversas fincas de olivar al igual que otras tantas en el t\u00e9rmino de Marmolejo. Aparece adem\u00e1s como arrendatario en 1931, de casi 100 has de tierra calma en la finca de Villalba, propiedad de Teresa Due\u00f1as Tejedo \u201cLa rusa\u201d. Un patrimonio, en suma, cercano a los 30.000 olivos y que, sin lugar a dudas, le convertir\u00e1 en el m\u00e1s pr\u00f3spero y prometedor hacendado local. Cuentan quienes le conocieron que, sin embargo, nunca se olvid\u00f3 de sus or\u00edgenes humildes y por eso todos los d\u00edas festivos y fiesta anual de San Pedro repart\u00eda en la puerta de carruajes de este hotel, panes, garbanzos y aceite y una \u201cperragorda\u201d entre los jornaleros m\u00e1s pobres. Nada mejor que el testimonio de su hija, ya fallecida, Mar\u00eda Josefa Perales Yedr\u00e1 para describir la carrera fulgurante y la personalidad de este marmoleje\u00f1o:&nbsp;<em>\u201cMi padre empez\u00f3 de la nada, como cochero de un carruaje tirado de caballos en donde tra\u00eda a los ag\u00fcistas desde la estaci\u00f3n. Otras veces acercaba a muchos pacientes al balneario de Fuencaliente, localidad distante m\u00e1s de 50 kil\u00f3metros, para tomar los ba\u00f1os que all\u00ed existen. Poco a poco y con la ayuda de mi madre, Pl\u00e1cida Yedr\u00e1 Vacas, que para m\u00ed era la pieza m\u00e1s importante, pues mientras mi padre descansaba, ella le preparaba el carruaje para cuando volviera al trabajo, fue adquiriendo cierta fortuna para permitirle hacerse con el establecimiento hostelero, \u201cEl hotel Cuatro Naciones\u201d y una huerta detr\u00e1s del Ayuntamiento, donde hoy est\u00e1 el mercado de abastos. Compr\u00f3 m\u00e1s carruajes hasta que pr\u00e1cticamente dispuso de un servicio extraordinario para todos los ag\u00fcistas que ven\u00edan. Luego comenz\u00f3 con la compra de fincas llegando a tener una fortuna incalculable; quiz\u00e1s la mayor fortuna de la poblaci\u00f3n. Nada m\u00e1s en olivos ten\u00eda la finca de \u201cLas Loras\u201d, \u201cEl Santo\u201d, \u201cVerdizales\u201d, \u201cLas Canteras\u201d, una parte de lo que hoy es San Camilo, todo esto en el t\u00e9rmino de Montoro. En Marmolejo adquiri\u00f3 tierras de calma y la huerta del Ayuntamiento. Entre bienes urbanos contaba con los solares que hoy ocupa el ya cerrado cine \u201cBienvoy\u201d; todo el solar donde se ubicaba la casa de los condes de Villaverde la Alta, el solar de la actual Biblioteca, los corralones del callej\u00f3n del Molino Pintado, junto a la antigua calle de Los Bueyes (hoy Calvario) y el hotel Cuatro Naciones, con todos sus patios interiores. Y a pesar de todo mi padre era una persona muy sencilla, que ni siquiera hab\u00eda aprendido a leer y escribir. Por ello cuando quisieron hacerlo alcalde en una ocasi\u00f3n, el desisti\u00f3 pues nunca le gust\u00f3 hacer carrera pol\u00edtica. \u00c9l solo era lo que fue: un trabajador curtido y hecho a base de mucho trabajar. Su aspecto as\u00ed lo denunciaba\u201d.<\/em><\/p>\n\n\n\n<p><strong>Fuentes y bibliograf\u00eda:<\/strong><\/p>\n\n\n\n<p>-\u201dLa Ilustraci\u00f3n Espa\u00f1ola y Americana\u201d, art\u00edculo titulado \u201cLa riqueza hidromineral de Espa\u00f1a: Marmolejo\u201d, 22 de mayo de 1918. Autor: Doctor F. de Obulco. Biblioteca Nacional.<\/p>\n\n\n\n<p>-Diario C\u00f3rdoba: diversos n\u00fameros de los a\u00f1os 1905 a 1910. Hemeroteca del Ministerio de Cultura.<\/p>\n\n\n\n<p>-Enrique Mapelli: \u201cDiario de Enriqueta Raggio\u201d Edici\u00f3n \u00c1ngel Caffarena. M\u00e1laga, 1969.<\/p>\n\n\n\n<p>-Manuel Mu\u00f1oz L\u00f3pez: \u201cHistoria y costumbres de Marmolejo\u201d. Edita el autor. Marmolejo, 1993. -Manuel Perales Sol\u00eds: \u201cLa villa de Marmolejo en el reinado de Alfonso XIII: 1900-1931\u201d. Edita el autor. Marmolejo 2002.<\/p>\n","protected":false},"excerpt":{"rendered":"<p>-Manuel Perales Sol\u00eds- Este edificio ubicado en la calle San Antonio debi\u00f3 de construirse en el \u00faltimo cuarto del siglo XIX. En 1910 cuando fue adquirido por Pedro Perales, \u201cPeriquito Semana\u201d, era su due\u00f1o Adriano V\u00e1zquez-Pimentel, natural de Meng\u00edbar personaje con posesiones agr\u00edcolas tanto en Meng\u00edbar como en Marmolejo, de donde era oriunda su madre, [&hellip;]<\/p>\n","protected":false},"author":1,"featured_media":0,"parent":0,"menu_order":0,"comment_status":"closed","ping_status":"closed","template":"","meta":{"footnotes":""},"class_list":["post-500","page","type-page","status-publish","hentry"],"yoast_head":"<!-- This site is optimized with the Yoast SEO plugin v25.2 - https:\/\/yoast.com\/wordpress\/plugins\/seo\/ -->\n<title>El hotel Cuatro Naciones - El lugar de Marmolejo<\/title>\n<meta name=\"robots\" content=\"index, follow, max-snippet:-1, max-image-preview:large, max-video-preview:-1\" \/>\n<link rel=\"canonical\" href=\"https:\/\/lugardemarmolejo.es\/?page_id=500\" \/>\n<meta property=\"og:locale\" content=\"es_ES\" \/>\n<meta property=\"og:type\" content=\"article\" \/>\n<meta property=\"og:title\" content=\"El hotel Cuatro Naciones - El lugar de Marmolejo\" \/>\n<meta property=\"og:description\" content=\"-Manuel Perales Sol\u00eds- Este edificio ubicado en la calle San Antonio debi\u00f3 de construirse en el \u00faltimo cuarto del siglo XIX. En 1910 cuando fue adquirido por Pedro Perales, \u201cPeriquito Semana\u201d, era su due\u00f1o Adriano V\u00e1zquez-Pimentel, natural de Meng\u00edbar personaje con posesiones agr\u00edcolas tanto en Meng\u00edbar como en Marmolejo, de donde era oriunda su madre, [&hellip;]\" \/>\n<meta property=\"og:url\" content=\"https:\/\/lugardemarmolejo.es\/?page_id=500\" \/>\n<meta property=\"og:site_name\" content=\"El lugar de Marmolejo\" \/>\n<meta property=\"article:modified_time\" content=\"2023-12-30T11:27:55+00:00\" \/>\n<meta property=\"og:image\" content=\"https:\/\/static.wixstatic.com\/media\/7e23fc_e6eb32ef932943a39aae7a08f8619262.jpg\/v1\/fill\/w_404,h_610,al_c,q_80,usm_0.66_1.00_0.01,enc_auto\/7e23fc_e6eb32ef932943a39aae7a08f8619262.jpg\" \/>\n<meta name=\"twitter:card\" content=\"summary_large_image\" \/>\n<meta name=\"twitter:label1\" content=\"Tiempo de lectura\" \/>\n\t<meta name=\"twitter:data1\" content=\"8 minutos\" \/>\n<script type=\"application\/ld+json\" class=\"yoast-schema-graph\">{\"@context\":\"https:\/\/schema.org\",\"@graph\":[{\"@type\":\"WebPage\",\"@id\":\"https:\/\/lugardemarmolejo.es\/?page_id=500\",\"url\":\"https:\/\/lugardemarmolejo.es\/?page_id=500\",\"name\":\"El hotel Cuatro Naciones - El lugar de Marmolejo\",\"isPartOf\":{\"@id\":\"https:\/\/lugardemarmolejo.es\/#website\"},\"primaryImageOfPage\":{\"@id\":\"https:\/\/lugardemarmolejo.es\/?page_id=500#primaryimage\"},\"image\":{\"@id\":\"https:\/\/lugardemarmolejo.es\/?page_id=500#primaryimage\"},\"thumbnailUrl\":\"https:\/\/static.wixstatic.com\/media\/7e23fc_e6eb32ef932943a39aae7a08f8619262.jpg\/v1\/fill\/w_404,h_610,al_c,q_80,usm_0.66_1.00_0.01,enc_auto\/7e23fc_e6eb32ef932943a39aae7a08f8619262.jpg\",\"datePublished\":\"2023-12-30T11:27:54+00:00\",\"dateModified\":\"2023-12-30T11:27:55+00:00\",\"breadcrumb\":{\"@id\":\"https:\/\/lugardemarmolejo.es\/?page_id=500#breadcrumb\"},\"inLanguage\":\"es\",\"potentialAction\":[{\"@type\":\"ReadAction\",\"target\":[\"https:\/\/lugardemarmolejo.es\/?page_id=500\"]}]},{\"@type\":\"ImageObject\",\"inLanguage\":\"es\",\"@id\":\"https:\/\/lugardemarmolejo.es\/?page_id=500#primaryimage\",\"url\":\"https:\/\/static.wixstatic.com\/media\/7e23fc_e6eb32ef932943a39aae7a08f8619262.jpg\/v1\/fill\/w_404,h_610,al_c,q_80,usm_0.66_1.00_0.01,enc_auto\/7e23fc_e6eb32ef932943a39aae7a08f8619262.jpg\",\"contentUrl\":\"https:\/\/static.wixstatic.com\/media\/7e23fc_e6eb32ef932943a39aae7a08f8619262.jpg\/v1\/fill\/w_404,h_610,al_c,q_80,usm_0.66_1.00_0.01,enc_auto\/7e23fc_e6eb32ef932943a39aae7a08f8619262.jpg\"},{\"@type\":\"BreadcrumbList\",\"@id\":\"https:\/\/lugardemarmolejo.es\/?page_id=500#breadcrumb\",\"itemListElement\":[{\"@type\":\"ListItem\",\"position\":1,\"name\":\"Portada\",\"item\":\"https:\/\/lugardemarmolejo.es\/\"},{\"@type\":\"ListItem\",\"position\":2,\"name\":\"El hotel Cuatro Naciones\"}]},{\"@type\":\"WebSite\",\"@id\":\"https:\/\/lugardemarmolejo.es\/#website\",\"url\":\"https:\/\/lugardemarmolejo.es\/\",\"name\":\"El lugar de Marmolejo\",\"description\":\"\",\"potentialAction\":[{\"@type\":\"SearchAction\",\"target\":{\"@type\":\"EntryPoint\",\"urlTemplate\":\"https:\/\/lugardemarmolejo.es\/?s={search_term_string}\"},\"query-input\":{\"@type\":\"PropertyValueSpecification\",\"valueRequired\":true,\"valueName\":\"search_term_string\"}}],\"inLanguage\":\"es\"}]}<\/script>\n<!-- \/ Yoast SEO plugin. -->","yoast_head_json":{"title":"El hotel Cuatro Naciones - El lugar de Marmolejo","robots":{"index":"index","follow":"follow","max-snippet":"max-snippet:-1","max-image-preview":"max-image-preview:large","max-video-preview":"max-video-preview:-1"},"canonical":"https:\/\/lugardemarmolejo.es\/?page_id=500","og_locale":"es_ES","og_type":"article","og_title":"El hotel Cuatro Naciones - El lugar de Marmolejo","og_description":"-Manuel Perales Sol\u00eds- Este edificio ubicado en la calle San Antonio debi\u00f3 de construirse en el \u00faltimo cuarto del siglo XIX. En 1910 cuando fue adquirido por Pedro Perales, \u201cPeriquito Semana\u201d, era su due\u00f1o Adriano V\u00e1zquez-Pimentel, natural de Meng\u00edbar personaje con posesiones agr\u00edcolas tanto en Meng\u00edbar como en Marmolejo, de donde era oriunda su madre, [&hellip;]","og_url":"https:\/\/lugardemarmolejo.es\/?page_id=500","og_site_name":"El lugar de Marmolejo","article_modified_time":"2023-12-30T11:27:55+00:00","og_image":[{"url":"https:\/\/static.wixstatic.com\/media\/7e23fc_e6eb32ef932943a39aae7a08f8619262.jpg\/v1\/fill\/w_404,h_610,al_c,q_80,usm_0.66_1.00_0.01,enc_auto\/7e23fc_e6eb32ef932943a39aae7a08f8619262.jpg","type":"","width":"","height":""}],"twitter_card":"summary_large_image","twitter_misc":{"Tiempo de lectura":"8 minutos"},"schema":{"@context":"https:\/\/schema.org","@graph":[{"@type":"WebPage","@id":"https:\/\/lugardemarmolejo.es\/?page_id=500","url":"https:\/\/lugardemarmolejo.es\/?page_id=500","name":"El hotel Cuatro Naciones - El lugar de Marmolejo","isPartOf":{"@id":"https:\/\/lugardemarmolejo.es\/#website"},"primaryImageOfPage":{"@id":"https:\/\/lugardemarmolejo.es\/?page_id=500#primaryimage"},"image":{"@id":"https:\/\/lugardemarmolejo.es\/?page_id=500#primaryimage"},"thumbnailUrl":"https:\/\/static.wixstatic.com\/media\/7e23fc_e6eb32ef932943a39aae7a08f8619262.jpg\/v1\/fill\/w_404,h_610,al_c,q_80,usm_0.66_1.00_0.01,enc_auto\/7e23fc_e6eb32ef932943a39aae7a08f8619262.jpg","datePublished":"2023-12-30T11:27:54+00:00","dateModified":"2023-12-30T11:27:55+00:00","breadcrumb":{"@id":"https:\/\/lugardemarmolejo.es\/?page_id=500#breadcrumb"},"inLanguage":"es","potentialAction":[{"@type":"ReadAction","target":["https:\/\/lugardemarmolejo.es\/?page_id=500"]}]},{"@type":"ImageObject","inLanguage":"es","@id":"https:\/\/lugardemarmolejo.es\/?page_id=500#primaryimage","url":"https:\/\/static.wixstatic.com\/media\/7e23fc_e6eb32ef932943a39aae7a08f8619262.jpg\/v1\/fill\/w_404,h_610,al_c,q_80,usm_0.66_1.00_0.01,enc_auto\/7e23fc_e6eb32ef932943a39aae7a08f8619262.jpg","contentUrl":"https:\/\/static.wixstatic.com\/media\/7e23fc_e6eb32ef932943a39aae7a08f8619262.jpg\/v1\/fill\/w_404,h_610,al_c,q_80,usm_0.66_1.00_0.01,enc_auto\/7e23fc_e6eb32ef932943a39aae7a08f8619262.jpg"},{"@type":"BreadcrumbList","@id":"https:\/\/lugardemarmolejo.es\/?page_id=500#breadcrumb","itemListElement":[{"@type":"ListItem","position":1,"name":"Portada","item":"https:\/\/lugardemarmolejo.es\/"},{"@type":"ListItem","position":2,"name":"El hotel Cuatro Naciones"}]},{"@type":"WebSite","@id":"https:\/\/lugardemarmolejo.es\/#website","url":"https:\/\/lugardemarmolejo.es\/","name":"El lugar de Marmolejo","description":"","potentialAction":[{"@type":"SearchAction","target":{"@type":"EntryPoint","urlTemplate":"https:\/\/lugardemarmolejo.es\/?s={search_term_string}"},"query-input":{"@type":"PropertyValueSpecification","valueRequired":true,"valueName":"search_term_string"}}],"inLanguage":"es"}]}},"_links":{"self":[{"href":"https:\/\/lugardemarmolejo.es\/index.php?rest_route=\/wp\/v2\/pages\/500","targetHints":{"allow":["GET"]}}],"collection":[{"href":"https:\/\/lugardemarmolejo.es\/index.php?rest_route=\/wp\/v2\/pages"}],"about":[{"href":"https:\/\/lugardemarmolejo.es\/index.php?rest_route=\/wp\/v2\/types\/page"}],"author":[{"embeddable":true,"href":"https:\/\/lugardemarmolejo.es\/index.php?rest_route=\/wp\/v2\/users\/1"}],"replies":[{"embeddable":true,"href":"https:\/\/lugardemarmolejo.es\/index.php?rest_route=%2Fwp%2Fv2%2Fcomments&post=500"}],"version-history":[{"count":1,"href":"https:\/\/lugardemarmolejo.es\/index.php?rest_route=\/wp\/v2\/pages\/500\/revisions"}],"predecessor-version":[{"id":501,"href":"https:\/\/lugardemarmolejo.es\/index.php?rest_route=\/wp\/v2\/pages\/500\/revisions\/501"}],"wp:attachment":[{"href":"https:\/\/lugardemarmolejo.es\/index.php?rest_route=%2Fwp%2Fv2%2Fmedia&parent=500"}],"curies":[{"name":"wp","href":"https:\/\/api.w.org\/{rel}","templated":true}]}}