{"id":488,"date":"2023-12-15T09:03:04","date_gmt":"2023-12-15T09:03:04","guid":{"rendered":"https:\/\/lugardemarmolejo.es\/?page_id=488"},"modified":"2023-12-15T09:03:05","modified_gmt":"2023-12-15T09:03:05","slug":"patrimonio-arquitectonico-rural-caserias-del-olivar-serrano","status":"publish","type":"page","link":"https:\/\/lugardemarmolejo.es\/?page_id=488","title":{"rendered":"Patrimonio arquitect\u00f3nico rural: Caser\u00edas del olivar serrano"},"content":{"rendered":"\n<h1 class=\"wp-block-heading\"><\/h1>\n\n\n\n<h4 class=\"wp-block-heading\"><strong>-Manuel Perales Sol\u00eds-<\/strong><\/h4>\n\n\n<div class=\"wp-block-image\">\n<figure class=\"alignright is-resized\"><img decoding=\"async\" src=\"https:\/\/static.wixstatic.com\/media\/7e23fc_df7287e3c46f44759e5afbf10a599cc2.jpg\/v1\/fill\/w_468,h_336,al_c,q_80,usm_0.66_1.00_0.01,enc_auto\/7e23fc_df7287e3c46f44759e5afbf10a599cc2.jpg\" alt=\"\" style=\"width:332px;height:auto\"\/><\/figure>\n<\/div>\n\n\n<p><strong>Caser\u00eda del Ecijano (o de San Eufrasio):<\/strong><\/p>\n\n\n\n<p>Perteneci\u00f3 originariamente a la familia de los P\u00e9rez de Vargas de And\u00fajar, en concreto al conde de Gracia Real, cuyos escudos de armas lucen en su fachada exterior hacia el campo, e interior hacia el patio principal. Hacia mediados del siglo XIX, pose\u00eda este t\u00edtulo Luis P\u00e9rez de Vargas y Gonz\u00e1lez de Castej\u00f3n, m\u00e1ximo contribuyente de And\u00fajar que en 1860 ocupaba el s\u00e9ptimo lugar de la provincia por su riqueza agr\u00edcola y ganadera (1). Se encuentra en el pago de Cerrada, a cuatro kil\u00f3metros aproximadamente, del casco urbano de Marmolejo, una vez que se acaba de culminar la&nbsp;<strong>Cuesta de Polo<\/strong>&nbsp;y antes de llegar al camino del&nbsp;<strong>Pino de Mazuelos<\/strong>.<\/p>\n\n\n\n<p>En su fachada exterior orientada hacia el sur, destacan las dos torres de prensado de su antiguo molino ya en deshuso, as\u00ed como la puerta principal con arco de medio punto; un balc\u00f3n mirador flanqueado de escudos nobiliarios del linaje P\u00e9rez de Vargas y un front\u00f3n rematado de esbeltas perinolas, todo ello en piedra molinaza de color rojizo. A la derecha del balc\u00f3n-mirador se conserva un interesante reloj de sol. &nbsp;<\/p>\n\n\n\n<p>&nbsp;La fachada de oriente presenta en su \u00e1ngulo nororiental una peque\u00f1a iglesia u oratorio que seguramente estuvo encomendada al patr\u00f3n de And\u00fajar, San Eufrasio. La iglesia dispone de un peque\u00f1o patin o atrio cercado de poyetes que eran usados por los asistentes a las ceremonias religiosas.&nbsp;<\/p>\n\n\n<div class=\"wp-block-image\">\n<figure class=\"alignleft is-resized\"><img decoding=\"async\" src=\"https:\/\/static.wixstatic.com\/media\/7e23fc_a02f6f4a36d94144bed68d0224f05e1b.jpg\/v1\/fill\/w_476,h_331,al_c,q_80,usm_0.66_1.00_0.01,enc_auto\/7e23fc_a02f6f4a36d94144bed68d0224f05e1b.jpg\" alt=\"\" style=\"width:411px;height:auto\"\/><\/figure>\n<\/div>\n\n<div class=\"wp-block-image\">\n<figure class=\"alignright is-resized\"><img decoding=\"async\" src=\"https:\/\/static.wixstatic.com\/media\/7e23fc_b626d9ae158e4faca19d8f3c4f10914f.jpg\/v1\/fill\/w_466,h_331,al_c,q_80,usm_0.66_1.00_0.01,enc_auto\/7e23fc_b626d9ae158e4faca19d8f3c4f10914f.jpg\" alt=\"\" style=\"width:403px;height:auto\"\/><figcaption class=\"wp-element-caption\"><strong>Fachada principal de la caser\u00eda del Ecijano. Observamos en esta fotograf\u00eda el dise\u00f1o claramente defensivo de estos recintos con ausencia total de vanos hacia el exterior.<\/strong><\/figcaption><\/figure>\n<\/div>\n\n\n<p><strong>Caser\u00eda del Ecijano: fachada principal con sus caracter\u00edsticas torres de prensado.<\/strong><\/p>\n\n\n\n<p><\/p>\n\n\n\n<p>En todas las fachadas exteriores de la caser\u00eda se repite un fen\u00f3meno habitual en las casas de campo del olivar de sierra marmoleje\u00f1o: la carencia casi absoluta de ventanas hacia el exterior en un intento de blindarlas frente a las tentaciones de bandidos y partidas de fascinerosos que con frecuencia pulularon por la sierra a lo largo del siglo XVIII y XIX. En general podemos decir que todas las grandes construcciones del olivar de sierra se atendr\u00edan al mismo patr\u00f3n arquitect\u00f3nico, siendo uno de los modelos a imitar las antiguas caser\u00edas de&nbsp;<strong>La Marquesa<\/strong>&nbsp;(siglo XVIII) y de&nbsp;<strong>Aguilera<\/strong>&nbsp;(1775).<\/p>\n\n\n<div class=\"wp-block-image\">\n<figure class=\"alignleft is-resized\"><img decoding=\"async\" src=\"https:\/\/static.wixstatic.com\/media\/7e23fc_afd81eb2e5e24068b93405fa54d6dc97.jpg\/v1\/fill\/w_476,h_621,al_c,q_80,usm_0.66_1.00_0.01,enc_auto\/7e23fc_afd81eb2e5e24068b93405fa54d6dc97.jpg\" alt=\"\" style=\"width:403px;height:auto\"\/><figcaption class=\"wp-element-caption\"><strong>Fachada este de la iglesia.<\/strong><\/figcaption><\/figure>\n<\/div>\n\n<div class=\"wp-block-image\">\n<figure class=\"alignright is-resized\"><img decoding=\"async\" src=\"https:\/\/static.wixstatic.com\/media\/7e23fc_0e4a3085dfe9479ab524ebd92e3de0a3.jpg\/v1\/fill\/w_471,h_606,al_c,q_80,usm_0.66_1.00_0.01,enc_auto\/7e23fc_0e4a3085dfe9479ab524ebd92e3de0a3.jpg\" alt=\"\" style=\"width:410px;height:auto\"\/><figcaption class=\"wp-element-caption\"><strong>Torres del molino de aceite del Ecijano.<\/strong><\/figcaption><\/figure>\n<\/div>\n\n\n<p><\/p>\n\n\n\n<p><\/p>\n\n\n<div class=\"wp-block-image\">\n<figure class=\"alignleft is-resized\"><img decoding=\"async\" src=\"https:\/\/static.wixstatic.com\/media\/7e23fc_a4902521e2b64aee97238fd2f8a1b14d.jpg\/v1\/fill\/w_451,h_611,al_c,q_80,usm_0.66_1.00_0.01,enc_auto\/7e23fc_a4902521e2b64aee97238fd2f8a1b14d.jpg\" alt=\"\" style=\"width:406px;height:auto\"\/><figcaption class=\"wp-element-caption\"><strong>Fotograf\u00eda realizada ante la fachada interior de la caser\u00eda del Ecijano hacia 1950. En ella aparece, de pie a la derecha, la casera Concepci\u00f3n Torralbo Rodr\u00edguez (n.1899-m.1980) y su esposo Pedro Barrag\u00e1n Correas (n.1894-m.1980) junto a familiares suyos y algunos trabajadores de la finca, ya en los a\u00f1os de propiedad del m\u00e9dico Jos\u00e9 Perales Jurado.<\/strong><\/figcaption><\/figure>\n<\/div>\n\n\n<p><\/p>\n\n\n<div class=\"wp-block-image\">\n<figure class=\"alignright is-resized\"><img decoding=\"async\" src=\"https:\/\/static.wixstatic.com\/media\/7e23fc_16f1bf46ade1480a9f2b4333ca7f9c82.jpg\/v1\/fill\/w_491,h_611,al_c,q_80,usm_0.66_1.00_0.01,enc_auto\/7e23fc_16f1bf46ade1480a9f2b4333ca7f9c82.jpg\" alt=\"\" style=\"width:407px;height:auto\"\/><figcaption class=\"wp-element-caption\"><strong>Caser\u00eda del Ecijano: reproducci\u00f3n aproximada de su planta baja. Dibujo de Robles.<\/strong><\/figcaption><\/figure>\n<\/div>\n\n\n<p><\/p>\n\n\n\n<p><\/p>\n\n\n\n<p><strong>Caser\u00eda de Olaya<\/strong>:<\/p>\n\n\n\n<p>Se encuentra ubicada igualmente en el pago de Cerrada, a la izquierda de la carretera que conduce hacia Carde\u00f1a, una vez pasada la caser\u00eda del Ecijano y en el mismo camino que da acceso a otra de las caser\u00edas hist\u00f3ricas del pago:&nbsp;<strong>Los Pobres<\/strong>. Esta original caser\u00eda que debi\u00f3 de pertenecer a alg\u00fan linaje noble de la ciudad de And\u00fajar, se encuentra en la actualidad en estado de ruina, si bien a\u00fan podemos apreciar la distribuci\u00f3n de las diferentes estancias interiores constituidas por amplio corral, con funciones de patio troje, cercado de muro de mamposter\u00eda con puerta de acceso bajo peque\u00f1o front\u00f3n almenado y arco de medio punto rebajado de similar factura al de la cercana caser\u00eda del Ca\u00f1uelo; molino de viga, cocina, cuadras y dem\u00e1s estancias dom\u00e9sticas distribuidas tanto en planta baja como alta. Llamaba la atenci\u00f3n igualmente su peculiar chimenea, elemento indispensable en estas antiguas casas de campo por ser lugar en torno al cual giraba gran parte de la vida familiar y social en los d\u00edas del invierno tras la jornada laboral.<\/p>\n\n\n\n<p>Por su aspecto y por los detalles m\u00e1s sobresalientes de su arquitectura esta caser\u00eda debemos fecharla en los a\u00f1os finales del siglo XVIII o principios del XIX. &nbsp;<\/p>\n\n\n<div class=\"wp-block-image\">\n<figure class=\"aligncenter\"><img decoding=\"async\" src=\"https:\/\/static.wixstatic.com\/media\/7e23fc_c1b64298ac284fc0977fdb5d1fb36a91.jpg\/v1\/fill\/w_880,h_360,al_c,q_80,enc_auto\/7e23fc_c1b64298ac284fc0977fdb5d1fb36a91.jpg\" alt=\"\"\/><figcaption class=\"wp-element-caption\"><strong>Caser\u00eda de Olaya, antes de entrar en ruina, en 1986.<\/strong><\/figcaption><\/figure>\n<\/div>\n\n\n<p><\/p>\n\n\n<div class=\"wp-block-image\">\n<figure class=\"alignleft is-resized\"><img decoding=\"async\" src=\"https:\/\/static.wixstatic.com\/media\/7e23fc_3e6dc18ab71a4e109de01a6cfc6fd996.jpg\/v1\/fill\/w_471,h_336,al_c,q_80,usm_0.66_1.00_0.01,enc_auto\/7e23fc_3e6dc18ab71a4e109de01a6cfc6fd996.jpg\" alt=\"\" style=\"width:390px;height:auto\"\/><figcaption class=\"wp-element-caption\"><strong>Puerta de acceso al patio troje de la caser\u00eda.<\/strong><\/figcaption><\/figure>\n<\/div>\n\n<div class=\"wp-block-image\">\n<figure class=\"alignright is-resized\"><img decoding=\"async\" src=\"https:\/\/static.wixstatic.com\/media\/7e23fc_215820cd532e439c974d7b55c2736e9c.jpg\/v1\/fill\/w_476,h_301,al_c,q_80,usm_0.66_1.00_0.01,enc_auto\/7e23fc_215820cd532e439c974d7b55c2736e9c.jpg\" alt=\"\" style=\"width:423px;height:auto\"\/><figcaption class=\"wp-element-caption\"><strong>Ventana del molino de la caser\u00eda de Olaya.<\/strong><\/figcaption><\/figure>\n<\/div>\n\n\n<p><\/p>\n\n\n<div class=\"wp-block-image\">\n<figure class=\"alignleft is-resized\"><img decoding=\"async\" src=\"https:\/\/static.wixstatic.com\/media\/7e23fc_2de9d7fc0e084297b7ff2eca6cb2d1a0.jpg\/v1\/fill\/w_476,h_336,al_c,q_80,usm_0.66_1.00_0.01,enc_auto\/7e23fc_2de9d7fc0e084297b7ff2eca6cb2d1a0.jpg\" alt=\"\" style=\"width:389px;height:auto\"\/><figcaption class=\"wp-element-caption\"><strong>Interior del patio troje<\/strong><\/figcaption><\/figure>\n<\/div>\n\n<div class=\"wp-block-image\">\n<figure class=\"alignright is-resized\"><img decoding=\"async\" src=\"https:\/\/static.wixstatic.com\/media\/7e23fc_98fd8bbec558468e8a8708c84155bce5.jpg\/v1\/fill\/w_476,h_301,al_c,q_80,usm_0.66_1.00_0.01,enc_auto\/7e23fc_98fd8bbec558468e8a8708c84155bce5.jpg\" alt=\"\" style=\"width:424px;height:auto\"\/><figcaption class=\"wp-element-caption\"><strong>Aspecto actual del cuerpo principal de la caser\u00eda<\/strong><\/figcaption><\/figure>\n<\/div>\n\n\n<p><\/p>\n\n\n\n<p><strong>Caser\u00eda de Casillas Blancas<\/strong>:<\/p>\n\n\n\n<p>Cercana a la Boca del R\u00edo y en el pago de Cerrada, se encuentra las Casillas Blancas del Marqu\u00e9s. Pertenecieron estos predios en sus or\u00edgenes como explotaci\u00f3n olivarera, al marqu\u00e9s del Cerro, linaje con residencia habitual en And\u00fajar Esta casa de campo no dispon\u00eda, como las anteriores, de molino de aceite. Su funci\u00f3n principal debi\u00f3 de ser el alojamiento de caseros y personal encomendado a los trabajos de esta finca de olivar del pago de las Cavas y espor\u00e1dicamente para albergar a los due\u00f1os de la finca. Es una casa t\u00edpica de la sierra marmoleje\u00f1a en la que el cuerpo trasero de la vivienda, dedicado a cuadras y estancias para los muleros y jornaleros, presentaba una cubierta de teja moruna de suave y larga pendiente. En la fachada orientada al sur, de gran sencillez y sin elementos ornamentales dignos de menci\u00f3n, exist\u00eda un pat\u00edn con un naranjo cercado de poyetes. Nos llama la atenci\u00f3n la escasa proliferaci\u00f3n de puertas y ventanas y los altos muros del corral de acceso a los establos seguramente en un intento de buscar la m\u00e1xima seguridad de los moradores de la vivienda.<\/p>\n\n\n<div class=\"wp-block-image\">\n<figure class=\"alignleft is-resized\"><img decoding=\"async\" src=\"https:\/\/static.wixstatic.com\/media\/7e23fc_cef67f30e5b54138a6d53dc05b2dfd57.jpg\/v1\/fill\/w_486,h_326,al_c,q_80,usm_0.66_1.00_0.01,enc_auto\/7e23fc_cef67f30e5b54138a6d53dc05b2dfd57.jpg\" alt=\"\" style=\"width:390px;height:auto\"\/><figcaption class=\"wp-element-caption\"><strong>Casillas Blancas, fachada principal (sur)<\/strong><\/figcaption><\/figure>\n<\/div>\n\n<div class=\"wp-block-image\">\n<figure class=\"alignright is-resized\"><img decoding=\"async\" src=\"https:\/\/static.wixstatic.com\/media\/7e23fc_591061c3907243b6bc7738bd7be8044b.jpg\/v1\/fill\/w_486,h_296,al_c,q_80,usm_0.66_1.00_0.01,enc_auto\/7e23fc_591061c3907243b6bc7738bd7be8044b.jpg\" alt=\"\" style=\"width:422px;height:auto\"\/><figcaption class=\"wp-element-caption\"><strong>Fachada trasera orientada hacia el norte.<\/strong><\/figcaption><\/figure>\n<\/div>\n\n\n<p><\/p>\n\n\n<div class=\"wp-block-image\">\n<figure class=\"alignleft is-resized\"><img decoding=\"async\" src=\"https:\/\/static.wixstatic.com\/media\/7e23fc_813f6d0471384fd988015d4ac85da939.jpg\/v1\/fill\/w_466,h_326,al_c,q_80,usm_0.66_1.00_0.01,enc_auto\/7e23fc_813f6d0471384fd988015d4ac85da939.jpg\" alt=\"\" style=\"width:392px;height:auto\"\/><figcaption class=\"wp-element-caption\"><strong>Casillas Blancas, muro lateral-oeste de la caser\u00eda<\/strong><\/figcaption><\/figure>\n<\/div>\n\n<div class=\"wp-block-image\">\n<figure class=\"alignright is-resized\"><img decoding=\"async\" src=\"https:\/\/static.wixstatic.com\/media\/7e23fc_2836611b9f674010a5a11cb21f296519.jpg\/v1\/fill\/w_461,h_296,al_c,q_80,usm_0.66_1.00_0.01,enc_auto\/7e23fc_2836611b9f674010a5a11cb21f296519.jpg\" alt=\"\" style=\"width:421px;height:auto\"\/><figcaption class=\"wp-element-caption\"><strong>Corral de la caser\u00eda de Casillas Blancas<\/strong><\/figcaption><\/figure>\n<\/div>\n\n\n<p><\/p>\n\n\n\n<p><\/p>\n\n\n\n<p><strong>Notas y bibliograf\u00eda:<\/strong><\/p>\n\n\n\n<p>(1) Tras la propiedad del conde de Gracia Real, la finca perteneci\u00f3 a Jos\u00e9 Puig y Ros, concejal andujare\u00f1o en el periodo de la Restauraci\u00f3n alfonsina.<\/p>\n\n\n\n<p>Luis Pedro P\u00e9rez Garc\u00eda: \u201cAnd\u00fajar y el largo siglo XIX\u201d. Edita IES Nuestra Sra. de la Cabeza de And\u00fajar. A\u00f1o 2000.<\/p>\n","protected":false},"excerpt":{"rendered":"<p>-Manuel Perales Sol\u00eds- Caser\u00eda del Ecijano (o de San Eufrasio): Perteneci\u00f3 originariamente a la familia de los P\u00e9rez de Vargas de And\u00fajar, en concreto al conde de Gracia Real, cuyos escudos de armas lucen en su fachada exterior hacia el campo, e interior hacia el patio principal. Hacia mediados del siglo XIX, pose\u00eda este t\u00edtulo [&hellip;]<\/p>\n","protected":false},"author":1,"featured_media":0,"parent":0,"menu_order":0,"comment_status":"closed","ping_status":"closed","template":"","meta":{"footnotes":""},"class_list":["post-488","page","type-page","status-publish","hentry"],"yoast_head":"<!-- This site is optimized with the Yoast SEO plugin v25.2 - https:\/\/yoast.com\/wordpress\/plugins\/seo\/ -->\n<title>Patrimonio arquitect\u00f3nico rural: Caser\u00edas del olivar serrano - El lugar de Marmolejo<\/title>\n<meta name=\"robots\" content=\"index, follow, max-snippet:-1, max-image-preview:large, max-video-preview:-1\" \/>\n<link rel=\"canonical\" href=\"https:\/\/lugardemarmolejo.es\/?page_id=488\" \/>\n<meta property=\"og:locale\" content=\"es_ES\" \/>\n<meta property=\"og:type\" content=\"article\" \/>\n<meta property=\"og:title\" content=\"Patrimonio arquitect\u00f3nico rural: Caser\u00edas del olivar serrano - El lugar de Marmolejo\" \/>\n<meta property=\"og:description\" content=\"-Manuel Perales Sol\u00eds- Caser\u00eda del Ecijano (o de San Eufrasio): Perteneci\u00f3 originariamente a la familia de los P\u00e9rez de Vargas de And\u00fajar, en concreto al conde de Gracia Real, cuyos escudos de armas lucen en su fachada exterior hacia el campo, e interior hacia el patio principal. Hacia mediados del siglo XIX, pose\u00eda este t\u00edtulo [&hellip;]\" \/>\n<meta property=\"og:url\" content=\"https:\/\/lugardemarmolejo.es\/?page_id=488\" \/>\n<meta property=\"og:site_name\" content=\"El lugar de Marmolejo\" \/>\n<meta property=\"article:modified_time\" content=\"2023-12-15T09:03:05+00:00\" \/>\n<meta property=\"og:image\" content=\"https:\/\/static.wixstatic.com\/media\/7e23fc_df7287e3c46f44759e5afbf10a599cc2.jpg\/v1\/fill\/w_468,h_336,al_c,q_80,usm_0.66_1.00_0.01,enc_auto\/7e23fc_df7287e3c46f44759e5afbf10a599cc2.jpg\" \/>\n<meta name=\"twitter:card\" content=\"summary_large_image\" \/>\n<meta name=\"twitter:label1\" content=\"Tiempo de lectura\" \/>\n\t<meta name=\"twitter:data1\" content=\"8 minutos\" \/>\n<script type=\"application\/ld+json\" class=\"yoast-schema-graph\">{\"@context\":\"https:\/\/schema.org\",\"@graph\":[{\"@type\":\"WebPage\",\"@id\":\"https:\/\/lugardemarmolejo.es\/?page_id=488\",\"url\":\"https:\/\/lugardemarmolejo.es\/?page_id=488\",\"name\":\"Patrimonio arquitect\u00f3nico rural: Caser\u00edas del olivar serrano - El lugar de Marmolejo\",\"isPartOf\":{\"@id\":\"https:\/\/lugardemarmolejo.es\/#website\"},\"primaryImageOfPage\":{\"@id\":\"https:\/\/lugardemarmolejo.es\/?page_id=488#primaryimage\"},\"image\":{\"@id\":\"https:\/\/lugardemarmolejo.es\/?page_id=488#primaryimage\"},\"thumbnailUrl\":\"https:\/\/static.wixstatic.com\/media\/7e23fc_df7287e3c46f44759e5afbf10a599cc2.jpg\/v1\/fill\/w_468,h_336,al_c,q_80,usm_0.66_1.00_0.01,enc_auto\/7e23fc_df7287e3c46f44759e5afbf10a599cc2.jpg\",\"datePublished\":\"2023-12-15T09:03:04+00:00\",\"dateModified\":\"2023-12-15T09:03:05+00:00\",\"breadcrumb\":{\"@id\":\"https:\/\/lugardemarmolejo.es\/?page_id=488#breadcrumb\"},\"inLanguage\":\"es\",\"potentialAction\":[{\"@type\":\"ReadAction\",\"target\":[\"https:\/\/lugardemarmolejo.es\/?page_id=488\"]}]},{\"@type\":\"ImageObject\",\"inLanguage\":\"es\",\"@id\":\"https:\/\/lugardemarmolejo.es\/?page_id=488#primaryimage\",\"url\":\"https:\/\/static.wixstatic.com\/media\/7e23fc_df7287e3c46f44759e5afbf10a599cc2.jpg\/v1\/fill\/w_468,h_336,al_c,q_80,usm_0.66_1.00_0.01,enc_auto\/7e23fc_df7287e3c46f44759e5afbf10a599cc2.jpg\",\"contentUrl\":\"https:\/\/static.wixstatic.com\/media\/7e23fc_df7287e3c46f44759e5afbf10a599cc2.jpg\/v1\/fill\/w_468,h_336,al_c,q_80,usm_0.66_1.00_0.01,enc_auto\/7e23fc_df7287e3c46f44759e5afbf10a599cc2.jpg\"},{\"@type\":\"BreadcrumbList\",\"@id\":\"https:\/\/lugardemarmolejo.es\/?page_id=488#breadcrumb\",\"itemListElement\":[{\"@type\":\"ListItem\",\"position\":1,\"name\":\"Portada\",\"item\":\"https:\/\/lugardemarmolejo.es\/\"},{\"@type\":\"ListItem\",\"position\":2,\"name\":\"Patrimonio arquitect\u00f3nico rural: Caser\u00edas del olivar serrano\"}]},{\"@type\":\"WebSite\",\"@id\":\"https:\/\/lugardemarmolejo.es\/#website\",\"url\":\"https:\/\/lugardemarmolejo.es\/\",\"name\":\"El lugar de Marmolejo\",\"description\":\"\",\"potentialAction\":[{\"@type\":\"SearchAction\",\"target\":{\"@type\":\"EntryPoint\",\"urlTemplate\":\"https:\/\/lugardemarmolejo.es\/?s={search_term_string}\"},\"query-input\":{\"@type\":\"PropertyValueSpecification\",\"valueRequired\":true,\"valueName\":\"search_term_string\"}}],\"inLanguage\":\"es\"}]}<\/script>\n<!-- \/ Yoast SEO plugin. -->","yoast_head_json":{"title":"Patrimonio arquitect\u00f3nico rural: Caser\u00edas del olivar serrano - El lugar de Marmolejo","robots":{"index":"index","follow":"follow","max-snippet":"max-snippet:-1","max-image-preview":"max-image-preview:large","max-video-preview":"max-video-preview:-1"},"canonical":"https:\/\/lugardemarmolejo.es\/?page_id=488","og_locale":"es_ES","og_type":"article","og_title":"Patrimonio arquitect\u00f3nico rural: Caser\u00edas del olivar serrano - El lugar de Marmolejo","og_description":"-Manuel Perales Sol\u00eds- Caser\u00eda del Ecijano (o de San Eufrasio): Perteneci\u00f3 originariamente a la familia de los P\u00e9rez de Vargas de And\u00fajar, en concreto al conde de Gracia Real, cuyos escudos de armas lucen en su fachada exterior hacia el campo, e interior hacia el patio principal. Hacia mediados del siglo XIX, pose\u00eda este t\u00edtulo [&hellip;]","og_url":"https:\/\/lugardemarmolejo.es\/?page_id=488","og_site_name":"El lugar de Marmolejo","article_modified_time":"2023-12-15T09:03:05+00:00","og_image":[{"url":"https:\/\/static.wixstatic.com\/media\/7e23fc_df7287e3c46f44759e5afbf10a599cc2.jpg\/v1\/fill\/w_468,h_336,al_c,q_80,usm_0.66_1.00_0.01,enc_auto\/7e23fc_df7287e3c46f44759e5afbf10a599cc2.jpg","type":"","width":"","height":""}],"twitter_card":"summary_large_image","twitter_misc":{"Tiempo de lectura":"8 minutos"},"schema":{"@context":"https:\/\/schema.org","@graph":[{"@type":"WebPage","@id":"https:\/\/lugardemarmolejo.es\/?page_id=488","url":"https:\/\/lugardemarmolejo.es\/?page_id=488","name":"Patrimonio arquitect\u00f3nico rural: Caser\u00edas del olivar serrano - El lugar de Marmolejo","isPartOf":{"@id":"https:\/\/lugardemarmolejo.es\/#website"},"primaryImageOfPage":{"@id":"https:\/\/lugardemarmolejo.es\/?page_id=488#primaryimage"},"image":{"@id":"https:\/\/lugardemarmolejo.es\/?page_id=488#primaryimage"},"thumbnailUrl":"https:\/\/static.wixstatic.com\/media\/7e23fc_df7287e3c46f44759e5afbf10a599cc2.jpg\/v1\/fill\/w_468,h_336,al_c,q_80,usm_0.66_1.00_0.01,enc_auto\/7e23fc_df7287e3c46f44759e5afbf10a599cc2.jpg","datePublished":"2023-12-15T09:03:04+00:00","dateModified":"2023-12-15T09:03:05+00:00","breadcrumb":{"@id":"https:\/\/lugardemarmolejo.es\/?page_id=488#breadcrumb"},"inLanguage":"es","potentialAction":[{"@type":"ReadAction","target":["https:\/\/lugardemarmolejo.es\/?page_id=488"]}]},{"@type":"ImageObject","inLanguage":"es","@id":"https:\/\/lugardemarmolejo.es\/?page_id=488#primaryimage","url":"https:\/\/static.wixstatic.com\/media\/7e23fc_df7287e3c46f44759e5afbf10a599cc2.jpg\/v1\/fill\/w_468,h_336,al_c,q_80,usm_0.66_1.00_0.01,enc_auto\/7e23fc_df7287e3c46f44759e5afbf10a599cc2.jpg","contentUrl":"https:\/\/static.wixstatic.com\/media\/7e23fc_df7287e3c46f44759e5afbf10a599cc2.jpg\/v1\/fill\/w_468,h_336,al_c,q_80,usm_0.66_1.00_0.01,enc_auto\/7e23fc_df7287e3c46f44759e5afbf10a599cc2.jpg"},{"@type":"BreadcrumbList","@id":"https:\/\/lugardemarmolejo.es\/?page_id=488#breadcrumb","itemListElement":[{"@type":"ListItem","position":1,"name":"Portada","item":"https:\/\/lugardemarmolejo.es\/"},{"@type":"ListItem","position":2,"name":"Patrimonio arquitect\u00f3nico rural: Caser\u00edas del olivar serrano"}]},{"@type":"WebSite","@id":"https:\/\/lugardemarmolejo.es\/#website","url":"https:\/\/lugardemarmolejo.es\/","name":"El lugar de Marmolejo","description":"","potentialAction":[{"@type":"SearchAction","target":{"@type":"EntryPoint","urlTemplate":"https:\/\/lugardemarmolejo.es\/?s={search_term_string}"},"query-input":{"@type":"PropertyValueSpecification","valueRequired":true,"valueName":"search_term_string"}}],"inLanguage":"es"}]}},"_links":{"self":[{"href":"https:\/\/lugardemarmolejo.es\/index.php?rest_route=\/wp\/v2\/pages\/488","targetHints":{"allow":["GET"]}}],"collection":[{"href":"https:\/\/lugardemarmolejo.es\/index.php?rest_route=\/wp\/v2\/pages"}],"about":[{"href":"https:\/\/lugardemarmolejo.es\/index.php?rest_route=\/wp\/v2\/types\/page"}],"author":[{"embeddable":true,"href":"https:\/\/lugardemarmolejo.es\/index.php?rest_route=\/wp\/v2\/users\/1"}],"replies":[{"embeddable":true,"href":"https:\/\/lugardemarmolejo.es\/index.php?rest_route=%2Fwp%2Fv2%2Fcomments&post=488"}],"version-history":[{"count":1,"href":"https:\/\/lugardemarmolejo.es\/index.php?rest_route=\/wp\/v2\/pages\/488\/revisions"}],"predecessor-version":[{"id":489,"href":"https:\/\/lugardemarmolejo.es\/index.php?rest_route=\/wp\/v2\/pages\/488\/revisions\/489"}],"wp:attachment":[{"href":"https:\/\/lugardemarmolejo.es\/index.php?rest_route=%2Fwp%2Fv2%2Fmedia&parent=488"}],"curies":[{"name":"wp","href":"https:\/\/api.w.org\/{rel}","templated":true}]}}