{"id":476,"date":"2023-12-13T06:39:48","date_gmt":"2023-12-13T06:39:48","guid":{"rendered":"https:\/\/lugardemarmolejo.es\/?page_id=476"},"modified":"2023-12-13T06:39:48","modified_gmt":"2023-12-13T06:39:48","slug":"patrimonio-arquitectonico-desaparecido-iv","status":"publish","type":"page","link":"https:\/\/lugardemarmolejo.es\/?page_id=476","title":{"rendered":"Patrimonio arquitect\u00f3nico desaparecido IV"},"content":{"rendered":"\n<h1 class=\"wp-block-heading\"><\/h1>\n\n\n\n<h4 class=\"wp-block-heading\"><strong>-Manuel Perales Sol\u00eds-<\/strong><\/h4>\n\n\n\n<p><strong>CASA SOLARIEGA DE LOS CONDES DE VILLAVERDE.<\/strong><\/p>\n\n\n\n<p>Esta casa solariega desapareci\u00f3 hacia la d\u00e9cada de los setenta del pasado siglo. Su \u00faltimo uso fue el de consultorio m\u00e9dico. A\u00f1os antes, pr\u00e1cticamente desde la postguerra y tras ser adquirida por el Ayuntamiento, se utiliz\u00f3 como grupo de escuelas para ense\u00f1anza primaria. La casa perteneci\u00f3 a los condes de Villaverde la Alta y en ella residieron circunstancialmente los personajes que ostentaron dicho t\u00edtulo a lo largo de los siglos XVIII y XIX. El matrimonio formado por Teodoro Tamariz-Martel Fern\u00e1ndez de C\u00f3rdoba y Mar\u00eda Teresa Bernuy Jim\u00e9nez de Coca, sexta condesa en la l\u00ednea de sucesi\u00f3n, utiliz\u00f3 frecuentemente la casa pues acostumbraban a pasar largas temporadas en Marmolejo donde pose\u00edan vastas propiedades y el molino de aceite \u201cSanta Teresa\u201den el n\u00famero 1 de esta misma plaza. Su fachada sufri\u00f3 con el tiempo modificaciones perdiendo las molduras existentes en los recercos de los balcones y ventanas.<\/p>\n\n\n<div class=\"wp-block-image\">\n<figure class=\"aligncenter\"><img decoding=\"async\" src=\"https:\/\/static.wixstatic.com\/media\/7e23fc_5a9f314ee72fe85dbc0df8c6e036ddcb.jpg\/v1\/fill\/w_929,h_443,al_c,q_85,enc_auto\/7e23fc_5a9f314ee72fe85dbc0df8c6e036ddcb.jpg\" alt=\"\"\/><figcaption class=\"wp-element-caption\"><strong>Casa solariega de los condes de Villaverde la Alta, hacia finales del XIX. Fuente: Familia Burlo-Orti.<\/strong><\/figcaption><\/figure>\n<\/div>\n\n\n<p><\/p>\n\n\n\n<p>&nbsp;Tenemos constancia de la subasta de esta casa solariega en el Altozano del Coso que hacia 1897 estaba puesta a nombre de la hija de los condes, Mar\u00eda Feliciana Martel y Bernuy, para saldar deudas contraidas con sus acreedores, pero parece ser que finalmente no lleg\u00f3 a ser subastada pues, a\u00f1os despu\u00e9s, su hermano Federico segu\u00eda residiendo en la misma durante sus estancias espor\u00e1dicas en nuestra villa. Gracias a esta subasta conocemos al detalle el aspecto que presentaba la desaparecida \u201cCasa de los condes\u201d, escenario com\u00fan de varias generaciones de ni\u00f1os\/as all\u00e1 por los a\u00f1os cincuenta y sesenta del pasado siglo, al ser ubicadas en sus estancias varias aulas de primaria:<\/p>\n\n\n\n<p><em>\u201cEn virtud de providencia dictada con fecha diez del corriente (julio de 1897) por el se\u00f1or del Valle y Llano, Juez de primera instancia del distrito de Buena Vista, de esta Corte, en autos que se siguen por D. Carlos Theneneau y Segaud contra do\u00f1a Feliciana Martel y Bernuy, sobre pago de pesetas, se ha acordado sacar a subasta por t\u00e9rmino de 20 d\u00edas y en la cantidad en que ha sido tasada las fincas siguientes: Primero: una casa principal en el Altozano del Coso, en Marmolejo, marcada con el n\u00famero 2 que linda a su derecha, entrando, con el callej\u00f3n del Ejido(1); por la izquierda y espaldas, con el molino de aceite de Don Narciso Garc\u00eda del Prado; consta de una extensi\u00f3n superficial de tres mil trescientos sesenta y un metros y sobre \u00e9sta hay tres pisos en la forma siguiente: En el piso bajo se encuentra zagu\u00e1n, recibidor, cuerpo de escalera, sala, reposter\u00eda, s\u00f3tano, grandes salones corridos y se comunican entre s\u00ed; gran patio con fuente en el centro dedicado a jard\u00edn con naranjos y otros \u00e1rboles y arbustos de adorno, gran cuadra, dos cocheras, de colgadizo, bodega con 18 tinajas sin colocar, capaces unas para tres mil ochocientas arrobas; dos pozos, uno de ellos aljibe con bomba, grandes corrales y patios, terrado, mirador, escusado, gallinero, cocina, distribuidor y un colgadizo.<\/em><\/p>\n\n\n\n<p><em>Piso alto o principal: desembarque de escalera, recibidor, antesala, muchos y varios salones, tres chimeneas francesas y un entresuelo, y en el tercero: un granero peque\u00f1o, todo en buen estado de solidez, como igualmente sus puertas, balcones y las cancelas\u201d.<\/em><\/p>\n\n\n<div class=\"wp-block-image\">\n<figure class=\"aligncenter\"><img decoding=\"async\" src=\"https:\/\/static.wixstatic.com\/media\/7e23fc_a94c0536076f6088fc06681a34b67b1f.jpg\/v1\/fill\/w_1434,h_564,al_c,q_85,usm_0.66_1.00_0.01,enc_auto\/7e23fc_a94c0536076f6088fc06681a34b67b1f.jpg\" alt=\"\"\/><figcaption class=\"wp-element-caption\"><strong>La casa de los Condes hacia la d\u00e9cada de los sesenta del pasado siglo. Como se puede apreciar ya han desaparecido las molduras que enmarcaban los balcones y ventanas de la fachada. Fuente: Asociaci\u00f3n Cultural \u201cFuente Agria\u201d.<\/strong><\/figcaption><\/figure>\n<\/div>\n\n\n<p><\/p>\n\n\n\n<ol class=\"wp-block-list\">\n<li>El callej\u00f3n del Ejido de la Estaci\u00f3n estaba flanqueado hacia finales del siglo XIX por las tapias de los patios y corrales de esta casa de los Condes y por la fachada de un antiguo molino de aceite; tambi\u00e9n por la verja que cercaba el hotel de Los Leones por la parte trasera. Algo m\u00e1s abajo se encontraba el Llano del Ejido, un lugar destinado habitualmente a la actividad agr\u00edcola y donde existieron diversas eras para sacar el grano durante la temporada estival.<\/li>\n<\/ol>\n\n\n\n<p><strong>EL PUENTE SOBRE EL R\u00cdO YEG\u00dcAS.<\/strong><\/p>\n\n\n\n<p>La obra de este puente, ahora bajo las aguas del pantano del Yeg\u00fcas, se proyect\u00f3 por el ingeniero de caminos Antonio Fort\u00fan dentro del conjunto de actuaciones contempladas en la construcci\u00f3n de la carretera de And\u00fajar a Villanueva del Duque. Este proyecto comprend\u00eda tambi\u00e9n la reconstrucci\u00f3n del puente del balneario sobre el Guadalquivir, los puentes sobre el arroyo Seco y del Agua y dos casetas de peones camineros; una en la cuesta de Santa Catalina y otra en las proximidades de la caser\u00eda de Olaya. A finales de julio era aprobada por las Diputaciones de Ja\u00e9n y C\u00f3rdoba la construcci\u00f3n del puente, y el d\u00eda 30 de noviembre de 1868 ten\u00eda lugar la adjudicaci\u00f3n en p\u00fablica subasta, de las obras a realizar cuyo presupuesto ascendi\u00f3 a 9.740 escudos.<\/p>\n\n\n\n<p>Hay que decir que el ingeniero Antonio Fort\u00fan, redact\u00f3 otros muchos proyectos de carreteras a lo largo del siglo XIX, entre ellos el \u201cProyecto de Carretera de C\u00e1diz a M\u00e1laga por Algeciras y Marbella, secci\u00f3n comprendida entre Torremolinos y Fuengirola\u201d. En la mayor\u00eda de estos proyectos persigui\u00f3 la recuperaci\u00f3n del antiguo viario romano en muchos de sus tramos coincidente con los antiguos caminos para la transhumancia de ganado. &nbsp;&nbsp;<\/p>\n\n\n<div class=\"wp-block-image\">\n<figure class=\"alignleft is-resized\"><img decoding=\"async\" src=\"https:\/\/static.wixstatic.com\/media\/7e23fc_f092bd49a09693d6a31faa2c3243b1c5.jpg\/v1\/fill\/w_754,h_590,al_c,q_85,enc_auto\/7e23fc_f092bd49a09693d6a31faa2c3243b1c5.jpg\" alt=\"\" style=\"width:456px;height:auto\"\/><figcaption class=\"wp-element-caption\"><strong>Planta y alzado del puente sobre el r\u00edo Yegu\u00fcas, seg\u00fan el proyecto realizado por el ingeniero Antonio Fortun en 1869.Fuente:<\/strong><br><strong>Archivo Hist\u00f3rico Provincal de Ja\u00e9n.<\/strong><\/figcaption><\/figure>\n<\/div>\n\n<div class=\"wp-block-image\">\n<figure class=\"alignright is-resized\"><img decoding=\"async\" src=\"https:\/\/static.wixstatic.com\/media\/7e23fc_b9fabad8522040633942dba5dde3b2bc.jpg\/v1\/fill\/w_609,h_647,al_c,q_85,usm_0.66_1.00_0.01,enc_auto\/7e23fc_b9fabad8522040633942dba5dde3b2bc.jpg\" alt=\"\" style=\"width:357px;height:auto\"\/><figcaption class=\"wp-element-caption\"><strong>Alzado de una de pilas del puente sobre el r\u00edo Yeg\u00fcas. Fuente: Archivo Hist\u00f3rico Provincial de Ja\u00e9n.<\/strong><\/figcaption><\/figure>\n<\/div>\n\n\n<p><\/p>\n\n\n<div class=\"wp-block-image\">\n<figure class=\"alignleft is-resized\"><img decoding=\"async\" src=\"https:\/\/static.wixstatic.com\/media\/7e23fc_c44db59b46ebaec391900e270c6b7240.jpg\/v1\/fill\/w_812,h_444,al_c,q_85,usm_0.66_1.00_0.01,enc_auto\/7e23fc_c44db59b46ebaec391900e270c6b7240.jpg\" alt=\"\" style=\"width:459px;height:auto\"\/><figcaption class=\"wp-element-caption\"><strong>Puente sobre el r\u00edo Yeg\u00fcas antes de su inundaci\u00f3n por las aguas del pantano. Fuente: Manuel Mu\u00f1oz L\u00f3pez.<\/strong><\/figcaption><\/figure>\n<\/div>\n\n<div class=\"wp-block-image\">\n<figure class=\"alignright is-resized\"><img decoding=\"async\" src=\"https:\/\/static.wixstatic.com\/media\/7e23fc_ce5c4dda0dcd0665888d908495ab1e4d.jpg\/v1\/fill\/w_624,h_444,al_c,q_80,usm_0.66_1.00_0.01,enc_auto\/7e23fc_ce5c4dda0dcd0665888d908495ab1e4d.jpg\" alt=\"\" style=\"width:354px;height:auto\"\/><figcaption class=\"wp-element-caption\"><strong>R\u00edo Yeg\u00fcas a su paso por el barranco de la Romana. Foto: Manuel Perales Sol\u00eds. A\u00f1o 1975<\/strong><\/figcaption><\/figure>\n<\/div>\n\n\n<p><\/p>\n\n\n\n<p><strong>Fuentes y Bibliograf\u00eda:<\/strong><\/p>\n\n\n\n<p>-Diario Oficial de Avisos; Madrid, 22 de julio de 1897, n\u00famero 202. Hemeroteca Ministerio de Cultura. Prensa Hist\u00f3rica.<\/p>\n\n\n\n<p>-Proyecto para la construcci\u00f3n de la carretera de tercer orden de And\u00fajar a Villanueva del Duque. Legajo n\u00ba 31645; a\u00f1o 1869 y 1876. Archivo Hist\u00f3rico Provincial de Ja\u00e9n.<\/p>\n\n\n\n<p>-Diario C\u00f3rdoba de Comercio; n\u00ba 4807 de 2 de agosto de 1866.<\/p>\n\n\n\n<p>-Diario C\u00f3rdoba de Comercio; n\u00ba 5495 de 19 de noviembre de 1868.<\/p>\n\n\n\n<p>-\u201dMarmolejo: im\u00e1genes de un siglo\u201d. Edita \u201cAsociaci\u00f3n cultural Fuente Agria\u201d.<\/p>\n\n\n\n<p>-Mu\u00f1oz L\u00f3pez, Manuel: \u201cHistorias y constumbres de Marmolejo\u201d. Editado por el Autor. Imprime \u201cImprenta Medina\u201d, a\u00f1o 1993.<\/p>\n\n\n\n<p>-Antonio S\u00e1nchez Soler y Ra\u00fal Luque Ram\u00edrez: \u201cLa recuperaci\u00f3n del trazado viario romano de M\u00e1laga por los ingenieros de caminos del siglo XIX\u201d. Publicado en Dialnet; Universidad de La Rioja.<\/p>\n","protected":false},"excerpt":{"rendered":"<p>-Manuel Perales Sol\u00eds- CASA SOLARIEGA DE LOS CONDES DE VILLAVERDE. Esta casa solariega desapareci\u00f3 hacia la d\u00e9cada de los setenta del pasado siglo. Su \u00faltimo uso fue el de consultorio m\u00e9dico. A\u00f1os antes, pr\u00e1cticamente desde la postguerra y tras ser adquirida por el Ayuntamiento, se utiliz\u00f3 como grupo de escuelas para ense\u00f1anza primaria. La casa [&hellip;]<\/p>\n","protected":false},"author":1,"featured_media":0,"parent":0,"menu_order":0,"comment_status":"closed","ping_status":"closed","template":"","meta":{"footnotes":""},"class_list":["post-476","page","type-page","status-publish","hentry"],"yoast_head":"<!-- This site is optimized with the Yoast SEO plugin v25.2 - https:\/\/yoast.com\/wordpress\/plugins\/seo\/ -->\n<title>Patrimonio arquitect\u00f3nico desaparecido IV - El lugar de Marmolejo<\/title>\n<meta name=\"robots\" content=\"index, follow, max-snippet:-1, max-image-preview:large, max-video-preview:-1\" \/>\n<link rel=\"canonical\" href=\"https:\/\/lugardemarmolejo.es\/?page_id=476\" \/>\n<meta property=\"og:locale\" content=\"es_ES\" \/>\n<meta property=\"og:type\" content=\"article\" \/>\n<meta property=\"og:title\" content=\"Patrimonio arquitect\u00f3nico desaparecido IV - El lugar de Marmolejo\" \/>\n<meta property=\"og:description\" content=\"-Manuel Perales Sol\u00eds- CASA SOLARIEGA DE LOS CONDES DE VILLAVERDE. Esta casa solariega desapareci\u00f3 hacia la d\u00e9cada de los setenta del pasado siglo. Su \u00faltimo uso fue el de consultorio m\u00e9dico. A\u00f1os antes, pr\u00e1cticamente desde la postguerra y tras ser adquirida por el Ayuntamiento, se utiliz\u00f3 como grupo de escuelas para ense\u00f1anza primaria. La casa [&hellip;]\" \/>\n<meta property=\"og:url\" content=\"https:\/\/lugardemarmolejo.es\/?page_id=476\" \/>\n<meta property=\"og:site_name\" content=\"El lugar de Marmolejo\" \/>\n<meta property=\"og:image\" content=\"https:\/\/static.wixstatic.com\/media\/7e23fc_5a9f314ee72fe85dbc0df8c6e036ddcb.jpg\/v1\/fill\/w_929,h_443,al_c,q_85,enc_auto\/7e23fc_5a9f314ee72fe85dbc0df8c6e036ddcb.jpg\" \/>\n<meta name=\"twitter:card\" content=\"summary_large_image\" \/>\n<meta name=\"twitter:label1\" content=\"Tiempo de lectura\" \/>\n\t<meta name=\"twitter:data1\" content=\"7 minutos\" \/>\n<script type=\"application\/ld+json\" class=\"yoast-schema-graph\">{\"@context\":\"https:\/\/schema.org\",\"@graph\":[{\"@type\":\"WebPage\",\"@id\":\"https:\/\/lugardemarmolejo.es\/?page_id=476\",\"url\":\"https:\/\/lugardemarmolejo.es\/?page_id=476\",\"name\":\"Patrimonio arquitect\u00f3nico desaparecido IV - El lugar de Marmolejo\",\"isPartOf\":{\"@id\":\"https:\/\/lugardemarmolejo.es\/#website\"},\"primaryImageOfPage\":{\"@id\":\"https:\/\/lugardemarmolejo.es\/?page_id=476#primaryimage\"},\"image\":{\"@id\":\"https:\/\/lugardemarmolejo.es\/?page_id=476#primaryimage\"},\"thumbnailUrl\":\"https:\/\/static.wixstatic.com\/media\/7e23fc_5a9f314ee72fe85dbc0df8c6e036ddcb.jpg\/v1\/fill\/w_929,h_443,al_c,q_85,enc_auto\/7e23fc_5a9f314ee72fe85dbc0df8c6e036ddcb.jpg\",\"datePublished\":\"2023-12-13T06:39:48+00:00\",\"breadcrumb\":{\"@id\":\"https:\/\/lugardemarmolejo.es\/?page_id=476#breadcrumb\"},\"inLanguage\":\"es\",\"potentialAction\":[{\"@type\":\"ReadAction\",\"target\":[\"https:\/\/lugardemarmolejo.es\/?page_id=476\"]}]},{\"@type\":\"ImageObject\",\"inLanguage\":\"es\",\"@id\":\"https:\/\/lugardemarmolejo.es\/?page_id=476#primaryimage\",\"url\":\"https:\/\/static.wixstatic.com\/media\/7e23fc_5a9f314ee72fe85dbc0df8c6e036ddcb.jpg\/v1\/fill\/w_929,h_443,al_c,q_85,enc_auto\/7e23fc_5a9f314ee72fe85dbc0df8c6e036ddcb.jpg\",\"contentUrl\":\"https:\/\/static.wixstatic.com\/media\/7e23fc_5a9f314ee72fe85dbc0df8c6e036ddcb.jpg\/v1\/fill\/w_929,h_443,al_c,q_85,enc_auto\/7e23fc_5a9f314ee72fe85dbc0df8c6e036ddcb.jpg\"},{\"@type\":\"BreadcrumbList\",\"@id\":\"https:\/\/lugardemarmolejo.es\/?page_id=476#breadcrumb\",\"itemListElement\":[{\"@type\":\"ListItem\",\"position\":1,\"name\":\"Portada\",\"item\":\"https:\/\/lugardemarmolejo.es\/\"},{\"@type\":\"ListItem\",\"position\":2,\"name\":\"Patrimonio arquitect\u00f3nico desaparecido IV\"}]},{\"@type\":\"WebSite\",\"@id\":\"https:\/\/lugardemarmolejo.es\/#website\",\"url\":\"https:\/\/lugardemarmolejo.es\/\",\"name\":\"El lugar de Marmolejo\",\"description\":\"\",\"potentialAction\":[{\"@type\":\"SearchAction\",\"target\":{\"@type\":\"EntryPoint\",\"urlTemplate\":\"https:\/\/lugardemarmolejo.es\/?s={search_term_string}\"},\"query-input\":{\"@type\":\"PropertyValueSpecification\",\"valueRequired\":true,\"valueName\":\"search_term_string\"}}],\"inLanguage\":\"es\"}]}<\/script>\n<!-- \/ Yoast SEO plugin. -->","yoast_head_json":{"title":"Patrimonio arquitect\u00f3nico desaparecido IV - El lugar de Marmolejo","robots":{"index":"index","follow":"follow","max-snippet":"max-snippet:-1","max-image-preview":"max-image-preview:large","max-video-preview":"max-video-preview:-1"},"canonical":"https:\/\/lugardemarmolejo.es\/?page_id=476","og_locale":"es_ES","og_type":"article","og_title":"Patrimonio arquitect\u00f3nico desaparecido IV - El lugar de Marmolejo","og_description":"-Manuel Perales Sol\u00eds- CASA SOLARIEGA DE LOS CONDES DE VILLAVERDE. Esta casa solariega desapareci\u00f3 hacia la d\u00e9cada de los setenta del pasado siglo. Su \u00faltimo uso fue el de consultorio m\u00e9dico. A\u00f1os antes, pr\u00e1cticamente desde la postguerra y tras ser adquirida por el Ayuntamiento, se utiliz\u00f3 como grupo de escuelas para ense\u00f1anza primaria. La casa [&hellip;]","og_url":"https:\/\/lugardemarmolejo.es\/?page_id=476","og_site_name":"El lugar de Marmolejo","og_image":[{"url":"https:\/\/static.wixstatic.com\/media\/7e23fc_5a9f314ee72fe85dbc0df8c6e036ddcb.jpg\/v1\/fill\/w_929,h_443,al_c,q_85,enc_auto\/7e23fc_5a9f314ee72fe85dbc0df8c6e036ddcb.jpg","type":"","width":"","height":""}],"twitter_card":"summary_large_image","twitter_misc":{"Tiempo de lectura":"7 minutos"},"schema":{"@context":"https:\/\/schema.org","@graph":[{"@type":"WebPage","@id":"https:\/\/lugardemarmolejo.es\/?page_id=476","url":"https:\/\/lugardemarmolejo.es\/?page_id=476","name":"Patrimonio arquitect\u00f3nico desaparecido IV - El lugar de Marmolejo","isPartOf":{"@id":"https:\/\/lugardemarmolejo.es\/#website"},"primaryImageOfPage":{"@id":"https:\/\/lugardemarmolejo.es\/?page_id=476#primaryimage"},"image":{"@id":"https:\/\/lugardemarmolejo.es\/?page_id=476#primaryimage"},"thumbnailUrl":"https:\/\/static.wixstatic.com\/media\/7e23fc_5a9f314ee72fe85dbc0df8c6e036ddcb.jpg\/v1\/fill\/w_929,h_443,al_c,q_85,enc_auto\/7e23fc_5a9f314ee72fe85dbc0df8c6e036ddcb.jpg","datePublished":"2023-12-13T06:39:48+00:00","breadcrumb":{"@id":"https:\/\/lugardemarmolejo.es\/?page_id=476#breadcrumb"},"inLanguage":"es","potentialAction":[{"@type":"ReadAction","target":["https:\/\/lugardemarmolejo.es\/?page_id=476"]}]},{"@type":"ImageObject","inLanguage":"es","@id":"https:\/\/lugardemarmolejo.es\/?page_id=476#primaryimage","url":"https:\/\/static.wixstatic.com\/media\/7e23fc_5a9f314ee72fe85dbc0df8c6e036ddcb.jpg\/v1\/fill\/w_929,h_443,al_c,q_85,enc_auto\/7e23fc_5a9f314ee72fe85dbc0df8c6e036ddcb.jpg","contentUrl":"https:\/\/static.wixstatic.com\/media\/7e23fc_5a9f314ee72fe85dbc0df8c6e036ddcb.jpg\/v1\/fill\/w_929,h_443,al_c,q_85,enc_auto\/7e23fc_5a9f314ee72fe85dbc0df8c6e036ddcb.jpg"},{"@type":"BreadcrumbList","@id":"https:\/\/lugardemarmolejo.es\/?page_id=476#breadcrumb","itemListElement":[{"@type":"ListItem","position":1,"name":"Portada","item":"https:\/\/lugardemarmolejo.es\/"},{"@type":"ListItem","position":2,"name":"Patrimonio arquitect\u00f3nico desaparecido IV"}]},{"@type":"WebSite","@id":"https:\/\/lugardemarmolejo.es\/#website","url":"https:\/\/lugardemarmolejo.es\/","name":"El lugar de Marmolejo","description":"","potentialAction":[{"@type":"SearchAction","target":{"@type":"EntryPoint","urlTemplate":"https:\/\/lugardemarmolejo.es\/?s={search_term_string}"},"query-input":{"@type":"PropertyValueSpecification","valueRequired":true,"valueName":"search_term_string"}}],"inLanguage":"es"}]}},"_links":{"self":[{"href":"https:\/\/lugardemarmolejo.es\/index.php?rest_route=\/wp\/v2\/pages\/476","targetHints":{"allow":["GET"]}}],"collection":[{"href":"https:\/\/lugardemarmolejo.es\/index.php?rest_route=\/wp\/v2\/pages"}],"about":[{"href":"https:\/\/lugardemarmolejo.es\/index.php?rest_route=\/wp\/v2\/types\/page"}],"author":[{"embeddable":true,"href":"https:\/\/lugardemarmolejo.es\/index.php?rest_route=\/wp\/v2\/users\/1"}],"replies":[{"embeddable":true,"href":"https:\/\/lugardemarmolejo.es\/index.php?rest_route=%2Fwp%2Fv2%2Fcomments&post=476"}],"version-history":[{"count":1,"href":"https:\/\/lugardemarmolejo.es\/index.php?rest_route=\/wp\/v2\/pages\/476\/revisions"}],"predecessor-version":[{"id":477,"href":"https:\/\/lugardemarmolejo.es\/index.php?rest_route=\/wp\/v2\/pages\/476\/revisions\/477"}],"wp:attachment":[{"href":"https:\/\/lugardemarmolejo.es\/index.php?rest_route=%2Fwp%2Fv2%2Fmedia&parent=476"}],"curies":[{"name":"wp","href":"https:\/\/api.w.org\/{rel}","templated":true}]}}