{"id":450,"date":"2023-11-06T16:38:10","date_gmt":"2023-11-06T16:38:10","guid":{"rendered":"https:\/\/lugardemarmolejo.es\/?page_id=450"},"modified":"2023-11-06T16:38:10","modified_gmt":"2023-11-06T16:38:10","slug":"pregon-de-la-feria-del-ano-1987","status":"publish","type":"page","link":"https:\/\/lugardemarmolejo.es\/?page_id=450","title":{"rendered":"Preg\u00f3n de la Feria del a\u00f1o 1987"},"content":{"rendered":"\n<h1 class=\"wp-block-heading\"><\/h1>\n\n\n\n<h4 class=\"wp-block-heading\">-Manuel Perales Sol\u00eds-<\/h4>\n\n\n\n<p>En primer lugar bienvenidos y bienvenidas a este p\u00f3rtico de nuestra Feria que hemos querido celebrar en la Plaza de la Constituci\u00f3n: antes, ahora y siempre, la plaza de todos. En mi nombre y en el de la Corporaci\u00f3n Municipal, !Felices Fiestas!.<\/p>\n\n\n\n<p>Es un honor hacer de pregonero de la Feria de mi pueblo, habida cuenta de que me consta la existencia de paisanos m\u00e1s cualificados que el que os habla, para llevar a cabo el presente cometido con plenas garant\u00edas de \u00e9xito. Quiz\u00e1s quienes confiaron en m\u00ed lo creyeron conveniente o, circunstancialmente, oportuno. Ante dicho imperativo s\u00f3lo me quedaba la salida de aceptar el reto.<\/p>\n\n\n\n<p>Procurar\u00e9 hacer de este preg\u00f3n, una pieza factible de suscitar los est\u00edmulos suficientes que el actual equipo de gobierno, salido de las \u00faltimas elecciones, pretende irradiar hacia el vecindario, al fin de que nuestra Feria sea el lugar de encuentro y regocijo solidario de cuantos a diario, trabajamos por la buena marcha de nuestras familias y la comunidad en la que convivimos.<\/p>\n\n\n\n<p>Me dirijo, pues, a todos y todas los\/as marmoleje\u00f1os y marmoleje\u00f1as en general, y en particular comenzar\u00e9 recordando a los ni\u00f1os y ni\u00f1as que ya, desde temprana edad, se est\u00e1n esforzando por obtener buenos resultados en su proceso de aprendizaje. Bienvenido sea vuestro esfuerzo pues, de seguro, el futuro os lo va a premiar.<\/p>\n\n\n\n<p>Tambi\u00e9n a los j\u00f3venes, quienes tras la finalizaci\u00f3n de su preparaci\u00f3n b\u00e1sica luchan para que no les falte el trabajo en cualesquiera de las actividades y profesiones fundamentales para el progreso y bienestar de la sociedad.<\/p>\n\n\n\n<p>Y pienso tambi\u00e9n en quienes ahora soportan el peso de sobrellevar a sus familias: hombres y mujeres. Mujeres y hombres. Quiero dejar aqu\u00ed testimonio de mi reconocimiento al m\u00e9rito social de su empresa.<\/p>\n\n\n\n<p>\u200b<\/p>\n\n\n\n<p>A los ancianos: \u00a1Cu\u00e1nta sabidur\u00eda acumulada!, \u00a1Cu\u00e1nto trabajo y sacrificio por su pueblo y sus familias, y por lo que, sencillamente, somos en el presente!. A ellos mi admiraci\u00f3n y reconocimiento.<\/p>\n\n\n\n<p>Y, como no, a Vosotros y Vosotras, paisanos de la di\u00e1spora, a los aqu\u00ed presentes y a los que desde Barcelona, Valencia, Bilbao, Madrid o Tarragona, est\u00e1is tambi\u00e9n en esp\u00edritu y coraz\u00f3n. Por suerte, o desgracia \u2013m\u00e1s bien lo segundo- tuvisteis que marchar en tiempos dif\u00edciles. Yo s\u00e9 que Marmolejo sigue estando en vuestro inter\u00e9s. En otras palabras: lo llev\u00e1is \u201cbien adentro\u201d; incluso me atrever\u00eda a decir que manten\u00e9is desarrollado un sexto sentido que, a veces, quienes aqu\u00ed vivimos, hemos atrofiado: el que os hace no perder jam\u00e1s de vuestro horizonte de preocupaci\u00f3n el deseo de progreso para el pueblo donde visteis las primeras luces; el que os vio nacer y cuyas calles fueron escenario de vuestra infancia y juventud. Aquel que solo visit\u00e1is de a\u00f1o en a\u00f1o y, en ocasiones, cuando las circunstancias econ\u00f3micas lo permiten. A Todos y Todas un saludo cari\u00f1oso y mi mayor reconocimiento.<\/p>\n\n\n\n<p>Y tampoco me olvido, ni esta renovada Corporaci\u00f3n, del resto de colectivos sociales, econ\u00f3micos, culturales, pol\u00edticos, que se afanan por el bien com\u00fan y el progreso general de nuestra comunidad: asociaciones culturales, deportivas, empresas, sindicatos, partidos pol\u00edticos, asociaciones de barrio, etc. Mis mejores deseos de que disfrut\u00e9is de unas buenas fiestas; que os sint\u00e1is por estas calles, plazas y parques como si del rinc\u00f3n m\u00e1s apetecible de vuestros hogares se tratase. Al fin y al cabo, la Feria, debiera ser el \u201cgran hogar\u201d en donde nadie se sienta forastero.<\/p>\n\n\n\n<p>\u200b<\/p>\n\n\n\n<p>Una idea que nos obsesiona a todos los que formamos esta renovada Corporaci\u00f3n Municipal y, a\u00fan m\u00e1s en estos d\u00edas, es la necesidad de la presencia del valor humano de la Solidaridad entre el vecindario. Mirad, venimos a celebrar eso mismo: una fiesta en honor a la concordia y solidaridad entre todos los marmoleje\u00f1os\/as dentro de un espacio urbano colectivo que nos permita estrechar esos lazos identitarios que toda comunidad necesita para hacerse fuerte y progresar desde el respeto mutuo. La SOLIDARIDAD, en estos tiempos que corren, no podemos entenderla si no es sobre la base de intentar el bienestar de todos y todas, en niveles de igualdad.<\/p>\n\n\n\n<p>Existen en la historia de Marmolejo ejemplos clarificadores de lo que puede llegar a ser una colectividad que usa como norma el valor de la solidaridad entre quienes la integran. Si me lo permit\u00eds quiero contaros algo:<\/p>\n\n\n\n<p>Es de todos sabido que nuestro pueblo se encuentra geogr\u00e1ficamente encorsetado por todas partes, menos la del levante, por nuestro \u201ceterno r\u00edo\u201d: \u201cel padre\u201d Guadalquivir. Para el desarrollo de sus posibilidades de progreso, nuestros antepasados tendr\u00edan que aliviar ese cerco natural. La poblaci\u00f3n durante el siglo XV hab\u00eda ido en aumento desde que diferentes gentes, peque\u00f1os labriegos en su mayor\u00eda, superado el periodo convulso de la Reconquista, comenzaran a asentarse en torno a un viejo alc\u00e1zar de construcci\u00f3n \u00e1rabe, cuya presencia garantizaba cobijo y seguridad frente a cualquier nueva adversidad. Aquel n\u00facleo primigenio de poblaci\u00f3n se fue consolidando junto a la peque\u00f1a fortaleza despu\u00e9s de la conquista del valle del Guadalquivir por Fernando III \u201cEl Santo\u201d.<\/p>\n\n\n\n<p>Los vecinos fueron roturando tierras de los ruedos m\u00e1s cercanos y, otros muchos, echaron ganados. As\u00ed, debi\u00f3 de llegar el momento en que el terreno disponible dentro del gran meandro del Guadalquivir, empezaba a ser insuficiente. El r\u00edo comenzaba a erigirse en obst\u00e1culo natural que imped\u00eda el progreso general pues, si bien, garantizaba la existencia de agua e incluso permit\u00eda cierta defensa contra posibles invasores, sin embargo supon\u00eda un cors\u00e9 para la explotaci\u00f3n de nuevos fundios en la otra orilla de la serran\u00eda y, adem\u00e1s, imped\u00eda el paso fluido y fiable de las ganader\u00edas locales hacia la sierra y el de los ganaderos for\u00e1neos procedentes de Castilla y Extremadura, que en gran n\u00famero, ven\u00edan en \u00e9pocas invernales, pues el paso por los antiguos vados nada solventaba cuando las lluvias aumentaban considerablemente su caudal.<\/p>\n\n\n\n<p>Este Marmolejo de hoy, conocido por entonces como \u201cLugar de Marmolexo\u201d dependiente jurisdiccionalmente de la vecina ciudad de And\u00fajar, a la cual tributaba impuestos por diversos conceptos, ve\u00eda como su econom\u00eda florec\u00eda d\u00eda a d\u00eda. Sus gentes, deb\u00edan de darle al \u201cLugar\u201d mayor amplitud de miras, en complicidad, por qu\u00e9 no reconocerlo, con los intereses econ\u00f3micos de nobles y burgues\u00eda andujare\u00f1a, que pose\u00edan dehesas en el amplio pago de Cerrada y en la zona de La Centenera.<\/p>\n\n\n\n<p>Hab\u00eda por tanto que enlazar con la otra orilla, proyecto que para la generalidad del vecindario, representaba la idea de progreso colectivo. Tierras a\u00fan v\u00edrgenes propicias para la siembra de olivos y vi\u00f1as y generosas en pastos para el ganado, aguardaban all\u00e1 pendientes de una empresa necesariamente solidaria y voluntariosa. Aquel humilde \u201cLugar\u201d sab\u00eda que la construcci\u00f3n de un puente traer\u00eda a sus vecinos m\u00e1s bienestar y que sobre ese bienestar, Marmolejo se har\u00eda viable como proyecto colectivo de futuro.<\/p>\n\n\n\n<p>\u200b<\/p>\n\n\n\n<p>Autoridades locales del \u201cLugar\u201d y vecinos inteligentes comienzan a estudiar solidariamente la empresa. Ten\u00edan que romper ese cerco natural y el complejo de comunidad inferior, dependiente de otra de mayor entidad y poblaci\u00f3n. Hab\u00eda que dar se\u00f1ales de hasta d\u00f3nde eran capaces de llegar sumando sus esfuerzos y convencer necesariamente a la Corona de que ser\u00edan capaces de lograrlo. Unos pondr\u00edan un buey, otros una yunta de mulos; los hubo que solo dispon\u00edan de sus brazos. !Que importaba!, lo importante era el objetivo a alcanzar.<\/p>\n\n\n\n<p>Nos cuenta Pascual Madoz en su \u201cDiccionario Geogr\u00e1fico Estad\u00edstico-Hist\u00f3rico de Espa\u00f1a y sus Posesiones en Ultramar\u201d, que el puente sobre el Guadalquivir \u201cse comenz\u00f3 a construir en 1550 y sus obras fueron concluidas hacia 1578, recalcando con rotundidad: \u201ca expensas de sus vecinos\u201d.<\/p>\n\n\n\n<p>\u200b<\/p>\n\n\n\n<p>Ah\u00ed tenemos la obra y nos queda constancia hist\u00f3rico-documental de que Marmolejo comenz\u00f3 a prosperar. Pas\u00f3 de ser aquel \u201cLugar\u201d a d\u00f3nde casi nadie llegaba, para convertirse en un sitio de paso donde muchos se quedaban.<\/p>\n\n\n\n<p>Hacia 1791 esta comunidad, conseguir\u00eda otro de sus anhelos: la ansiada independencia de la vecina And\u00fajar, mediante Real C\u00e9dula concedida por el rey Carlos IV. Empresa colectiva, la de su autonom\u00eda pol\u00edtica, que bien merece destacarse y en la que, de nuevo, gobernantes locales y vecinos emprendedores culminaron el reto de conseguir que aquel originario Lugar del Marmolexo, fuera mucho m\u00e1s pr\u00f3spero y libre.<\/p>\n\n\n\n<p>No es casualidad que hacia 1792 nos refiera un prestigioso m\u00e9dico de la \u00e9poca, Juan de Dios de Ayuda, titular de los Cabildos de la Ciudad de Guadix, llegado por entonces a la reci\u00e9n proclamada Villa para analizar y conocer sus afamadas aguas, \u201cque Marmolejo contaba (ya) con 1475 almas, 276 casas de razonable construcci\u00f3n y adorno, con calles regulares, bien llanas, empedradas y l\u00edmpias&#8230;.dando a entender que all\u00ed no reina mucho la araganer\u00eda y que saben aprovecharse de lo ping\u00fce de su terreno, capaz de producir infinitas riquezas. Si contin\u00faan, las buenas ideas, al parecer reprimidas mientras la dependencia de And\u00fajar, que ya comienzan a manifestarse en la ejecuci\u00f3n de una fuente y varias casas, procurando hacer una posada c\u00f3moda y surtirla bien, como al pueblo, dar\u00e1n prueba de lo que influye en el esp\u00edritu la fertilidad y la abundancia del terreno en que se habita\u201d.<\/p>\n\n\n\n<p>\u200b<\/p>\n\n\n\n<p>Efectivamente, la triple conjunci\u00f3n de los recursos del Valle, la Sierra y la Campi\u00f1a, unidos al factor de su autonom\u00eda pol\u00edtica hac\u00edan m\u00e1s que viable ese panorama tan halag\u00fce\u00f1o para la reci\u00e9n declarada Villa. A\u00f1os despu\u00e9s, tanto el puente como la comunidad local, pasaron por distintas vicisitudes. Hubo riadas que lo echaron abajo quedando tan solo en pie los arcos centrales. La poblaci\u00f3n fue tambi\u00e9n sacudida por momentos de penurias y precariedad econ\u00f3mica a causa de coyunturas hist\u00f3ricas de \u00edndole adversa.<\/p>\n\n\n\n<p>Existi\u00f3 durante largos a\u00f1os un pont\u00f3n de madera que supl\u00eda los arcos da\u00f1ados. Pero ese remedio nunca ser\u00eda definitivo. Cuando ven\u00edan nuevas crecidas del r\u00edo, el pont\u00f3n de madera naufragaba a la deriva aguas abajo. Bast\u00f3 que nuevamente autoridades y vecinos decidieran afrontar su definitiva reparaci\u00f3n en la segunda mitad del XIX, y una vez m\u00e1s, el esp\u00edritu solidario pudo con cualquier adversidad. Ah\u00ed est\u00e1 y ah\u00ed seguir\u00e1 por muchos a\u00f1os como prueba de la voluntad de un pueblo, para el uso y disfrute de generaciones venideras, manteni\u00e9ndonos en comunicaci\u00f3n con las zonas productivas de Sierra Morena y la Meseta Castellana.<\/p>\n\n\n\n<p>\u200b<\/p>\n\n\n\n<p>El ejemplo que nos ofrece la Historia puede servirnos para que entre nosotros, marmoleje\u00f1os y marmoleje\u00f1as, comience a surgir en estas Fiestas la idea de solidaridad a la que alud\u00eda en un principio.<\/p>\n\n\n\n<p>Marmolejo se lo merece y, adem\u00e1s, no ser\u00eda digno que defraud\u00e1ramos el ejemplo colectivo de aquellos antepasados nuestros.<\/p>\n\n\n\n<p>Finalmente, y porque no quisiera perder la perspectiva del momento concreto que vamos a vivir, hago m\u00edo el saludo de nuestro Alcalde en el Programa Oficial de esta Feria; conf\u00edo que olvid\u00e9is vuestras preocupaciones cotidianas, os ech\u00e9is a la calle y llen\u00e9is de contenido y calor humano las fiestas que vamos a celebrar.<\/p>\n\n\n\n<p>!A divertirse pues, vecinos y for\u00e1neos, que la fiesta es vuestra!.<\/p>\n\n\n\n<p>Marmolejo, 9 de agosto de 1987.<\/p>\n","protected":false},"excerpt":{"rendered":"<p>-Manuel Perales Sol\u00eds- En primer lugar bienvenidos y bienvenidas a este p\u00f3rtico de nuestra Feria que hemos querido celebrar en la Plaza de la Constituci\u00f3n: antes, ahora y siempre, la plaza de todos. En mi nombre y en el de la Corporaci\u00f3n Municipal, !Felices Fiestas!. Es un honor hacer de pregonero de la Feria de [&hellip;]<\/p>\n","protected":false},"author":1,"featured_media":0,"parent":0,"menu_order":0,"comment_status":"closed","ping_status":"closed","template":"","meta":{"footnotes":""},"class_list":["post-450","page","type-page","status-publish","hentry"],"yoast_head":"<!-- This site is optimized with the Yoast SEO plugin v25.2 - https:\/\/yoast.com\/wordpress\/plugins\/seo\/ -->\n<title>Preg\u00f3n de la Feria del a\u00f1o 1987 - El lugar de Marmolejo<\/title>\n<meta name=\"robots\" content=\"index, follow, max-snippet:-1, max-image-preview:large, max-video-preview:-1\" \/>\n<link rel=\"canonical\" href=\"https:\/\/lugardemarmolejo.es\/?page_id=450\" \/>\n<meta property=\"og:locale\" content=\"es_ES\" \/>\n<meta property=\"og:type\" content=\"article\" \/>\n<meta property=\"og:title\" content=\"Preg\u00f3n de la Feria del a\u00f1o 1987 - El lugar de Marmolejo\" \/>\n<meta property=\"og:description\" content=\"-Manuel Perales Sol\u00eds- En primer lugar bienvenidos y bienvenidas a este p\u00f3rtico de nuestra Feria que hemos querido celebrar en la Plaza de la Constituci\u00f3n: antes, ahora y siempre, la plaza de todos. En mi nombre y en el de la Corporaci\u00f3n Municipal, !Felices Fiestas!. Es un honor hacer de pregonero de la Feria de [&hellip;]\" \/>\n<meta property=\"og:url\" content=\"https:\/\/lugardemarmolejo.es\/?page_id=450\" \/>\n<meta property=\"og:site_name\" content=\"El lugar de Marmolejo\" \/>\n<meta name=\"twitter:card\" content=\"summary_large_image\" \/>\n<meta name=\"twitter:label1\" content=\"Tiempo de lectura\" \/>\n\t<meta name=\"twitter:data1\" content=\"9 minutos\" \/>\n<script type=\"application\/ld+json\" class=\"yoast-schema-graph\">{\"@context\":\"https:\/\/schema.org\",\"@graph\":[{\"@type\":\"WebPage\",\"@id\":\"https:\/\/lugardemarmolejo.es\/?page_id=450\",\"url\":\"https:\/\/lugardemarmolejo.es\/?page_id=450\",\"name\":\"Preg\u00f3n de la Feria del a\u00f1o 1987 - El lugar de Marmolejo\",\"isPartOf\":{\"@id\":\"https:\/\/lugardemarmolejo.es\/#website\"},\"datePublished\":\"2023-11-06T16:38:10+00:00\",\"breadcrumb\":{\"@id\":\"https:\/\/lugardemarmolejo.es\/?page_id=450#breadcrumb\"},\"inLanguage\":\"es\",\"potentialAction\":[{\"@type\":\"ReadAction\",\"target\":[\"https:\/\/lugardemarmolejo.es\/?page_id=450\"]}]},{\"@type\":\"BreadcrumbList\",\"@id\":\"https:\/\/lugardemarmolejo.es\/?page_id=450#breadcrumb\",\"itemListElement\":[{\"@type\":\"ListItem\",\"position\":1,\"name\":\"Portada\",\"item\":\"https:\/\/lugardemarmolejo.es\/\"},{\"@type\":\"ListItem\",\"position\":2,\"name\":\"Preg\u00f3n de la Feria del a\u00f1o 1987\"}]},{\"@type\":\"WebSite\",\"@id\":\"https:\/\/lugardemarmolejo.es\/#website\",\"url\":\"https:\/\/lugardemarmolejo.es\/\",\"name\":\"El lugar de Marmolejo\",\"description\":\"\",\"potentialAction\":[{\"@type\":\"SearchAction\",\"target\":{\"@type\":\"EntryPoint\",\"urlTemplate\":\"https:\/\/lugardemarmolejo.es\/?s={search_term_string}\"},\"query-input\":{\"@type\":\"PropertyValueSpecification\",\"valueRequired\":true,\"valueName\":\"search_term_string\"}}],\"inLanguage\":\"es\"}]}<\/script>\n<!-- \/ Yoast SEO plugin. -->","yoast_head_json":{"title":"Preg\u00f3n de la Feria del a\u00f1o 1987 - El lugar de Marmolejo","robots":{"index":"index","follow":"follow","max-snippet":"max-snippet:-1","max-image-preview":"max-image-preview:large","max-video-preview":"max-video-preview:-1"},"canonical":"https:\/\/lugardemarmolejo.es\/?page_id=450","og_locale":"es_ES","og_type":"article","og_title":"Preg\u00f3n de la Feria del a\u00f1o 1987 - El lugar de Marmolejo","og_description":"-Manuel Perales Sol\u00eds- En primer lugar bienvenidos y bienvenidas a este p\u00f3rtico de nuestra Feria que hemos querido celebrar en la Plaza de la Constituci\u00f3n: antes, ahora y siempre, la plaza de todos. En mi nombre y en el de la Corporaci\u00f3n Municipal, !Felices Fiestas!. Es un honor hacer de pregonero de la Feria de [&hellip;]","og_url":"https:\/\/lugardemarmolejo.es\/?page_id=450","og_site_name":"El lugar de Marmolejo","twitter_card":"summary_large_image","twitter_misc":{"Tiempo de lectura":"9 minutos"},"schema":{"@context":"https:\/\/schema.org","@graph":[{"@type":"WebPage","@id":"https:\/\/lugardemarmolejo.es\/?page_id=450","url":"https:\/\/lugardemarmolejo.es\/?page_id=450","name":"Preg\u00f3n de la Feria del a\u00f1o 1987 - El lugar de Marmolejo","isPartOf":{"@id":"https:\/\/lugardemarmolejo.es\/#website"},"datePublished":"2023-11-06T16:38:10+00:00","breadcrumb":{"@id":"https:\/\/lugardemarmolejo.es\/?page_id=450#breadcrumb"},"inLanguage":"es","potentialAction":[{"@type":"ReadAction","target":["https:\/\/lugardemarmolejo.es\/?page_id=450"]}]},{"@type":"BreadcrumbList","@id":"https:\/\/lugardemarmolejo.es\/?page_id=450#breadcrumb","itemListElement":[{"@type":"ListItem","position":1,"name":"Portada","item":"https:\/\/lugardemarmolejo.es\/"},{"@type":"ListItem","position":2,"name":"Preg\u00f3n de la Feria del a\u00f1o 1987"}]},{"@type":"WebSite","@id":"https:\/\/lugardemarmolejo.es\/#website","url":"https:\/\/lugardemarmolejo.es\/","name":"El lugar de Marmolejo","description":"","potentialAction":[{"@type":"SearchAction","target":{"@type":"EntryPoint","urlTemplate":"https:\/\/lugardemarmolejo.es\/?s={search_term_string}"},"query-input":{"@type":"PropertyValueSpecification","valueRequired":true,"valueName":"search_term_string"}}],"inLanguage":"es"}]}},"_links":{"self":[{"href":"https:\/\/lugardemarmolejo.es\/index.php?rest_route=\/wp\/v2\/pages\/450","targetHints":{"allow":["GET"]}}],"collection":[{"href":"https:\/\/lugardemarmolejo.es\/index.php?rest_route=\/wp\/v2\/pages"}],"about":[{"href":"https:\/\/lugardemarmolejo.es\/index.php?rest_route=\/wp\/v2\/types\/page"}],"author":[{"embeddable":true,"href":"https:\/\/lugardemarmolejo.es\/index.php?rest_route=\/wp\/v2\/users\/1"}],"replies":[{"embeddable":true,"href":"https:\/\/lugardemarmolejo.es\/index.php?rest_route=%2Fwp%2Fv2%2Fcomments&post=450"}],"version-history":[{"count":1,"href":"https:\/\/lugardemarmolejo.es\/index.php?rest_route=\/wp\/v2\/pages\/450\/revisions"}],"predecessor-version":[{"id":451,"href":"https:\/\/lugardemarmolejo.es\/index.php?rest_route=\/wp\/v2\/pages\/450\/revisions\/451"}],"wp:attachment":[{"href":"https:\/\/lugardemarmolejo.es\/index.php?rest_route=%2Fwp%2Fv2%2Fmedia&parent=450"}],"curies":[{"name":"wp","href":"https:\/\/api.w.org\/{rel}","templated":true}]}}