{"id":434,"date":"2023-11-06T15:52:33","date_gmt":"2023-11-06T15:52:33","guid":{"rendered":"https:\/\/lugardemarmolejo.es\/?page_id=434"},"modified":"2023-11-06T15:52:34","modified_gmt":"2023-11-06T15:52:34","slug":"narraciones-de-la-tradicion-popular","status":"publish","type":"page","link":"https:\/\/lugardemarmolejo.es\/?page_id=434","title":{"rendered":"Narraciones de la tradici\u00f3n popular"},"content":{"rendered":"\n<h1 class=\"wp-block-heading\"><\/h1>\n\n\n\n<h4 class=\"wp-block-heading\">-Manuel Perales Sol\u00eds<\/h4>\n\n\n\n<p><strong>Los garbanzos de la caser\u00eda de Los Pobres:<\/strong><\/p>\n\n\n\n<p>Contaban los antiguos del campo que viv\u00edan y pernoctaban en las caser\u00edas del pago de Cerrada que, en tiempos en que la caser\u00eda de Los Pobres pertenec\u00eda &nbsp;al marqu\u00e9s de Villalbo, se convirti\u00f3 en centro de la curiosidad de los habitantes de aquel pago olivarero por los raros sucesos que all\u00ed ocurr\u00edan durante las noches. Parece ser que unos muleros que estaban dando rastrones &nbsp;durante el mes de agosto, noche tras noche, ve\u00edanse sorprendidos por la presencia de un gran n\u00famero de garbanzos que, desde el techo, ca\u00edan sobre sus camastros haciendo un gran estr\u00e9pito que les imped\u00eda conciliar el sue\u00f1o, provocando en ellos, l\u00f3gicamente, el p\u00e1nico y la desolaci\u00f3n. Otros extra\u00f1os sonidos sal\u00edan tambi\u00e9n de las habitaciones aleda\u00f1as similares a portazos y ruidos de postigos de ventanas que, como empujados por el viento, se abr\u00edan y cerraban persistentemente sin control alguno.<\/p>\n\n\n<div class=\"wp-block-image\">\n<figure class=\"aligncenter is-resized\"><img decoding=\"async\" src=\"https:\/\/static.wixstatic.com\/media\/7e23fc_c6bee64126f4413da30076a0f066967e.jpg\/v1\/fill\/w_964,h_431,al_c,q_85,usm_0.66_1.00_0.01,enc_auto\/7e23fc_c6bee64126f4413da30076a0f066967e.jpg\" alt=\"\" style=\"aspect-ratio:2.2366589327146174;width:823px;height:auto\"\/><figcaption class=\"wp-element-caption\"><strong>Olivar serrano del pago de Cerrada con caser\u00eda de Los Pobres . Foto: Manuel Perales.<\/strong><\/figcaption><\/figure>\n<\/div>\n\n\n<p><\/p>\n\n\n<div class=\"wp-block-image\">\n<figure class=\"aligncenter\"><img decoding=\"async\" src=\"https:\/\/static.wixstatic.com\/media\/7e23fc_ff051fad5ea24922b7b04891c9c8ca17.jpg\/v1\/fill\/w_970,h_386,al_c,q_85,usm_0.66_1.00_0.01,enc_auto\/7e23fc_ff051fad5ea24922b7b04891c9c8ca17.jpg\" alt=\"\"\/><figcaption class=\"wp-element-caption\"><strong>Caser\u00eda de Los Pobres. Foto Ricardo Fern\u00e1ndez Perales<\/strong><\/figcaption><\/figure>\n<\/div>\n\n\n<p><\/p>\n\n\n\n<p>&nbsp; Aquel enigm\u00e1tico fen\u00f3meno dur\u00f3 durante varias noches m\u00e1s, hasta que aquellos muleros y ga\u00f1anes, aterrados por las horribles pesadillas nocturnas que padec\u00edan, decidieron trasladarse a la casilla de Marina &nbsp;para poder descansar y conciliar el sue\u00f1o imprescindible para el duro trabajo que realizaban de sol a sol.<\/p>\n\n\n\n<p>&nbsp; Desde entonces ya no volvi\u00f3 a hablarse m\u00e1s de nuevos sucesos en Los Pobres, aunque todav\u00eda hay quien afirma que los caminantes que pasan cerca de la caser\u00eda a la caida de la tarde, parecen escuchar &nbsp;ruidos extra\u00f1os en su interior.<\/p>\n\n\n\n<p><strong>&nbsp;El saet\u00f3n de Sierra Morena:<\/strong><\/p>\n\n\n\n<p>&nbsp; El saet\u00f3n, tambi\u00e9n conocido como \u201cDrag\u00f3n de Sierra Morena\u201d pudo ser una serpiente aut\u00f3ctona, probablemente extinguida hace a\u00f1os por efecto de los pesticidas en la agricultura (1). Parece ser que hace alg\u00fan tiempo era, sin embargo, frecuente de ver por Sierra Morena, desde Huelva a Ja\u00e9n, &nbsp;en lugares especialmente h\u00famedos y de vegetaci\u00f3n abundante. Su veneno mortal la hizo c\u00e9lebre entre los naturales de la sierra, por su peculiar manera de picar, sorprendiendo a sus presas (personas o animales de labor) saltando velozmente desde los arbustos, seg\u00fan algunos de los testimonios conservados.<\/p>\n\n\n<div class=\"wp-block-image\">\n<figure class=\"alignleft is-resized\"><img decoding=\"async\" src=\"https:\/\/static.wixstatic.com\/media\/7e23fc_6823683a17cc4e849d31445b10f87df3.jpg\/v1\/fill\/w_468,h_233,al_c,q_80,usm_0.66_1.00_0.01,enc_auto\/7e23fc_6823683a17cc4e849d31445b10f87df3.jpg\" alt=\"\" style=\"aspect-ratio:2.0085836909871246;width:395px;height:auto\"\/><figcaption class=\"wp-element-caption\"><strong>Casilla de Marina, junto al arroyo de La Cava, donde seg\u00fan la tradici\u00f3n popular decidieron trasladarse a pasar la noche los muleros de Los Pobres asustados por los extra\u00f1os fen\u00f3menos de los garbanzos. Foto: Manuel Perales.<\/strong><\/figcaption><\/figure>\n<\/div>\n\n<div class=\"wp-block-image\">\n<figure class=\"alignright is-resized\"><img decoding=\"async\" src=\"https:\/\/static.wixstatic.com\/media\/7e23fc_7b355ced577042c3bf9a61fb748f1403.jpg\/v1\/fill\/w_492,h_232,al_c,q_80,usm_0.66_1.00_0.01,enc_auto\/7e23fc_7b355ced577042c3bf9a61fb748f1403.jpg\" alt=\"\" style=\"aspect-ratio:2.1206896551724137;width:418px;height:auto\"\/><figcaption class=\"wp-element-caption\"><strong>Ventorrillo del Charco del Novillo. Dibujo de Robles.<\/strong><\/figcaption><\/figure>\n<\/div>\n\n\n<p><\/p>\n\n\n\n<p><\/p>\n\n\n\n<p>&nbsp;El testimonio de don Pedro Yedres Agudo (2), conocido lugare\u00f1o del Charco del Novillo de Montoro, y due\u00f1o del popular ventorrillo \u201cCharco del Novillo\u201d, la recuerda como una especie de serpiente de picadura mort\u00edfera, siempre camuflada sobre la vegetaci\u00f3n de arroyos y humedales. Este reptil entre 50 cm a dos metros de largo y color verde oscuro, &nbsp;cuyo peso pod\u00eda oscilar entre dos y cinco kilogramos, atacaba por sorpresa, y cuando se aproximaba su presa, saltaba (o volaba) hacia ella inyect\u00e1ndole su mortal veneno. En cierta ocasi\u00f3n \u2013dice don Pedro Yedres- \u201cnos encontr\u00e1bamos arando con los mulos en una finca del t\u00e9rmino de Montoro, y durante el descanso que hac\u00edamos para dar un respiro a los animales, pudimos ver como uno de los mulos que se acercaba a un arroyo cercano para refrescarse, dio de pronto un gran blinco cayendo posteriormente desplomado al suelo. Mientras saltaba pude ver como una serpiente gruesa y de cabeza ancha, como si desplegase unas peque\u00f1as alas, sali\u00f3 despedida del pescuezo del animal. El mulo qued\u00f3 en el suelo con la respiraci\u00f3n entrecortada y nada pudimos hacer por su vida a pesar de que con toda urgencia uno de los muleros se acerc\u00f3 a Montoro para avisar al veterinario. Cuando lleg\u00f3, el animal hab\u00eda muerto\u201d. Otro saet\u00f3n de color marr\u00f3n tiene un veneno menos mort\u00edfero, seg\u00fan don Pedro Yedres.&nbsp;<\/p>\n\n\n\n<p>&nbsp; Hay un dicho popular muy extendido en los pueblos de nuestra Sierra Morena que advierte de la peligrosidad de esta enigm\u00e1tica serpiente: \u201cSi te pica un saet\u00f3n, coge la pala y el azad\u00f3n\u201d, en clara alusi\u00f3n al efecto inmediato y mortal de su picadura.<\/p>\n\n\n\n<p><strong>Notas:<\/strong><\/p>\n\n\n\n<p>(1) En el facebook del Parque Natural de la Sierra de And\u00fajar encontramos la siguiente rese\u00f1a sobre el saet\u00f3n del bi\u00f3logo e investigador aldeano, D. Juan Rela\u00f1o Moyano que por su inter\u00e9s reproduzco: \u201cPodr\u00eda ser una especie que existi\u00f3 y que hace 60 a\u00f1os se extingui\u00f3 por alg\u00fan motivo. Quiz\u00e1 se debi\u00f3 a los pesticidas, cuyo uso agroqu\u00edmico empez\u00f3 a generalizarse en Andaluc\u00eda en aquella \u00e9poca. Adem\u00e1s, nos recuerda que la desaparici\u00f3n sistem\u00e1tica de reptiles de Sierra Morena se inici\u00f3 a mediados del siglo XIX y es muy extra\u00f1o que siglo y medio despu\u00e9s el saet\u00f3n a\u00fan no se halle descrito. Pero puede ser un endemismo de Sierra Morena. Hay viejos campesinos del Charco Novillo que lo han llegado a ver en tres o cuatro ocasiones a lo largo de su vida. &nbsp;Sin embargo, las razones por las que la comunidad cient\u00edfica duda de su existencia creyendo que el vulgo imagina un ser m\u00edtico a partir del encuentro con especies animales poco conocidas, &nbsp;se debe &nbsp;a que en los ecosistemas mediterr\u00e1neos no hay reptiles voladores. La culebra bastarda es la \u00fanica que en algunas ocasiones ejercita algunos saltos. El saet\u00f3n podr\u00eda estar m\u00e1s emparentado con el lagarto ocelado que con la v\u00edbora hocicuda, o con el esliz\u00f3n, o con la lagartija. Por la forma de su cabeza parece un gallipato (que es un anfibio) y, seg\u00fan cuentan, vive en zonas h\u00famedas&#8230; Podr\u00eda ser, incluso, un paso evolutivo entre los anfibios y los reptiles. Hay salamandras que en estado larvario tienen branquias\u201d.<\/p>\n\n\n\n<p>&nbsp; &nbsp;Los bi\u00f3logos creen que el Saet\u00f3n es una criatura creada por la colectividad a partir de testimonios de avistamientos de animales perfectamente documentados por la ciencia. &nbsp;B\u00e1sicamente el Saet\u00f3n ser\u00eda la mezcla de tres especies de reptiles documentadas en Sierra Morena. La primera de estas especies ser\u00eda el Esliz\u00f3n. El Esliz\u00f3n, pese a que su aspecto puede recordarnos al de una serpiente, es en verdad un lagarto cuyas patitas est\u00e1 atrofiadas y aparecen como ap\u00e9ndices en los extremos de su alargado cuerpo. Ser\u00eda el Esliz\u00f3n el que aportar\u00eda el aspecto del Saet\u00f3n: brillante y con unos ap\u00e9ndices a los extremos. &nbsp;No es venenoso.<\/p>\n\n\n\n<p>A la Culebra Bastarda deber\u00eda la pigmentaci\u00f3n (durante su juventud presenta una tonalidad verde para tornarse oscura, casi negra, seg\u00fan va envejeciendo) y el tama\u00f1o y grosor (son animales que pueden alcanzar f\u00e1cilmente los dos metros de largo). Posee veneno, pero no el suficiente para matar a animales de gran tama\u00f1o tal y como afirman los testimonios.<\/p>\n\n\n\n<p>Y para finalizar, su ponzo\u00f1a la recibir\u00eda de la V\u00edbora Cornuda. Se han documentado que las V\u00edboras Cornudas cuando el calor aprieta en verano (fen\u00f3meno muy frecuente en Sierra Morena) se cuelgan en los \u00e1rboles para estar m\u00e1s frescas y en este per\u00edodo (que recibe el nombre de \u201ccuelgue\u201d) se producen ataques a caballer\u00edas y jinetes. Cabe decir que una mordedura de v\u00edbora en un lugar determinado puede llegar a matar a un hombre o un caballo.<\/p>\n\n\n\n<p>Pese a que los datos m\u00e1s conservadores arrojan la cifra de ocho millones las especies que pueblan la Tierra (de las cuales se han documentado un mill\u00f3n) todo parece indicar a que el Saet\u00f3n es un animal creado por la colectividad a partir de avistamientos de distintos animales. La capacidad de hipnotizar y de volar han sido atribuciones que la colectividad ha atribuido siempre a los of\u00eddeos y todo parece indicar que ninguna serpiente misteriosa se oculta en Sierra Morena.<\/p>\n\n\n\n<p>&nbsp;Aunque la comunidad cient\u00edfica no admita la existencia del Saet\u00f3n, los campesinos y los cazadores de Sierra Morena coexisten hace tanto tiempo con el monstruo que hasta le asignan dichos y refranes: \u00abCon el Saet\u00f3n s\u00f3lo espuerta y azad\u00f3n\u00bb; que es tanto como decir que el \u00fanico tratamiento para su venenosa picadura es la tumba. &nbsp;Despu\u00e9s de muchos a\u00f1os de viajes e indagaciones por los parajes serranos en donde ha sido avistado este ser, esta es la exposici\u00f3n de las investigaciones.<\/p>\n\n\n\n<p>&nbsp;Mientras no se encuentre al menos un cad\u00e1ver o restos de este animal que podamos examinar en laboratorio, el saet\u00f3n seguir\u00e1 sin existir oficialmente para la ciencia\u201d.<\/p>\n\n\n\n<p>&nbsp;(2) Mi agradecimiento a Don Pedro Yedres Agudo, propietario del Ventorrillo del Charco del Novillo, por su testimonio y amabilidad.<\/p>\n","protected":false},"excerpt":{"rendered":"<p>-Manuel Perales Sol\u00eds Los garbanzos de la caser\u00eda de Los Pobres: Contaban los antiguos del campo que viv\u00edan y pernoctaban en las caser\u00edas del pago de Cerrada que, en tiempos en que la caser\u00eda de Los Pobres pertenec\u00eda &nbsp;al marqu\u00e9s de Villalbo, se convirti\u00f3 en centro de la curiosidad de los habitantes de aquel pago [&hellip;]<\/p>\n","protected":false},"author":1,"featured_media":0,"parent":0,"menu_order":0,"comment_status":"closed","ping_status":"closed","template":"","meta":{"footnotes":""},"class_list":["post-434","page","type-page","status-publish","hentry"],"yoast_head":"<!-- This site is optimized with the Yoast SEO plugin v25.2 - https:\/\/yoast.com\/wordpress\/plugins\/seo\/ -->\n<title>Narraciones de la tradici\u00f3n popular - El lugar de Marmolejo<\/title>\n<meta name=\"robots\" content=\"index, follow, max-snippet:-1, max-image-preview:large, max-video-preview:-1\" \/>\n<link rel=\"canonical\" href=\"https:\/\/lugardemarmolejo.es\/?page_id=434\" \/>\n<meta property=\"og:locale\" content=\"es_ES\" \/>\n<meta property=\"og:type\" content=\"article\" \/>\n<meta property=\"og:title\" content=\"Narraciones de la tradici\u00f3n popular - El lugar de Marmolejo\" \/>\n<meta property=\"og:description\" content=\"-Manuel Perales Sol\u00eds Los garbanzos de la caser\u00eda de Los Pobres: Contaban los antiguos del campo que viv\u00edan y pernoctaban en las caser\u00edas del pago de Cerrada que, en tiempos en que la caser\u00eda de Los Pobres pertenec\u00eda &nbsp;al marqu\u00e9s de Villalbo, se convirti\u00f3 en centro de la curiosidad de los habitantes de aquel pago [&hellip;]\" \/>\n<meta property=\"og:url\" content=\"https:\/\/lugardemarmolejo.es\/?page_id=434\" \/>\n<meta property=\"og:site_name\" content=\"El lugar de Marmolejo\" \/>\n<meta property=\"article:modified_time\" content=\"2023-11-06T15:52:34+00:00\" \/>\n<meta property=\"og:image\" content=\"https:\/\/static.wixstatic.com\/media\/7e23fc_c6bee64126f4413da30076a0f066967e.jpg\/v1\/fill\/w_964,h_431,al_c,q_85,usm_0.66_1.00_0.01,enc_auto\/7e23fc_c6bee64126f4413da30076a0f066967e.jpg\" \/>\n<meta name=\"twitter:card\" content=\"summary_large_image\" \/>\n<meta name=\"twitter:label1\" content=\"Tiempo de lectura\" \/>\n\t<meta name=\"twitter:data1\" content=\"8 minutos\" \/>\n<script type=\"application\/ld+json\" class=\"yoast-schema-graph\">{\"@context\":\"https:\/\/schema.org\",\"@graph\":[{\"@type\":\"WebPage\",\"@id\":\"https:\/\/lugardemarmolejo.es\/?page_id=434\",\"url\":\"https:\/\/lugardemarmolejo.es\/?page_id=434\",\"name\":\"Narraciones de la tradici\u00f3n popular - El lugar de Marmolejo\",\"isPartOf\":{\"@id\":\"https:\/\/lugardemarmolejo.es\/#website\"},\"primaryImageOfPage\":{\"@id\":\"https:\/\/lugardemarmolejo.es\/?page_id=434#primaryimage\"},\"image\":{\"@id\":\"https:\/\/lugardemarmolejo.es\/?page_id=434#primaryimage\"},\"thumbnailUrl\":\"https:\/\/static.wixstatic.com\/media\/7e23fc_c6bee64126f4413da30076a0f066967e.jpg\/v1\/fill\/w_964,h_431,al_c,q_85,usm_0.66_1.00_0.01,enc_auto\/7e23fc_c6bee64126f4413da30076a0f066967e.jpg\",\"datePublished\":\"2023-11-06T15:52:33+00:00\",\"dateModified\":\"2023-11-06T15:52:34+00:00\",\"breadcrumb\":{\"@id\":\"https:\/\/lugardemarmolejo.es\/?page_id=434#breadcrumb\"},\"inLanguage\":\"es\",\"potentialAction\":[{\"@type\":\"ReadAction\",\"target\":[\"https:\/\/lugardemarmolejo.es\/?page_id=434\"]}]},{\"@type\":\"ImageObject\",\"inLanguage\":\"es\",\"@id\":\"https:\/\/lugardemarmolejo.es\/?page_id=434#primaryimage\",\"url\":\"https:\/\/static.wixstatic.com\/media\/7e23fc_c6bee64126f4413da30076a0f066967e.jpg\/v1\/fill\/w_964,h_431,al_c,q_85,usm_0.66_1.00_0.01,enc_auto\/7e23fc_c6bee64126f4413da30076a0f066967e.jpg\",\"contentUrl\":\"https:\/\/static.wixstatic.com\/media\/7e23fc_c6bee64126f4413da30076a0f066967e.jpg\/v1\/fill\/w_964,h_431,al_c,q_85,usm_0.66_1.00_0.01,enc_auto\/7e23fc_c6bee64126f4413da30076a0f066967e.jpg\"},{\"@type\":\"BreadcrumbList\",\"@id\":\"https:\/\/lugardemarmolejo.es\/?page_id=434#breadcrumb\",\"itemListElement\":[{\"@type\":\"ListItem\",\"position\":1,\"name\":\"Portada\",\"item\":\"https:\/\/lugardemarmolejo.es\/\"},{\"@type\":\"ListItem\",\"position\":2,\"name\":\"Narraciones de la tradici\u00f3n popular\"}]},{\"@type\":\"WebSite\",\"@id\":\"https:\/\/lugardemarmolejo.es\/#website\",\"url\":\"https:\/\/lugardemarmolejo.es\/\",\"name\":\"El lugar de Marmolejo\",\"description\":\"\",\"potentialAction\":[{\"@type\":\"SearchAction\",\"target\":{\"@type\":\"EntryPoint\",\"urlTemplate\":\"https:\/\/lugardemarmolejo.es\/?s={search_term_string}\"},\"query-input\":{\"@type\":\"PropertyValueSpecification\",\"valueRequired\":true,\"valueName\":\"search_term_string\"}}],\"inLanguage\":\"es\"}]}<\/script>\n<!-- \/ Yoast SEO plugin. -->","yoast_head_json":{"title":"Narraciones de la tradici\u00f3n popular - El lugar de Marmolejo","robots":{"index":"index","follow":"follow","max-snippet":"max-snippet:-1","max-image-preview":"max-image-preview:large","max-video-preview":"max-video-preview:-1"},"canonical":"https:\/\/lugardemarmolejo.es\/?page_id=434","og_locale":"es_ES","og_type":"article","og_title":"Narraciones de la tradici\u00f3n popular - El lugar de Marmolejo","og_description":"-Manuel Perales Sol\u00eds Los garbanzos de la caser\u00eda de Los Pobres: Contaban los antiguos del campo que viv\u00edan y pernoctaban en las caser\u00edas del pago de Cerrada que, en tiempos en que la caser\u00eda de Los Pobres pertenec\u00eda &nbsp;al marqu\u00e9s de Villalbo, se convirti\u00f3 en centro de la curiosidad de los habitantes de aquel pago [&hellip;]","og_url":"https:\/\/lugardemarmolejo.es\/?page_id=434","og_site_name":"El lugar de Marmolejo","article_modified_time":"2023-11-06T15:52:34+00:00","og_image":[{"url":"https:\/\/static.wixstatic.com\/media\/7e23fc_c6bee64126f4413da30076a0f066967e.jpg\/v1\/fill\/w_964,h_431,al_c,q_85,usm_0.66_1.00_0.01,enc_auto\/7e23fc_c6bee64126f4413da30076a0f066967e.jpg","type":"","width":"","height":""}],"twitter_card":"summary_large_image","twitter_misc":{"Tiempo de lectura":"8 minutos"},"schema":{"@context":"https:\/\/schema.org","@graph":[{"@type":"WebPage","@id":"https:\/\/lugardemarmolejo.es\/?page_id=434","url":"https:\/\/lugardemarmolejo.es\/?page_id=434","name":"Narraciones de la tradici\u00f3n popular - El lugar de Marmolejo","isPartOf":{"@id":"https:\/\/lugardemarmolejo.es\/#website"},"primaryImageOfPage":{"@id":"https:\/\/lugardemarmolejo.es\/?page_id=434#primaryimage"},"image":{"@id":"https:\/\/lugardemarmolejo.es\/?page_id=434#primaryimage"},"thumbnailUrl":"https:\/\/static.wixstatic.com\/media\/7e23fc_c6bee64126f4413da30076a0f066967e.jpg\/v1\/fill\/w_964,h_431,al_c,q_85,usm_0.66_1.00_0.01,enc_auto\/7e23fc_c6bee64126f4413da30076a0f066967e.jpg","datePublished":"2023-11-06T15:52:33+00:00","dateModified":"2023-11-06T15:52:34+00:00","breadcrumb":{"@id":"https:\/\/lugardemarmolejo.es\/?page_id=434#breadcrumb"},"inLanguage":"es","potentialAction":[{"@type":"ReadAction","target":["https:\/\/lugardemarmolejo.es\/?page_id=434"]}]},{"@type":"ImageObject","inLanguage":"es","@id":"https:\/\/lugardemarmolejo.es\/?page_id=434#primaryimage","url":"https:\/\/static.wixstatic.com\/media\/7e23fc_c6bee64126f4413da30076a0f066967e.jpg\/v1\/fill\/w_964,h_431,al_c,q_85,usm_0.66_1.00_0.01,enc_auto\/7e23fc_c6bee64126f4413da30076a0f066967e.jpg","contentUrl":"https:\/\/static.wixstatic.com\/media\/7e23fc_c6bee64126f4413da30076a0f066967e.jpg\/v1\/fill\/w_964,h_431,al_c,q_85,usm_0.66_1.00_0.01,enc_auto\/7e23fc_c6bee64126f4413da30076a0f066967e.jpg"},{"@type":"BreadcrumbList","@id":"https:\/\/lugardemarmolejo.es\/?page_id=434#breadcrumb","itemListElement":[{"@type":"ListItem","position":1,"name":"Portada","item":"https:\/\/lugardemarmolejo.es\/"},{"@type":"ListItem","position":2,"name":"Narraciones de la tradici\u00f3n popular"}]},{"@type":"WebSite","@id":"https:\/\/lugardemarmolejo.es\/#website","url":"https:\/\/lugardemarmolejo.es\/","name":"El lugar de Marmolejo","description":"","potentialAction":[{"@type":"SearchAction","target":{"@type":"EntryPoint","urlTemplate":"https:\/\/lugardemarmolejo.es\/?s={search_term_string}"},"query-input":{"@type":"PropertyValueSpecification","valueRequired":true,"valueName":"search_term_string"}}],"inLanguage":"es"}]}},"_links":{"self":[{"href":"https:\/\/lugardemarmolejo.es\/index.php?rest_route=\/wp\/v2\/pages\/434","targetHints":{"allow":["GET"]}}],"collection":[{"href":"https:\/\/lugardemarmolejo.es\/index.php?rest_route=\/wp\/v2\/pages"}],"about":[{"href":"https:\/\/lugardemarmolejo.es\/index.php?rest_route=\/wp\/v2\/types\/page"}],"author":[{"embeddable":true,"href":"https:\/\/lugardemarmolejo.es\/index.php?rest_route=\/wp\/v2\/users\/1"}],"replies":[{"embeddable":true,"href":"https:\/\/lugardemarmolejo.es\/index.php?rest_route=%2Fwp%2Fv2%2Fcomments&post=434"}],"version-history":[{"count":1,"href":"https:\/\/lugardemarmolejo.es\/index.php?rest_route=\/wp\/v2\/pages\/434\/revisions"}],"predecessor-version":[{"id":435,"href":"https:\/\/lugardemarmolejo.es\/index.php?rest_route=\/wp\/v2\/pages\/434\/revisions\/435"}],"wp:attachment":[{"href":"https:\/\/lugardemarmolejo.es\/index.php?rest_route=%2Fwp%2Fv2%2Fmedia&parent=434"}],"curies":[{"name":"wp","href":"https:\/\/api.w.org\/{rel}","templated":true}]}}