{"id":423,"date":"2023-11-06T15:12:11","date_gmt":"2023-11-06T15:12:11","guid":{"rendered":"https:\/\/lugardemarmolejo.es\/?page_id=423"},"modified":"2023-11-06T15:12:12","modified_gmt":"2023-11-06T15:12:12","slug":"la-dote-de-una-joven-hacendada-a-principios-del-siglo-xix","status":"publish","type":"page","link":"https:\/\/lugardemarmolejo.es\/?page_id=423","title":{"rendered":"La dote de una joven hacendada a principios del siglo XIX"},"content":{"rendered":"\n<h1 class=\"wp-block-heading\"><\/h1>\n\n\n\n<h4 class=\"wp-block-heading\">-Manuel Perales Sol\u00eds-<\/h4>\n\n\n\n<p><strong>En 1818 &nbsp;hac\u00eda apenas cinco a\u00f1os que las tropas francesas hab\u00edan salido de Espa\u00f1a, tras casi seis &nbsp;de ocupaci\u00f3n &nbsp;del territorio nacional. Nos encontramos en el sexenio absolutista, con &nbsp;el &nbsp;Antiguo R\u00e9gimen restituido desde 1814 &nbsp;y &nbsp;la Constituci\u00f3n de 1812 derogada por Fernando VII que, acto seguido, declaraba la guerra a los elementos liberales a los que enviaba al exilio o &nbsp;a la c\u00e1rcel.&nbsp;&nbsp; El pa\u00eds volv\u00eda a la situaci\u00f3n pol\u00edtica anterior a la invasi\u00f3n del franc\u00e9s y se recuperaba lentamente de una contienda que hab\u00eda supuesto una gran merma de la hacienda p\u00fablica y de la actividad econ\u00f3mica, dejando m\u00e1s miseria y desolaci\u00f3n entre las clases populares. En Marmolejo las personas que asumen en estos momentos &nbsp;responsabilidades de gobierno en el cabildo de la villa, acatan la vuelta del absolutismo regio y se suceden anualmente al igual que ocurr\u00eda en la mayor\u00eda de las ciudades y villas del reino. &nbsp; En este contexto iban a tener lugar los esponsales y las correspondientes \u201cescrituras de dote\u201d de dos j\u00f3venes pertenecientes a sendas familias hacendadas de la villa: la hija del alcalde ordinario Miguel de Molina &nbsp;y el hijo de Francisco Ayll\u00f3n y Gallego, familiar y Alguacil mayor del Santo Oficio de la Inquisici\u00f3n de C\u00f3rdoba, instituci\u00f3n abolida por las Cortes de C\u00e1diz pero ahora reinstaurada por el monarca absolutista (1).<\/strong><\/p>\n\n\n\n<p><strong>&nbsp; Miguel de Molina y Lara ya &nbsp;hab\u00eda ostentado el cargo de Alcalde ordinario de primera vara a lo largo de 1805 y 1807, &nbsp;por lo que suponemos su pertenencia &nbsp;a la hidalgu\u00eda local, pues fue norma desde el siglo XVI la elecci\u00f3n de alcaldes por \u201cmitad de oficios\u201d, esto es: el primer alcalde se eleg\u00eda &nbsp;por el estado de la hidalgu\u00eda mientras que los propuestos para &nbsp;segundo alcalde (o alcalde de segunda vara), &nbsp;deb\u00edan de pertenecer al estado de los ciudanos o gente del com\u00fan. \u201cNunca se les exigieron conocimientos t\u00e9cnicos, s\u00f3lo se ped\u00eda que fueran personas honradas, h\u00e1biles y suficientes que supieran escribir\u201d(2). Las elecciones eran anuales y se celebraban entre los miembros del cabildo, desde tiempo inmemorial, el d\u00eda de San Miguel (29 de septiembre). As\u00ed hasta el a\u00f1o 1761 que se trasladaron al primero de enero de cada a\u00f1o.&nbsp;<br>&nbsp; En cuanto a Francisco Ayll\u00f3n, corregidor que fue de la villa en 1811, sabemos que estuvo casado con Juliana Ortega y Pulido, hermana de Manuel Ortega y Pulido, alcalde ordinario en 1808 y regidor primero del &nbsp;Ayuntamiento Constitucional en diciembre de 1812. Este mediano hacendado pose\u00eda varias fincas r\u00fasticas en el pago de Mirabuenos y de Cerrada y muy bien pudiera tratarse de uno de los primeros liberales docea\u00f1istas de la villa.<\/strong><\/p>\n\n\n<div class=\"wp-block-image\">\n<figure class=\"alignleft is-resized\"><img decoding=\"async\" src=\"https:\/\/static.wixstatic.com\/media\/7e23fc_5e6fd1a1f790409bb4a75f410050537f.jpg\/v1\/fill\/w_546,h_381,al_c,q_80,usm_0.66_1.00_0.01,enc_auto\/7e23fc_5e6fd1a1f790409bb4a75f410050537f.jpg\" alt=\"\" style=\"aspect-ratio:1.4330708661417322;width:464px;height:auto\"\/><figcaption class=\"wp-element-caption\"><strong>Paisaje serrano marmoleje\u00f1o. El pino de La Romera. Foto: Manuel Perales.<\/strong><\/figcaption><\/figure>\n<\/div>\n\n<div class=\"wp-block-image\">\n<figure class=\"alignright is-resized\"><img decoding=\"async\" src=\"https:\/\/static.wixstatic.com\/media\/7e23fc_493272b4ec164f77952206854fb0806c.jpg\/v1\/fill\/w_396,h_548,al_c,q_80,usm_0.66_1.00_0.01,enc_auto\/7e23fc_493272b4ec164f77952206854fb0806c.jpg\" alt=\"\" style=\"aspect-ratio:0.7226277372262774;width:348px;height:auto\"\/><figcaption class=\"wp-element-caption\"><strong>Fernando VII con el uniforme de capit\u00e1n general. Fuente:\u00d3leo de Vicente L\u00f3pez Porta\u00f1a, datado hacia 1814. Museo del Prado de Madrid.<\/strong><\/figcaption><\/figure>\n<\/div>\n\n\n<p><\/p>\n\n\n\n<p><\/p>\n\n\n\n<p><strong>He considerado de inter\u00e9s la transcripci\u00f3n de esta escritura de dote (3) &nbsp;ya que en ella se trasluce la capacidad adquisitiva de \u00e9stas \u00e9lites locales, as\u00ed como la costumbre de concertar matrimonios entre v\u00e1stagos de familias de similar estatus social. La dote era percibida por la sociedad &nbsp;de la \u00e9poca como una se\u00f1al m\u00e1s de prestigio y de poder\u00edo econ\u00f3mico, pero sobre todo, &nbsp;un motivo de orgullo para la familia de la novia que expon\u00eda su ajuar ante familiares, amigos y conocidos de la vencidad, una vez celebrados los esponsales (petici\u00f3n de mano y entrega de anillos), durante los d\u00edas previos a la celebraci\u00f3n del matrimonio religioso. Dicha costumbre &nbsp;perdur\u00f3 &nbsp;en el tiempo hasta fechas muy recientes. Veamos el contenido de esta escritura de dote realizada ante el escribano p\u00fablico don Juan Delgado Caballero:<\/strong><\/p>\n\n\n\n<p>&nbsp; \u201cEn la villa de Marmolejo, a veinte y nueve d\u00edas del mes de enero de mil ochocientos diez y ocho, estando en las casas del se\u00f1or don Miguel de Molina y Lara, Alcalde Ordinario de esta villa, padre de do\u00f1a Mar\u00eda de Las Mercedes Molina y Sol\u00eds, se present\u00f3 don Alfonso de Ayll\u00f3n y Ortega, hijo leg\u00edtimo de don Francisco Ayll\u00f3n y Gallego, familiar y Alguacil Mayor del Santo Oficio de la Inquisici\u00f3n de C\u00f3rdoba (1) y de do\u00f1a Juliana Ortega y Pulido, y a presencia de sus padres y autorizado por el don Francisco Ayll\u00f3n para otorgar la presente escritura respecto a que el don Alfonso est\u00e1 constituido en edad que excede de diez y ocho a\u00f1os pero no llega a la de veinte y cinco. Dijo el Don Alfonso que para m\u00e1s bien servir a Dios Nuestro Se\u00f1or, tiene contraidos exponsales de futuro matrimonio con do\u00f1a Mar\u00eda de las Mercedes Molina y Sol\u00eds, hija leg\u00edtima y de leg\u00edtimo matrimonio, del se\u00f1or don Miguel de Molina y Lara, Alcalde Ordinario de esta villa, y do\u00f1a &nbsp;Benita Sol\u00eds y Ojeda, cuyo desposorio est\u00e1n resueltos a celebrar en la casa de su futura esposa el d\u00eda dos del inmediato febrero, y antes de este acto han convenido los dos, con sus padres, en otorgarse mutuamente las escrituras que expresen las cantidades que cada cual lleva para ayudar a superar las cargas del matrimonio, para que de esta manera gocen de todos los privilegios en vida de los dos y disuelto el matrimonio sepan los interesados respectivos, las cantidades a que tienen derecho. Recibe de su futura esposa los bienes siguientes:<\/p>\n\n\n\n<p>-Una cama de retablo con molduras doradas valorada en 300 reales<\/p>\n\n\n\n<p>-Un catre con su lienzo&#8230;&#8230; 75 reales<\/p>\n\n\n\n<p>-Un ba\u00fal nuevo con dos cerraduras&#8230;.. 120 reales<\/p>\n\n\n\n<p>-Otro servido tambi\u00e9n con llave&#8230;..85 reales<\/p>\n\n\n\n<p>-Un colch\u00f3n de coton nuevo con trece baras&#8230;.136 reales<\/p>\n\n\n\n<p>-Dos colchones grandes ajedrezados&#8230;&#8230;225 reales<\/p>\n\n\n\n<p>-Otro colch\u00f3n de catre ajedrezado&#8230;..90 reales<\/p>\n\n\n\n<p>-Once arrobas de lana para enchimientos&#8230;.550 reales<\/p>\n\n\n\n<p>-Una cadena de oro&#8230;&#8230;..700 reales<\/p>\n\n\n\n<p>-Seis cubiertos de plata&#8230;.480 reales<\/p>\n\n\n\n<p>-Unos aros de topapacios embutidos en oro&#8230;..140 reales<\/p>\n\n\n\n<p>-Unos zarcillos de esmeraldas guarnecidos de pipa y almendra&#8230;..140 reales<\/p>\n\n\n\n<p>-Otros zarcillos de esmeraldas de oro con tres pendientes&#8230;..400 reales<\/p>\n\n\n\n<p>-Una cruz de oro guarnecida de esmeraldas&#8230;..300 reales<\/p>\n\n\n\n<p>-Un rosario de oro con su cruz de lo mismo&#8230;&#8230;500 reales<\/p>\n\n\n\n<p>-Un hilo de perlas&#8230;&#8230;.240 reales<\/p>\n\n\n\n<p>-Un anillo de diamantes&#8230;..100 reales<\/p>\n\n\n\n<p>-Una sortija de topacios&#8230;..30 reales<\/p>\n\n\n<div class=\"wp-block-image\">\n<figure class=\"alignright is-resized\"><img decoding=\"async\" src=\"https:\/\/static.wixstatic.com\/media\/7e23fc_87210b8737c0463f97c94c62af816cbb.jpg\/v1\/fill\/w_561,h_329,al_c,lg_1,q_80,enc_auto\/7e23fc_87210b8737c0463f97c94c62af816cbb.jpg\" alt=\"\" style=\"aspect-ratio:1.7051671732522797;width:523px;height:auto\"\/><figcaption class=\"wp-element-caption\"><strong>El barrio de Jes\u00fas. \u00d3leo de Robles<\/strong><\/figcaption><\/figure>\n<\/div>\n\n\n<p>-Un canutero de plata&#8230;.20 reales<\/p>\n\n\n\n<p>-Seis servilletas de abac\u00e1&#8230;&#8230;72 reales<\/p>\n\n\n\n<p>-Otras seis del mismo grandor&#8230;&#8230;62 reales<\/p>\n\n\n\n<p>-Otra docena de servilletas del mismo grandor&#8230;&#8230;.134 reales<\/p>\n\n\n\n<p>-Otras cuatro servilletas para el uso de la cocina&#8230;..16 reales<\/p>\n\n\n\n<p>-Una tabla de manteles de tres baras y tercia labradas&#8230;..50 reales<\/p>\n\n\n\n<p>-Otra tabla de manteles labrados de dos baras y cuarta&#8230;.30 reales<\/p>\n\n\n\n<p>-Un bestido de coco&#8230;&#8230;35 reales<\/p>\n\n\n\n<p>-Otro de coco encarnado&#8230;..45 reales<\/p>\n\n\n\n<p>-Otro de coco blanco&#8230;..36 reales<\/p>\n\n\n\n<p>-Un bestido de mosolina rayada&#8230;.40 reales<\/p>\n\n\n\n<p>-Un vestido de franela negra&#8230;..90 reales<\/p>\n\n\n\n<p>-Un zagalejo de Indiana nuevo&#8230;..20 reales<\/p>\n\n\n\n<p>-Una basqui\u00f1a de pa\u00f1o de seda&#8230;.75 reales<\/p>\n\n\n\n<p>-Una basqui\u00f1a de alepin&#8230;.66 reales<\/p>\n\n\n\n<p>-Un vestido de seda negro&#8230;.260 reales<\/p>\n\n\n\n<p>-Tres camisas de Breta\u00f1a leg\u00edtima&#8230;..190 reales<\/p>\n\n\n\n<p>-Otras tres de crea ancha&#8230;.130 reales<\/p>\n\n\n\n<p>-Otras tres de coru\u00f1a fina&#8230;..120 reales<\/p>\n\n\n\n<p>-Dos pares de senaguas blancas de Breta\u00f1a&#8230;..80 reales<\/p>\n\n\n\n<p>-Dos pares de crea ancha con guarnici\u00f3n&#8230;&#8230;70 reales<\/p>\n\n\n\n<p>-Otros dos pares de tiradizo&#8230;.50 reales<\/p>\n\n\n\n<p>-Seis pares de chinelas, las dos de raso, tres de tavinete y una de cordob\u00e1n&#8230;..116 reales<\/p>\n\n\n\n<p>-Un par de botas&#8230;..20 reales<\/p>\n\n\n\n<p>-Un rosario engarzado en plata con medallas&#8230;..20 reales<\/p>\n\n\n\n<p>-Dos abanicos&#8230;..45 reales<\/p>\n\n\n\n<p>-Dos mantillas de tul, una blanca y otra negra&#8230;..160 reales<\/p>\n\n\n\n<p>-Otra mantilla de largo negra con blonda&#8230;.100 reales<\/p>\n\n\n\n<p>-Otra mantilla de Trafalgar blanca&#8230;.60 reales<\/p>\n\n\n\n<p>-Otra de balleta encarnada&#8230;..20 reales<\/p>\n\n\n\n<p>-Un peinet\u00f3n&#8230;&#8230;10 reales<\/p>\n\n\n\n<p>-Veinte y dos pa\u00f1uelos de todas clases&#8230;..304 reales<\/p>\n\n\n\n<p>-Dos pares de pantalones&#8230;..30 reales<\/p>\n\n\n\n<p>-Un par de ligas de seda&#8230;&#8230;10 reales<\/p>\n\n\n\n<p>-Ocho pares de medias de seda, hilo y de algod\u00f3n&#8230;.160 reales<\/p>\n\n\n\n<p>-Dos docenas de sillas de abanico con charol pintadas&#8230;.480 reales<\/p>\n\n\n\n<p>-Dos docenas de sillas ordinarias&#8230;&#8230;192 reales<\/p>\n\n\n\n<p>-Una docena de platos de Sevilla y cuatro fuentes&#8230;.20 reales<\/p>\n\n\n\n<p>-Un taz\u00f3n de lo mismo&#8230;..3 reales<\/p>\n\n\n\n<p>-Unas vinagreras&#8230;..4 reales<\/p>\n\n\n\n<p>-Una docena de platos, ticaras, tazas y dos fuentes y una sopera&#8230;.89 reales<\/p>\n\n\n\n<p>-Dos belones&#8230;.100 reales<\/p>\n\n\n\n<p>-Tres candiles&#8230;18 reales<\/p>\n\n\n\n<p>-Dos sartenes peque\u00f1as y un cazo&#8230;.20 reales<\/p>\n\n\n\n<p>-Una sart\u00e9n grande&#8230;&#8230;16 reales<\/p>\n\n\n\n<p>-Unas trevedes&#8230;.20 reales<\/p>\n\n\n\n<p>-Tres cantos de yerro para el fuego&#8230;24 reales<\/p>\n\n\n\n<p>-Una paleta de yerro&#8230;.4 reales<\/p>\n\n\n\n<p>-Una cuchara de yerro&#8230;4 reales<\/p>\n\n\n\n<p>-Una rasera&#8230;.3 reales<\/p>\n\n\n\n<p>-Un asador&#8230;..4 reales<\/p>\n\n\n\n<p>-Unas tenazas&#8230;.6 reales<\/p>\n\n\n\n<p>-Dos cuchillos ordinarios&#8230;.18 reales<\/p>\n\n\n\n<p>-Otro fino&#8230;.12 reales<\/p>\n\n\n\n<p>-Una mesa redonda con su caj\u00f3n&#8230;170 reales<\/p>\n\n\n\n<p>-Un jarrero&#8230;.50 reales<\/p>\n\n\n\n<p>-Una cantarera&#8230;..50 reales<\/p>\n\n\n\n<p>-Un cuvo&#8230;..25 reales<\/p>\n\n\n\n<p>-Una artesa&#8230;.25 reales<\/p>\n\n\n\n<p>-Unas varandillas&#8230;15 reales<\/p>\n\n\n\n<p>-Una tabla para pan&#8230;16 reales<\/p>\n\n\n\n<p>-Siete barretas para cortinas&#8230;50 reales<\/p>\n\n\n\n<p>-Una caldera de cobre&#8230;..200 reales<\/p>\n\n\n\n<p>-Una chocolatera&#8230;.6 reales<\/p>\n\n\n\n<p>-Una almirez&#8230;..60 reales<\/p>\n\n\n\n<p>-Una alcuza de lata&#8230;8 reales<\/p>\n\n\n\n<p>-Un brasero, cornucopias, l\u00e1minas, espejo y pajeruelo&#8230;&#8230;1000 reales<\/p>\n\n\n\n<p>-Varias piezas de cristal&#8230;.200 reales<\/p>\n\n\n\n<p>-Unas jamugas&#8230;30 reales<\/p>\n\n\n\n<p>-Unas casas situadas en la calle Perales&#8230;..12134 reales<\/p>\n\n\n\n<p>-Un olivar de veinte olivos en el pago de Cala\u00f1as, sitio de los Algarrobos&#8230;.4200 reales\u201d.<\/p>\n\n\n<div class=\"wp-block-image\">\n<figure class=\"aligncenter is-resized\"><img decoding=\"async\" src=\"https:\/\/static.wixstatic.com\/media\/7e23fc_a75a182a355d4fa9b053b6a7b6495c1a.jpg\/v1\/fill\/w_956,h_611,al_c,q_85,usm_0.66_1.00_0.01,enc_auto\/7e23fc_a75a182a355d4fa9b053b6a7b6495c1a.jpg\" alt=\"\" style=\"aspect-ratio:1.5646481178396072;width:770px;height:auto\"\/><figcaption class=\"wp-element-caption\"><strong>Fusilamiento del general Jos\u00e9 Mar\u00eda Torrijos, junto a otros significados compa\u00f1eros liberales, en la playa de San Andr\u00e9s de M\u00e1laga el 11 de diciembre de 1831. \u00d3leo de Antonio Gisbert P\u00e9rez, pintado en 1888. Museo del Prado de Madrid. \u00a0<\/strong><\/figcaption><\/figure>\n<\/div>\n\n\n<p><\/p>\n\n\n\n<p><strong>Notas:<\/strong><\/p>\n\n\n\n<p>(1) Gonzalo Cerrillo Cruz en su estudio sobre los \u201cAlguaciles mayores de la Inquisici\u00f3n\u201d nos aclara que durante los a\u00f1os de vida de la Inquisici\u00f3n espa\u00f1ola existi\u00f3 un gran inter\u00e9s en acceder a los distintos cargos con que se configur\u00f3 la organizaci\u00f3n inquisitorial. Muchos de esos cargos con el tiempo devinieron en cargos m\u00e1s o menos representativos por transformaci\u00f3n de otros inicialmente revestidos de funciones inquisitoriales efectivas. Posiblemente, el caso m\u00e1s notable de esta circunstancia es el de los familiares (su funci\u00f3n era la de informar de todo lo que fuera de inter\u00e9s para la instituci\u00f3n) que en sus or\u00edgenes ten\u00edan atribuidas funciones reales pero cuyos t\u00edtulos se demandaron m\u00e1s por privilegios inherentes al puesto que por el af\u00e1n de servicio ya que, como es bien sabido, ni siquiera ten\u00edan asignada una retribuci\u00f3n. En relaci\u00f3n al Alguacil mayor nos dice que la idea generalizada que se tiene, es la de una figura decorativa y de un cargo honor\u00edfico, normalmente reservado &nbsp;a personas de distinci\u00f3n. Originariamente el Alguacil era el principal funcionario de car\u00e1cter ejecutivo con que cont\u00f3 el Santo Oficio. Su existencia se remonta a los inicios de esta instituci\u00f3n pues ya en las Instrucciones de Torquemada a los inquisidores, de diciembre de 1484, se les cita como imprescindibles junto a los inquisidores, fiscal y notarios. La normativa contemplaba la existencia de un alguacil por tribunal, cuyo salario ascend\u00eda inicialmente a la suma se sesenta mil maravedis, el mismo que ten\u00edan asignado los inquisidores y el receptor. Las principales funciones que le estaban retribuidas eran las relativas a las capturas de los reos y los embargos de los bienes. Inicialmente, tambi\u00e9n era misi\u00f3n suya custodiar a los presos en la c\u00e1rcel, hasta que se cre\u00f3 el cargo de alcaide de las c\u00e1rceles. A partir de este momento el alguacil llevaba a los presos a la c\u00e1rcel de la Inquisici\u00f3n y se los entregaba al alcaide. (\u201cAlguaciles mayores de la Inquisici\u00f3n. Alguaciles mayores del Tribunal de Sevilla en el siglo XVIII\u201d. Revista de la Inquisici\u00f3n, de p\u00e1gina 163 a 190. Servicio de Publicaciones. Universidad Complutense, Madrid. 1997).<\/p>\n\n\n\n<p>(2) Pedro Losa Serrano y Ram\u00f3n C\u00f3zar Guti\u00e9rrez: \u201cLas luchas olig\u00e1rquicas y sus consecuencias en el gobierno municipal de Albacete durante la Edad Moderna: las elecciones de Alcaldes Ordinarios como origen de las luchas por el poder en la villa de Albacete\u201d. Trabajo publicado en Revista de Historia Moderna. Anales de la Universidad de Alicante, n\u00ba 19; a\u00f1o 2001.<\/p>\n\n\n\n<p>(3) Archivo Hist\u00f3rico Provincial de Ja\u00e9n, Protocolos Notariales. Legajos n\u00fameros: 4070, 4077, 4078, 4082, 4084 y 4088 correspondientes a los a\u00f1os de 1800 a 1818. Igualmente se han consultado las Actas Capitulares del Ayuntamiento de Marmolejo, correspondientes a los a\u00f1os 1803, 1804 y 1805.<\/p>\n","protected":false},"excerpt":{"rendered":"<p>-Manuel Perales Sol\u00eds- En 1818 &nbsp;hac\u00eda apenas cinco a\u00f1os que las tropas francesas hab\u00edan salido de Espa\u00f1a, tras casi seis &nbsp;de ocupaci\u00f3n &nbsp;del territorio nacional. Nos encontramos en el sexenio absolutista, con &nbsp;el &nbsp;Antiguo R\u00e9gimen restituido desde 1814 &nbsp;y &nbsp;la Constituci\u00f3n de 1812 derogada por Fernando VII que, acto seguido, declaraba la guerra a los [&hellip;]<\/p>\n","protected":false},"author":1,"featured_media":0,"parent":0,"menu_order":0,"comment_status":"closed","ping_status":"closed","template":"","meta":{"footnotes":""},"class_list":["post-423","page","type-page","status-publish","hentry"],"yoast_head":"<!-- This site is optimized with the Yoast SEO plugin v25.2 - https:\/\/yoast.com\/wordpress\/plugins\/seo\/ -->\n<title>La dote de una joven hacendada a principios del siglo XIX - El lugar de Marmolejo<\/title>\n<meta name=\"robots\" content=\"index, follow, max-snippet:-1, max-image-preview:large, max-video-preview:-1\" \/>\n<link rel=\"canonical\" href=\"https:\/\/lugardemarmolejo.es\/?page_id=423\" \/>\n<meta property=\"og:locale\" content=\"es_ES\" \/>\n<meta property=\"og:type\" content=\"article\" \/>\n<meta property=\"og:title\" content=\"La dote de una joven hacendada a principios del siglo XIX - El lugar de Marmolejo\" \/>\n<meta property=\"og:description\" content=\"-Manuel Perales Sol\u00eds- En 1818 &nbsp;hac\u00eda apenas cinco a\u00f1os que las tropas francesas hab\u00edan salido de Espa\u00f1a, tras casi seis &nbsp;de ocupaci\u00f3n &nbsp;del territorio nacional. Nos encontramos en el sexenio absolutista, con &nbsp;el &nbsp;Antiguo R\u00e9gimen restituido desde 1814 &nbsp;y &nbsp;la Constituci\u00f3n de 1812 derogada por Fernando VII que, acto seguido, declaraba la guerra a los [&hellip;]\" \/>\n<meta property=\"og:url\" content=\"https:\/\/lugardemarmolejo.es\/?page_id=423\" \/>\n<meta property=\"og:site_name\" content=\"El lugar de Marmolejo\" \/>\n<meta property=\"article:modified_time\" content=\"2023-11-06T15:12:12+00:00\" \/>\n<meta property=\"og:image\" content=\"https:\/\/static.wixstatic.com\/media\/7e23fc_5e6fd1a1f790409bb4a75f410050537f.jpg\/v1\/fill\/w_546,h_381,al_c,q_80,usm_0.66_1.00_0.01,enc_auto\/7e23fc_5e6fd1a1f790409bb4a75f410050537f.jpg\" \/>\n<meta name=\"twitter:card\" content=\"summary_large_image\" \/>\n<meta name=\"twitter:label1\" content=\"Tiempo de lectura\" \/>\n\t<meta name=\"twitter:data1\" content=\"10 minutos\" \/>\n<script type=\"application\/ld+json\" class=\"yoast-schema-graph\">{\"@context\":\"https:\/\/schema.org\",\"@graph\":[{\"@type\":\"WebPage\",\"@id\":\"https:\/\/lugardemarmolejo.es\/?page_id=423\",\"url\":\"https:\/\/lugardemarmolejo.es\/?page_id=423\",\"name\":\"La dote de una joven hacendada a principios del siglo XIX - El lugar de Marmolejo\",\"isPartOf\":{\"@id\":\"https:\/\/lugardemarmolejo.es\/#website\"},\"primaryImageOfPage\":{\"@id\":\"https:\/\/lugardemarmolejo.es\/?page_id=423#primaryimage\"},\"image\":{\"@id\":\"https:\/\/lugardemarmolejo.es\/?page_id=423#primaryimage\"},\"thumbnailUrl\":\"https:\/\/static.wixstatic.com\/media\/7e23fc_5e6fd1a1f790409bb4a75f410050537f.jpg\/v1\/fill\/w_546,h_381,al_c,q_80,usm_0.66_1.00_0.01,enc_auto\/7e23fc_5e6fd1a1f790409bb4a75f410050537f.jpg\",\"datePublished\":\"2023-11-06T15:12:11+00:00\",\"dateModified\":\"2023-11-06T15:12:12+00:00\",\"breadcrumb\":{\"@id\":\"https:\/\/lugardemarmolejo.es\/?page_id=423#breadcrumb\"},\"inLanguage\":\"es\",\"potentialAction\":[{\"@type\":\"ReadAction\",\"target\":[\"https:\/\/lugardemarmolejo.es\/?page_id=423\"]}]},{\"@type\":\"ImageObject\",\"inLanguage\":\"es\",\"@id\":\"https:\/\/lugardemarmolejo.es\/?page_id=423#primaryimage\",\"url\":\"https:\/\/static.wixstatic.com\/media\/7e23fc_5e6fd1a1f790409bb4a75f410050537f.jpg\/v1\/fill\/w_546,h_381,al_c,q_80,usm_0.66_1.00_0.01,enc_auto\/7e23fc_5e6fd1a1f790409bb4a75f410050537f.jpg\",\"contentUrl\":\"https:\/\/static.wixstatic.com\/media\/7e23fc_5e6fd1a1f790409bb4a75f410050537f.jpg\/v1\/fill\/w_546,h_381,al_c,q_80,usm_0.66_1.00_0.01,enc_auto\/7e23fc_5e6fd1a1f790409bb4a75f410050537f.jpg\"},{\"@type\":\"BreadcrumbList\",\"@id\":\"https:\/\/lugardemarmolejo.es\/?page_id=423#breadcrumb\",\"itemListElement\":[{\"@type\":\"ListItem\",\"position\":1,\"name\":\"Portada\",\"item\":\"https:\/\/lugardemarmolejo.es\/\"},{\"@type\":\"ListItem\",\"position\":2,\"name\":\"La dote de una joven hacendada a principios del siglo XIX\"}]},{\"@type\":\"WebSite\",\"@id\":\"https:\/\/lugardemarmolejo.es\/#website\",\"url\":\"https:\/\/lugardemarmolejo.es\/\",\"name\":\"El lugar de Marmolejo\",\"description\":\"\",\"potentialAction\":[{\"@type\":\"SearchAction\",\"target\":{\"@type\":\"EntryPoint\",\"urlTemplate\":\"https:\/\/lugardemarmolejo.es\/?s={search_term_string}\"},\"query-input\":{\"@type\":\"PropertyValueSpecification\",\"valueRequired\":true,\"valueName\":\"search_term_string\"}}],\"inLanguage\":\"es\"}]}<\/script>\n<!-- \/ Yoast SEO plugin. -->","yoast_head_json":{"title":"La dote de una joven hacendada a principios del siglo XIX - El lugar de Marmolejo","robots":{"index":"index","follow":"follow","max-snippet":"max-snippet:-1","max-image-preview":"max-image-preview:large","max-video-preview":"max-video-preview:-1"},"canonical":"https:\/\/lugardemarmolejo.es\/?page_id=423","og_locale":"es_ES","og_type":"article","og_title":"La dote de una joven hacendada a principios del siglo XIX - El lugar de Marmolejo","og_description":"-Manuel Perales Sol\u00eds- En 1818 &nbsp;hac\u00eda apenas cinco a\u00f1os que las tropas francesas hab\u00edan salido de Espa\u00f1a, tras casi seis &nbsp;de ocupaci\u00f3n &nbsp;del territorio nacional. Nos encontramos en el sexenio absolutista, con &nbsp;el &nbsp;Antiguo R\u00e9gimen restituido desde 1814 &nbsp;y &nbsp;la Constituci\u00f3n de 1812 derogada por Fernando VII que, acto seguido, declaraba la guerra a los [&hellip;]","og_url":"https:\/\/lugardemarmolejo.es\/?page_id=423","og_site_name":"El lugar de Marmolejo","article_modified_time":"2023-11-06T15:12:12+00:00","og_image":[{"url":"https:\/\/static.wixstatic.com\/media\/7e23fc_5e6fd1a1f790409bb4a75f410050537f.jpg\/v1\/fill\/w_546,h_381,al_c,q_80,usm_0.66_1.00_0.01,enc_auto\/7e23fc_5e6fd1a1f790409bb4a75f410050537f.jpg","type":"","width":"","height":""}],"twitter_card":"summary_large_image","twitter_misc":{"Tiempo de lectura":"10 minutos"},"schema":{"@context":"https:\/\/schema.org","@graph":[{"@type":"WebPage","@id":"https:\/\/lugardemarmolejo.es\/?page_id=423","url":"https:\/\/lugardemarmolejo.es\/?page_id=423","name":"La dote de una joven hacendada a principios del siglo XIX - El lugar de Marmolejo","isPartOf":{"@id":"https:\/\/lugardemarmolejo.es\/#website"},"primaryImageOfPage":{"@id":"https:\/\/lugardemarmolejo.es\/?page_id=423#primaryimage"},"image":{"@id":"https:\/\/lugardemarmolejo.es\/?page_id=423#primaryimage"},"thumbnailUrl":"https:\/\/static.wixstatic.com\/media\/7e23fc_5e6fd1a1f790409bb4a75f410050537f.jpg\/v1\/fill\/w_546,h_381,al_c,q_80,usm_0.66_1.00_0.01,enc_auto\/7e23fc_5e6fd1a1f790409bb4a75f410050537f.jpg","datePublished":"2023-11-06T15:12:11+00:00","dateModified":"2023-11-06T15:12:12+00:00","breadcrumb":{"@id":"https:\/\/lugardemarmolejo.es\/?page_id=423#breadcrumb"},"inLanguage":"es","potentialAction":[{"@type":"ReadAction","target":["https:\/\/lugardemarmolejo.es\/?page_id=423"]}]},{"@type":"ImageObject","inLanguage":"es","@id":"https:\/\/lugardemarmolejo.es\/?page_id=423#primaryimage","url":"https:\/\/static.wixstatic.com\/media\/7e23fc_5e6fd1a1f790409bb4a75f410050537f.jpg\/v1\/fill\/w_546,h_381,al_c,q_80,usm_0.66_1.00_0.01,enc_auto\/7e23fc_5e6fd1a1f790409bb4a75f410050537f.jpg","contentUrl":"https:\/\/static.wixstatic.com\/media\/7e23fc_5e6fd1a1f790409bb4a75f410050537f.jpg\/v1\/fill\/w_546,h_381,al_c,q_80,usm_0.66_1.00_0.01,enc_auto\/7e23fc_5e6fd1a1f790409bb4a75f410050537f.jpg"},{"@type":"BreadcrumbList","@id":"https:\/\/lugardemarmolejo.es\/?page_id=423#breadcrumb","itemListElement":[{"@type":"ListItem","position":1,"name":"Portada","item":"https:\/\/lugardemarmolejo.es\/"},{"@type":"ListItem","position":2,"name":"La dote de una joven hacendada a principios del siglo XIX"}]},{"@type":"WebSite","@id":"https:\/\/lugardemarmolejo.es\/#website","url":"https:\/\/lugardemarmolejo.es\/","name":"El lugar de Marmolejo","description":"","potentialAction":[{"@type":"SearchAction","target":{"@type":"EntryPoint","urlTemplate":"https:\/\/lugardemarmolejo.es\/?s={search_term_string}"},"query-input":{"@type":"PropertyValueSpecification","valueRequired":true,"valueName":"search_term_string"}}],"inLanguage":"es"}]}},"_links":{"self":[{"href":"https:\/\/lugardemarmolejo.es\/index.php?rest_route=\/wp\/v2\/pages\/423","targetHints":{"allow":["GET"]}}],"collection":[{"href":"https:\/\/lugardemarmolejo.es\/index.php?rest_route=\/wp\/v2\/pages"}],"about":[{"href":"https:\/\/lugardemarmolejo.es\/index.php?rest_route=\/wp\/v2\/types\/page"}],"author":[{"embeddable":true,"href":"https:\/\/lugardemarmolejo.es\/index.php?rest_route=\/wp\/v2\/users\/1"}],"replies":[{"embeddable":true,"href":"https:\/\/lugardemarmolejo.es\/index.php?rest_route=%2Fwp%2Fv2%2Fcomments&post=423"}],"version-history":[{"count":1,"href":"https:\/\/lugardemarmolejo.es\/index.php?rest_route=\/wp\/v2\/pages\/423\/revisions"}],"predecessor-version":[{"id":424,"href":"https:\/\/lugardemarmolejo.es\/index.php?rest_route=\/wp\/v2\/pages\/423\/revisions\/424"}],"wp:attachment":[{"href":"https:\/\/lugardemarmolejo.es\/index.php?rest_route=%2Fwp%2Fv2%2Fmedia&parent=423"}],"curies":[{"name":"wp","href":"https:\/\/api.w.org\/{rel}","templated":true}]}}