{"id":391,"date":"2023-10-16T14:36:31","date_gmt":"2023-10-16T14:36:31","guid":{"rendered":"https:\/\/lugardemarmolejo.es\/?page_id=391"},"modified":"2023-10-16T14:36:31","modified_gmt":"2023-10-16T14:36:31","slug":"las-letrillas-de-las-canciones-populares-marmolejenas","status":"publish","type":"page","link":"https:\/\/lugardemarmolejo.es\/?page_id=391","title":{"rendered":"Las letrillas de las canciones populares marmoleje\u00f1as"},"content":{"rendered":"\n<h1 class=\"wp-block-heading\"><\/h1>\n\n\n\n<h4 class=\"wp-block-heading\"><strong>-Manuel Perales Sol\u00eds-<\/strong><\/h4>\n\n\n\n<p><strong>Letrillas de las murgas carnavaleras:<\/strong><\/p>\n\n\n\n<p><em><strong>-De cr\u00edtica social y pol\u00edtica (*):<\/strong><\/em><\/p>\n\n\n\n<p>Murga de comienzos del siglo XX:<\/p>\n\n\n\n<p>\u201cVamos a contar un chasco<\/p>\n\n\n\n<p>que hace pocos d\u00edas que se presenci\u00f3:<\/p>\n\n\n\n<p>un marido a su mujer,<\/p>\n\n\n\n<p>por causa del vino,<\/p>\n\n\n\n<p>un tiro le di\u00f3.<\/p>\n\n\n\n<p>Las vecinas que lo oyen,<\/p>\n\n\n\n<p>salen a la puerta muy desesper\u00e1s.<\/p>\n\n\n\n<p>Se dicen unas a otras:<\/p>\n\n\n\n<p>-Ha sido el municipal.<\/p>\n\n\n\n<p>La suegra fue a la nuera<\/p>\n\n\n\n<p>a conformar:<\/p>\n\n\n\n<p>-T\u00fa te quedas con mi hijo,<\/p>\n\n\n\n<p>que ya no lo hace m\u00e1s.<\/p>\n\n\n\n<p>Y ella le dice:<\/p>\n\n\n\n<p>-No puede ser,<\/p>\n\n\n\n<p>yo me voy con mi hermana<\/p>\n\n\n\n<p>y usted se queda con \u00e9l\u201d.<\/p>\n\n\n\n<p>Murgas de la 2\u00aa Rep\u00fablica:<\/p>\n\n\n\n<p>\u201cSomos los murguistas<\/p>\n\n\n\n<p>hombres muy valientes.<\/p>\n\n\n\n<p>Hace ya m\u00e1s de tres a\u00f1os<\/p>\n\n\n\n<p>que no comemos caliente.<\/p>\n\n\n\n<p>Y el del clarinete, dijo una ma\u00f1ana:<\/p>\n\n\n\n<p>!Qu\u00e9 ganicas tengo de comer arroz con pava!<\/p>\n\n\n\n<p>!Y un buen cocido!,<\/p>\n\n\n\n<p>-dijo el del tambor-.<\/p>\n\n\n\n<p>Y al oir estas palabras<\/p>\n\n\n\n<p>cay\u00f3 desmayado el Se\u00f1or Director\u201d.<\/p>\n\n\n\n<p>________________________<\/p>\n\n\n\n<p>Somos la murga la olla<\/p>\n\n\n\n<p>que anda con el pan a trechas<\/p>\n\n\n\n<p>desde el a\u00f1o treinta y tres,<\/p>\n\n\n\n<p>que ganaron las derechas.<\/p>\n\n\n\n<p>Hemos pasado m\u00e1s hambre<\/p>\n\n\n\n<p>este a\u00f1o en la aceituna,<\/p>\n\n\n\n<p>que pasaron nuestros padres<\/p>\n\n\n\n<p>cuando la guerra de Cuba.<\/p>\n\n\n\n<p>No hemos podido juntar<\/p>\n\n\n\n<p>\u201cpa\u201d el alquiler de la casa,<\/p>\n\n\n\n<p>y vamos a tener que dormir<\/p>\n\n\n\n<p>en un poyo de la plaza.<\/p>\n\n\n\n<p><strong>(*)&nbsp;<\/strong>Estas dos letrillas corresponden a los carnavales del a\u00f1o de 1934 y 1935. Me las transmiti\u00f3 el marmoleje\u00f1o ya fallecido Vicente Nieves Pastor, hortelano de profesi\u00f3n en el pago de las \u201cTurrunteras\u201d. En noviembre de 1933 se celebrar\u00edan unas elecciones generales que dieron lugar a un vuelco electoral con mayor\u00eda de los partidos de centro-derecha. Ello propici\u00f3 el freno inmediato a muchas de las pol\u00edticas reformistas de contenido social impulsadas durante los gobiernos social-aza\u00f1istas, secularmente solicitadas por la clase trabajadora campesina, con la consecuente paralizaci\u00f3n de los decretos de Reforma Agraria, el de fincas manifiestamente mejorables, la ley de T\u00e9rminos Municipales y las leyes de Laboreo Forzoso. Todo ello unido a malas cosechas provoc\u00f3 situaciones de extrema necesidad entre la clase jornalera local.<\/p>\n\n\n\n<p>La segunda letrilla hace menci\u00f3n al alquiler de las casas, procedimiento habitual para acceder a la vivienda para la clase obrera, y a los poyos de la plaza del Amparo. La mayor\u00eda de los jornaleros marmoleje\u00f1os viv\u00edan en cuartos alquilados, d\u00e1ndose el caso de que en una misma casa pod\u00edan vivir hasta cuatro o cinco familias. Estos alquileres se renovaban de \u201cSan Juan a San Juan\u201d.&nbsp;<\/p>\n\n\n\n<p>(*) Esta letrilla, tambi\u00e9n transmitida oralmente por Vicente Nieves Pastor, corresponde igualmente a 1935 y refleja el descontento obrero con la actitud de los patronos que no daban trabajo en sus fincas a los obreros adscritos al Centro Instructivo Obrero y s\u00ed a aquellos que pertenec\u00edan al Centro Republicano de la calle San Antonio, sede social del Partido Radical y de la organizaci\u00f3n patronal \u201cAsociaci\u00f3n de Labradores\u201d. Estos obreros \u201cdesclasados\u201d, fueron conocidos como \u201cratones\u201d o \u201ctraidores\u201d, y al Centro Republicano se le llam\u00f3 tambi\u00e9n como \u201cLa ratonera\u201d.<\/p>\n\n\n\n<p>En la primavera de 1934, el d\u00eda de San Jos\u00e9, entre las 9,30 y 10 de la noche, su sede social era objeto de las iras de un grupo de afiliados a las Juventudes Socialistas que manifestaron su descontento con la colocaci\u00f3n de un artefacto casero compuesto de dinamita y metralla, que explosion\u00f3 en el zagu\u00e1n del citado Centro Republicano, produciendo da\u00f1os materiales en su interior y tambi\u00e9n la rotura de cristales en el hotel \u201cCuatro Naciones\u201d, justo en frente. El objetivo era amedrentar a los afiliados al Centro Republicano por las pr\u00e1cticas de los patronos protestando, al mismo tiempo, ante la inminente supresi\u00f3n de la Corporaci\u00f3n de mayor\u00eda socialista, por orden gubernativa, que se producir\u00eda el d\u00eda 25 de marzo de 1934.<\/p>\n\n\n\n<p>El t\u00e9rmino \u201cpelusos\u201d de esta letrilla hace menci\u00f3n a la costumbre existente entre la clase jornalera de cortarse el pelo al cero, pr\u00e1ctica habitual que se recomend\u00f3 por razones higi\u00e9nico-sanitarias, para as\u00ed evitar los frecuentes contagios de piojos y pulgas, abundantes en exceso, dada la proliferaci\u00f3n de animales de labor y \u201cde corral\u201d que se alojaban en cuadras y corrales de las casas de la villa.&nbsp;<\/p>\n\n\n\n<p>Los patronos de este pueblo<\/p>\n\n\n\n<p>gastan mucha postest\u00e1<\/p>\n\n\n\n<p>porque dicen que<\/p>\n\n\n\n<p>no puede nadie con el capital.<\/p>\n\n\n\n<p>Y si le pides trabajo<\/p>\n\n\n\n<p>te dicen que no te dan;<\/p>\n\n\n\n<p>que el trabajo es solamente<\/p>\n\n\n\n<p>\u201cpa\u201d el que hay en la patronal.<\/p>\n\n\n\n<p>Toditas estas palabras<\/p>\n\n\n\n<p>s\u00f3lamente por un traidor,<\/p>\n\n\n\n<p>que dice que los \u201cpelusos\u201d<\/p>\n\n\n\n<p>coman orujo y ram\u00f3n.<\/p>\n\n\n\n<p><strong>Canciones de s\u00e1tira social:<\/strong><\/p>\n\n\n\n<p>La moda de las melenas<\/p>\n\n\n\n<p>es una barbaridad<\/p>\n\n\n\n<p>porque cr\u00eda la cabeza<\/p>\n\n\n\n<p>bichos, liendres y dem\u00e1s.<\/p>\n\n\n\n<p>Vamos a contar un caso<\/p>\n\n\n\n<p>que vimos el otro d\u00eda;<\/p>\n\n\n\n<p>una madre muy curiosa<\/p>\n\n\n\n<p>a su hija le dec\u00eda:<\/p>\n\n\n\n<p>\u201c\u00a1Anda!, vete que te pelen<\/p>\n\n\n\n<p>aunque sea con el cero,<\/p>\n\n\n\n<p>que te dejen la cabeza<\/p>\n\n\n\n<p>como el culo de un puchero\u201d.<\/p>\n\n\n\n<p>Pero el maestro contesta:<\/p>\n\n\n\n<p>-ni\u00f1a te has equivocao,<\/p>\n\n\n\n<p>porque yo no estoy dispuesto<\/p>\n\n\n\n<p>a matar tanto ganao\u201d-.<\/p>\n\n\n\n<p>_______________________<\/p>\n\n\n\n<p>Est\u00e1bamos la otra noche<\/p>\n\n\n\n<p>sentados en la taberna.<\/p>\n\n\n\n<p>Vimos pasar una viuda<\/p>\n\n\n\n<p>muy arreglada y ligera.<\/p>\n\n\n\n<p>A nosotros nos extra\u00f1aba,<\/p>\n\n\n\n<p>porque ella nunca iba as\u00ed.<\/p>\n\n\n\n<p>Tratamos de perseguirla<\/p>\n\n\n\n<p>y la vimos penetrar<\/p>\n\n\n\n<p>por una calle sin sal\u00eda.<\/p>\n\n\n\n<p>De pronto qued\u00f3 par\u00e1<\/p>\n\n\n\n<p>y toc\u00f3 el pito de una tuba<\/p>\n\n\n\n<p>y la subieron con dos sogas<\/p>\n\n\n\n<p>por la puerta de un \u201cpaj\u00e1\u201d.<\/p>\n\n\n<div class=\"wp-block-image\">\n<figure class=\"aligncenter is-resized\"><img decoding=\"async\" src=\"https:\/\/static.wixstatic.com\/media\/7e23fc_6bc0aa6fac9b81f62d72184efd73b683.jpg\/v1\/fill\/w_606,h_381,al_c,lg_1,q_80,enc_auto\/7e23fc_6bc0aa6fac9b81f62d72184efd73b683.jpg\" alt=\"\" style=\"aspect-ratio:1.5905511811023623;width:555px;height:auto\"\/><figcaption class=\"wp-element-caption\"><strong>Acuarela de un atardecer en Marmolejo. Por\u00a0Robles<\/strong><\/figcaption><\/figure>\n<\/div>\n\n\n<p><\/p>\n\n\n\n<p><strong>La canciones de ruedas:<\/strong><\/p>\n\n\n\n<p>Especial inter\u00e9s presentan por su belleza y alegr\u00eda en sus entonaciones las letrillas de ruedas que eran cantadas, la mayor\u00eda de las veces, sin instrumentalizaci\u00f3n alguna. Eso s\u00ed, se tarareaban con estribillos muy pegadizos que todo el \u201ccorro\u201d deb\u00eda de saber. Las ruedas eran el lugar de encuentro de los vecinos de una calle y a veces de un barrio entero y en ellas pod\u00edan participar gentes de todas las clases sociales y edades, aunque fundamentalmente fueron las personas de los estratos sociales m\u00e1s humildes quienes usaron esta ancestral f\u00f3rmula para divertirse y \u201ctirar los tejos\u201d para entrar en relaciones amorosas posteriormente con la persona deseada.<\/p>\n\n\n\n<p>Consist\u00eda en formar un \u201ccorro\u201d de personas asidas por ambas manos que se cerraba adquiriendo una figura circular. Este corro se mov\u00eda hacia un lado u otro, seg\u00fan exigiese el gui\u00f3n, al tiempo que los participantes entonaban alegres c\u00e1nticos cuyos temas iban casi siempre vinculados al tema amoroso. Tuvieron lugar durante el final del invierno, coincidiendo con la terminaci\u00f3n de la campa\u00f1a de las aceitunas y el arranque de las podas en los olivos. Su momento culmen lo alcanzaban la noche de la Candelaria, aunque sol\u00edan alargarse hasta el domingo de \u201cPi\u00f1ata\u201d, momento en que los corros incorporaban un curioso juego, ya desaparecido, de tirarse los botijos inservibles, a manera de bal\u00f3n. La persona que romp\u00eda el botijo ten\u00eda que abandonar el juego.<\/p>\n\n\n<div class=\"wp-block-image\">\n<figure class=\"aligncenter is-resized\"><img decoding=\"async\" src=\"https:\/\/static.wixstatic.com\/media\/7e23fc_43cb066260831e2541547f8c4aa0d880.jpg\/v1\/fill\/w_491,h_386,al_c,q_80,usm_0.66_1.00_0.01,enc_auto\/7e23fc_43cb066260831e2541547f8c4aa0d880.jpg\" alt=\"\" style=\"aspect-ratio:1.2720207253886011;width:483px;height:auto\"\/><figcaption class=\"wp-element-caption\">\u201c<strong>La gallina ciega\u201d. Cuadro de Francisco de Goya pintado en 1789. Fuente: Museo del Prado de Madrid.<\/strong><\/figcaption><\/figure>\n<\/div>\n\n\n<p><\/p>\n\n\n\n<p>La mayor\u00eda de las letras de ruedas que a continuaci\u00f3n se recogen me fueron transmitidas por la marmoleje\u00f1a Mar\u00eda Nieves Ca\u00f1averas; muchas de ellas est\u00e1n incompletas y s\u00f3lo se conservan los estribillos. El tema predominante fue la insinuaci\u00f3n amorosa, siempre impregnada de picard\u00eda y doble intenci\u00f3n y, c\u00f3mo no, los celos entre enamorados:<\/p>\n\n\n\n<p>\u201cSi s\u00ed, con el sis\u00ed.<\/p>\n\n\n\n<p>Sas\u00e1, con el sas\u00e1.<\/p>\n\n\n\n<p>La que no tenga novio,<\/p>\n\n\n\n<p>no se puede casar.<\/p>\n\n\n\n<p>No se puede casar,<\/p>\n\n\n\n<p>Ni tampoco reir.<\/p>\n\n\n\n<p>La que no tenga novio,<\/p>\n\n\n\n<p>que se vaya de aqu\u00ed;<\/p>\n\n\n\n<p>que se vaya a Lopera.<\/p>\n\n\n\n<p>Que aqu\u00ed no hay tantos mozos,<\/p>\n\n\n\n<p>para tanta soltera\u201d.<\/p>\n\n\n\n<p>&nbsp; &nbsp;\u201c Anda y vete con la otra<\/p>\n\n\n\n<p>supuesto que tienes dos.<\/p>\n\n\n\n<p>La otra tiene dinero<\/p>\n\n\n\n<p>y eso no lo tengo yo.<\/p>\n\n\n\n<p><strong>Estribillo:<\/strong><\/p>\n\n\n\n<p>Todos los hortelanos son pataletos<\/p>\n\n\n\n<p>Porque pisan las matas de los pimientos.<\/p>\n\n\n\n<p>La mujer que quiere a dos<\/p>\n\n\n\n<p>no es tonta, que es advertida.<\/p>\n\n\n\n<p>Si una vela se le apaga<\/p>\n\n\n\n<p>otra se queda encendida.<\/p>\n\n\n\n<p><strong>Estribillo:<\/strong><\/p>\n\n\n\n<p>Todos los hortelanos son pataletos\u2026.<\/p>\n\n\n\n<p>M\u00edralo por donde viene<\/p>\n\n\n\n<p>el que pilla toa la calle,<\/p>\n\n\n\n<p>aunque es bajito de cuerpo<\/p>\n\n\n\n<p>lo quiero m\u00e1s que a mi madre.<\/p>\n\n\n\n<p><strong>Estribillo:<\/strong><\/p>\n\n\n\n<p>Todos los hortelanos son pataletos\u2026<\/p>\n\n\n\n<p>A mi suegra de coraje<\/p>\n\n\n\n<p>le he echao una maldici\u00f3n,<\/p>\n\n\n\n<p>que se le pierda su hijo<\/p>\n\n\n\n<p>y que me lo encuentre yo.<\/p>\n\n\n\n<p><strong>Estribillo:<\/strong><\/p>\n\n\n\n<p>Todos los hortelanos son pataletos\u2026<\/p>\n\n\n\n<p>&nbsp; &nbsp; &nbsp;\u201cMe encontr\u00e9 con un Manu\u00e9<\/p>\n\n\n\n<p>que \u00e9l sub\u00eda y yo bajaba.<\/p>\n\n\n\n<p>Yo le dije: \u00a1Adi\u00f3s, Manu\u00e9!<\/p>\n\n\n\n<p>Y \u00e9l me dijo: \u00a1adi\u00f3s salada!\u201d.<\/p>\n\n\n\n<p><strong>Estribillo:<\/strong><\/p>\n\n\n\n<p>Tres novios tengo,<\/p>\n\n\n\n<p>los tres me quieren,<\/p>\n\n\n\n<p>salgo a la puerta,<\/p>\n\n\n\n<p>ninguno viene<\/p>\n\n\n\n<p>\u00a1Ja, ja, ja..!<\/p>\n\n\n\n<p>Cuando mi madre me dice:<\/p>\n\n\n\n<p>\u00a1chiquilla, cierra la puerta!<\/p>\n\n\n\n<p>hago como la cierro<\/p>\n\n\n\n<p>y luego la dejo abierta\u201d.<\/p>\n\n\n\n<p>Cuando un arriero llega<\/p>\n\n\n\n<p>a la puerta de una pos\u00e1 (da)<\/p>\n\n\n\n<p>lo primero que pregunta es:<\/p>\n\n\n\n<p>si es guapa la cri\u00e1(da).<\/p>\n\n\n\n<p><strong>Estribillo:<\/strong><\/p>\n\n\n\n<p>Que yo quiero subir<\/p>\n\n\n\n<p>al barco, marinero.<\/p>\n\n\n\n<p>Que yo quiero subir,<\/p>\n\n\n\n<p>si no de pena muero.<\/p>\n\n\n\n<p><strong>Este estribillo tambi\u00e9n se cant\u00f3 con letras como \u00e9stas:<\/strong><\/p>\n\n\n\n<p>\u201cParecen los mocitos<\/p>\n\n\n\n<p>con el bigote,<\/p>\n\n\n\n<p>cochinillos de destete<\/p>\n\n\n\n<p>que van al monte.<\/p>\n\n\n\n<p><strong>Estribillo:<\/strong><\/p>\n\n\n\n<p>Que yo quiero subir\u2026<\/p>\n\n\n\n<p>\u201cEl de la gorra, que corra.<\/p>\n\n\n\n<p>El del sombrero, ligero.<\/p>\n\n\n\n<p>A m\u00ed me gusta la gorra,<\/p>\n\n\n\n<p>porque tiene m\u00e1s salero.<\/p>\n\n\n\n<p><strong>Estribillo:<\/strong><\/p>\n\n\n\n<p>Que yo quiero subir\u2026<\/p>\n\n\n\n<p>Las supuestas infidelidades amorosas encontraron hueco en letrillas como las que siguen. Casi siempre tuvieron que ver con sucedidos ocurridos a personas concretas de la localidad, a las que nunca se les nombra pero que todo el mundo sab\u00eda bien de qui\u00e9n se trataba:<\/p>\n\n\n\n<p>\u201cBartolo ven\u00eda de arar<\/p>\n\n\n\n<p>y no cab\u00eda por la puerta,<\/p>\n\n\n\n<p>y su madre le dec\u00eda:<\/p>\n\n\n\n<p>\u00a1Agacha la cornamenta!<\/p>\n\n\n\n<p><strong>Estribillo:<\/strong><\/p>\n\n\n\n<p>Bartolo que te pilla el toro,<\/p>\n\n\n\n<p>Bartolo que te va a pillar.<\/p>\n\n\n\n<p>Si no te pilla de noche,<\/p>\n\n\n\n<p>te pilla de madrug\u00e1.<\/p>\n\n\n\n<p>\u201cAnda y le dices<\/p>\n\n\n\n<p>a aquel que est\u00e1 en la esquina<\/p>\n\n\n\n<p>que se le est\u00e1 derramando la gasolina.<\/p>\n\n\n\n<p>Anda y le dices<\/p>\n\n\n\n<p>a aquel con disimulo,<\/p>\n\n\n\n<p>que tiene los calzones anchos del culo.<\/p>\n\n\n\n<p>Anda y vete con el tiempo,<\/p>\n\n\n\n<p>Que el tiempo te dar\u00e1 el pago.<\/p>\n\n\n\n<p>Que el tiempo tambi\u00e9n arregla<\/p>\n\n\n\n<p>lo que est\u00e1 \u201cdesarreglao\u201d.<\/p>\n\n\n\n<p>&nbsp;\u201cVamos a contar un caso<\/p>\n\n\n\n<p>que todos lo presenciamos:<\/p>\n\n\n\n<p>que por causa de dos ni\u00f1as<\/p>\n\n\n\n<p>quieren subir el tabaco.<\/p>\n\n\n\n<p>Caminito de la fuente,<\/p>\n\n\n\n<p>con sus novios paseando,<\/p>\n\n\n\n<p>con su cigarro en la boca,<\/p>\n\n\n\n<p>\u00a1vaya dos ni\u00f1as fumando!.<\/p>\n\n\n\n<p>Y el de la boina no tiene rabo<\/p>\n\n\n\n<p>porque la costurera<\/p>\n\n\n\n<p>se lo ha cortado<\/p>\n\n\n\n<p><strong>Estribillo:<\/strong><\/p>\n\n\n\n<p>El de la boina, s\u00ed;<\/p>\n\n\n\n<p>el de la boina, no.<\/p>\n\n\n\n<p>El de la boina es un maric\u00f3n\u201d.<\/p>\n\n\n<div class=\"wp-block-image\">\n<figure class=\"aligncenter is-resized\"><img decoding=\"async\" src=\"https:\/\/static.wixstatic.com\/media\/7e23fc_314806163348fa6989181eca507e4b16.jpg\/v1\/fill\/w_446,h_296,al_c,q_80,usm_0.66_1.00_0.01,enc_auto\/7e23fc_314806163348fa6989181eca507e4b16.jpg\" alt=\"\" style=\"aspect-ratio:1.5067567567567568;width:434px;height:auto\"\/><figcaption class=\"wp-element-caption\"><strong>Marmolejo desde el Camino del Medio. \u00d3leo de Robles.<\/strong><\/figcaption><\/figure>\n<\/div>\n\n\n<p>El de la gorra de cuadros<\/p>\n\n\n\n<p>si no lo sangran se muere<\/p>\n\n\n\n<p>porque la dicho la novia,<\/p>\n\n\n\n<p>tres veces que no lo quiere,<\/p>\n\n\n\n<p>Tres veces que no lo quiere,<\/p>\n\n\n\n<p>tres veces que lo ha quer\u00edo.<\/p>\n\n\n\n<p>El de la gorra de cuadros,<\/p>\n\n\n\n<p>Es un t\u00edo esabor\u00edo.<\/p>\n\n\n\n<p>\u00a1Adi\u00f3s morena! \u00a1adi\u00f3s!<\/p>\n\n\n\n<p>Me voy a pelear.<\/p>\n\n\n\n<p>Si no me das el s\u00ed,<\/p>\n\n\n\n<p>otra me lo dar\u00e1.<\/p>\n\n\n\n<p>-\u00a1Ay!, si que te lo has cre\u00eddo,<\/p>\n\n\n\n<p>que te lo voy a decir.<\/p>\n\n\n\n<p>Pero ya te lo digo:<\/p>\n\n\n\n<p>-me vas a decir que s\u00ed.<\/p>\n\n\n\n<p><\/p>\n","protected":false},"excerpt":{"rendered":"<p>-Manuel Perales Sol\u00eds- Letrillas de las murgas carnavaleras: -De cr\u00edtica social y pol\u00edtica (*): Murga de comienzos del siglo XX: \u201cVamos a contar un chasco que hace pocos d\u00edas que se presenci\u00f3: un marido a su mujer, por causa del vino, un tiro le di\u00f3. Las vecinas que lo oyen, salen a la puerta muy [&hellip;]<\/p>\n","protected":false},"author":1,"featured_media":0,"parent":0,"menu_order":0,"comment_status":"closed","ping_status":"closed","template":"","meta":{"footnotes":""},"class_list":["post-391","page","type-page","status-publish","hentry"],"yoast_head":"<!-- This site is optimized with the Yoast SEO plugin v25.2 - https:\/\/yoast.com\/wordpress\/plugins\/seo\/ -->\n<title>Las letrillas de las canciones populares marmoleje\u00f1as - El lugar de Marmolejo<\/title>\n<meta name=\"robots\" content=\"index, follow, max-snippet:-1, max-image-preview:large, max-video-preview:-1\" \/>\n<link rel=\"canonical\" href=\"https:\/\/lugardemarmolejo.es\/?page_id=391\" \/>\n<meta property=\"og:locale\" content=\"es_ES\" \/>\n<meta property=\"og:type\" content=\"article\" \/>\n<meta property=\"og:title\" content=\"Las letrillas de las canciones populares marmoleje\u00f1as - El lugar de Marmolejo\" \/>\n<meta property=\"og:description\" content=\"-Manuel Perales Sol\u00eds- Letrillas de las murgas carnavaleras: -De cr\u00edtica social y pol\u00edtica (*): Murga de comienzos del siglo XX: \u201cVamos a contar un chasco que hace pocos d\u00edas que se presenci\u00f3: un marido a su mujer, por causa del vino, un tiro le di\u00f3. Las vecinas que lo oyen, salen a la puerta muy [&hellip;]\" \/>\n<meta property=\"og:url\" content=\"https:\/\/lugardemarmolejo.es\/?page_id=391\" \/>\n<meta property=\"og:site_name\" content=\"El lugar de Marmolejo\" \/>\n<meta property=\"og:image\" content=\"https:\/\/static.wixstatic.com\/media\/7e23fc_6bc0aa6fac9b81f62d72184efd73b683.jpg\/v1\/fill\/w_606,h_381,al_c,lg_1,q_80,enc_auto\/7e23fc_6bc0aa6fac9b81f62d72184efd73b683.jpg\" \/>\n<meta name=\"twitter:card\" content=\"summary_large_image\" \/>\n<meta name=\"twitter:label1\" content=\"Tiempo de lectura\" \/>\n\t<meta name=\"twitter:data1\" content=\"10 minutos\" \/>\n<script type=\"application\/ld+json\" class=\"yoast-schema-graph\">{\"@context\":\"https:\/\/schema.org\",\"@graph\":[{\"@type\":\"WebPage\",\"@id\":\"https:\/\/lugardemarmolejo.es\/?page_id=391\",\"url\":\"https:\/\/lugardemarmolejo.es\/?page_id=391\",\"name\":\"Las letrillas de las canciones populares marmoleje\u00f1as - El lugar de Marmolejo\",\"isPartOf\":{\"@id\":\"https:\/\/lugardemarmolejo.es\/#website\"},\"primaryImageOfPage\":{\"@id\":\"https:\/\/lugardemarmolejo.es\/?page_id=391#primaryimage\"},\"image\":{\"@id\":\"https:\/\/lugardemarmolejo.es\/?page_id=391#primaryimage\"},\"thumbnailUrl\":\"https:\/\/static.wixstatic.com\/media\/7e23fc_6bc0aa6fac9b81f62d72184efd73b683.jpg\/v1\/fill\/w_606,h_381,al_c,lg_1,q_80,enc_auto\/7e23fc_6bc0aa6fac9b81f62d72184efd73b683.jpg\",\"datePublished\":\"2023-10-16T14:36:31+00:00\",\"breadcrumb\":{\"@id\":\"https:\/\/lugardemarmolejo.es\/?page_id=391#breadcrumb\"},\"inLanguage\":\"es\",\"potentialAction\":[{\"@type\":\"ReadAction\",\"target\":[\"https:\/\/lugardemarmolejo.es\/?page_id=391\"]}]},{\"@type\":\"ImageObject\",\"inLanguage\":\"es\",\"@id\":\"https:\/\/lugardemarmolejo.es\/?page_id=391#primaryimage\",\"url\":\"https:\/\/static.wixstatic.com\/media\/7e23fc_6bc0aa6fac9b81f62d72184efd73b683.jpg\/v1\/fill\/w_606,h_381,al_c,lg_1,q_80,enc_auto\/7e23fc_6bc0aa6fac9b81f62d72184efd73b683.jpg\",\"contentUrl\":\"https:\/\/static.wixstatic.com\/media\/7e23fc_6bc0aa6fac9b81f62d72184efd73b683.jpg\/v1\/fill\/w_606,h_381,al_c,lg_1,q_80,enc_auto\/7e23fc_6bc0aa6fac9b81f62d72184efd73b683.jpg\"},{\"@type\":\"BreadcrumbList\",\"@id\":\"https:\/\/lugardemarmolejo.es\/?page_id=391#breadcrumb\",\"itemListElement\":[{\"@type\":\"ListItem\",\"position\":1,\"name\":\"Portada\",\"item\":\"https:\/\/lugardemarmolejo.es\/\"},{\"@type\":\"ListItem\",\"position\":2,\"name\":\"Las letrillas de las canciones populares marmoleje\u00f1as\"}]},{\"@type\":\"WebSite\",\"@id\":\"https:\/\/lugardemarmolejo.es\/#website\",\"url\":\"https:\/\/lugardemarmolejo.es\/\",\"name\":\"El lugar de Marmolejo\",\"description\":\"\",\"potentialAction\":[{\"@type\":\"SearchAction\",\"target\":{\"@type\":\"EntryPoint\",\"urlTemplate\":\"https:\/\/lugardemarmolejo.es\/?s={search_term_string}\"},\"query-input\":{\"@type\":\"PropertyValueSpecification\",\"valueRequired\":true,\"valueName\":\"search_term_string\"}}],\"inLanguage\":\"es\"}]}<\/script>\n<!-- \/ Yoast SEO plugin. -->","yoast_head_json":{"title":"Las letrillas de las canciones populares marmoleje\u00f1as - El lugar de Marmolejo","robots":{"index":"index","follow":"follow","max-snippet":"max-snippet:-1","max-image-preview":"max-image-preview:large","max-video-preview":"max-video-preview:-1"},"canonical":"https:\/\/lugardemarmolejo.es\/?page_id=391","og_locale":"es_ES","og_type":"article","og_title":"Las letrillas de las canciones populares marmoleje\u00f1as - El lugar de Marmolejo","og_description":"-Manuel Perales Sol\u00eds- Letrillas de las murgas carnavaleras: -De cr\u00edtica social y pol\u00edtica (*): Murga de comienzos del siglo XX: \u201cVamos a contar un chasco que hace pocos d\u00edas que se presenci\u00f3: un marido a su mujer, por causa del vino, un tiro le di\u00f3. Las vecinas que lo oyen, salen a la puerta muy [&hellip;]","og_url":"https:\/\/lugardemarmolejo.es\/?page_id=391","og_site_name":"El lugar de Marmolejo","og_image":[{"url":"https:\/\/static.wixstatic.com\/media\/7e23fc_6bc0aa6fac9b81f62d72184efd73b683.jpg\/v1\/fill\/w_606,h_381,al_c,lg_1,q_80,enc_auto\/7e23fc_6bc0aa6fac9b81f62d72184efd73b683.jpg","type":"","width":"","height":""}],"twitter_card":"summary_large_image","twitter_misc":{"Tiempo de lectura":"10 minutos"},"schema":{"@context":"https:\/\/schema.org","@graph":[{"@type":"WebPage","@id":"https:\/\/lugardemarmolejo.es\/?page_id=391","url":"https:\/\/lugardemarmolejo.es\/?page_id=391","name":"Las letrillas de las canciones populares marmoleje\u00f1as - El lugar de Marmolejo","isPartOf":{"@id":"https:\/\/lugardemarmolejo.es\/#website"},"primaryImageOfPage":{"@id":"https:\/\/lugardemarmolejo.es\/?page_id=391#primaryimage"},"image":{"@id":"https:\/\/lugardemarmolejo.es\/?page_id=391#primaryimage"},"thumbnailUrl":"https:\/\/static.wixstatic.com\/media\/7e23fc_6bc0aa6fac9b81f62d72184efd73b683.jpg\/v1\/fill\/w_606,h_381,al_c,lg_1,q_80,enc_auto\/7e23fc_6bc0aa6fac9b81f62d72184efd73b683.jpg","datePublished":"2023-10-16T14:36:31+00:00","breadcrumb":{"@id":"https:\/\/lugardemarmolejo.es\/?page_id=391#breadcrumb"},"inLanguage":"es","potentialAction":[{"@type":"ReadAction","target":["https:\/\/lugardemarmolejo.es\/?page_id=391"]}]},{"@type":"ImageObject","inLanguage":"es","@id":"https:\/\/lugardemarmolejo.es\/?page_id=391#primaryimage","url":"https:\/\/static.wixstatic.com\/media\/7e23fc_6bc0aa6fac9b81f62d72184efd73b683.jpg\/v1\/fill\/w_606,h_381,al_c,lg_1,q_80,enc_auto\/7e23fc_6bc0aa6fac9b81f62d72184efd73b683.jpg","contentUrl":"https:\/\/static.wixstatic.com\/media\/7e23fc_6bc0aa6fac9b81f62d72184efd73b683.jpg\/v1\/fill\/w_606,h_381,al_c,lg_1,q_80,enc_auto\/7e23fc_6bc0aa6fac9b81f62d72184efd73b683.jpg"},{"@type":"BreadcrumbList","@id":"https:\/\/lugardemarmolejo.es\/?page_id=391#breadcrumb","itemListElement":[{"@type":"ListItem","position":1,"name":"Portada","item":"https:\/\/lugardemarmolejo.es\/"},{"@type":"ListItem","position":2,"name":"Las letrillas de las canciones populares marmoleje\u00f1as"}]},{"@type":"WebSite","@id":"https:\/\/lugardemarmolejo.es\/#website","url":"https:\/\/lugardemarmolejo.es\/","name":"El lugar de Marmolejo","description":"","potentialAction":[{"@type":"SearchAction","target":{"@type":"EntryPoint","urlTemplate":"https:\/\/lugardemarmolejo.es\/?s={search_term_string}"},"query-input":{"@type":"PropertyValueSpecification","valueRequired":true,"valueName":"search_term_string"}}],"inLanguage":"es"}]}},"_links":{"self":[{"href":"https:\/\/lugardemarmolejo.es\/index.php?rest_route=\/wp\/v2\/pages\/391","targetHints":{"allow":["GET"]}}],"collection":[{"href":"https:\/\/lugardemarmolejo.es\/index.php?rest_route=\/wp\/v2\/pages"}],"about":[{"href":"https:\/\/lugardemarmolejo.es\/index.php?rest_route=\/wp\/v2\/types\/page"}],"author":[{"embeddable":true,"href":"https:\/\/lugardemarmolejo.es\/index.php?rest_route=\/wp\/v2\/users\/1"}],"replies":[{"embeddable":true,"href":"https:\/\/lugardemarmolejo.es\/index.php?rest_route=%2Fwp%2Fv2%2Fcomments&post=391"}],"version-history":[{"count":1,"href":"https:\/\/lugardemarmolejo.es\/index.php?rest_route=\/wp\/v2\/pages\/391\/revisions"}],"predecessor-version":[{"id":392,"href":"https:\/\/lugardemarmolejo.es\/index.php?rest_route=\/wp\/v2\/pages\/391\/revisions\/392"}],"wp:attachment":[{"href":"https:\/\/lugardemarmolejo.es\/index.php?rest_route=%2Fwp%2Fv2%2Fmedia&parent=391"}],"curies":[{"name":"wp","href":"https:\/\/api.w.org\/{rel}","templated":true}]}}