{"id":354,"date":"2023-09-27T13:47:23","date_gmt":"2023-09-27T13:47:23","guid":{"rendered":"https:\/\/lugardemarmolejo.es\/?page_id=354"},"modified":"2023-09-27T13:47:23","modified_gmt":"2023-09-27T13:47:23","slug":"ramon-munoz-casares","status":"publish","type":"page","link":"https:\/\/lugardemarmolejo.es\/?page_id=354","title":{"rendered":"Ram\u00f3n Mu\u00f1oz Casares"},"content":{"rendered":"\n<h1 class=\"wp-block-heading\"><\/h1>\n\n\n\n<h5 class=\"wp-block-heading\"><strong>-Manuel Perales Sol\u00eds-<\/strong><\/h5>\n\n\n\n<p>Escuch\u00e9 hablar del maestro&nbsp;<strong>Ram\u00f3n Mu\u00f1oz Casares&nbsp;<\/strong>&nbsp;a los m\u00e1s veteranos afiliados socialistas que frecuentaban, casi a diario, la Casa del Pueblo durante la ya lejana d\u00e9cada de los ochenta del pasado siglo. &nbsp;Destacaban de \u00e9l sobre todo su brillante oratoria y su natural facilidad para explicar de manera clarividente la misi\u00f3n que deber\u00edan de asumir los obreros del campo dentro &nbsp;del r\u00e9gimen republicano nacido el 14 de abril de 1936. Guardo a\u00fan en la memoria, la devoci\u00f3n con la que estos \u00faltimos testigos de aquella incipiente Rep\u00fablica, tan prol\u00edfica en proyectos y avances legales necesarios para el pa\u00eds, hablaban de esos l\u00edderes que, como Ram\u00f3n Mu\u00f1oz, mantuvieron &nbsp;un compromiso leal con los jornaleros del campo &nbsp;en momentos hist\u00f3ricos de especial complejidad pero, al mismo tiempo, de enorme esperanza &nbsp;para superar la secular desigualdad que los manten\u00edan en el atraso social y cultural m\u00e1s inmoral y desmedido de las regiones de Europa. &nbsp;<\/p>\n\n\n\n<p>Aunque &nbsp;Ram\u00f3n Mu\u00f1oz Casares tuvo una estancia &nbsp;muy breve en Marmolejo, sin embargo, podemos decir que &nbsp;no pas\u00f3 desapercibida pues antes de su llegada a la villa ya era conocido entre los jornaleros afiliados al Centro Instructivo Obrero, por haber participado en actos p\u00fablicos y conferencias del Partido Socialista y de la UGT en la sede de la Casa del Pueblo de la calle Jes\u00fas.<\/p>\n\n\n\n<p>\u200b<\/p>\n\n\n\n<p><br>&nbsp; Nacido en el municipio granadino de Cozv\u00edjar, el 24 de noviembre de 1903, curs\u00f3 sus estudios de magisterio entre 1926 y 1927, en la Escuela Normal Superior de Maestros de Granada. En su dilatada vida profesional, consta que se encontraba hacia 1932 en el municipio granadino de Fornes, del partido judicial de Alhama de Granada; luego su rastro nos lleva a Villardompardo (Ja\u00e9n) donde se afiliaba a las Juventudes Socialistas gan\u00e1ndose el afecto de los compa\u00f1eros socialistas de esa localidad. Cuando en julio de 1933 lo destinaron a la Escuela Unitaria n.\u00ba 2 de Guadahortuna (Granada), las Juventudes Socialistas de Villardompardo elevaron por escrito la siguiente &nbsp;petici\u00f3n al Ministro de Instrucci\u00f3n P\u00fablica, Francisco Barn\u00e9s, en el que le reclamaban la anulaci\u00f3n de dicho destino:&nbsp;<\/p>\n\n\n\n<p>&nbsp; &nbsp;<em>&nbsp;\u201cMuy Sr. nuestro y elevado ciudadano: Los abajo firmantes, Presidente y Secretario de la Juventud Socialista de este pueblo, y en representaci\u00f3n de la misma, ante S.E., exponen lo siguiente: Haci\u00e9ndonos eco del sentir popular solicitamos de ese Ministerio la permanencia en este pueblo del Maestro Nacional D. Ram\u00f3n Mu\u00f1oz Casares y por lo tanto la anulaci\u00f3n de su nombramiento para Guadahortuna. Este noble y republicano maestro, honra de su clase, se vio precisado a solicitar 200 plazas desesperadamente en el pasado concurso, por consecuencia de los atropellos, coacciones y amenazas de atentar contra su vida, que los elementos caciquiles le hicieron al verle propagar con su palabra y con el ejemplo entre los campesinos, las ideas republicanas. Su radio de acci\u00f3n en conferencias culturales, se extiende a casi toda la provincia, la mayor\u00eda de los pueblos le quieren y lo solicitan; los ni\u00f1os le aman con verdadero delirio; y en estas circunstancias nosotros creemos, que por ning\u00fan motivo pueda haber raz\u00f3n a quitarnos a nuestro Maestro. Por lo cual esperamos de S.E. anule dicho nombramiento, por ser deseo de un pueblo entero, y quiz\u00e1s de una provincia. Viva S.E. muchos a\u00f1os para bien de la Rep\u00fablica. Villardompardo a 19 de julio de 1933\u201d. Firmaban esta carta el presidente de las Juventudes Francisco Melero Rodr\u00edguez y el secretario, Francisco Amor Moya (1).&nbsp;<\/em><\/p>\n\n\n<div class=\"wp-block-image\">\n<figure class=\"alignleft is-resized\"><img fetchpriority=\"high\" decoding=\"async\" src=\"https:\/\/static.wixstatic.com\/media\/7e23fc_69a49b974bec4c35beb7e1384ffa63c8~mv2.jpg\/v1\/crop\/x_0,y_0,w_1606,h_1981\/fill\/w_600,h_740,al_c,q_85,usm_0.66_1.00_0.01,enc_auto\/Escrito_en_defensa_de_Ram%C3%B3n_Mu%C3%B1oz_Casare.jpg\" alt=\"Escrito_en_defensa_de_Ram\u00f3n_Mu\u00f1oz_Casare\" style=\"width:512px;height:631px\" width=\"512\" height=\"631\"\/><figcaption class=\"wp-element-caption\"><strong>Solicitud de las Juventudes Socialistas de Villardompardo al Ministro Barn\u00e9s. Fuente: Archivo General de la Memoria Hist\u00f3rica-Salamanca.<\/strong><\/figcaption><\/figure>\n<\/div>\n\n\n<p>&nbsp; Parece que aquella solicitud surti\u00f3 efecto y pudo renunciar finalmente al destino. En el concurso del siguiente a\u00f1o, le adjudicaban plaza en Villaviciosa de C\u00f3rdoba y en el siguiente curso escolar era destinado a Marmolejo donde &nbsp;se implicaba, en cuerpo y alma, en las actividades del Centro Instructivo Obrero. &nbsp;<\/p>\n\n\n\n<p>&nbsp; A comienzos de 1935 &nbsp;y tras los acontecimientos vividos &nbsp;en nuestra localidad durante la Huelga Revolucionaria del 6 de octubre de 1934, en la que particip\u00f3 activamente, sufriendo prisi\u00f3n durante dos meses en Ja\u00e9n, solicitaba permuta de destino a La Granjuela (C\u00f3rdoba) &nbsp;con el &nbsp;maestro de primaria &nbsp;Nicol\u00e1s Mu\u00f1oz Ruiz. Curiosamente la maestra Adela Albend\u00edn Ortega, a la que hac\u00edamos menci\u00f3n en anterior art\u00edculo, aparec\u00eda en agosto de 1934 con plaza para el siguiente curso, &nbsp;en el municipio de Pe\u00f1arroya-Pueblonuevo a escasos kil\u00f3metros de La Granjuela.&nbsp;<\/p>\n\n\n\n<p>&nbsp; Evidentemente pudieron ser determinantes en ambos traslados, con cierto tufillo a \u201cdestierro obligado\u201d, &nbsp;las presiones ejercidas desde los poderes locales del partido Radical, pues era obvio que tanto \u201cdon Ram\u00f3n\u201d como \u201cdo\u00f1a Adela\u201d profesaban abiertamente, y sin tapujos, su ideolog\u00eda de izquierdas y su compromiso profesional con el proyecto educativo de la 2\u00ba Rep\u00fablica. No olvidemos que algunos de los m\u00e1ximos dirigentes del socialismo local, como Andr\u00e9s Rodr\u00edguez G\u00f3mez (primer alcalde socialista de la Rep\u00fablica) y Antonio Garc\u00eda \u201cMaqueano\u201d (concejal socialista y varias veces Teniente de Alcalde) optaron por el exilio a Gibraltar para &nbsp;eludir la feroz represi\u00f3n desatada desde el gobierno central contra los huelguistas participantes en aquella jornada revolucionaria. En el caso que nos ocupa no cabe duda que su condici\u00f3n de funcionarios p\u00fablicos &nbsp;vino a actuar de \u201crelativo blindaje\u201d frente a los deseos de revancha de los sectores m\u00e1s conservadores, en esos momentos, en el gobierno de la naci\u00f3n, tal y como tambi\u00e9n ocurriera con el jefe de la estafeta de correos, Jos\u00e9 Torres Buena\u00f1o al que obligaron a pedir destino en Mondrag\u00f3n.&nbsp;<\/p>\n\n\n\n<p>&nbsp; &nbsp; Resulta pues evidente &nbsp;el &nbsp;compromiso de Ram\u00f3n durante su estancia en Marmolejo, con los \u00e1mbitos obreros de la localidad. Unos meses antes &nbsp;a la Huelga General aparece tomando la palabra en los mitines del Centro Instructivo Obrero: el 14 de marzo en el acto de propaganda socialista y antifascista organizado por las Juventudes Socialistas en el que intervino junto a otros oradores locales, tal y como consta en la solicitud para su autorizaci\u00f3n presentada en el Ayuntamiento por el presidente accidental de las JJ.SS., Juan Lozano y su secretario general, Francisco Segovia.&nbsp;<\/p>\n\n\n\n<p>Varias jornadas depu\u00e9s, el Centro Instructivo Obrero organizaba un mitin para el 1\u00ba de Mayo, a las cuatro de la tarde, en la casa del Pueblo con la intervenci\u00f3n de Ram\u00f3n Mu\u00f1oz, Enrique Esbr\u00ed, (de la Agrupaci\u00f3n Socialista de Ja\u00e9n y director de la Escuela Normal de Magisterio); Francisco Vilches Vencesl\u00e1, afiliado de la Sociedad Obrera de Trabajadores de la tierra \u201cLa Moral de Obrero\u201d de la UGT de Cazalilla; Jos\u00e9 Requero Carde\u00f1as, de la Agrupaci\u00f3n Socialista de And\u00fajar y afiliado de la Sociedad Obrera de Agricultores \u201cEl Porvenir\u201d de la UGT; Antonio Garc\u00eda \u201cMaqueano\u201d, concejal socialista desde 1920 y en varias ocasiones Teniente de Alcalde; Frasquito Gil, de la Federaci\u00f3n de la Tierra de UGT local, y, finalmente, el presidente del Centro Instructivo Obrero, Bartolom\u00e9 Pastor \u201cBartolillo el Presidente\u201d.&nbsp;<\/p>\n\n\n\n<p>\u200b<\/p>\n\n\n\n<p>\u200bTodos ellos disertaron sobre la significaci\u00f3n del 1\u00ba de Mayo y a cerca de los problemas pol\u00edticos y sociales m\u00e1s urgentes de la clase jornalera. Sin embargo la manifestaci\u00f3n prevista que iba a tener lugar durante la ma\u00f1ana por las calles de la poblaci\u00f3n, partiendo desde la Casa del Pueblo, no obtendr\u00eda la autorizaci\u00f3n del alcalde &nbsp;Jos\u00e9 Vencel\u00e1 Mingorance, vi\u00e9ndose obligada la organizaci\u00f3n obrera a reemplazarla por una gira campestre que partiendo de la calle Calvario discurri\u00f3 hacia el sitio denominado Llano del Chaparralejo. En este lugar cercano a la ribera del Guadalquivir y a la Huerta del R\u00edo, tuvieron lugar, entre otras, las sentidas y aplaudidas intervenciones de Ram\u00f3n Mu\u00f1oz Casares y del representante de las Juventudes Socialistas, Juan Jos\u00e9 Jurado Castro. Las sobrinas del hist\u00f3rico socialista Gaspar Casas, Juana y Francisca Casas Pastor a\u00fan manten\u00edan en su recuerdo el seguimiento multitudinario de aquella jornada y la brillante y efectiva oratoria demostrada por el maestro granadino (2).&nbsp;<\/p>\n\n\n\n<p>&nbsp;Despu\u00e9s de su estancia en la Granjuela, volver\u00eda a Villardompardo, en plena Guerra Civil, donde se implicaba, nuevamente, en las actividades de la Agrupaci\u00f3n Socialista local. Pero dado sus compromisos con la organizaci\u00f3n provincial, en septiembre del 36, le ped\u00eda a la direcci\u00f3n del PSOE, ejercer en alguna de las escuelas nacionales de la capital, o ser nombrado Inspector Provincial de Primera Ense\u00f1anza, seg\u00fan los datos obrantes en la Fundaci\u00f3n Pablo Iglesias. No obstante concurr\u00eda como delegado por la Agrupaci\u00f3n Socialista de Villardompardo, al II Congreso de la Federaci\u00f3n Socialista Provincial, celebrado el 30 y 31 de octubre de 1937. All\u00ed fue elegido Presidente de la Mesa del Congreso y form\u00f3 parte de la ponencia \u201cNuestro partido y la guerra\u201d, lo cual revela &nbsp;su alto nivel de capacitaci\u00f3n y el consenso que generaba dentro de las bases del partido.&nbsp;<\/p>\n\n\n<div class=\"wp-block-image\">\n<figure class=\"aligncenter is-resized\"><img decoding=\"async\" src=\"https:\/\/static.wixstatic.com\/media\/7e23fc_9d41a64309db43cf84b7d44daa62198c~mv2.jpg\/v1\/fill\/w_648,h_259,al_c,q_80,usm_0.66_1.00_0.01,enc_auto\/Cozv%C3%ADjar.jpg\" alt=\"Cozv\u00edjar.jpg\" style=\"width:823px;height:329px\" width=\"823\" height=\"329\"\/><figcaption class=\"wp-element-caption\"><strong>Cozv\u00edjar (Granada), localidad donde naci\u00f3 el maestro Ram\u00f3n Mu\u00f1oz Casares.<\/strong><br><strong>Foto: Patronato Provincial de Turismo de Granada.<\/strong><\/figcaption><\/figure>\n<\/div>\n\n\n<p><\/p>\n\n\n\n<p>Los fondos existentes en el Archivo General de la Memoria Hist\u00f3rica &nbsp;confirman que en junio de 1937, en plena contienda, se le encomienda la gesti\u00f3n administrativa del Regimiento de Milicias de Ja\u00e9n, primera fuerza de choque voluntaria frente el avance de los sublevados tras los primeros d\u00edas del golpe militar de julio, pues lo vemos acudir a Valencia, donde se hab\u00eda desplazado la sede del gobierno central, para gestionar ante el Subsecretario de Defensa Nacional, Antonio Fern\u00e1ndez Bola\u00f1os, los haberes de los milicianos del citado Regimiento. &nbsp;En septiembre era recomendado por su amigo y compa\u00f1ero de partido Jos\u00e9 L\u00f3pez Quero (3), diputado por Ja\u00e9n y &nbsp;Comisario Delegado de Guerra de la 20 Divisi\u00f3n, &nbsp;para el cargo de &nbsp;Delegado Pol\u00edtico de la Secci\u00f3n de Carabineros con sede en And\u00fajar. En dicha misiva dirigida por L\u00f3pez Quero a Juan Ortiz, secretario particular del subsecretario de Hacienda, Jer\u00f3nimo Bugeda Mu\u00f1oz (4) le comunicaba que&nbsp;<em>\u201cprecisando al camarada Ram\u00f3n Mu\u00f1oz Casares en los trabajos que viene realizando en el Comisariado de Guerra, hemos acordado el nombramiento de Casares como Delegado Pol\u00edtico para la secci\u00f3n de Carabineros que hay aqu\u00ed en And\u00fajar. Es preciso que ahora &nbsp;que yo tengo que ir a Valencia &nbsp;procures pueda traerme el asunto arreglado; pues la cuesti\u00f3n Regimiento de Milicias de Ja\u00e9n se termina, y como a este buen compa\u00f1ero se le tiene olvidado, es f\u00e1cil que solicitara alguna escuela, con lo cual perder\u00edamos su valiosa ayuda. Firmado Jos\u00e9 L\u00f3pez Quero, a 26 de septiembre de 1937\u201d.&nbsp;<\/em><br>&nbsp; &nbsp; Un a\u00f1o despu\u00e9s, septiembre de 1938, Ram\u00f3n Mu\u00f1oz &nbsp;ocupaba el cargo de Secretario adjunto de guerra en la Comisi\u00f3n Ejecutiva Provincial del PSOE. &nbsp;Al finalizar la guerra era detenido y condenado a 20 a\u00f1os de reclusi\u00f3n en Consejo de Guerra, celebrado el 24 de febrero de 1940. El 3 de septiembre de 1942 ser\u00eda trasladado a la prisi\u00f3n de Hell\u00edn (Albacete) de la que sali\u00f3 en libertad condicional el 16 de mayo de 1943. A partir de ah\u00ed se nos pierde su huella, aunque previsiblemente &nbsp;rehizo su vida por la regi\u00f3n levantina pues hacia 1969 solicitaba volver desde la provincia de Valencia al colegio de primaria de Pinos Puente (Granada) en el concurso de traslados de aquel a\u00f1o.&nbsp;<br>&nbsp; Falleci\u00f3 el 23 de diciembre de 1978 en su domilicio de la calle Pintor L\u00f3pez Mezquita de la ciudad de los carmenes, a la edad de 75 a\u00f1os.<\/p>\n\n\n\n<p>\u200b<\/p>\n\n\n\n<p><strong>Notas:<\/strong><\/p>\n\n\n\n<p>(1) Francisco Melero Rodr\u00edguez y Francisco Amor Moya, eran jornaleros del campo naturales de Villardompardo. Tras la huelga del 6 Octubre de 1934 fueron condenados por el delito de conspiraci\u00f3n en toda Espa\u00f1a. Sus nombres aparecen relacionados en el Sumario 11\/1934 instruido por el Juzgado de Instrucci\u00f3n Especial de Madrid. En relaci\u00f3n a Francisco Amor, finalizada la Guerra Civil fue detenido siendo condenado a 30 a\u00f1os de reclusi\u00f3n en Consejo de Guerra. Ingres\u00f3 en la prisi\u00f3n de Ja\u00e9n el 1 de junio de 1940 y el 22 de enero de 1944 en la Colonia Penitenciaria de Los Merinales en Dos Hermanas (Sevilla) trabajando en las obras del llamado \u201cCanal de los Presos\u201d. Sali\u00f3 en libertad condicional el 27 de marzo de 1946, estableciendo su residencia en Dos Hermanas, donde perteneci\u00f3 a la organizaci\u00f3n clandestina. Restablecida la democracia, form\u00f3 parte de la Agrupaci\u00f3n Socialista de dicha localidad. Falleci\u00f3 en 1986. Fuente: Fundaci\u00f3n Pablo Iglesias.<br>(2) Entrevista realizada en Santiponce (Sevilla), el d\u00eda 23 de noviembre de 2008.<br>(3) V\u00e9ase biograf\u00eda en Fundaci\u00f3n Pablo Iglesias secci\u00f3n: Biograf\u00edas.<br>(4) V\u00e9ase aspectos biogr\u00e1ficos en Archivo de la Fundaci\u00f3n Pablo Iglesias.<\/p>\n\n\n\n<p><strong>\u200b<\/strong><\/p>\n\n\n\n<p><strong>Fuentes y Bibliograf\u00eda:<\/strong><br>-Centro Documental de la Memoria Hist\u00f3rica de Salamanca. Documentos relacionados con Ram\u00f3n Mu\u00f1oz Casares.<br>-Archivo de la Universidad de Granada<br>-Archivo Hist\u00f3rico Nacional: Signatura FC-Audiencia_T_Madrid_Criminal. 23, Exp.3.&nbsp;<br>-Fundaci\u00f3n Pablo Iglesias: \u201cDiccionario Biogr\u00e1fico del Socialismo Espa\u00f1ol\u201d: datos biogr\u00e1ficos de Ram\u00f3n Mu\u00f1oz Casares elaborados a partir de los datos obrantes en el Archivo hist\u00f3rico PSOE, Archivo General de Alcal\u00e1 de Henares y peri\u00f3dico Democracia de Ja\u00e9n, a\u00f1o 1937.<br>-Archivo del Ayuntamiento de Marmolejo<br>-Registro Civil de Granada, tomo 24, p\u00e1gina 87. Hoja de defunci\u00f3n de Ram\u00f3n Mu\u00f1oz Casares.<br>-Registro Civil de Montoro. Mi agradecimiento a D. Lorenzo Ruiz Leiva.<br>-Anuario Regional de la regi\u00f3n Andaluza y Norte de Espa\u00f1a y de \u00c1frica\u201d, 2\u00ba edici\u00f3n. A\u00f1o 1932. Edita Anuarios Regionales de Espa\u00f1a. Madrid.<br>-Centro Documental de la Memoria Hist\u00f3rica: Delegaci\u00f3n Nacional de Servicios Documentales de la Presidencia del Gobierno.<br>-\u201dEl Magisterio Espa\u00f1ol\u201d, de 11 de julio de 1933, y 13 de septiembre de 1934.<br>-\u201cEl defensor de C\u00f3rdoba\u201d, n\u00famero 11631 de 13\/8\/1934.<br>-\u201dEl Magisterio cordob\u00e9s\u201d, n.\u00ba 271, de 30 de mayo de 1935.<br>-\u201dEscuela Espa\u00f1ola\u201d, a\u00f1o XXIX, n.\u00ba 1713. Madrid, 14 de marzo de 1969.<\/p>\n","protected":false},"excerpt":{"rendered":"<p>-Manuel Perales Sol\u00eds- Escuch\u00e9 hablar del maestro&nbsp;Ram\u00f3n Mu\u00f1oz Casares&nbsp;&nbsp;a los m\u00e1s veteranos afiliados socialistas que frecuentaban, casi a diario, la Casa del Pueblo durante la ya lejana d\u00e9cada de los ochenta del pasado siglo. &nbsp;Destacaban de \u00e9l sobre todo su brillante oratoria y su natural facilidad para explicar de manera clarividente la misi\u00f3n que deber\u00edan [&hellip;]<\/p>\n","protected":false},"author":1,"featured_media":0,"parent":0,"menu_order":0,"comment_status":"closed","ping_status":"closed","template":"","meta":{"footnotes":""},"class_list":["post-354","page","type-page","status-publish","hentry"],"yoast_head":"<!-- This site is optimized with the Yoast SEO plugin v25.2 - https:\/\/yoast.com\/wordpress\/plugins\/seo\/ -->\n<title>Ram\u00f3n Mu\u00f1oz Casares - El lugar de Marmolejo<\/title>\n<meta name=\"robots\" content=\"index, follow, max-snippet:-1, max-image-preview:large, max-video-preview:-1\" \/>\n<link rel=\"canonical\" href=\"https:\/\/lugardemarmolejo.es\/?page_id=354\" \/>\n<meta property=\"og:locale\" content=\"es_ES\" \/>\n<meta property=\"og:type\" content=\"article\" \/>\n<meta property=\"og:title\" content=\"Ram\u00f3n Mu\u00f1oz Casares - El lugar de Marmolejo\" \/>\n<meta property=\"og:description\" content=\"-Manuel Perales Sol\u00eds- Escuch\u00e9 hablar del maestro&nbsp;Ram\u00f3n Mu\u00f1oz Casares&nbsp;&nbsp;a los m\u00e1s veteranos afiliados socialistas que frecuentaban, casi a diario, la Casa del Pueblo durante la ya lejana d\u00e9cada de los ochenta del pasado siglo. &nbsp;Destacaban de \u00e9l sobre todo su brillante oratoria y su natural facilidad para explicar de manera clarividente la misi\u00f3n que deber\u00edan [&hellip;]\" \/>\n<meta property=\"og:url\" content=\"https:\/\/lugardemarmolejo.es\/?page_id=354\" \/>\n<meta property=\"og:site_name\" content=\"El lugar de Marmolejo\" \/>\n<meta property=\"og:image\" content=\"https:\/\/static.wixstatic.com\/media\/7e23fc_69a49b974bec4c35beb7e1384ffa63c8~mv2.jpg\/v1\/crop\/x_0,y_0,w_1606,h_1981\/fill\/w_600,h_740,al_c,q_85,usm_0.66_1.00_0.01,enc_auto\/Escrito_en_defensa_de_Ram%C3%B3n_Mu%C3%B1oz_Casare.jpg\" \/>\n<meta name=\"twitter:card\" content=\"summary_large_image\" \/>\n<meta name=\"twitter:label1\" content=\"Tiempo de lectura\" \/>\n\t<meta name=\"twitter:data1\" content=\"12 minutos\" \/>\n<script type=\"application\/ld+json\" class=\"yoast-schema-graph\">{\"@context\":\"https:\/\/schema.org\",\"@graph\":[{\"@type\":\"WebPage\",\"@id\":\"https:\/\/lugardemarmolejo.es\/?page_id=354\",\"url\":\"https:\/\/lugardemarmolejo.es\/?page_id=354\",\"name\":\"Ram\u00f3n Mu\u00f1oz Casares - El lugar de Marmolejo\",\"isPartOf\":{\"@id\":\"https:\/\/lugardemarmolejo.es\/#website\"},\"primaryImageOfPage\":{\"@id\":\"https:\/\/lugardemarmolejo.es\/?page_id=354#primaryimage\"},\"image\":{\"@id\":\"https:\/\/lugardemarmolejo.es\/?page_id=354#primaryimage\"},\"thumbnailUrl\":\"https:\/\/static.wixstatic.com\/media\/7e23fc_69a49b974bec4c35beb7e1384ffa63c8~mv2.jpg\/v1\/crop\/x_0,y_0,w_1606,h_1981\/fill\/w_600,h_740,al_c,q_85,usm_0.66_1.00_0.01,enc_auto\/Escrito_en_defensa_de_Ram%C3%B3n_Mu%C3%B1oz_Casare.jpg\",\"datePublished\":\"2023-09-27T13:47:23+00:00\",\"breadcrumb\":{\"@id\":\"https:\/\/lugardemarmolejo.es\/?page_id=354#breadcrumb\"},\"inLanguage\":\"es\",\"potentialAction\":[{\"@type\":\"ReadAction\",\"target\":[\"https:\/\/lugardemarmolejo.es\/?page_id=354\"]}]},{\"@type\":\"ImageObject\",\"inLanguage\":\"es\",\"@id\":\"https:\/\/lugardemarmolejo.es\/?page_id=354#primaryimage\",\"url\":\"https:\/\/static.wixstatic.com\/media\/7e23fc_69a49b974bec4c35beb7e1384ffa63c8~mv2.jpg\/v1\/crop\/x_0,y_0,w_1606,h_1981\/fill\/w_600,h_740,al_c,q_85,usm_0.66_1.00_0.01,enc_auto\/Escrito_en_defensa_de_Ram%C3%B3n_Mu%C3%B1oz_Casare.jpg\",\"contentUrl\":\"https:\/\/static.wixstatic.com\/media\/7e23fc_69a49b974bec4c35beb7e1384ffa63c8~mv2.jpg\/v1\/crop\/x_0,y_0,w_1606,h_1981\/fill\/w_600,h_740,al_c,q_85,usm_0.66_1.00_0.01,enc_auto\/Escrito_en_defensa_de_Ram%C3%B3n_Mu%C3%B1oz_Casare.jpg\"},{\"@type\":\"BreadcrumbList\",\"@id\":\"https:\/\/lugardemarmolejo.es\/?page_id=354#breadcrumb\",\"itemListElement\":[{\"@type\":\"ListItem\",\"position\":1,\"name\":\"Portada\",\"item\":\"https:\/\/lugardemarmolejo.es\/\"},{\"@type\":\"ListItem\",\"position\":2,\"name\":\"Ram\u00f3n Mu\u00f1oz Casares\"}]},{\"@type\":\"WebSite\",\"@id\":\"https:\/\/lugardemarmolejo.es\/#website\",\"url\":\"https:\/\/lugardemarmolejo.es\/\",\"name\":\"El lugar de Marmolejo\",\"description\":\"\",\"potentialAction\":[{\"@type\":\"SearchAction\",\"target\":{\"@type\":\"EntryPoint\",\"urlTemplate\":\"https:\/\/lugardemarmolejo.es\/?s={search_term_string}\"},\"query-input\":{\"@type\":\"PropertyValueSpecification\",\"valueRequired\":true,\"valueName\":\"search_term_string\"}}],\"inLanguage\":\"es\"}]}<\/script>\n<!-- \/ Yoast SEO plugin. -->","yoast_head_json":{"title":"Ram\u00f3n Mu\u00f1oz Casares - El lugar de Marmolejo","robots":{"index":"index","follow":"follow","max-snippet":"max-snippet:-1","max-image-preview":"max-image-preview:large","max-video-preview":"max-video-preview:-1"},"canonical":"https:\/\/lugardemarmolejo.es\/?page_id=354","og_locale":"es_ES","og_type":"article","og_title":"Ram\u00f3n Mu\u00f1oz Casares - El lugar de Marmolejo","og_description":"-Manuel Perales Sol\u00eds- Escuch\u00e9 hablar del maestro&nbsp;Ram\u00f3n Mu\u00f1oz Casares&nbsp;&nbsp;a los m\u00e1s veteranos afiliados socialistas que frecuentaban, casi a diario, la Casa del Pueblo durante la ya lejana d\u00e9cada de los ochenta del pasado siglo. &nbsp;Destacaban de \u00e9l sobre todo su brillante oratoria y su natural facilidad para explicar de manera clarividente la misi\u00f3n que deber\u00edan [&hellip;]","og_url":"https:\/\/lugardemarmolejo.es\/?page_id=354","og_site_name":"El lugar de Marmolejo","og_image":[{"url":"https:\/\/static.wixstatic.com\/media\/7e23fc_69a49b974bec4c35beb7e1384ffa63c8~mv2.jpg\/v1\/crop\/x_0,y_0,w_1606,h_1981\/fill\/w_600,h_740,al_c,q_85,usm_0.66_1.00_0.01,enc_auto\/Escrito_en_defensa_de_Ram%C3%B3n_Mu%C3%B1oz_Casare.jpg","type":"","width":"","height":""}],"twitter_card":"summary_large_image","twitter_misc":{"Tiempo de lectura":"12 minutos"},"schema":{"@context":"https:\/\/schema.org","@graph":[{"@type":"WebPage","@id":"https:\/\/lugardemarmolejo.es\/?page_id=354","url":"https:\/\/lugardemarmolejo.es\/?page_id=354","name":"Ram\u00f3n Mu\u00f1oz Casares - El lugar de Marmolejo","isPartOf":{"@id":"https:\/\/lugardemarmolejo.es\/#website"},"primaryImageOfPage":{"@id":"https:\/\/lugardemarmolejo.es\/?page_id=354#primaryimage"},"image":{"@id":"https:\/\/lugardemarmolejo.es\/?page_id=354#primaryimage"},"thumbnailUrl":"https:\/\/static.wixstatic.com\/media\/7e23fc_69a49b974bec4c35beb7e1384ffa63c8~mv2.jpg\/v1\/crop\/x_0,y_0,w_1606,h_1981\/fill\/w_600,h_740,al_c,q_85,usm_0.66_1.00_0.01,enc_auto\/Escrito_en_defensa_de_Ram%C3%B3n_Mu%C3%B1oz_Casare.jpg","datePublished":"2023-09-27T13:47:23+00:00","breadcrumb":{"@id":"https:\/\/lugardemarmolejo.es\/?page_id=354#breadcrumb"},"inLanguage":"es","potentialAction":[{"@type":"ReadAction","target":["https:\/\/lugardemarmolejo.es\/?page_id=354"]}]},{"@type":"ImageObject","inLanguage":"es","@id":"https:\/\/lugardemarmolejo.es\/?page_id=354#primaryimage","url":"https:\/\/static.wixstatic.com\/media\/7e23fc_69a49b974bec4c35beb7e1384ffa63c8~mv2.jpg\/v1\/crop\/x_0,y_0,w_1606,h_1981\/fill\/w_600,h_740,al_c,q_85,usm_0.66_1.00_0.01,enc_auto\/Escrito_en_defensa_de_Ram%C3%B3n_Mu%C3%B1oz_Casare.jpg","contentUrl":"https:\/\/static.wixstatic.com\/media\/7e23fc_69a49b974bec4c35beb7e1384ffa63c8~mv2.jpg\/v1\/crop\/x_0,y_0,w_1606,h_1981\/fill\/w_600,h_740,al_c,q_85,usm_0.66_1.00_0.01,enc_auto\/Escrito_en_defensa_de_Ram%C3%B3n_Mu%C3%B1oz_Casare.jpg"},{"@type":"BreadcrumbList","@id":"https:\/\/lugardemarmolejo.es\/?page_id=354#breadcrumb","itemListElement":[{"@type":"ListItem","position":1,"name":"Portada","item":"https:\/\/lugardemarmolejo.es\/"},{"@type":"ListItem","position":2,"name":"Ram\u00f3n Mu\u00f1oz Casares"}]},{"@type":"WebSite","@id":"https:\/\/lugardemarmolejo.es\/#website","url":"https:\/\/lugardemarmolejo.es\/","name":"El lugar de Marmolejo","description":"","potentialAction":[{"@type":"SearchAction","target":{"@type":"EntryPoint","urlTemplate":"https:\/\/lugardemarmolejo.es\/?s={search_term_string}"},"query-input":{"@type":"PropertyValueSpecification","valueRequired":true,"valueName":"search_term_string"}}],"inLanguage":"es"}]}},"_links":{"self":[{"href":"https:\/\/lugardemarmolejo.es\/index.php?rest_route=\/wp\/v2\/pages\/354","targetHints":{"allow":["GET"]}}],"collection":[{"href":"https:\/\/lugardemarmolejo.es\/index.php?rest_route=\/wp\/v2\/pages"}],"about":[{"href":"https:\/\/lugardemarmolejo.es\/index.php?rest_route=\/wp\/v2\/types\/page"}],"author":[{"embeddable":true,"href":"https:\/\/lugardemarmolejo.es\/index.php?rest_route=\/wp\/v2\/users\/1"}],"replies":[{"embeddable":true,"href":"https:\/\/lugardemarmolejo.es\/index.php?rest_route=%2Fwp%2Fv2%2Fcomments&post=354"}],"version-history":[{"count":1,"href":"https:\/\/lugardemarmolejo.es\/index.php?rest_route=\/wp\/v2\/pages\/354\/revisions"}],"predecessor-version":[{"id":355,"href":"https:\/\/lugardemarmolejo.es\/index.php?rest_route=\/wp\/v2\/pages\/354\/revisions\/355"}],"wp:attachment":[{"href":"https:\/\/lugardemarmolejo.es\/index.php?rest_route=%2Fwp%2Fv2%2Fmedia&parent=354"}],"curies":[{"name":"wp","href":"https:\/\/api.w.org\/{rel}","templated":true}]}}