{"id":349,"date":"2023-09-27T13:43:02","date_gmt":"2023-09-27T13:43:02","guid":{"rendered":"https:\/\/lugardemarmolejo.es\/?page_id=349"},"modified":"2023-09-27T13:43:02","modified_gmt":"2023-09-27T13:43:02","slug":"historias-del-agua","status":"publish","type":"page","link":"https:\/\/lugardemarmolejo.es\/?page_id=349","title":{"rendered":"Historias del agua"},"content":{"rendered":"\n<h1 class=\"wp-block-heading\"><\/h1>\n\n\n\n<p>Antonio Manuel Herrera Casado present\u00f3 el pasado mes de diciembre un interesante trabajo de investigaci\u00f3n hist\u00f3rica al que ha titulado \u201cHistorias del Agua: Aprovechamientos hidr\u00e1ulicos en Marmolejo. Su influencia en las provincias de Ja\u00e9n y C\u00f3rdoba\u201d. No cabe duda que el tema es sugerente y entre las p\u00e1ginas de este interesante libro podemos encontrar informaciones valios\u00edsimas sobre nuestro r\u00edo padre y el papel determinante que ha tenido en el devenir hist\u00f3rico de nuestra tierra y sus pobladores desde los tiempos m\u00e1s remotos.<\/p>\n\n\n\n<p>&nbsp;Como reza en la solapa de su edici\u00f3n, \u201cAntonio nace en Marmolejo en 1973. Es maestro. Desde su juventud est\u00e1 vinculado a distintas asociaciones de car\u00e1cter cultural y deportivo. Ha investigado la historia de Marmolejo de forma autodidacta centr\u00e1ndose en la relaci\u00f3n entre la poblaci\u00f3n y el territorio que ocupa, as\u00ed como las transformaciones a las que ha dado lugar a lo largo de los siglos\u201d.<\/p>\n\n\n\n<p>&nbsp; En la introducci\u00f3n del mismo podemos leer: \u201cEl agua. El Guadalquivir y sus afluentes, que riegan gran parte del territorio andaluz, nos han provisto de riqueza desde hace miles de a\u00f1os. En un punto determinado y desconocido de la historia, nuestros antepasados andaluces dieron un paso cualitativo al aprovechar no solo el agua de r\u00edos y arroyos sino tambien su fuerza. Ya no solo serv\u00eda para regar o pescar. A partir de aquel momento hizo m\u00e1s f\u00e1cil el d\u00eda a d\u00eda de los habitantes en torno a los cauces. Esa transformaci\u00f3n supuso tambi\u00e9n el poder de aquellos que pose\u00edan los artilugios, pues se fueron convirtiendo en lugares imprescindibles para la sociedad.<br>&nbsp;<\/p>\n\n\n<div class=\"wp-block-image\">\n<figure class=\"alignleft is-resized\"><img fetchpriority=\"high\" decoding=\"async\" src=\"https:\/\/static.wixstatic.com\/media\/7e23fc_6b0263a00085423b858e9419b0be8cb4~mv2_d_1693_2370_s_2.jpg\/v1\/fill\/w_245,h_342,al_c,q_80,usm_0.66_1.00_0.01,enc_auto\/7e23fc_6b0263a00085423b858e9419b0be8cb4~mv2_d_1693_2370_s_2.jpg\" alt=\"\" style=\"width:258px;height:360px\" width=\"258\" height=\"360\"\/><figcaption class=\"wp-element-caption\"><strong>Portada del libro \u201cHistorias del Agua\u201d de Antonio Herrera Casado<\/strong><\/figcaption><\/figure>\n<\/div>\n\n<div class=\"wp-block-image\">\n<figure class=\"alignleft is-resized\"><img decoding=\"async\" src=\"https:\/\/static.wixstatic.com\/media\/7e23fc_a959d96a20bf4b7c9401046cae1902fd~mv2.jpg\/v1\/fill\/w_230,h_342,al_c,q_80,usm_0.66_1.00_0.01,enc_auto\/7e23fc_a959d96a20bf4b7c9401046cae1902fd~mv2.jpg\" alt=\"\" style=\"width:241px;height:358px\" width=\"241\" height=\"358\"\/><figcaption class=\"wp-element-caption\"><strong>Antonio Manuel Herrera Casado<\/strong><\/figcaption><\/figure>\n<\/div>\n\n\n<p>Las relaciones sociales, jur\u00eddicas y comerciales que se establecieron all\u00ed donde hab\u00eda un aprovechamiento hidr\u00e1ulico fueron cambiando a lo largo de los siglos. Sin embargo muy poco, o casi nada, cambi\u00f3 la tecnolog\u00eda, la forma de transformar la fuerza del agua y facilitarle el trabajo al hombre. El oficio de aprovechar as\u00ed el agua se transmiti\u00f3 generaci\u00f3n tras generaci\u00f3n. Fue un arte que obligaba a dominar muchas habilidades y mezcla de otros oficios.<\/p>\n\n\n\n<p>&nbsp; &nbsp;Las historias atesoradas durante siglos en molinos, ace\u00f1as y batanes, dejaron paso a la era de la electricidad. Como sus predecesores, aprovechando la fuerza del agua, pero con otro fin, que los releg\u00f3 al m\u00e1s profundo de los olvidos.<\/p>\n\n\n\n<p>&nbsp; &nbsp;Este trabajo es un &nbsp;intento de revivir y rememorar, en cierto modo, aquel bullicioso ambiente que debi\u00f3 existir entorno a los centros de explotaci\u00f3n del agua a trav\u00e9s de un recorrido hist\u00f3rico por distintos lugares y aprovechamientos huidr\u00e1ulicos.<\/p>\n\n\n\n<p>&nbsp; &nbsp;Al hablar de ellos lo estamos haciendo de un &nbsp;patrimonio desconocido, m\u00e1s antiguo que muchos pueblos que se sirvieron de los productos transformados en su interior y que siempre ha tra\u00eddo prosperidad y desarrollo all\u00ed donde se han implantado.<\/p>\n\n\n\n<p>&nbsp; La aguas del Guadalquivir, sus arroyos y sus afluentes se han aprovechado desde que el hombre dej\u00f3 de cazar y recolectar. Su corriente se ha utilizado desde \u00e9poca romana hasta hace poco tiempo, en t\u00e9rminos hist\u00f3ricos, para transportar productos aguas abajo. La ciudad \u00edbero-romana de C\u00e1stulo ten\u00eda su puerto fluvial y desde ah\u00ed, aguas abajo, Isturgi, cerca de And\u00fajar, tambi\u00e9n tuvo puerto. Los troncos de los pinos de la Sierra de Cazorla han descendido por sus aguas durante siglos para ser utilizados como material de construcci\u00f3n de edificios y embarcaciones.<\/p>\n\n\n\n<p>Marmolejo, en la provincia de Ja\u00e9n, es uno de esos lugares bendecidos con la presencia del agua. Manantiales, arroyos y r\u00edos riegan su t\u00e9rmino. Su famoso balneario ha hecho que se asocie a Marmolejo con ricas y buenas aguas&#8230;y raz\u00f3n no ha faltado para ello. El Guadalquivir, el J\u00e1ndula y el Yeguas vertebran un t\u00e9rmino rico en olivar, huerta, algod\u00f3n, ma\u00edz, alfalfa, etc\u00e9tera, etc\u00e9tera. Villa del agua, la llaman algunos merecidamente. S\u00ed, pero por mucho m\u00e1s que por sus manantiales o por sus regad\u00edos.<\/p>\n\n\n\n<p>\u200b<\/p>\n\n\n\n<p>&nbsp;Las historias del agua a las que se dedica este trabajo son aquellas surgidas del aprovechamiento de su fuerza para transformarla en movimiento con el que hacer girar turbinas y generar energ\u00eda el\u00e9ctrica; mover piedras con las que moler grano y obtener harina; o mover martillos con los que enfurtir pa\u00f1os.<\/p>\n\n\n\n<p>&nbsp; &nbsp;Como se ir\u00e1 viendo a lo largo de sus p\u00e1ginas, los aprovechamientos hidr\u00e1ulicos de Marmolejo tuvieron una gran repercusi\u00f3n en las comarcas &nbsp;vecinas de Ja\u00e9n y C\u00f3rdoba. Desde el medievo y hasta el siglo XX, a sus molinos y batanes, acud\u00edan desde Porcuna, And\u00fajar, Arjonilla o Bujalance.<br>La luz, que en sus primeras centrales hidroel\u00e9ctricas se gener\u00f3, ilumin\u00f3 pueblos tan distantes como Villafranca o Guarrom\u00e1n y todos los que hay entre uno y otro. Se construyeron l\u00edneas de alta tensi\u00f3n que en los a\u00f1os 30 procuraban electricidad a gran parte de la poblaci\u00f3n de esta zona de Andaluc\u00eda\u201d.<\/p>\n\n\n\n<p>&nbsp; S\u00f3lo desear que este libro colme, con creces, los deseos de conocimiento sobre aspectos in\u00e9ditos de nuestra historia que a todos\/as nos deben interesar.<\/p>\n","protected":false},"excerpt":{"rendered":"<p>Antonio Manuel Herrera Casado present\u00f3 el pasado mes de diciembre un interesante trabajo de investigaci\u00f3n hist\u00f3rica al que ha titulado \u201cHistorias del Agua: Aprovechamientos hidr\u00e1ulicos en Marmolejo. Su influencia en las provincias de Ja\u00e9n y C\u00f3rdoba\u201d. No cabe duda que el tema es sugerente y entre las p\u00e1ginas de este interesante libro podemos encontrar informaciones [&hellip;]<\/p>\n","protected":false},"author":1,"featured_media":0,"parent":0,"menu_order":0,"comment_status":"closed","ping_status":"closed","template":"","meta":{"footnotes":""},"class_list":["post-349","page","type-page","status-publish","hentry"],"yoast_head":"<!-- This site is optimized with the Yoast SEO plugin v25.2 - https:\/\/yoast.com\/wordpress\/plugins\/seo\/ -->\n<title>Historias del agua - El lugar de Marmolejo<\/title>\n<meta name=\"robots\" content=\"index, follow, max-snippet:-1, max-image-preview:large, max-video-preview:-1\" \/>\n<link rel=\"canonical\" href=\"https:\/\/lugardemarmolejo.es\/?page_id=349\" \/>\n<meta property=\"og:locale\" content=\"es_ES\" \/>\n<meta property=\"og:type\" content=\"article\" \/>\n<meta property=\"og:title\" content=\"Historias del agua - El lugar de Marmolejo\" \/>\n<meta property=\"og:description\" content=\"Antonio Manuel Herrera Casado present\u00f3 el pasado mes de diciembre un interesante trabajo de investigaci\u00f3n hist\u00f3rica al que ha titulado \u201cHistorias del Agua: Aprovechamientos hidr\u00e1ulicos en Marmolejo. Su influencia en las provincias de Ja\u00e9n y C\u00f3rdoba\u201d. No cabe duda que el tema es sugerente y entre las p\u00e1ginas de este interesante libro podemos encontrar informaciones [&hellip;]\" \/>\n<meta property=\"og:url\" content=\"https:\/\/lugardemarmolejo.es\/?page_id=349\" \/>\n<meta property=\"og:site_name\" content=\"El lugar de Marmolejo\" \/>\n<meta property=\"og:image\" content=\"https:\/\/static.wixstatic.com\/media\/7e23fc_6b0263a00085423b858e9419b0be8cb4~mv2_d_1693_2370_s_2.jpg\/v1\/fill\/w_245,h_342,al_c,q_80,usm_0.66_1.00_0.01,enc_auto\/7e23fc_6b0263a00085423b858e9419b0be8cb4~mv2_d_1693_2370_s_2.jpg\" \/>\n<meta name=\"twitter:card\" content=\"summary_large_image\" \/>\n<meta name=\"twitter:label1\" content=\"Tiempo de lectura\" \/>\n\t<meta name=\"twitter:data1\" content=\"5 minutos\" \/>\n<script type=\"application\/ld+json\" class=\"yoast-schema-graph\">{\"@context\":\"https:\/\/schema.org\",\"@graph\":[{\"@type\":\"WebPage\",\"@id\":\"https:\/\/lugardemarmolejo.es\/?page_id=349\",\"url\":\"https:\/\/lugardemarmolejo.es\/?page_id=349\",\"name\":\"Historias del agua - El lugar de Marmolejo\",\"isPartOf\":{\"@id\":\"https:\/\/lugardemarmolejo.es\/#website\"},\"primaryImageOfPage\":{\"@id\":\"https:\/\/lugardemarmolejo.es\/?page_id=349#primaryimage\"},\"image\":{\"@id\":\"https:\/\/lugardemarmolejo.es\/?page_id=349#primaryimage\"},\"thumbnailUrl\":\"https:\/\/static.wixstatic.com\/media\/7e23fc_6b0263a00085423b858e9419b0be8cb4~mv2_d_1693_2370_s_2.jpg\/v1\/fill\/w_245,h_342,al_c,q_80,usm_0.66_1.00_0.01,enc_auto\/7e23fc_6b0263a00085423b858e9419b0be8cb4~mv2_d_1693_2370_s_2.jpg\",\"datePublished\":\"2023-09-27T13:43:02+00:00\",\"breadcrumb\":{\"@id\":\"https:\/\/lugardemarmolejo.es\/?page_id=349#breadcrumb\"},\"inLanguage\":\"es\",\"potentialAction\":[{\"@type\":\"ReadAction\",\"target\":[\"https:\/\/lugardemarmolejo.es\/?page_id=349\"]}]},{\"@type\":\"ImageObject\",\"inLanguage\":\"es\",\"@id\":\"https:\/\/lugardemarmolejo.es\/?page_id=349#primaryimage\",\"url\":\"https:\/\/static.wixstatic.com\/media\/7e23fc_6b0263a00085423b858e9419b0be8cb4~mv2_d_1693_2370_s_2.jpg\/v1\/fill\/w_245,h_342,al_c,q_80,usm_0.66_1.00_0.01,enc_auto\/7e23fc_6b0263a00085423b858e9419b0be8cb4~mv2_d_1693_2370_s_2.jpg\",\"contentUrl\":\"https:\/\/static.wixstatic.com\/media\/7e23fc_6b0263a00085423b858e9419b0be8cb4~mv2_d_1693_2370_s_2.jpg\/v1\/fill\/w_245,h_342,al_c,q_80,usm_0.66_1.00_0.01,enc_auto\/7e23fc_6b0263a00085423b858e9419b0be8cb4~mv2_d_1693_2370_s_2.jpg\"},{\"@type\":\"BreadcrumbList\",\"@id\":\"https:\/\/lugardemarmolejo.es\/?page_id=349#breadcrumb\",\"itemListElement\":[{\"@type\":\"ListItem\",\"position\":1,\"name\":\"Portada\",\"item\":\"https:\/\/lugardemarmolejo.es\/\"},{\"@type\":\"ListItem\",\"position\":2,\"name\":\"Historias del agua\"}]},{\"@type\":\"WebSite\",\"@id\":\"https:\/\/lugardemarmolejo.es\/#website\",\"url\":\"https:\/\/lugardemarmolejo.es\/\",\"name\":\"El lugar de Marmolejo\",\"description\":\"\",\"potentialAction\":[{\"@type\":\"SearchAction\",\"target\":{\"@type\":\"EntryPoint\",\"urlTemplate\":\"https:\/\/lugardemarmolejo.es\/?s={search_term_string}\"},\"query-input\":{\"@type\":\"PropertyValueSpecification\",\"valueRequired\":true,\"valueName\":\"search_term_string\"}}],\"inLanguage\":\"es\"}]}<\/script>\n<!-- \/ Yoast SEO plugin. -->","yoast_head_json":{"title":"Historias del agua - El lugar de Marmolejo","robots":{"index":"index","follow":"follow","max-snippet":"max-snippet:-1","max-image-preview":"max-image-preview:large","max-video-preview":"max-video-preview:-1"},"canonical":"https:\/\/lugardemarmolejo.es\/?page_id=349","og_locale":"es_ES","og_type":"article","og_title":"Historias del agua - El lugar de Marmolejo","og_description":"Antonio Manuel Herrera Casado present\u00f3 el pasado mes de diciembre un interesante trabajo de investigaci\u00f3n hist\u00f3rica al que ha titulado \u201cHistorias del Agua: Aprovechamientos hidr\u00e1ulicos en Marmolejo. Su influencia en las provincias de Ja\u00e9n y C\u00f3rdoba\u201d. No cabe duda que el tema es sugerente y entre las p\u00e1ginas de este interesante libro podemos encontrar informaciones [&hellip;]","og_url":"https:\/\/lugardemarmolejo.es\/?page_id=349","og_site_name":"El lugar de Marmolejo","og_image":[{"url":"https:\/\/static.wixstatic.com\/media\/7e23fc_6b0263a00085423b858e9419b0be8cb4~mv2_d_1693_2370_s_2.jpg\/v1\/fill\/w_245,h_342,al_c,q_80,usm_0.66_1.00_0.01,enc_auto\/7e23fc_6b0263a00085423b858e9419b0be8cb4~mv2_d_1693_2370_s_2.jpg","type":"","width":"","height":""}],"twitter_card":"summary_large_image","twitter_misc":{"Tiempo de lectura":"5 minutos"},"schema":{"@context":"https:\/\/schema.org","@graph":[{"@type":"WebPage","@id":"https:\/\/lugardemarmolejo.es\/?page_id=349","url":"https:\/\/lugardemarmolejo.es\/?page_id=349","name":"Historias del agua - El lugar de Marmolejo","isPartOf":{"@id":"https:\/\/lugardemarmolejo.es\/#website"},"primaryImageOfPage":{"@id":"https:\/\/lugardemarmolejo.es\/?page_id=349#primaryimage"},"image":{"@id":"https:\/\/lugardemarmolejo.es\/?page_id=349#primaryimage"},"thumbnailUrl":"https:\/\/static.wixstatic.com\/media\/7e23fc_6b0263a00085423b858e9419b0be8cb4~mv2_d_1693_2370_s_2.jpg\/v1\/fill\/w_245,h_342,al_c,q_80,usm_0.66_1.00_0.01,enc_auto\/7e23fc_6b0263a00085423b858e9419b0be8cb4~mv2_d_1693_2370_s_2.jpg","datePublished":"2023-09-27T13:43:02+00:00","breadcrumb":{"@id":"https:\/\/lugardemarmolejo.es\/?page_id=349#breadcrumb"},"inLanguage":"es","potentialAction":[{"@type":"ReadAction","target":["https:\/\/lugardemarmolejo.es\/?page_id=349"]}]},{"@type":"ImageObject","inLanguage":"es","@id":"https:\/\/lugardemarmolejo.es\/?page_id=349#primaryimage","url":"https:\/\/static.wixstatic.com\/media\/7e23fc_6b0263a00085423b858e9419b0be8cb4~mv2_d_1693_2370_s_2.jpg\/v1\/fill\/w_245,h_342,al_c,q_80,usm_0.66_1.00_0.01,enc_auto\/7e23fc_6b0263a00085423b858e9419b0be8cb4~mv2_d_1693_2370_s_2.jpg","contentUrl":"https:\/\/static.wixstatic.com\/media\/7e23fc_6b0263a00085423b858e9419b0be8cb4~mv2_d_1693_2370_s_2.jpg\/v1\/fill\/w_245,h_342,al_c,q_80,usm_0.66_1.00_0.01,enc_auto\/7e23fc_6b0263a00085423b858e9419b0be8cb4~mv2_d_1693_2370_s_2.jpg"},{"@type":"BreadcrumbList","@id":"https:\/\/lugardemarmolejo.es\/?page_id=349#breadcrumb","itemListElement":[{"@type":"ListItem","position":1,"name":"Portada","item":"https:\/\/lugardemarmolejo.es\/"},{"@type":"ListItem","position":2,"name":"Historias del agua"}]},{"@type":"WebSite","@id":"https:\/\/lugardemarmolejo.es\/#website","url":"https:\/\/lugardemarmolejo.es\/","name":"El lugar de Marmolejo","description":"","potentialAction":[{"@type":"SearchAction","target":{"@type":"EntryPoint","urlTemplate":"https:\/\/lugardemarmolejo.es\/?s={search_term_string}"},"query-input":{"@type":"PropertyValueSpecification","valueRequired":true,"valueName":"search_term_string"}}],"inLanguage":"es"}]}},"_links":{"self":[{"href":"https:\/\/lugardemarmolejo.es\/index.php?rest_route=\/wp\/v2\/pages\/349","targetHints":{"allow":["GET"]}}],"collection":[{"href":"https:\/\/lugardemarmolejo.es\/index.php?rest_route=\/wp\/v2\/pages"}],"about":[{"href":"https:\/\/lugardemarmolejo.es\/index.php?rest_route=\/wp\/v2\/types\/page"}],"author":[{"embeddable":true,"href":"https:\/\/lugardemarmolejo.es\/index.php?rest_route=\/wp\/v2\/users\/1"}],"replies":[{"embeddable":true,"href":"https:\/\/lugardemarmolejo.es\/index.php?rest_route=%2Fwp%2Fv2%2Fcomments&post=349"}],"version-history":[{"count":1,"href":"https:\/\/lugardemarmolejo.es\/index.php?rest_route=\/wp\/v2\/pages\/349\/revisions"}],"predecessor-version":[{"id":350,"href":"https:\/\/lugardemarmolejo.es\/index.php?rest_route=\/wp\/v2\/pages\/349\/revisions\/350"}],"wp:attachment":[{"href":"https:\/\/lugardemarmolejo.es\/index.php?rest_route=%2Fwp%2Fv2%2Fmedia&parent=349"}],"curies":[{"name":"wp","href":"https:\/\/api.w.org\/{rel}","templated":true}]}}