{"id":341,"date":"2023-09-20T13:48:30","date_gmt":"2023-09-20T13:48:30","guid":{"rendered":"https:\/\/lugardemarmolejo.es\/?page_id=341"},"modified":"2023-09-20T13:48:30","modified_gmt":"2023-09-20T13:48:30","slug":"recordando-a-juan-martinez-cano-1907-1987","status":"publish","type":"page","link":"https:\/\/lugardemarmolejo.es\/?page_id=341","title":{"rendered":"Recordando a Juan Mart\u00ednez Cano (1907-1987)"},"content":{"rendered":"\n<h1 class=\"wp-block-heading\"><\/h1>\n\n\n\n<h5 class=\"wp-block-heading\"><strong>-Manuel Perales Sol\u00eds-<\/strong><\/h5>\n\n\n\n<p>En el a\u00f1o de 1987 publiqu\u00e9 en el diario \u201cJa\u00e9n\u201d una semblanza &nbsp;dedicada a Juan Mart\u00ednez Cano con motivo de su fallecimiento que he considerado oportuno recuperar en este apartado de Personajes, pues Juan \u201cMatarratas\u201d, que as\u00ed era conocido popularmente por &nbsp;los marmoleje\u00f1os\/as, fue todo un ejemplo de lealtad a los valores e ideas que defendi\u00f3 y practic\u00f3 durante &nbsp;su vida. Sus m\u00e9ritos o sus virtudes probablemente no fueron ni mayores ni menores que el de resto de jornaleros republicanos que murieron o sufrieron represi\u00f3n en la Andaluc\u00eda de la Postguerra. S\u00f3lo el haberlo conocido y haber tenido el privilegio de escuchar sus experiencias vitales han sido raz\u00f3n suficiente para considerarlo como personalidad interesante as\u00ed como un digno representante de aquella sufrida clase jornalera de anta\u00f1o. &nbsp;<\/p>\n\n\n\n<p>&nbsp;Perteneci\u00f3 a esa generaci\u00f3n de braceros del campo nacidos a principios del pasado siglo, que apenas tuvieron tiempo para el ocio y el disfrute, pues su compromiso &nbsp;con el socialismo y su trabajo en los tajos, de sol a sol, no le di\u00f3 m\u00e1s margen que para conocer a Rosario y formar con ella una familia. Luego durante la Rep\u00fablica y la Postguerra le toc\u00f3 padecer el golpe lacerante de la represi\u00f3n ejercida contra el elemento obrero &nbsp;tras el ejercicio de sus justas reivindicaciones pol\u00edticas y laborales. Finalmente en los a\u00f1os postreros de su vida, ya en la Transici\u00f3n Democr\u00e1tica, y coincidiendo casi con su jubilaci\u00f3n, a\u00fan le quedaron fuerzas para ayudar con talante reconciliador y sin el m\u00e1s m\u00ednimo rencor, en la recuperaci\u00f3n del r\u00e9gimen democr\u00e1tico abolido desde 1939.<\/p>\n\n\n<div class=\"wp-block-image\">\n<figure class=\"alignleft is-resized\"><img fetchpriority=\"high\" decoding=\"async\" src=\"https:\/\/static.wixstatic.com\/media\/7e23fc_cf29c79b6d2f480e8be552e675ce900f.jpg\/v1\/fill\/w_134,h_174,al_c,q_80,usm_0.66_1.00_0.01,enc_auto\/7e23fc_cf29c79b6d2f480e8be552e675ce900f.jpg\" alt=\"\" style=\"width:211px;height:274px\" width=\"211\" height=\"274\"\/><figcaption class=\"wp-element-caption\"><strong>Juan Mart\u00ednez Cano. Foto cedida por su nieta Mar\u00eda Luisa Gonz\u00e1lez Mart\u00ednez.<\/strong><\/figcaption><\/figure>\n<\/div>\n\n<div class=\"wp-block-image\">\n<figure class=\"alignleft is-resized\"><img decoding=\"async\" src=\"https:\/\/static.wixstatic.com\/media\/7e23fc_1a6bc7daae174d418063890f28fcc729.jpg\/v1\/fill\/w_123,h_174,al_c,q_80,usm_0.66_1.00_0.01,enc_auto\/7e23fc_1a6bc7daae174d418063890f28fcc729.jpg\" alt=\"\" style=\"width:217px;height:307px\" width=\"217\" height=\"307\"\/><figcaption class=\"wp-element-caption\"><strong>Rosario Castillejo Real, esposa de Juan. Foto cedida por su nieta.<\/strong><\/figcaption><\/figure>\n<\/div>\n\n\n<p><strong>Texto del Diario Ja\u00e9n:<\/strong><\/p>\n\n\n\n<p><em>\u201cEstos p\u00e1rrafos quieren ser un m\u00ednimo homenaje de admiraci\u00f3n y agradecimiento hacia un hombre sencillo que nos dej\u00f3, para siempre, en el umbral de la pasada primavera.<\/em><\/p>\n\n\n\n<p><em>Juan se march\u00f3 sin hacer apenas ruido; ligero de equipaje, que dir\u00eda Machado, como cerrando un ciclo vital. Porque ser\u00eda en aquella otra primavera de 1931 cuando emprendiera su camino de ilusi\u00f3n y actividad social, plena de utop\u00eda, para sacar de su postergaci\u00f3n secular a la clase campesina de anta\u00f1o.<\/em><\/p>\n\n\n\n<p><em>El mote de Juan era \u201cMatarratas\u201d. As\u00ed le conoc\u00edamos cari\u00f1osamente, en la Agrupaci\u00f3n Socialista de Marmolejo. Naci\u00f3 entrado ya el siglo y tuvo como compa\u00f1era inseparable a Rosario, una mujer deliciosa y sencilla que le ayud\u00f3 en los momentos m\u00e1s amargos de su vida. Pero Rosario, se le fue aquejada de m\u00faltiples dolencias y ese golpe no supo nunca encajarlo.<\/em><\/p>\n\n\n\n<p><em>Hab\u00eda comenzado su dilatado ejercicio de militante en el a\u00f1o de 1923, afili\u00e1ndose a las Juventudes Socialistas. De aquellos a\u00f1os recuerda a los \u201cpadres\u201d del socialismo local: Gaspar Casas, Antonio Garc\u00eda &nbsp;\u201cMaqueano\u201d y Andr\u00e9s Rodr\u00edguez \u201cEl del Ventorrillo\u201d, panadero; primeros concejales de la historia del movimiento obrero marmoleje\u00f1o. Junto a ellos no olvida a Ignacio Exp\u00f3sito \u201cMindolo\u201d, alcalde del Frente Popular; Manuel Flores \u201cLagara\u00f1a\u201d, Andr\u00e9s Velasco, Alfonso Jurado, y un largo etc\u00e9tera de compa\u00f1eros.<\/em><\/p>\n\n\n\n<p><em>Quiz\u00e1s una de sus vivencias m\u00e1s impactantes como luchador empedernido fuera la jornada revolucionaria del 6 de octubre del a\u00f1o 34, durante el Gobierno republicano de centro-derecha. As\u00ed me la narr\u00f3: \u201cSe organiz\u00f3 el movimiento desde la UGT. Desde bien temprano las distintas cuadrillas de jornaleros ten\u00edamos al pueblo pr\u00e1cticamente en nuestras manos. Recorr\u00edamos las calles proclamando la Rep\u00fablica Socialista y la instauraci\u00f3n, en Madrid, de un gobierno de izquierdas. Junto a Marmolejo se levantaron La Carolina, El Centenillo y Navas de San Juan. En los dem\u00e1s pueblos creo que no triunf\u00f3. De ello nos percatamos enseguida pues los trenes pasaron a su hora y, adem\u00e1s, el grupo de compa\u00f1eros encargados de controlar los accesos al pueblo por el puente del \u201cArroyo Seco\u201d vio como se acercaba un cami\u00f3n, procedente de Carde\u00f1a que, a decir del conductor, no hab\u00eda encontrado obst\u00e1culo alguno en el trayecto. De ah\u00ed a la represi\u00f3n del movimiento mediaron pocas horas.<\/em><\/p>\n\n\n\n<p><em>La jornada se sald\u00f3 con la muerte de dos personas realmente inocentes: Mat\u00edas Vidal Fuentes, barbero, muerto &nbsp;cuando se dirig\u00eda a su trabajo a manos de un huelguista, un tal Fiera, y, algo m\u00e1s tarde, el hijo del socialista Per\u00edn a consecuencias de un disparo de la Guardia Civil.<\/em><\/p>\n\n\n\n<p><em>La represi\u00f3n del movimiento result\u00f3 ser muy dura. Recuerdo que mi hermano Bartolom\u00e9 se puso varias camisas para amortiguar los palos que iban a propinarnos. Nos cogieron presos a casi todas las Juventudes Socialistas (m\u00e1s de 200). Recib\u00ed tantos golpes que no pod\u00eda ni ponerme la ropa. Me rodearon con una s\u00e1bana y, poco a poco, fui recuper\u00e1ndome gracias a los cuidados de \u201cMilindres\u201d &nbsp;el barbero y de otros compa\u00f1eros, pero a Andr\u00e9s Velasco (alcalde durante el bienio progresista) se lo cargaron (1). Jos\u00e9 G\u00f3mez \u201cEl Chindo\u201d y Juan Vicaria, se tiraron al pozo del cuartelillo ya hartos de tantos golpes (2).<\/em><\/p>\n\n\n\n<p><em>El infierno continuaba en las c\u00e1rceles de And\u00fajar y de Ja\u00e9n. A esta \u00faltima fuimos a parar casi 300 socialistas de Marmolejo, muchos de los cuales gozamos de la defensa del diputado y compa\u00f1ero, Alejandro Peris Caruana\u201d.<\/em><\/p>\n\n\n\n<p><em>De aquellos d\u00edas a la contienda civil, todo ser\u00eda un turbulento abrir y cerrar de ojos saturado de im\u00e1genes impresionantes. Todav\u00eda durante la guerra, hubo de vivir la amarga experiencia del asedio al Santuario de la Virgen de la Cabeza (3). All\u00ed cae preso y m\u00e1s tarde en la Postguerra estuvo exiliado forzoso en Lora del R\u00edo (Sevilla), en un batall\u00f3n de trabajadores penados &nbsp;(4).<\/em><\/p>\n\n\n\n<p><em>Su vuelta a Marmolejo en 1947 fue bajo la tutela del general de Brigada, Juan D\u00edaz Criado (5). A partir de ah\u00ed tuvo que pasar numerosas revistas al cuartel. Son, en definitiva, demasiados sufrimientos por la libertad como para dejarte en el olvido aunque quiz\u00e1s, conoci\u00e9ndote, lo hubieras deseado\u201d.&nbsp;<\/em><\/p>\n\n\n<div class=\"wp-block-image\">\n<figure class=\"alignright is-resized\"><img decoding=\"async\" src=\"https:\/\/static.wixstatic.com\/media\/7e23fc_f8259f019aa346c49455acf66a0649dd.jpg\/v1\/fill\/w_167,h_240,al_c,q_80,usm_0.66_1.00_0.01,enc_auto\/7e23fc_f8259f019aa346c49455acf66a0649dd.jpg\" alt=\"\" style=\"width:310px;height:446px\" width=\"310\" height=\"446\"\/><\/figure>\n<\/div>\n\n\n<p><strong>Juan Garrido Catal\u00e1n (Marmolejo, 1913-Sevilla, 1973) -de pie, a la izquierda- durante la Rep\u00fablica perteneci\u00f3 a las Juventudes Socialistas Unificadas. Le vemos &nbsp;junto a otros compa\u00f1eros de las Colonias Penitenciarias Militarizadas en Sevilla, donde redimi\u00f3 condena hasta el 6 de agosto de 1952, trabajando en la construcci\u00f3n del Canal de los Presos. Foto cedida por su hija Juana Garrido Aroca.<\/strong><\/p>\n\n\n\n<p><strong>Notas:<\/strong><\/p>\n\n\n\n<p>(1) Seg\u00fan el testimonio de Juan \u201cmataron a Andr\u00e9s Velasco a palos, con toda la calor y despu\u00e9s le echaron agua fresca del pozo para reanimarlo&#8230;y se qued\u00f3 en el acto\u201d.<\/p>\n\n\n\n<p>(2) En este mismo testimonio recogido a Juan Mart\u00ednez hacia 1883, me dec\u00eda que para evitar las palizas huyeron del pueblo hacia el Baldio: \u201dMi hermano Jos\u00e9 y yo nos fuimos a la sierra por mediaci\u00f3n de que ten\u00edamos un melonar en la Fuente Olid y mi madre y mi mujer Rosario, nos pasaban la comida por la noche por la barca y nos ten\u00edan al corriente de lo que estaba pasando, hasta que ya a los catorce d\u00edas recibimos una esquela en la que nos dec\u00edan: \u201c A tu padre lo han encerrao y dicen que como no os entregueis a \u00e9l le cuelgan el costal\u201d. Entonces a mi hermano le dije: vamos a entregarnos pues papa, no queremos que padezca por nosotros. Como mi hermano le tem\u00eda mucho a los palos, cuando lleg\u00f3 a casa se prepar\u00f3 bien poni\u00e9ndose dos o tres camisones y dos chaquetas, pues mi madre nos advirti\u00f3 que estaban dando muchas palizas la gente de la derecha del pueblo y la propia Guardia Civil\u201d.<\/p>\n\n\n\n<p>(3) Combatiendo como miliciano voluntario en la toma del Santuario fue hecho prisionero por efectivos de la Guardia Civil al mando del capit\u00e1n Santiago Cort\u00e9s, y estuvo preso en el Santuario junto a su paisano Paco \u201cEl Pintao\u201d hasta el 1 de mayo de 1937 en que fueron liberados en condiciones extremas, apenas con ropa y hambrientos. Unos compa\u00f1eros milicianos lo vistieron &nbsp;con el uniforme de un guardia civil fallecido y por momentos las propias tropas republicanas, pensando que era un guardia apresado, estuvieron a punto de dispararle, seg\u00fan testimonio del propio Juan.&nbsp;<\/p>\n\n\n\n<p>(4) Juan estuvo en el campo de concentraci\u00f3n de Lora del Rio donde se ubicaba uno de los Batallones de Soldados Trabajadores (penados) encargados de realizar las obras del Canal del Bajo Guadalquivir bajo la coordinaci\u00f3n del Servicio de Colonias Penitenciarias Militarizadas, organismo creado por la Ley de 8 de septiembre de 1939 para utilizar a los penados republicanos que redimian su condena, en grandes obras de utilidad nacional. A este campo de concentraci\u00f3n se incorporaba el d\u00eda 11 de diciembre de 1943 para continuar redimiendo condena.<\/p>\n\n\n\n<p>En la construcci\u00f3n de ese mismo canal trabajaron otros presos pol\u00edticos marmoleje\u00f1os como Francisco Gallardo Jurado, Juan Garrido Catal\u00e1n, Jos\u00e9 Mart\u00ednez Cano (hermano de Juan) y Pedro S\u00e1nchez Soriano.&nbsp;<\/p>\n\n\n\n<p>&nbsp; Estos batallones, tomando como fuente el trabajo de Isaac Arenal Cardiel, estaban compuestos por combatientes del Ej\u00e9rcito Republicano que hab\u00edan estado en la c\u00e1rcel y fueron juzgados por un Tribunal Militar. Al salir en libertad condicional o provisional, los integraban en estas unidades. Normalmente eran de las quintas llamadas a filas entre los reemplazos de 1936 a 1941, y aunque hab\u00eda algunas excepciones en las de 1942, \u00e9stos, en su mayor\u00eda, hab\u00edan militado en las Juventudes Socialistas Unificadas (J.S.U.) y fueron voluntarios en el Ej\u00e9rcito Republicano. Estas unidades represivas tuvieron vigencia hasta finales de 1945 y fueron disueltas en el a\u00f1o 1946 en Lora del R\u00edo (Sevilla). El plazo m\u00ednimo de permanencia de todos los componentes de los Batallones de Trabajadores no pod\u00eda ser inferior al tiempo que hubieran estado en el ej\u00e9rcito las quintas de la zona franquista, lo que quiere decir, que la permanencia en el Ej\u00e9rcito Republicano no contaba para nada a efectos de servicio regular. Estos \u00absoldados\u00bb no juraban bandera, no se les entregaban armas, carec\u00edan, en su mayor\u00eda, de un uniforme similar al del ej\u00e9rcito vencedor, y no se pod\u00eda llevar insignia alguna de los distintos cuerpos del ej\u00e9rcito (infanter\u00eda, ingenieros, etc.). La ropa era una caricatura, ya que cada uno llevaba lo que le daban o ten\u00eda, eso s\u00ed, el \u00abvestuario de trabajo\u00bb era el mismo para todos: \u00a1Un traje de tela mil rayas con dos pes (PP); una en el gorro redondo y otra en el pecho, al lado izquierdo!.&nbsp;<\/p>\n\n\n\n<p>(5) Jofra, pintor de los campesinos, hijo de Don Juan D\u00edaz Criado, inmortaliz\u00f3 a Juan \u201cMatarratas\u201d en uno de sus cuadros hacia la finales de los sesenta.<\/p>\n\n\n\n<p><strong>FUENTES Y BIBLIOGRAFIA:<\/strong><\/p>\n\n\n\n<p>-Diario \u201cJa\u00e9n\u201d, \u201cRecordando a Juan Mart\u00ednez\u201d, publicado en 1987<\/p>\n\n\n\n<p>-Gonzalo Acosta Bono, Jos\u00e9 Luis Guti\u00e9rrez Molina, Lola Mart\u00ednez Mac\u00edas y \u00c1ngel del R\u00edo S\u00e1nchez: \u201cEl Canal de los Presos (1940-1962): Trabajos forzados: de la represi\u00f3n pol\u00edtica a la explotaci\u00f3n econ\u00f3mica. Editorial Cr\u00edtica, Barcelona, a\u00f1o 2004.<\/p>\n\n\n\n<p>-Manuel Perales Sol\u00eds: \u201cLa Memoria Rescatada: 1931-1952\u201d Edita: Manuel Perales. A\u00f1o 2007.<\/p>\n","protected":false},"excerpt":{"rendered":"<p>-Manuel Perales Sol\u00eds- En el a\u00f1o de 1987 publiqu\u00e9 en el diario \u201cJa\u00e9n\u201d una semblanza &nbsp;dedicada a Juan Mart\u00ednez Cano con motivo de su fallecimiento que he considerado oportuno recuperar en este apartado de Personajes, pues Juan \u201cMatarratas\u201d, que as\u00ed era conocido popularmente por &nbsp;los marmoleje\u00f1os\/as, fue todo un ejemplo de lealtad a los valores [&hellip;]<\/p>\n","protected":false},"author":1,"featured_media":0,"parent":0,"menu_order":0,"comment_status":"closed","ping_status":"closed","template":"","meta":{"footnotes":""},"class_list":["post-341","page","type-page","status-publish","hentry"],"yoast_head":"<!-- This site is optimized with the Yoast SEO plugin v25.2 - https:\/\/yoast.com\/wordpress\/plugins\/seo\/ -->\n<title>Recordando a Juan Mart\u00ednez Cano (1907-1987) - El lugar de Marmolejo<\/title>\n<meta name=\"robots\" content=\"index, follow, max-snippet:-1, max-image-preview:large, max-video-preview:-1\" \/>\n<link rel=\"canonical\" href=\"https:\/\/lugardemarmolejo.es\/?page_id=341\" \/>\n<meta property=\"og:locale\" content=\"es_ES\" \/>\n<meta property=\"og:type\" content=\"article\" \/>\n<meta property=\"og:title\" content=\"Recordando a Juan Mart\u00ednez Cano (1907-1987) - El lugar de Marmolejo\" \/>\n<meta property=\"og:description\" content=\"-Manuel Perales Sol\u00eds- En el a\u00f1o de 1987 publiqu\u00e9 en el diario \u201cJa\u00e9n\u201d una semblanza &nbsp;dedicada a Juan Mart\u00ednez Cano con motivo de su fallecimiento que he considerado oportuno recuperar en este apartado de Personajes, pues Juan \u201cMatarratas\u201d, que as\u00ed era conocido popularmente por &nbsp;los marmoleje\u00f1os\/as, fue todo un ejemplo de lealtad a los valores [&hellip;]\" \/>\n<meta property=\"og:url\" content=\"https:\/\/lugardemarmolejo.es\/?page_id=341\" \/>\n<meta property=\"og:site_name\" content=\"El lugar de Marmolejo\" \/>\n<meta property=\"og:image\" content=\"https:\/\/static.wixstatic.com\/media\/7e23fc_cf29c79b6d2f480e8be552e675ce900f.jpg\/v1\/fill\/w_134,h_174,al_c,q_80,usm_0.66_1.00_0.01,enc_auto\/7e23fc_cf29c79b6d2f480e8be552e675ce900f.jpg\" \/>\n<meta name=\"twitter:card\" content=\"summary_large_image\" \/>\n<meta name=\"twitter:label1\" content=\"Tiempo de lectura\" \/>\n\t<meta name=\"twitter:data1\" content=\"10 minutos\" \/>\n<script type=\"application\/ld+json\" class=\"yoast-schema-graph\">{\"@context\":\"https:\/\/schema.org\",\"@graph\":[{\"@type\":\"WebPage\",\"@id\":\"https:\/\/lugardemarmolejo.es\/?page_id=341\",\"url\":\"https:\/\/lugardemarmolejo.es\/?page_id=341\",\"name\":\"Recordando a Juan Mart\u00ednez Cano (1907-1987) - El lugar de Marmolejo\",\"isPartOf\":{\"@id\":\"https:\/\/lugardemarmolejo.es\/#website\"},\"primaryImageOfPage\":{\"@id\":\"https:\/\/lugardemarmolejo.es\/?page_id=341#primaryimage\"},\"image\":{\"@id\":\"https:\/\/lugardemarmolejo.es\/?page_id=341#primaryimage\"},\"thumbnailUrl\":\"https:\/\/static.wixstatic.com\/media\/7e23fc_cf29c79b6d2f480e8be552e675ce900f.jpg\/v1\/fill\/w_134,h_174,al_c,q_80,usm_0.66_1.00_0.01,enc_auto\/7e23fc_cf29c79b6d2f480e8be552e675ce900f.jpg\",\"datePublished\":\"2023-09-20T13:48:30+00:00\",\"breadcrumb\":{\"@id\":\"https:\/\/lugardemarmolejo.es\/?page_id=341#breadcrumb\"},\"inLanguage\":\"es\",\"potentialAction\":[{\"@type\":\"ReadAction\",\"target\":[\"https:\/\/lugardemarmolejo.es\/?page_id=341\"]}]},{\"@type\":\"ImageObject\",\"inLanguage\":\"es\",\"@id\":\"https:\/\/lugardemarmolejo.es\/?page_id=341#primaryimage\",\"url\":\"https:\/\/static.wixstatic.com\/media\/7e23fc_cf29c79b6d2f480e8be552e675ce900f.jpg\/v1\/fill\/w_134,h_174,al_c,q_80,usm_0.66_1.00_0.01,enc_auto\/7e23fc_cf29c79b6d2f480e8be552e675ce900f.jpg\",\"contentUrl\":\"https:\/\/static.wixstatic.com\/media\/7e23fc_cf29c79b6d2f480e8be552e675ce900f.jpg\/v1\/fill\/w_134,h_174,al_c,q_80,usm_0.66_1.00_0.01,enc_auto\/7e23fc_cf29c79b6d2f480e8be552e675ce900f.jpg\"},{\"@type\":\"BreadcrumbList\",\"@id\":\"https:\/\/lugardemarmolejo.es\/?page_id=341#breadcrumb\",\"itemListElement\":[{\"@type\":\"ListItem\",\"position\":1,\"name\":\"Portada\",\"item\":\"https:\/\/lugardemarmolejo.es\/\"},{\"@type\":\"ListItem\",\"position\":2,\"name\":\"Recordando a Juan Mart\u00ednez Cano (1907-1987)\"}]},{\"@type\":\"WebSite\",\"@id\":\"https:\/\/lugardemarmolejo.es\/#website\",\"url\":\"https:\/\/lugardemarmolejo.es\/\",\"name\":\"El lugar de Marmolejo\",\"description\":\"\",\"potentialAction\":[{\"@type\":\"SearchAction\",\"target\":{\"@type\":\"EntryPoint\",\"urlTemplate\":\"https:\/\/lugardemarmolejo.es\/?s={search_term_string}\"},\"query-input\":{\"@type\":\"PropertyValueSpecification\",\"valueRequired\":true,\"valueName\":\"search_term_string\"}}],\"inLanguage\":\"es\"}]}<\/script>\n<!-- \/ Yoast SEO plugin. -->","yoast_head_json":{"title":"Recordando a Juan Mart\u00ednez Cano (1907-1987) - El lugar de Marmolejo","robots":{"index":"index","follow":"follow","max-snippet":"max-snippet:-1","max-image-preview":"max-image-preview:large","max-video-preview":"max-video-preview:-1"},"canonical":"https:\/\/lugardemarmolejo.es\/?page_id=341","og_locale":"es_ES","og_type":"article","og_title":"Recordando a Juan Mart\u00ednez Cano (1907-1987) - El lugar de Marmolejo","og_description":"-Manuel Perales Sol\u00eds- En el a\u00f1o de 1987 publiqu\u00e9 en el diario \u201cJa\u00e9n\u201d una semblanza &nbsp;dedicada a Juan Mart\u00ednez Cano con motivo de su fallecimiento que he considerado oportuno recuperar en este apartado de Personajes, pues Juan \u201cMatarratas\u201d, que as\u00ed era conocido popularmente por &nbsp;los marmoleje\u00f1os\/as, fue todo un ejemplo de lealtad a los valores [&hellip;]","og_url":"https:\/\/lugardemarmolejo.es\/?page_id=341","og_site_name":"El lugar de Marmolejo","og_image":[{"url":"https:\/\/static.wixstatic.com\/media\/7e23fc_cf29c79b6d2f480e8be552e675ce900f.jpg\/v1\/fill\/w_134,h_174,al_c,q_80,usm_0.66_1.00_0.01,enc_auto\/7e23fc_cf29c79b6d2f480e8be552e675ce900f.jpg","type":"","width":"","height":""}],"twitter_card":"summary_large_image","twitter_misc":{"Tiempo de lectura":"10 minutos"},"schema":{"@context":"https:\/\/schema.org","@graph":[{"@type":"WebPage","@id":"https:\/\/lugardemarmolejo.es\/?page_id=341","url":"https:\/\/lugardemarmolejo.es\/?page_id=341","name":"Recordando a Juan Mart\u00ednez Cano (1907-1987) - El lugar de Marmolejo","isPartOf":{"@id":"https:\/\/lugardemarmolejo.es\/#website"},"primaryImageOfPage":{"@id":"https:\/\/lugardemarmolejo.es\/?page_id=341#primaryimage"},"image":{"@id":"https:\/\/lugardemarmolejo.es\/?page_id=341#primaryimage"},"thumbnailUrl":"https:\/\/static.wixstatic.com\/media\/7e23fc_cf29c79b6d2f480e8be552e675ce900f.jpg\/v1\/fill\/w_134,h_174,al_c,q_80,usm_0.66_1.00_0.01,enc_auto\/7e23fc_cf29c79b6d2f480e8be552e675ce900f.jpg","datePublished":"2023-09-20T13:48:30+00:00","breadcrumb":{"@id":"https:\/\/lugardemarmolejo.es\/?page_id=341#breadcrumb"},"inLanguage":"es","potentialAction":[{"@type":"ReadAction","target":["https:\/\/lugardemarmolejo.es\/?page_id=341"]}]},{"@type":"ImageObject","inLanguage":"es","@id":"https:\/\/lugardemarmolejo.es\/?page_id=341#primaryimage","url":"https:\/\/static.wixstatic.com\/media\/7e23fc_cf29c79b6d2f480e8be552e675ce900f.jpg\/v1\/fill\/w_134,h_174,al_c,q_80,usm_0.66_1.00_0.01,enc_auto\/7e23fc_cf29c79b6d2f480e8be552e675ce900f.jpg","contentUrl":"https:\/\/static.wixstatic.com\/media\/7e23fc_cf29c79b6d2f480e8be552e675ce900f.jpg\/v1\/fill\/w_134,h_174,al_c,q_80,usm_0.66_1.00_0.01,enc_auto\/7e23fc_cf29c79b6d2f480e8be552e675ce900f.jpg"},{"@type":"BreadcrumbList","@id":"https:\/\/lugardemarmolejo.es\/?page_id=341#breadcrumb","itemListElement":[{"@type":"ListItem","position":1,"name":"Portada","item":"https:\/\/lugardemarmolejo.es\/"},{"@type":"ListItem","position":2,"name":"Recordando a Juan Mart\u00ednez Cano (1907-1987)"}]},{"@type":"WebSite","@id":"https:\/\/lugardemarmolejo.es\/#website","url":"https:\/\/lugardemarmolejo.es\/","name":"El lugar de Marmolejo","description":"","potentialAction":[{"@type":"SearchAction","target":{"@type":"EntryPoint","urlTemplate":"https:\/\/lugardemarmolejo.es\/?s={search_term_string}"},"query-input":{"@type":"PropertyValueSpecification","valueRequired":true,"valueName":"search_term_string"}}],"inLanguage":"es"}]}},"_links":{"self":[{"href":"https:\/\/lugardemarmolejo.es\/index.php?rest_route=\/wp\/v2\/pages\/341","targetHints":{"allow":["GET"]}}],"collection":[{"href":"https:\/\/lugardemarmolejo.es\/index.php?rest_route=\/wp\/v2\/pages"}],"about":[{"href":"https:\/\/lugardemarmolejo.es\/index.php?rest_route=\/wp\/v2\/types\/page"}],"author":[{"embeddable":true,"href":"https:\/\/lugardemarmolejo.es\/index.php?rest_route=\/wp\/v2\/users\/1"}],"replies":[{"embeddable":true,"href":"https:\/\/lugardemarmolejo.es\/index.php?rest_route=%2Fwp%2Fv2%2Fcomments&post=341"}],"version-history":[{"count":1,"href":"https:\/\/lugardemarmolejo.es\/index.php?rest_route=\/wp\/v2\/pages\/341\/revisions"}],"predecessor-version":[{"id":342,"href":"https:\/\/lugardemarmolejo.es\/index.php?rest_route=\/wp\/v2\/pages\/341\/revisions\/342"}],"wp:attachment":[{"href":"https:\/\/lugardemarmolejo.es\/index.php?rest_route=%2Fwp%2Fv2%2Fmedia&parent=341"}],"curies":[{"name":"wp","href":"https:\/\/api.w.org\/{rel}","templated":true}]}}