{"id":319,"date":"2023-08-14T08:34:48","date_gmt":"2023-08-14T08:34:48","guid":{"rendered":"https:\/\/lugardemarmolejo.es\/?page_id=319"},"modified":"2023-08-14T08:34:48","modified_gmt":"2023-08-14T08:34:48","slug":"francisco-caballero-infante-alcala-1910-1987","status":"publish","type":"page","link":"https:\/\/lugardemarmolejo.es\/?page_id=319","title":{"rendered":"Francisco Caballero-Infante Alcal\u00e1 (1910-1987)"},"content":{"rendered":"\n<h1 class=\"wp-block-heading\"><\/h1>\n\n\n\n<h4 class=\"wp-block-heading\"><strong>-Texto de Nicol\u00e1s de Jes\u00fas Salas (Diario de Sevilla, octubre 2009)-<\/strong><\/h4>\n\n\n\n<p>A pesar de haber sido un personaje con una importante vida profesional, pol\u00edtica y social en la Sevilla de su tiempo, para la mayor\u00eda de las nuevas generaciones de marmoleje\u00f1os\/as Francisco Caballero-Infante (\u201cPaquito Caballero\u201d como era conocido entre amigos y paisanos) es un perfecto desconocido. Por eso creo de justicia desvelar algunos de los perfiles biogr\u00e1ficos de su personalidad, mitad sevillana, mitad marmoleje\u00f1a, a trav\u00e9s del entra\u00f1able \u201crecuerdo\u201d que le dedic\u00f3 hace algunos a\u00f1os en el Diario de Sevilla el periodista y escritor, Nicol\u00e1s de Jes\u00fas Salas, bajo el titulo de \u201cRecuerdo de Francisco Caballero-Infante\u201d(*):<\/p>\n\n\n<div class=\"wp-block-image\">\n<figure class=\"alignleft is-resized\"><img fetchpriority=\"high\" decoding=\"async\" src=\"https:\/\/static.wixstatic.com\/media\/7e23fc_7b8e24b41bf5447ba993ce9969491b41.jpg\/v1\/fill\/w_593,h_361,al_c,q_80,usm_0.66_1.00_0.01,enc_auto\/7e23fc_7b8e24b41bf5447ba993ce9969491b41.jpg\" alt=\"\" style=\"width:453px;height:276px\" width=\"453\" height=\"276\"\/><figcaption class=\"wp-element-caption\"><strong>Foto de la familia Alcal\u00e1-Venceslada. Aparece en ella Francisco Caballero-Infante (ni\u00f1o de la izquierda sentado en el suelo) junto a sus padres (arriba) y su hermano Juan (derecha). Fuente: Natalia Alcal\u00e1 Valenzuela.<\/strong><\/figcaption><\/figure>\n<\/div>\n\n\n<p>\u201cUno de los personajes de post guerra con protagonismo social y profesional b\u00e1sico en la historia local, fue el doctor qu\u00edmico Francisco Caballero-Infante y Alcal\u00e1 (Sevilla, 23 de septiembre de 1910-Sevilla, 11 de junio de 1987), uno de tantos universitarios a los que la guerra civil de 1936-1939 afect\u00f3 en su trayectoria vital. Hijo de Emilio Caballero-Infante Soldado, doctor en Filosof\u00eda y Letras y Catedr\u00e1tico de Instituto, y de Josefina Alcal\u00e1 Venceslada (hermana de Antonio Alcal\u00e1, autor de \u201cEl vocabulario andaluz\u201d), fue nieto de Francisco Caballero-Infante y Zuazo, secretario y catedr\u00e1tico de la Universidad de Sevilla, arque\u00f3logo, arabista e historiador que con Demetrio de los R\u00edos y Jos\u00e9 Gestoso, \u201csalv\u00f3\u201d las ruinas de It\u00e1lica. Francisco Caballero-Infante y Alcal\u00e1 estudi\u00f3 el bachillerato en los Jesuitas de Sevilla y en los Salesianos de Utrera, y esta dualidad tuvo como fin coincidir en curso con su hermano Juan, que era su amigo, al que le llevaba tan s\u00f3lo once meses de edad. La tragedia mayor de Paco Caballero fue la muerte, en acci\u00f3n de guerra en el frente de Madrid, de este querido hermano que iba en la columna de Castej\u00f3n como alf\u00e9rez m\u00e9dico. \u00c9l, por el contrario y cosas del destino, estaba el 18 de julio del 36 visitando a su novia, que en el futuro ser\u00eda su mujer, Pl\u00e1cida Perales Yedra, en Marmolejo (Ja\u00e9n) zona que qued\u00f3 aislada como republicana con respecto a Sevilla. Todo el conflicto b\u00e9lico lo pas\u00f3 Francisco con el bando republicano.<\/p>\n\n\n\n<p>Terminada la guerra concluy\u00f3 su carrera de Ciencias Qu\u00edmicas en la Universidad de Sevilla. Se cas\u00f3 con su novia Pl\u00e1cida, con la que tuvo dos hijos: Josefina y Pedro. Y luego comenz\u00f3 su dif\u00edcil andadura profesional en la post guerra, como qu\u00edmico en las Industrias Miguel Ybarra, IFMY. Altern\u00f3 esta labor con la de profesor de matem\u00e1ticas y qu\u00edmica en el Colegio de San Francisco de Paula. Su inquietud sociopol\u00edtica le llev\u00f3 a ser concejal del Ayuntamiento de Sevilla bajo el mandato de tres alcaldes. A saber, Rafael Medina Vilallonga, duque de Alcal\u00e1; Miguel Ybarra y Lasso de la Vega, que hab\u00eda sido compa\u00f1ero suyo de carrera; y Jos\u00e9 Mar\u00eda Pi\u00f1ar y Miura, tambi\u00e9n compa\u00f1ero de Ciencias Qu\u00edmicas. Con la creaci\u00f3n de las Universidades Laborales, el primer rector de la de Sevilla, Luis Ortiz Mu\u00f1oz, lo nombr\u00f3 gerente de la misma para pasar posteriormente a Interventor bajo el mandato del nuevo rector, Jos\u00e9 Mar\u00eda Pi\u00f1ar y Miura. Su curriculum, paralelo a su vida profesional, est\u00e1 lleno de actividades diversas: entre otras, fue vocal y delegado de juveniles de la Federaci\u00f3n Andaluza de F\u00fatbol; b\u00e9tico, dice su hijo Pedro que \u201cpor la gracia de Dios\u201d, e incluso fue de su junta directiva por breve tiempo (lo incompatibiliz\u00f3 su cargo en la Federaci\u00f3n); socio y fundador de varias pe\u00f1as b\u00e9ticas y fundador, propietario y secretario de la revista agr\u00edcola \u201cLa Cosecha\u201d en sociedad con sus primos los escritores Jos\u00e9 y Jes\u00fas de las Cuevas.<\/p>\n\n\n\n<p>Su hijo Pedro Caballero-Infante y Perales nos a\u00f1ade datos del desaparecido laboratorio farmac\u00e9utico sevillano IFMY (Industrias Farmac\u00e9uticas Miguel Ybarra). Este laboratorio fue fundado por Miguel Ybarra y Lasso de la Vega en los inicios de la d\u00e9cada de los 40 del pasado siglo XX. Como su fundador era qu\u00edmico y compa\u00f1ero de carrera de Francisco Caballero-Infante y Alcal\u00e1, fue con \u00e9ste con el que cont\u00f3 para incorporarlo al equipo cient\u00edfico de la nueva sociedad. El primer director t\u00e9cnico cient\u00edfico fue el doctor Manuel Lora Tamayo, que hab\u00eda sido profesor de ambos en la Universidad de Sevilla. En el equipo t\u00e9cnico figuraban tambi\u00e9n dos ilustres qu\u00edmicos, Manuel Bono Janeiro, que luego fue capitular del Ayuntamiento de Sevilla y director del Polo de Desarrollo Industrial, y Francisco P\u00e9rez N\u00fa\u00f1ez. El primer Farmac\u00e9utico Preparador (as\u00ed se denominaba y aparec\u00eda en los envases lo que es hoy Director T\u00e9cnico) fue Jos\u00e9 Garc\u00eda Boada, doctor en Farmacia y titular de la Farmacia de la calle Orfila. En este laboratorio preparaban multitud de espec\u00edficos de propia gesti\u00f3n. Fue famoso en el mundo de la industria farmac\u00e9utica c\u00f3mo preparaban directamente h\u00edgados de esturiones para la elaboraci\u00f3n de su aceite prescrito por los m\u00e9dicos como antianor\u00e9xico. Asimismo comenzaron la preparaci\u00f3n de lo que en aquella \u00e9poca era una revoluci\u00f3n: la liofilizaci\u00f3n de los principios activos. La marcha hacia Argentina del propietario y fundador para encargarse de otros sectores empresariales de su familia dio al traste con todo. Tras su jubilaci\u00f3n se march\u00f3 a Marmolejo para vivir una vida sosegada tranquila y feliz con su mujer y la visita peri\u00f3dica y sistem\u00e1tica de sus hijos y nietos. Parad\u00f3jicamente, en un breve paso por su ciudad sevillana, muri\u00f3 de una forma cruel y r\u00e1pida rodeado de los suyo\u201d.<\/p>\n\n\n<div class=\"wp-block-image\">\n<figure class=\"aligncenter is-resized\"><img decoding=\"async\" src=\"https:\/\/static.wixstatic.com\/media\/7e23fc_0e555f14d40f4204824ebadd7b47d441.jpg\/v1\/fill\/w_631,h_629,al_c,q_85,usm_0.66_1.00_0.01,enc_auto\/7e23fc_0e555f14d40f4204824ebadd7b47d441.jpg\" alt=\"\" style=\"width:809px;height:806px\" width=\"809\" height=\"806\"\/><\/figure>\n<\/div>\n\n\n<p><strong>Diversas fotograf\u00edas de Francisco Caballero-Infante y Alcal\u00e1 publicadas en el Diario de Sevilla. Fuente: D. Pedro Caballero-Infante y Perales.<\/strong><\/p>\n\n\n\n<p><strong>(*) Art\u00edculo publicado en dos entregas en el \u201cDiario de Sevilla\u201d del 14 y 21 de octubre de 2009. Autor: Nicol\u00e1s de Jes\u00fas Salas<\/strong><\/p>\n","protected":false},"excerpt":{"rendered":"<p>-Texto de Nicol\u00e1s de Jes\u00fas Salas (Diario de Sevilla, octubre 2009)- A pesar de haber sido un personaje con una importante vida profesional, pol\u00edtica y social en la Sevilla de su tiempo, para la mayor\u00eda de las nuevas generaciones de marmoleje\u00f1os\/as Francisco Caballero-Infante (\u201cPaquito Caballero\u201d como era conocido entre amigos y paisanos) es un perfecto [&hellip;]<\/p>\n","protected":false},"author":1,"featured_media":0,"parent":0,"menu_order":0,"comment_status":"closed","ping_status":"closed","template":"elementor_theme","meta":{"footnotes":""},"class_list":["post-319","page","type-page","status-publish","hentry"],"yoast_head":"<!-- This site is optimized with the Yoast SEO plugin v25.2 - https:\/\/yoast.com\/wordpress\/plugins\/seo\/ -->\n<title>Francisco Caballero-Infante Alcal\u00e1 (1910-1987) - El lugar de Marmolejo<\/title>\n<meta name=\"robots\" content=\"index, follow, max-snippet:-1, max-image-preview:large, max-video-preview:-1\" \/>\n<link rel=\"canonical\" href=\"https:\/\/lugardemarmolejo.es\/?page_id=319\" \/>\n<meta property=\"og:locale\" content=\"es_ES\" \/>\n<meta property=\"og:type\" content=\"article\" \/>\n<meta property=\"og:title\" content=\"Francisco Caballero-Infante Alcal\u00e1 (1910-1987) - El lugar de Marmolejo\" \/>\n<meta property=\"og:description\" content=\"-Texto de Nicol\u00e1s de Jes\u00fas Salas (Diario de Sevilla, octubre 2009)- A pesar de haber sido un personaje con una importante vida profesional, pol\u00edtica y social en la Sevilla de su tiempo, para la mayor\u00eda de las nuevas generaciones de marmoleje\u00f1os\/as Francisco Caballero-Infante (\u201cPaquito Caballero\u201d como era conocido entre amigos y paisanos) es un perfecto [&hellip;]\" \/>\n<meta property=\"og:url\" content=\"https:\/\/lugardemarmolejo.es\/?page_id=319\" \/>\n<meta property=\"og:site_name\" content=\"El lugar de Marmolejo\" \/>\n<meta property=\"og:image\" content=\"https:\/\/static.wixstatic.com\/media\/7e23fc_7b8e24b41bf5447ba993ce9969491b41.jpg\/v1\/fill\/w_593,h_361,al_c,q_80,usm_0.66_1.00_0.01,enc_auto\/7e23fc_7b8e24b41bf5447ba993ce9969491b41.jpg\" \/>\n<meta name=\"twitter:card\" content=\"summary_large_image\" \/>\n<meta name=\"twitter:label1\" content=\"Tiempo de lectura\" \/>\n\t<meta name=\"twitter:data1\" content=\"5 minutos\" \/>\n<script type=\"application\/ld+json\" class=\"yoast-schema-graph\">{\"@context\":\"https:\/\/schema.org\",\"@graph\":[{\"@type\":\"WebPage\",\"@id\":\"https:\/\/lugardemarmolejo.es\/?page_id=319\",\"url\":\"https:\/\/lugardemarmolejo.es\/?page_id=319\",\"name\":\"Francisco Caballero-Infante Alcal\u00e1 (1910-1987) - El lugar de Marmolejo\",\"isPartOf\":{\"@id\":\"https:\/\/lugardemarmolejo.es\/#website\"},\"primaryImageOfPage\":{\"@id\":\"https:\/\/lugardemarmolejo.es\/?page_id=319#primaryimage\"},\"image\":{\"@id\":\"https:\/\/lugardemarmolejo.es\/?page_id=319#primaryimage\"},\"thumbnailUrl\":\"https:\/\/static.wixstatic.com\/media\/7e23fc_7b8e24b41bf5447ba993ce9969491b41.jpg\/v1\/fill\/w_593,h_361,al_c,q_80,usm_0.66_1.00_0.01,enc_auto\/7e23fc_7b8e24b41bf5447ba993ce9969491b41.jpg\",\"datePublished\":\"2023-08-14T08:34:48+00:00\",\"breadcrumb\":{\"@id\":\"https:\/\/lugardemarmolejo.es\/?page_id=319#breadcrumb\"},\"inLanguage\":\"es\",\"potentialAction\":[{\"@type\":\"ReadAction\",\"target\":[\"https:\/\/lugardemarmolejo.es\/?page_id=319\"]}]},{\"@type\":\"ImageObject\",\"inLanguage\":\"es\",\"@id\":\"https:\/\/lugardemarmolejo.es\/?page_id=319#primaryimage\",\"url\":\"https:\/\/static.wixstatic.com\/media\/7e23fc_7b8e24b41bf5447ba993ce9969491b41.jpg\/v1\/fill\/w_593,h_361,al_c,q_80,usm_0.66_1.00_0.01,enc_auto\/7e23fc_7b8e24b41bf5447ba993ce9969491b41.jpg\",\"contentUrl\":\"https:\/\/static.wixstatic.com\/media\/7e23fc_7b8e24b41bf5447ba993ce9969491b41.jpg\/v1\/fill\/w_593,h_361,al_c,q_80,usm_0.66_1.00_0.01,enc_auto\/7e23fc_7b8e24b41bf5447ba993ce9969491b41.jpg\"},{\"@type\":\"BreadcrumbList\",\"@id\":\"https:\/\/lugardemarmolejo.es\/?page_id=319#breadcrumb\",\"itemListElement\":[{\"@type\":\"ListItem\",\"position\":1,\"name\":\"Portada\",\"item\":\"https:\/\/lugardemarmolejo.es\/\"},{\"@type\":\"ListItem\",\"position\":2,\"name\":\"Francisco Caballero-Infante Alcal\u00e1 (1910-1987)\"}]},{\"@type\":\"WebSite\",\"@id\":\"https:\/\/lugardemarmolejo.es\/#website\",\"url\":\"https:\/\/lugardemarmolejo.es\/\",\"name\":\"El lugar de Marmolejo\",\"description\":\"\",\"potentialAction\":[{\"@type\":\"SearchAction\",\"target\":{\"@type\":\"EntryPoint\",\"urlTemplate\":\"https:\/\/lugardemarmolejo.es\/?s={search_term_string}\"},\"query-input\":{\"@type\":\"PropertyValueSpecification\",\"valueRequired\":true,\"valueName\":\"search_term_string\"}}],\"inLanguage\":\"es\"}]}<\/script>\n<!-- \/ Yoast SEO plugin. -->","yoast_head_json":{"title":"Francisco Caballero-Infante Alcal\u00e1 (1910-1987) - El lugar de Marmolejo","robots":{"index":"index","follow":"follow","max-snippet":"max-snippet:-1","max-image-preview":"max-image-preview:large","max-video-preview":"max-video-preview:-1"},"canonical":"https:\/\/lugardemarmolejo.es\/?page_id=319","og_locale":"es_ES","og_type":"article","og_title":"Francisco Caballero-Infante Alcal\u00e1 (1910-1987) - El lugar de Marmolejo","og_description":"-Texto de Nicol\u00e1s de Jes\u00fas Salas (Diario de Sevilla, octubre 2009)- A pesar de haber sido un personaje con una importante vida profesional, pol\u00edtica y social en la Sevilla de su tiempo, para la mayor\u00eda de las nuevas generaciones de marmoleje\u00f1os\/as Francisco Caballero-Infante (\u201cPaquito Caballero\u201d como era conocido entre amigos y paisanos) es un perfecto [&hellip;]","og_url":"https:\/\/lugardemarmolejo.es\/?page_id=319","og_site_name":"El lugar de Marmolejo","og_image":[{"url":"https:\/\/static.wixstatic.com\/media\/7e23fc_7b8e24b41bf5447ba993ce9969491b41.jpg\/v1\/fill\/w_593,h_361,al_c,q_80,usm_0.66_1.00_0.01,enc_auto\/7e23fc_7b8e24b41bf5447ba993ce9969491b41.jpg","type":"","width":"","height":""}],"twitter_card":"summary_large_image","twitter_misc":{"Tiempo de lectura":"5 minutos"},"schema":{"@context":"https:\/\/schema.org","@graph":[{"@type":"WebPage","@id":"https:\/\/lugardemarmolejo.es\/?page_id=319","url":"https:\/\/lugardemarmolejo.es\/?page_id=319","name":"Francisco Caballero-Infante Alcal\u00e1 (1910-1987) - El lugar de Marmolejo","isPartOf":{"@id":"https:\/\/lugardemarmolejo.es\/#website"},"primaryImageOfPage":{"@id":"https:\/\/lugardemarmolejo.es\/?page_id=319#primaryimage"},"image":{"@id":"https:\/\/lugardemarmolejo.es\/?page_id=319#primaryimage"},"thumbnailUrl":"https:\/\/static.wixstatic.com\/media\/7e23fc_7b8e24b41bf5447ba993ce9969491b41.jpg\/v1\/fill\/w_593,h_361,al_c,q_80,usm_0.66_1.00_0.01,enc_auto\/7e23fc_7b8e24b41bf5447ba993ce9969491b41.jpg","datePublished":"2023-08-14T08:34:48+00:00","breadcrumb":{"@id":"https:\/\/lugardemarmolejo.es\/?page_id=319#breadcrumb"},"inLanguage":"es","potentialAction":[{"@type":"ReadAction","target":["https:\/\/lugardemarmolejo.es\/?page_id=319"]}]},{"@type":"ImageObject","inLanguage":"es","@id":"https:\/\/lugardemarmolejo.es\/?page_id=319#primaryimage","url":"https:\/\/static.wixstatic.com\/media\/7e23fc_7b8e24b41bf5447ba993ce9969491b41.jpg\/v1\/fill\/w_593,h_361,al_c,q_80,usm_0.66_1.00_0.01,enc_auto\/7e23fc_7b8e24b41bf5447ba993ce9969491b41.jpg","contentUrl":"https:\/\/static.wixstatic.com\/media\/7e23fc_7b8e24b41bf5447ba993ce9969491b41.jpg\/v1\/fill\/w_593,h_361,al_c,q_80,usm_0.66_1.00_0.01,enc_auto\/7e23fc_7b8e24b41bf5447ba993ce9969491b41.jpg"},{"@type":"BreadcrumbList","@id":"https:\/\/lugardemarmolejo.es\/?page_id=319#breadcrumb","itemListElement":[{"@type":"ListItem","position":1,"name":"Portada","item":"https:\/\/lugardemarmolejo.es\/"},{"@type":"ListItem","position":2,"name":"Francisco Caballero-Infante Alcal\u00e1 (1910-1987)"}]},{"@type":"WebSite","@id":"https:\/\/lugardemarmolejo.es\/#website","url":"https:\/\/lugardemarmolejo.es\/","name":"El lugar de Marmolejo","description":"","potentialAction":[{"@type":"SearchAction","target":{"@type":"EntryPoint","urlTemplate":"https:\/\/lugardemarmolejo.es\/?s={search_term_string}"},"query-input":{"@type":"PropertyValueSpecification","valueRequired":true,"valueName":"search_term_string"}}],"inLanguage":"es"}]}},"_links":{"self":[{"href":"https:\/\/lugardemarmolejo.es\/index.php?rest_route=\/wp\/v2\/pages\/319","targetHints":{"allow":["GET"]}}],"collection":[{"href":"https:\/\/lugardemarmolejo.es\/index.php?rest_route=\/wp\/v2\/pages"}],"about":[{"href":"https:\/\/lugardemarmolejo.es\/index.php?rest_route=\/wp\/v2\/types\/page"}],"author":[{"embeddable":true,"href":"https:\/\/lugardemarmolejo.es\/index.php?rest_route=\/wp\/v2\/users\/1"}],"replies":[{"embeddable":true,"href":"https:\/\/lugardemarmolejo.es\/index.php?rest_route=%2Fwp%2Fv2%2Fcomments&post=319"}],"version-history":[{"count":1,"href":"https:\/\/lugardemarmolejo.es\/index.php?rest_route=\/wp\/v2\/pages\/319\/revisions"}],"predecessor-version":[{"id":320,"href":"https:\/\/lugardemarmolejo.es\/index.php?rest_route=\/wp\/v2\/pages\/319\/revisions\/320"}],"wp:attachment":[{"href":"https:\/\/lugardemarmolejo.es\/index.php?rest_route=%2Fwp%2Fv2%2Fmedia&parent=319"}],"curies":[{"name":"wp","href":"https:\/\/api.w.org\/{rel}","templated":true}]}}